{"id":9,"date":"2017-01-14T17:31:29","date_gmt":"2017-01-14T17:31:29","guid":{"rendered":"http:\/\/cellieu.fr\/press3\/cdf\/?page_id=9"},"modified":"2017-01-20T17:29:57","modified_gmt":"2017-01-20T17:29:57","slug":"bureau","status":"publish","type":"page","link":"https:\/\/cellieu.fr\/press3\/cdf\/bureau\/","title":{"rendered":"Bureau"},"content":{"rendered":"<p>L&rsquo;association est constitu\u00e9e de :<\/p>\n<p>&nbsp;<\/p>\n<p>&nbsp;<\/p>\n<ul>\n<li>Le bureau directeur, \u00e9lu en 2016\n<ul>\n<li>Pr\u00e9sident : S\u00e9bastien Merle<\/li>\n<li>Tr\u00e9sori\u00e8re : G\u00e9raldine Vincent<\/li>\n<li>Secr\u00e9taire : Nathalie Moreau<\/li>\n<\/ul>\n<\/li>\n<\/ul>\n<p>&nbsp;<\/p>\n<ul>\n<ul>\n<li>Le bureau\n<ul>\n<li>La Jeunesse Sportive de Cellieu<\/li>\n<li>La Maison Pour Tous<\/li>\n<li>Le Seigyo Karat\u00e9 Club<\/li>\n<li>Le Club Loisir Amiti\u00e9<\/li>\n<li>Le Comit\u00e9 de Fleurissement<\/li>\n<li>Le Sou des Ecoles<\/li>\n<li>L&rsquo;APEL<\/li>\n<li>Le Volley Club de Cellieu<\/li>\n<li>La Mairie<\/li>\n<\/ul>\n<\/li>\n<\/ul>\n<li>Les membres\n<ul>\n<li>De nombreuses personnes de la commune, qui viennent r\u00e9guli\u00e8rement ou ponctuellement suivant les projets<\/li>\n<li>Toutes les autres associations de la commune, qui peuvent participer si elles le souhaitent<\/li>\n<\/ul>\n<\/li>\n<\/ul>\n","protected":false},"excerpt":{"rendered":"<p>L&rsquo;association est constitu\u00e9e de : &nbsp; &nbsp; Le bureau directeur, \u00e9lu en 2016 Pr\u00e9sident : S\u00e9bastien Merle Tr\u00e9sori\u00e8re : G\u00e9raldine Vincent Secr\u00e9taire : Nathalie Moreau &nbsp; Le bureau La Jeunesse Sportive de Cellieu La Maison Pour Tous Le Seigyo Karat\u00e9 Club Le Club Loisir Amiti\u00e9 Le Comit\u00e9 de Fleurissement Le Sou des Ecoles L&rsquo;APEL Le &#8230;<br \/><a class=\"btn btn-primary btn-sm read-more\" href=\"https:\/\/cellieu.fr\/press3\/cdf\/bureau\/\" role=\"button\">Read more<\/a><\/p>\n","protected":false},"author":1,"featured_media":0,"parent":0,"menu_order":0,"comment_status":"closed","ping_status":"closed","template":"","meta":{"footnotes":""},"class_list":["post-9","page","type-page","status-publish","hentry","row panel panel-primary"],"jetpack_sharing_enabled":true,"_links":{"self":[{"href":"https:\/\/cellieu.fr\/press3\/cdf\/wp-json\/wp\/v2\/pages\/9","targetHints":{"allow":["GET"]}}],"collection":[{"href":"https:\/\/cellieu.fr\/press3\/cdf\/wp-json\/wp\/v2\/pages"}],"about":[{"href":"https:\/\/cellieu.fr\/press3\/cdf\/wp-json\/wp\/v2\/types\/page"}],"author":[{"embeddable":true,"href":"https:\/\/cellieu.fr\/press3\/cdf\/wp-json\/wp\/v2\/users\/1"}],"replies":[{"embeddable":true,"href":"https:\/\/cellieu.fr\/press3\/cdf\/wp-json\/wp\/v2\/comments?post=9"}],"version-history":[{"count":8,"href":"https:\/\/cellieu.fr\/press3\/cdf\/wp-json\/wp\/v2\/pages\/9\/revisions"}],"predecessor-version":[{"id":64,"href":"https:\/\/cellieu.fr\/press3\/cdf\/wp-json\/wp\/v2\/pages\/9\/revisions\/64"}],"wp:attachment":[{"href":"https:\/\/cellieu.fr\/press3\/cdf\/wp-json\/wp\/v2\/media?parent=9"}],"curies":[{"name":"wp","href":"https:\/\/api.w.org\/{rel}","templated":true}]}}