{"id":1176,"date":"2014-07-31T08:31:01","date_gmt":"2014-07-31T07:31:01","guid":{"rendered":"http:\/\/cellieu.fr\/press3\/mairie\/?page_id=1176"},"modified":"2026-01-23T15:58:52","modified_gmt":"2026-01-23T14:58:52","slug":"vivre-a-cellieu","status":"publish","type":"page","link":"https:\/\/cellieu.fr\/press3\/mairie\/vivre-a-cellieu\/","title":{"rendered":"Vivre \u00e0 Cellieu"},"content":{"rendered":"<h1><a title=\"\u00c9v\u00e9nements\" href=\"https:\/\/cellieu.fr\/press3\/mairie\/vivre-a-cellieu\/calendrier-des-evenements\/\">Les \u00e9v\u00e8nements<\/a><\/h1>\n<p>&nbsp;<\/p>\n<h1><a title=\"R\u00e9glementation\" href=\"https:\/\/cellieu.fr\/press3\/mairie\/vivre-a-cellieu\/reglementation\/\">La r\u00e9glementation<\/a><\/h1>\n<p>&nbsp;<\/p>\n<h1><a title=\"D\u00e9marches Administratives\" href=\"https:\/\/cellieu.fr\/press3\/mairie\/vivre-a-cellieu\/demarches-administratives\/\">Les d\u00e9marches administratives<\/a><\/h1>\n<p>&nbsp;<\/p>\n<h1><a title=\"Urbanisme\" href=\"https:\/\/cellieu.fr\/press3\/mairie\/vivre-a-cellieu\/urbanisme\/\">L&#8217;urbanisme<\/a><\/h1>\n<p>&nbsp;<\/p>\n<h1><a title=\"Enqu\u00eates Publiques\" href=\"https:\/\/cellieu.fr\/press3\/mairie\/vivre-a-cellieu\/enquetes-publiques\/\">Les enqu\u00eates publiques<\/a><\/h1>\n<p>&nbsp;<\/p>\n<h1><a title=\"M\u00e9diath\u00e8que Yvan Garrel\" href=\"https:\/\/cellieu.fr\/press3\/mairie\/decouvrir\/equipements\/mediatheque\/\">M\u00e9diath\u00e8que Yvan Garrel P\u00f4le culturel<\/a><\/h1>\n<p>&nbsp;<\/p>\n<p>&nbsp;<\/p>\n<p>&nbsp;<\/p>\n","protected":false},"excerpt":{"rendered":"<p>Les \u00e9v\u00e8nements &nbsp; La r\u00e9glementation &nbsp; Les d\u00e9marches administratives &nbsp; L&#8217;urbanisme &nbsp; Les enqu\u00eates publiques &nbsp; M\u00e9diath\u00e8que Yvan Garrel P\u00f4le culturel &nbsp; &nbsp; &nbsp;<\/p>\n","protected":false},"author":2,"featured_media":0,"parent":0,"menu_order":0,"comment_status":"closed","ping_status":"open","template":"","meta":{"wikipediapreview_detectlinks":true,"ngg_post_thumbnail":0,"footnotes":""},"class_list":["post-1176","page","type-page","status-publish","hentry"],"jetpack_sharing_enabled":true,"_links":{"self":[{"href":"https:\/\/cellieu.fr\/press3\/mairie\/wp-json\/wp\/v2\/pages\/1176","targetHints":{"allow":["GET"]}}],"collection":[{"href":"https:\/\/cellieu.fr\/press3\/mairie\/wp-json\/wp\/v2\/pages"}],"about":[{"href":"https:\/\/cellieu.fr\/press3\/mairie\/wp-json\/wp\/v2\/types\/page"}],"author":[{"embeddable":true,"href":"https:\/\/cellieu.fr\/press3\/mairie\/wp-json\/wp\/v2\/users\/2"}],"replies":[{"embeddable":true,"href":"https:\/\/cellieu.fr\/press3\/mairie\/wp-json\/wp\/v2\/comments?post=1176"}],"version-history":[{"count":6,"href":"https:\/\/cellieu.fr\/press3\/mairie\/wp-json\/wp\/v2\/pages\/1176\/revisions"}],"predecessor-version":[{"id":14660,"href":"https:\/\/cellieu.fr\/press3\/mairie\/wp-json\/wp\/v2\/pages\/1176\/revisions\/14660"}],"wp:attachment":[{"href":"https:\/\/cellieu.fr\/press3\/mairie\/wp-json\/wp\/v2\/media?parent=1176"}],"curies":[{"name":"wp","href":"https:\/\/api.w.org\/{rel}","templated":true}]}}