{"id":1210,"date":"2014-07-31T09:48:12","date_gmt":"2014-07-31T08:48:12","guid":{"rendered":"http:\/\/cellieu.fr\/press3\/mairie\/?page_id=1210"},"modified":"2019-09-16T22:19:29","modified_gmt":"2019-09-16T21:19:29","slug":"liens","status":"publish","type":"page","link":"https:\/\/cellieu.fr\/press3\/mairie\/contact\/liens\/","title":{"rendered":"Liens"},"content":{"rendered":"<p>Liens vers les sites web que nous vous recommandons :<\/p>\n<p>Communaut\u00e9 Urbaine de St Etienne : <a href=\"http:\/\/www.saint-etienne-metropole.fr\" target=\"_blank\" rel=\"noopener noreferrer\">www.saint-etienne-metropole.fr <\/a><\/p>\n<ul type=\"disc\">\n<li style=\"margin: 0px; color: #000000; font-family: 'Calibri',sans-serif; font-size: 11pt; font-style: normal; font-weight: normal;\">D\u00e9chets&nbsp;: <a href=\"https:\/\/www.saint-etienne-metropole.fr\/services-aux-habitants\/environnement\/dechets\">https:\/\/www.saint-etienne-metropole.fr\/services-aux-habitants\/environnement\/dechets<\/a><\/li>\n<li style=\"margin: 0px; color: #000000; font-family: 'Calibri',sans-serif; font-size: 11pt; font-style: normal; font-weight: normal;\">Transports&nbsp;: <a href=\"https:\/\/www.saint-etienne-metropole.fr\/services-aux-habitants\/deplacements\">https:\/\/www.saint-etienne-metropole.fr\/services-aux-habitants\/deplacements<\/a><\/li>\n<li style=\"margin: 0px; color: #000000; font-family: 'Calibri',sans-serif; font-size: 11pt; font-style: normal; font-weight: normal;\">La cartographie qui localisent divers lieux et services&nbsp;: <a href=\"https:\/\/www.saint-etienne-metropole.fr\/cartographie\">https:\/\/www.saint-etienne-metropole.fr\/cartographie<\/a><\/li>\n<li style=\"margin: 0px; color: #000000; font-family: 'Calibri',sans-serif; font-size: 11pt; font-style: normal; font-weight: normal;\">D\u00e9veloppement durable, climat &nbsp;: <a href=\"https:\/\/www.saint-etienne-metropole.fr\/developpement-durable\/energie-climat\">https:\/\/www.saint-etienne-metropole.fr\/developpement-durable\/energie-climat<\/a> &nbsp;<\/li>\n<li style=\"margin: 0px; color: #000000; font-family: 'Calibri',sans-serif; font-size: 11pt; font-style: normal; font-weight: normal;\">Agenda&nbsp;: <a href=\"https:\/\/www.saint-etienne-metropole.fr\/agenda\">https:\/\/www.saint-etienne-metropole.fr\/agenda<\/a><\/li>\n<\/ul>\n<p>Pays du Gier : <a href=\"http:\/\/www.paysdugier.org\/\" target=\"_blank\" rel=\"noopener noreferrer\">www.paysdugier.org<\/a><\/p>\n<p>M\u00e9diath\u00e8que du Pays du Gier &#8211; Itin\u00e9rances : <a href=\"http:\/\/mediathequespaysdugier.org\/\" target=\"_blank\" rel=\"noopener noreferrer\">mediathequespaysdugier.org<\/a><\/p>\n<p>Centre Nautique du Pays du Gier : <a href=\"http:\/\/www.piscinegier.org\/\" target=\"_blank\" rel=\"noopener noreferrer\">www.piscinegier.org<\/a><\/p>\n<p>Jour de collecte des d\u00e9chets : <a href=\"http:\/\/www.infosdechets.fr\/\" target=\"_blank\" rel=\"noopener noreferrer\">www.infosdechets.fr<\/a><\/p>\n<p>les Transports urbains de l&#8217;Agglom\u00e9ration de St Etienne : <a href=\"http:\/\/www.reseau-stas.fr\/\" target=\"_blank\" rel=\"noopener noreferrer\">www.reseau-stas.fr<\/a><\/p>\n<p>Information sur les transports : <a href=\"http:\/\/www.multitud.org\/\" target=\"_blank\" rel=\"noopener noreferrer\">www.multitud.org<\/a><\/p>\n<p>Gare de St Chamond : <a href=\"http:\/\/www.ter.sncf.com\/rhone-alpes\/?name=saint-chamond\" target=\"_blank\" rel=\"noopener noreferrer\">www.ter.sncf.com\/rhone-alpes\/?name=saint-chamond<\/a><\/p>\n<p>Gare de Rive De Gier : <a href=\"http:\/\/www.ter.sncf.com\/rhone-alpes\/?name=rive-de-gier\" target=\"_blank\" rel=\"noopener noreferrer\">www.ter.sncf.com\/rhone-alpes\/?name=rive-de-gier<\/a><\/p>\n<p>Paroisse : <a href=\"http:\/\/sites.google.com\/site\/sitepetitsaintthomas\/\" target=\"_blank\" rel=\"noopener noreferrer\">sites.google.com\/site\/sitepetitsaintthomas\/<\/a><\/p>\n<p>Diocese : <a href=\"http:\/\/www.diocese-saintetienne.fr\/Paroisse-Saint-Thomas-en-Val-de.html\" target=\"_blank\" rel=\"noopener noreferrer\">www.diocese-saintetienne.fr\/Paroisse-Saint-Thomas-en-Val-de.html<\/a><\/p>\n<p>les G\u00e9n\u00e9alogistes de la Vall\u00e9e du Gier : <a href=\"http:\/\/www.geneagier.com\/\" target=\"_blank\" rel=\"noopener noreferrer\">www.geneagier.com<\/a><\/p>\n<p>Loire Sud Restauration : <a href=\"http:\/\/www.loiresud-restauration.fr\/\" target=\"_blank\" rel=\"noopener noreferrer\">www.loiresud-restauration.fr<\/a><\/p>\n<p>Etablissement Fran\u00e7ais du Sang : <a href=\"http:\/\/www.dondusang.net\" target=\"_blank\" rel=\"noopener noreferrer\">www.dondusang.net<\/a><\/p>\n<p>Tous acteurs du climat : <a href=\"http:\/\/www.tousacteursduclimat.fr\/\" target=\"_blank\" rel=\"noopener noreferrer\">www.tousacteursduclimat.fr<\/a><\/p>\n<p>Communaut\u00e9 Urbaine de St Etienne : <a href=\"http:\/\/www.cusem.fr\" target=\"_blank\" rel=\"noopener noreferrer\">www.cusem.fr<\/a><\/p>\n<p>Coach Co Pro : r\u00e9novation \u00e9nerg\u00e9tique : <a href=\"http:\/\/www.coachcopro.com\/\" target=\"_blank\" rel=\"noopener noreferrer\">www.coachcopro.com<\/a><\/p>\n<p>Universit\u00e9 Pour Tous : <a href=\"http:\/\/www.upt-valdegier.fr\" target=\"_blank\" rel=\"noopener noreferrer\">www.upt-valdegier.fr<\/a><\/p>\n<p>&nbsp;<\/p>\n<p>&nbsp;<\/p>\n<p>Administration de ce site web : <a href=\"https:\/\/cellieu.fr\/press3\/mairie\/wp-admin\" target=\"_blank\" rel=\"noopener noreferrer\">www.cellieu.fr<\/a><\/p>\n<p>Location de salle (en test) : <a href=\"https:\/\/salle.3douest.com\/internaute.php?module=cellieu\" target=\"_blank\" rel=\"noopener noreferrer\">LocaCellieu<\/a><\/p>\n<p>Si un lien ne fonctionne plus, merci d&#8217;utiliser le <a title=\"Contacter la Mairie\" href=\"https:\/\/cellieu.fr\/press3\/mairie\/contact\/contacter-la-mairie\/\">formulaire <\/a>de contact pour nous en informer.<\/p>\n","protected":false},"excerpt":{"rendered":"<p>Liens vers les sites web que nous vous recommandons : Communaut\u00e9 Urbaine de St Etienne : www.saint-etienne-metropole.fr D\u00e9chets&nbsp;: https:\/\/www.saint-etienne-metropole.fr\/services-aux-habitants\/environnement\/dechets Transports&nbsp;: https:\/\/www.saint-etienne-metropole.fr\/services-aux-habitants\/deplacements La cartographie qui localisent divers lieux et services&nbsp;: https:\/\/www.saint-etienne-metropole.fr\/cartographie D\u00e9veloppement durable, climat &nbsp;: https:\/\/www.saint-etienne-metropole.fr\/developpement-durable\/energie-climat &nbsp; Agenda&nbsp;: https:\/\/www.saint-etienne-metropole.fr\/agenda Pays du Gier : www.paysdugier.org M\u00e9diath\u00e8que du Pays du Gier &#8211; Itin\u00e9rances : mediathequespaysdugier.org Centre Nautique du [&hellip;]<\/p>\n","protected":false},"author":2,"featured_media":0,"parent":515,"menu_order":0,"comment_status":"closed","ping_status":"open","template":"","meta":{"wikipediapreview_detectlinks":true,"ngg_post_thumbnail":0,"footnotes":""},"class_list":["post-1210","page","type-page","status-publish","hentry"],"jetpack_sharing_enabled":true,"_links":{"self":[{"href":"https:\/\/cellieu.fr\/press3\/mairie\/wp-json\/wp\/v2\/pages\/1210","targetHints":{"allow":["GET"]}}],"collection":[{"href":"https:\/\/cellieu.fr\/press3\/mairie\/wp-json\/wp\/v2\/pages"}],"about":[{"href":"https:\/\/cellieu.fr\/press3\/mairie\/wp-json\/wp\/v2\/types\/page"}],"author":[{"embeddable":true,"href":"https:\/\/cellieu.fr\/press3\/mairie\/wp-json\/wp\/v2\/users\/2"}],"replies":[{"embeddable":true,"href":"https:\/\/cellieu.fr\/press3\/mairie\/wp-json\/wp\/v2\/comments?post=1210"}],"version-history":[{"count":14,"href":"https:\/\/cellieu.fr\/press3\/mairie\/wp-json\/wp\/v2\/pages\/1210\/revisions"}],"predecessor-version":[{"id":5697,"href":"https:\/\/cellieu.fr\/press3\/mairie\/wp-json\/wp\/v2\/pages\/1210\/revisions\/5697"}],"up":[{"embeddable":true,"href":"https:\/\/cellieu.fr\/press3\/mairie\/wp-json\/wp\/v2\/pages\/515"}],"wp:attachment":[{"href":"https:\/\/cellieu.fr\/press3\/mairie\/wp-json\/wp\/v2\/media?parent=1210"}],"curies":[{"name":"wp","href":"https:\/\/api.w.org\/{rel}","templated":true}]}}