{"id":2082,"date":"2015-01-30T12:06:15","date_gmt":"2015-01-30T11:06:15","guid":{"rendered":"http:\/\/cellieu.fr\/press3\/mairie\/?page_id=2082"},"modified":"2015-04-04T14:29:44","modified_gmt":"2015-04-04T13:29:44","slug":"ordinateur-en-libre-service","status":"publish","type":"page","link":"https:\/\/cellieu.fr\/press3\/mairie\/ordinateur-en-libre-service\/","title":{"rendered":"Ordinateur en libre service"},"content":{"rendered":"<h1 style=\"text-align: center;\">Cet ordinateur est mis \u00e0 disposition par le Conseil G\u00e9n\u00e9ral et par la Mairie de Cellieu.<\/h1>\n<p>&nbsp;<\/p>\n<h2>Vous pouvez l&#8217;utiliser librement pour :<\/h2>\n<ul>\n<li>Aller sur Internet (exclusivement avec Internet Explorer)<\/li>\n<li>Lire vos Emails (exclusivement avec Internet Explorer)<\/li>\n<li>Faire de la bureautique (exclusivement avec Libre Office)<\/li>\n<\/ul>\n<p>&nbsp;<\/p>\n<h2>Vous ne pouvez et ne devez pas :<\/h2>\n<ul>\n<li>Consulter des sites Internet r\u00e9serv\u00e9s aux adultes ou\u00a0au contenu\u00a0illicite ou ill\u00e9gal.<\/li>\n<li>Imprimer<\/li>\n<li>Brancher ou utiliser vos p\u00e9riph\u00e9riques personnels (cl\u00e9 USB, appareil photo, t\u00e9l\u00e9phone, &#8230;)<\/li>\n<li>Installer des logiciels<\/li>\n<li>Utiliser les syst\u00e8mes de messagerie instantan\u00e9e, de t\u00e9l\u00e9phonie ou de visioconf\u00e9rence\u00a0(MSN, IRC, Skype, Chat, &#8230;)<\/li>\n<li>T\u00e9l\u00e9charger du contenu soumis \u00e0 droit d&#8217;auteur (vid\u00e9os, musiques)<\/li>\n<li>Masquer votre identit\u00e9 sur Internet (notamment sur les forums et autre zone de discussion)<\/li>\n<\/ul>\n<h3><\/h3>\n<h3>\u00a0Les enfants de moins de 12 ans doivent rester sous la surveillance d&#8217;un adulte.<\/h3>\n<h3>Attention, toutes vos actions sur Internet sont enregistr\u00e9es et conserv\u00e9es \u00e0 des fins d&#8217;enqu\u00eate si n\u00e9cessaire.<\/h3>\n<h3>Toutes infractions\u00a0\u00e0\u00a0ses r\u00e8gles vous exposent \u00e0 une interdiction de la m\u00e9diath\u00e8que\u00a0de Cellieu.<\/h3>\n<p>&nbsp;<\/p>\n<p>Les sites internet que nous vous conseillons sont sur la page <a title=\"Liens\" href=\"https:\/\/cellieu.fr\/press3\/mairie\/contact\/liens\/\">liens.<\/a><\/p>\n<p>Le catalogue de la m\u00e9diath\u00e8que\u00a0de Cellieu est accessible : <a href=\"http:\/\/si-pays-du-gier.c3rb.org\/opac_net\/\" target=\"_blank\">ici <\/a><\/p>\n","protected":false},"excerpt":{"rendered":"<p>Cet ordinateur est mis \u00e0 disposition par le Conseil G\u00e9n\u00e9ral et par la Mairie de Cellieu. &nbsp; Vous pouvez l&#8217;utiliser librement pour : Aller sur Internet (exclusivement avec Internet Explorer) Lire vos Emails (exclusivement avec Internet Explorer) Faire de la bureautique (exclusivement avec Libre Office) &nbsp; Vous ne pouvez et ne devez pas : Consulter [&hellip;]<\/p>\n","protected":false},"author":2,"featured_media":0,"parent":0,"menu_order":0,"comment_status":"closed","ping_status":"closed","template":"","meta":{"wikipediapreview_detectlinks":true,"ngg_post_thumbnail":0,"footnotes":""},"class_list":["post-2082","page","type-page","status-publish","hentry"],"jetpack_sharing_enabled":true,"_links":{"self":[{"href":"https:\/\/cellieu.fr\/press3\/mairie\/wp-json\/wp\/v2\/pages\/2082","targetHints":{"allow":["GET"]}}],"collection":[{"href":"https:\/\/cellieu.fr\/press3\/mairie\/wp-json\/wp\/v2\/pages"}],"about":[{"href":"https:\/\/cellieu.fr\/press3\/mairie\/wp-json\/wp\/v2\/types\/page"}],"author":[{"embeddable":true,"href":"https:\/\/cellieu.fr\/press3\/mairie\/wp-json\/wp\/v2\/users\/2"}],"replies":[{"embeddable":true,"href":"https:\/\/cellieu.fr\/press3\/mairie\/wp-json\/wp\/v2\/comments?post=2082"}],"version-history":[{"count":9,"href":"https:\/\/cellieu.fr\/press3\/mairie\/wp-json\/wp\/v2\/pages\/2082\/revisions"}],"predecessor-version":[{"id":2347,"href":"https:\/\/cellieu.fr\/press3\/mairie\/wp-json\/wp\/v2\/pages\/2082\/revisions\/2347"}],"wp:attachment":[{"href":"https:\/\/cellieu.fr\/press3\/mairie\/wp-json\/wp\/v2\/media?parent=2082"}],"curies":[{"name":"wp","href":"https:\/\/api.w.org\/{rel}","templated":true}]}}