{"id":2543,"date":"2015-06-29T11:01:27","date_gmt":"2015-06-29T10:01:27","guid":{"rendered":"http:\/\/cellieu.fr\/press3\/mairie\/?page_id=2543"},"modified":"2023-01-16T15:35:57","modified_gmt":"2023-01-16T14:35:57","slug":"ecoles-sur-la-commune","status":"publish","type":"page","link":"https:\/\/cellieu.fr\/press3\/mairie\/enfance-et-jeunesse\/ecoles-sur-la-commune\/","title":{"rendered":"Ecoles sur la commune"},"content":{"rendered":"<table class=\"aligncenter\">\n<tbody>\n<tr>\n<td>\n<h2><a title=\"Ecole Alphonse Daudet\" href=\"https:\/\/cellieu.fr\/press3\/mairie\/locations\/ecole-a-daudet\/\" data-slimstat-type=\"2\" data-slimstat-callback=\"true\" data-slimstat-tracking=\"false\"><span style=\"color: #9f9f9f;\">L\u2019\u00e9cole publique Alphonse&nbsp;Daudet<\/span><\/a><\/h2>\n<p>L\u2019\u00e9cole publique dispose de 6 classes, de deux cours de r\u00e9cr\u00e9ation et d&#8217;un jardin p\u00e9dagogique.<\/td>\n<td><a href=\"https:\/\/cellieu.fr\/press3\/mairie\/wp-content\/uploads\/sites\/2\/2014\/07\/equipement_alphonsedaudet.jpg\" data-slimstat-type=\"1\" data-slimstat-callback=\"true\" data-slimstat-tracking=\"false\"><img loading=\"lazy\" decoding=\"async\" class=\"aligncenter size-thumbnail wp-image-785\" src=\"https:\/\/cellieu.fr\/press3\/mairie\/wp-content\/uploads\/sites\/2\/2014\/07\/equipement_alphonsedaudet-150x150.jpg\" alt=\"equipement_alphonsedaudet\" width=\"150\" height=\"150\" srcset=\"https:\/\/cellieu.fr\/press3\/mairie\/wp-content\/uploads\/sites\/2\/2014\/07\/equipement_alphonsedaudet-150x150.jpg 150w, https:\/\/cellieu.fr\/press3\/mairie\/wp-content\/uploads\/sites\/2\/2014\/07\/equipement_alphonsedaudet-144x144.jpg 144w\" sizes=\"auto, (max-width: 150px) 100vw, 150px\" \/><\/a><\/td>\n<\/tr>\n<tr>\n<td>\n<h2><a title=\"Ecole Saint Joseph\" href=\"https:\/\/cellieu.fr\/press3\/mairie\/locations\/ecole-saint-joseph\/\" data-slimstat-type=\"2\" data-slimstat-callback=\"true\" data-slimstat-tracking=\"false\"><span style=\"color: #9f9f9f;\">L\u2019\u00e9cole priv\u00e9e St Joseph<\/span><\/a><\/h2>\n<p>L&#8217;\u00e9cole priv\u00e9e, situ\u00e9e au c\u0153ur du village, dot\u00e9e d&#8217;un projet \u00e9ducatif, pastoral et p\u00e9dagogique permettant de faire grandir les enfants dans toutes les dimensions.<\/td>\n<td><a href=\"https:\/\/cellieu.fr\/press3\/mairie\/wp-content\/uploads\/sites\/2\/2015\/01\/equipement_st_joseph_1.png\" data-slimstat-type=\"1\" data-slimstat-callback=\"true\" data-slimstat-tracking=\"false\"><img loading=\"lazy\" decoding=\"async\" class=\"aligncenter size-thumbnail wp-image-2050\" src=\"https:\/\/cellieu.fr\/press3\/mairie\/wp-content\/uploads\/sites\/2\/2015\/01\/equipement_st_joseph_1-150x150.png\" alt=\"equipement_st_joseph_1\" width=\"150\" height=\"150\" srcset=\"https:\/\/cellieu.fr\/press3\/mairie\/wp-content\/uploads\/sites\/2\/2015\/01\/equipement_st_joseph_1-150x150.png 150w, https:\/\/cellieu.fr\/press3\/mairie\/wp-content\/uploads\/sites\/2\/2015\/01\/equipement_st_joseph_1-144x144.png 144w\" sizes=\"auto, (max-width: 150px) 100vw, 150px\" \/><\/a><\/td>\n<\/tr>\n<\/tbody>\n<\/table>\n","protected":false},"excerpt":{"rendered":"<p>L\u2019\u00e9cole publique Alphonse&nbsp;Daudet L\u2019\u00e9cole publique dispose de 6 classes, de deux cours de r\u00e9cr\u00e9ation et d&#8217;un jardin p\u00e9dagogique. L\u2019\u00e9cole priv\u00e9e St Joseph L&#8217;\u00e9cole priv\u00e9e, situ\u00e9e au c\u0153ur du village, dot\u00e9e d&#8217;un projet \u00e9ducatif, pastoral et p\u00e9dagogique permettant de faire grandir les enfants dans toutes les dimensions.<\/p>\n","protected":false},"author":2,"featured_media":0,"parent":504,"menu_order":0,"comment_status":"closed","ping_status":"closed","template":"","meta":{"wikipediapreview_detectlinks":true,"ngg_post_thumbnail":0,"footnotes":""},"class_list":["post-2543","page","type-page","status-publish","hentry"],"jetpack_sharing_enabled":true,"_links":{"self":[{"href":"https:\/\/cellieu.fr\/press3\/mairie\/wp-json\/wp\/v2\/pages\/2543","targetHints":{"allow":["GET"]}}],"collection":[{"href":"https:\/\/cellieu.fr\/press3\/mairie\/wp-json\/wp\/v2\/pages"}],"about":[{"href":"https:\/\/cellieu.fr\/press3\/mairie\/wp-json\/wp\/v2\/types\/page"}],"author":[{"embeddable":true,"href":"https:\/\/cellieu.fr\/press3\/mairie\/wp-json\/wp\/v2\/users\/2"}],"replies":[{"embeddable":true,"href":"https:\/\/cellieu.fr\/press3\/mairie\/wp-json\/wp\/v2\/comments?post=2543"}],"version-history":[{"count":7,"href":"https:\/\/cellieu.fr\/press3\/mairie\/wp-json\/wp\/v2\/pages\/2543\/revisions"}],"predecessor-version":[{"id":9510,"href":"https:\/\/cellieu.fr\/press3\/mairie\/wp-json\/wp\/v2\/pages\/2543\/revisions\/9510"}],"up":[{"embeddable":true,"href":"https:\/\/cellieu.fr\/press3\/mairie\/wp-json\/wp\/v2\/pages\/504"}],"wp:attachment":[{"href":"https:\/\/cellieu.fr\/press3\/mairie\/wp-json\/wp\/v2\/media?parent=2543"}],"curies":[{"name":"wp","href":"https:\/\/api.w.org\/{rel}","templated":true}]}}