{"id":2558,"date":"2015-07-01T13:32:47","date_gmt":"2015-07-01T12:32:47","guid":{"rendered":"http:\/\/cellieu.fr\/press3\/mairie\/?page_id=2558"},"modified":"2024-08-03T21:21:36","modified_gmt":"2024-08-03T20:21:36","slug":"chemins-de-randonnees","status":"publish","type":"page","link":"https:\/\/cellieu.fr\/press3\/mairie\/decouvrir\/chemins-de-randonnees\/","title":{"rendered":"Chemins de randonn\u00e9es"},"content":{"rendered":"<h1>Point de d\u00e9part et arriv\u00e9e<\/h1>\n<p>Toutes les randonn\u00e9es d\u00e9marrent et retournent au parking de l&#8217;\u00e9cole publique A. Daudet : Chemin de la Picote &#8211; 42320 Cellieu.<\/p>\n<p>Le parking est fortement utilis\u00e9 les jours d&#8217;\u00e9cole (Lundi, Mardi, Jeudi, Vendredi) \u00e0 8h20, 11h20, 13h20 et 16h20. Il est pr\u00e9f\u00e9rable d&#8217;\u00e9viter d&#8217;arriver \u00e0 ces horaires, mais le reste du temps, il y a de nombreuses places disponibles. Les camping-car sont les bienvenus.<\/p>\n<p>Il est interdit aux randonneurs de se garer sur la place du village (le stationnement est limit\u00e9 dans le temps).<\/p>\n<p>&nbsp;<\/p>\n<h1>Tour du village de Cellieu<\/h1>\n<ul>\n<li>Dur\u00e9e : environ 1h<\/li>\n<li>Distance : 2.5 km<\/li>\n<li>Difficult\u00e9 : Moyenne<\/li>\n<li>D\u00e9nivel\u00e9 : + 100m<\/li>\n<li>Accessibilit\u00e9 : Pi\u00e9ton uniquement, (poussettes impossible).<\/li>\n<\/ul>\n<p><img loading=\"lazy\" decoding=\"async\" class=\"alignnone wp-image-12050 \" src=\"https:\/\/cellieu.fr\/press3\/mairie\/wp-content\/uploads\/sites\/2\/2024\/08\/2024-08-randonnee-tour-cellieu.png\" alt=\"\" width=\"394\" height=\"351\" srcset=\"https:\/\/cellieu.fr\/press3\/mairie\/wp-content\/uploads\/sites\/2\/2024\/08\/2024-08-randonnee-tour-cellieu.png 733w, https:\/\/cellieu.fr\/press3\/mairie\/wp-content\/uploads\/sites\/2\/2024\/08\/2024-08-randonnee-tour-cellieu-300x267.png 300w, https:\/\/cellieu.fr\/press3\/mairie\/wp-content\/uploads\/sites\/2\/2024\/08\/2024-08-randonnee-tour-cellieu-624x556.png 624w\" sizes=\"auto, (max-width: 394px) 100vw, 394px\" \/><\/p>\n<p>Plus de d\u00e9tails <a href=\"https:\/\/www.visorando.com\/randonnee-59234603\/\" target=\"_blank\" rel=\"noopener\">sur le site Visorando<\/a>&nbsp;ou&nbsp;<a href=\"https:\/\/cellieu.fr\/press3\/mairie\/wp-content\/uploads\/sites\/2\/2024\/08\/2024-08-visorando-tour-du-village-de-cellieu.pdf\" target=\"_blank\" rel=\"noopener\">t\u00e9l\u00e9charger la fiche PDF<\/a><\/p>\n<h1>&nbsp;<\/h1>\n<h1>Chemin du centre de la R\u00e9gion Auvergne-Rh\u00f4ne-Alpes<\/h1>\n<ul>\n<li>Dur\u00e9e : environ 4h<\/li>\n<li>Distance : 10 km<\/li>\n<li>Difficult\u00e9 : Difficile<\/li>\n<li>D\u00e9nivel\u00e9 : + 330 m<\/li>\n<li>Accessibilit\u00e9 : Pi\u00e9ton uniquement, (poussettes impossible).<\/li>\n<\/ul>\n<p><img loading=\"lazy\" decoding=\"async\" class=\"alignnone wp-image-12051 size-full\" src=\"https:\/\/cellieu.fr\/press3\/mairie\/wp-content\/uploads\/sites\/2\/2024\/08\/2024-08-randonnee-centre-region.png\" alt=\"\" width=\"671\" height=\"342\" srcset=\"https:\/\/cellieu.fr\/press3\/mairie\/wp-content\/uploads\/sites\/2\/2024\/08\/2024-08-randonnee-centre-region.png 671w, https:\/\/cellieu.fr\/press3\/mairie\/wp-content\/uploads\/sites\/2\/2024\/08\/2024-08-randonnee-centre-region-300x153.png 300w, https:\/\/cellieu.fr\/press3\/mairie\/wp-content\/uploads\/sites\/2\/2024\/08\/2024-08-randonnee-centre-region-624x318.png 624w\" sizes=\"auto, (max-width: 671px) 100vw, 671px\" \/><\/p>\n<p>Plus de d\u00e9tails <a href=\"https:\/\/www.visorando.com\/randonnee-chemin-du-centre-de-la-region-auvergne-r\/\" target=\"_blank\" rel=\"noopener\">sur le site Visorando<\/a>&nbsp;ou <a href=\"https:\/\/cellieu.fr\/press3\/mairie\/wp-content\/uploads\/sites\/2\/2024\/08\/2024-08-visorando-chemin-du-centre-de-la-region-auvergne-rhone-alpes.pdf\" target=\"_blank\" rel=\"noopener\">t\u00e9l\u00e9charger&nbsp;la fiche PDF<\/a><\/p>\n<p>&nbsp;<\/p>\n<p>Cartes r\u00e9alis\u00e9es avec <a href=\"http:\/\/www.visorando.com\" target=\"_blank\" rel=\"noopener\">Visorando<\/a><\/p>\n","protected":false},"excerpt":{"rendered":"<p>Point de d\u00e9part et arriv\u00e9e Toutes les randonn\u00e9es d\u00e9marrent et retournent au parking de l&#8217;\u00e9cole publique A. Daudet : Chemin de la Picote &#8211; 42320 Cellieu. Le parking est fortement utilis\u00e9 les jours d&#8217;\u00e9cole (Lundi, Mardi, Jeudi, Vendredi) \u00e0 8h20, 11h20, 13h20 et 16h20. Il est pr\u00e9f\u00e9rable d&#8217;\u00e9viter d&#8217;arriver \u00e0 ces horaires, mais le reste [&hellip;]<\/p>\n","protected":false},"author":2,"featured_media":0,"parent":507,"menu_order":0,"comment_status":"closed","ping_status":"closed","template":"","meta":{"wikipediapreview_detectlinks":true,"ngg_post_thumbnail":0,"footnotes":""},"class_list":["post-2558","page","type-page","status-publish","hentry"],"jetpack_sharing_enabled":true,"_links":{"self":[{"href":"https:\/\/cellieu.fr\/press3\/mairie\/wp-json\/wp\/v2\/pages\/2558","targetHints":{"allow":["GET"]}}],"collection":[{"href":"https:\/\/cellieu.fr\/press3\/mairie\/wp-json\/wp\/v2\/pages"}],"about":[{"href":"https:\/\/cellieu.fr\/press3\/mairie\/wp-json\/wp\/v2\/types\/page"}],"author":[{"embeddable":true,"href":"https:\/\/cellieu.fr\/press3\/mairie\/wp-json\/wp\/v2\/users\/2"}],"replies":[{"embeddable":true,"href":"https:\/\/cellieu.fr\/press3\/mairie\/wp-json\/wp\/v2\/comments?post=2558"}],"version-history":[{"count":7,"href":"https:\/\/cellieu.fr\/press3\/mairie\/wp-json\/wp\/v2\/pages\/2558\/revisions"}],"predecessor-version":[{"id":12052,"href":"https:\/\/cellieu.fr\/press3\/mairie\/wp-json\/wp\/v2\/pages\/2558\/revisions\/12052"}],"up":[{"embeddable":true,"href":"https:\/\/cellieu.fr\/press3\/mairie\/wp-json\/wp\/v2\/pages\/507"}],"wp:attachment":[{"href":"https:\/\/cellieu.fr\/press3\/mairie\/wp-json\/wp\/v2\/media?parent=2558"}],"curies":[{"name":"wp","href":"https:\/\/api.w.org\/{rel}","templated":true}]}}