{"id":2773,"date":"2015-11-12T11:37:20","date_gmt":"2015-11-12T10:37:20","guid":{"rendered":"http:\/\/cellieu.fr\/press3\/mairie\/?page_id=2773"},"modified":"2025-10-18T09:39:09","modified_gmt":"2025-10-18T08:39:09","slug":"comite-de-fleurissement","status":"publish","type":"page","link":"https:\/\/cellieu.fr\/press3\/mairie\/decouvrir\/associations\/comite-de-fleurissement\/","title":{"rendered":"Association &#8211; Comit\u00e9 de Fleurissement"},"content":{"rendered":"<p>Cr\u00e9\u00e9 en 1997, le&nbsp;Comit\u00e9 de Fleurissement&nbsp;de Cellieu est une association loi 1901 qui a pour but d\u2019organiser et de promouvoir le fleurissement de la commune.<\/p>\n<p>Le bureau est compos\u00e9 de&nbsp;:<\/p>\n<ul>\n<li>pr\u00e9sident&nbsp;: Marc BENIERE<\/li>\n<li>tr\u00e9sori\u00e8re : Anne Marie GREGOIRE<\/li>\n<li>secr\u00e9taire : Nicole PROST<\/li>\n<\/ul>\n<p>D\u2019autres membres constituent le conseil, M. le Maire est membre d\u2019Honneur.<\/p>\n<p>&nbsp;<\/p>\n<h2><span style=\"text-decoration: underline;\"><strong>Le reboisement du Chappe.<\/strong><\/span><\/h2>\n<p>L&#8217;association pilote le reboisement du Chappe en partenariat avec la Mairie.<\/p>\n<p>Environ 120 arbres de 80 esp\u00e8ces vont \u00eatre plant\u00e9s. Vous pouvez participer en venant aider aux plantations ou en <a href=\"https:\/\/cellieu.fr\/press3\/mairie\/decouvrir\/associations\/comite-de-fleurissement\/reboisement-le-chappe\/\">parrainant un arbre.<\/a><\/p>\n<p>&nbsp;<\/p>\n<h2><strong><u>Les maisons fleuries&nbsp;:<\/u><\/strong><\/h2>\n<p>Le Comit\u00e9 de Fleurissement organise le concours communal des maisons fleuries. Les inscriptions gratuites sont d\u00e9pos\u00e9es fin juin en Mairie, qui est le si\u00e8ge de l\u2019association.<\/p>\n<p>Quatre cat\u00e9gories permettent de classer les candidats en fonction de leur habitation.<\/p>\n<p>Le jury visite et note les d\u00e9cors floraux durant le mois de juillet. Une soir\u00e9e conviviale permet une remise des prix au printemps en pr\u00e9sence de M. le Maire. On profite de cet instant pour lancer la nouvelle campagne de fleurissement.<\/p>\n<p>Le comit\u00e9 participe aussi \u00e0 la valorisation d\u00e9partementale des candidats en inscrivant les meilleurs. M. et&nbsp;Mme ESPINHA sont r\u00e9guli\u00e8rement r\u00e9compens\u00e9s pour leur d\u00e9cor spectaculaire.<\/p>\n<p>Le r\u00e9glement du concours est disponible : <a href=\"https:\/\/cellieu.fr\/press3\/mairie\/wp-content\/uploads\/sites\/2\/2015\/11\/2015-11-fleurissement_reglement.pdf\" target=\"_blank\" rel=\"noopener\">ici<\/a><\/p>\n<p>&nbsp;<\/p>\n<h2><strong><u>Les maisons illumin\u00e9es<\/u><\/strong>&nbsp;:<\/h2>\n<p>A la demande r\u00e9currente des habitants et de la municipalit\u00e9, nous organisons aujourd\u2019hui le concours communal des maisons illumin\u00e9es. Soucieux de son cadre de vie et du respect de son environnement, les crit\u00e8res d\u00e9finis privil\u00e9gient l\u2019utilisation des \u00e9nergies renouvelables et l\u2019utilisation de mat\u00e9riaux et mat\u00e9riels \u00e9cologiques.<\/p>\n<p>Trois cat\u00e9gories permettent de classer les candidats en fonctions de leur habitation.<\/p>\n<p>Les inscriptions se font en mairie avant le 7 d\u00e9cembre. Les visites sont r\u00e9alis\u00e9es avant le 31 d\u00e9cembre. La remise des prix s\u2019effectue en d\u00e9but d\u2019ann\u00e9e.<\/p>\n<p>Le r\u00e9glement du concours est disponible : <a href=\"https:\/\/cellieu.fr\/press3\/mairie\/wp-content\/uploads\/sites\/2\/2015\/11\/2015-11-maisons_illuminees_reglement.pdf\" target=\"_blank\" rel=\"noopener\">ici<\/a><\/p>\n<p>La fiche d&#8217;inscription du concours est disponible : <a href=\"https:\/\/cellieu.fr\/press3\/mairie\/wp-content\/uploads\/sites\/2\/2015\/11\/2015-11-maisons_illuminees_inscription.pdf\" target=\"_blank\" rel=\"noopener\">ici<\/a><\/p>\n<p>Palmar\u00e8s : <a href=\"https:\/\/cellieu.fr\/press3\/mairie\/2016\/02\/07\/maisons-illuminees-palmares-2015\/\">2015<\/a> &#8211; <a href=\"https:\/\/cellieu.fr\/press3\/mairie\/2017\/01\/22\/maisons-illuminees-palmares-2016\/\">2016<\/a> &#8211; <a href=\"https:\/\/cellieu.fr\/press3\/mairie\/2018\/01\/22\/maisons-illuminees-palmares-2017\/\">2017<\/a><\/p>\n<p>&nbsp;<\/p>\n<h2><strong><u>Des relations en lien avec le collectif communal<\/u><\/strong>&nbsp;:<\/h2>\n<p>Le comit\u00e9 de fleurissement a mis en place \u00e0 plusieurs reprises des activit\u00e9s avec les scolaires&nbsp;: repiquage de plantes, nettoyage de printemps.<\/p>\n<p>Quelques sorties, ouvertes \u00e0 tous, sont organis\u00e9es: Floralies de Bourg en Bresse, journ\u00e9es techniques sur le fleurissement.<\/p>\n<p>Le Comit\u00e9 de Fleurissement est membre du Comit\u00e9 des F\u00eates.<\/p>\n<p>Il participe aux manifestations de cette association. Il r\u00e9alise entre autre la d\u00e9coration de la salle lors de la f\u00eate de la bi\u00e8re qui a lieu tous les deux ans.<\/p>\n<p>&nbsp;<\/p>\n<h2><strong><u>Prix<\/u><\/strong><\/h2>\n<p>&nbsp;<\/p>\n<p>2024-<a href=\"https:\/\/cellieu.fr\/press3\/mairie\/wp-content\/uploads\/sites\/2\/2025\/03\/Palmares-des-concours-2024.docx\">Palmar\u00e8s des concours 2024<\/a><\/p>\n<p>Les familles MOINGEON,ESPINHA et SEGURA sont r\u00e9compens\u00e9es au niveau d\u00e9partemental.<\/p>\n<p>2018 &#8211; La famille ESPINHA a re\u00e7u le prix &#8220;Coup de Coeur&#8221; du jury du d\u00e9partement de la Loire<\/p>\n<p><a href=\"https:\/\/cellieu.fr\/press3\/mairie\/wp-content\/uploads\/sites\/2\/2018\/03\/20180323-Fleurissement-Espinha.jpg\"><img loading=\"lazy\" decoding=\"async\" class=\"aligncenter size-medium wp-image-4677\" src=\"https:\/\/cellieu.fr\/press3\/mairie\/wp-content\/uploads\/sites\/2\/2018\/03\/20180323-Fleurissement-Espinha-300x233.jpg\" alt=\"\" width=\"300\" height=\"233\" srcset=\"https:\/\/cellieu.fr\/press3\/mairie\/wp-content\/uploads\/sites\/2\/2018\/03\/20180323-Fleurissement-Espinha-300x233.jpg 300w, https:\/\/cellieu.fr\/press3\/mairie\/wp-content\/uploads\/sites\/2\/2018\/03\/20180323-Fleurissement-Espinha.jpg 392w\" sizes=\"auto, (max-width: 300px) 100vw, 300px\" \/><\/a><\/p>\n<p>&nbsp;<\/p>\n<h2><strong><u>Avril 2018 : Activit\u00e9s p\u00e9dagogiques faites dans le cadre des 20 ans du concours de fleurissement du village<\/u><\/strong><\/h2>\n<table>\n<tbody>\n<tr>\n<td><a href=\"https:\/\/cellieu.fr\/press3\/mairie\/wp-content\/uploads\/sites\/2\/2018\/04\/fleurissement_ecole_a_daudet.jpg\"><img loading=\"lazy\" decoding=\"async\" class=\"aligncenter size-medium wp-image-4733\" src=\"https:\/\/cellieu.fr\/press3\/mairie\/wp-content\/uploads\/sites\/2\/2018\/04\/fleurissement_ecole_a_daudet-300x200.jpg\" alt=\"\" width=\"300\" height=\"200\" srcset=\"https:\/\/cellieu.fr\/press3\/mairie\/wp-content\/uploads\/sites\/2\/2018\/04\/fleurissement_ecole_a_daudet-300x200.jpg 300w, https:\/\/cellieu.fr\/press3\/mairie\/wp-content\/uploads\/sites\/2\/2018\/04\/fleurissement_ecole_a_daudet-768x512.jpg 768w, https:\/\/cellieu.fr\/press3\/mairie\/wp-content\/uploads\/sites\/2\/2018\/04\/fleurissement_ecole_a_daudet-1024x683.jpg 1024w, https:\/\/cellieu.fr\/press3\/mairie\/wp-content\/uploads\/sites\/2\/2018\/04\/fleurissement_ecole_a_daudet-624x416.jpg 624w\" sizes=\"auto, (max-width: 300px) 100vw, 300px\" \/><\/a><\/td>\n<td><a href=\"https:\/\/cellieu.fr\/press3\/mairie\/wp-content\/uploads\/sites\/2\/2018\/04\/fleurissement_ecole_stjoseph.jpg\"><img loading=\"lazy\" decoding=\"async\" class=\"aligncenter size-medium wp-image-4734\" src=\"https:\/\/cellieu.fr\/press3\/mairie\/wp-content\/uploads\/sites\/2\/2018\/04\/fleurissement_ecole_stjoseph-169x300.jpg\" alt=\"\" width=\"169\" height=\"300\" srcset=\"https:\/\/cellieu.fr\/press3\/mairie\/wp-content\/uploads\/sites\/2\/2018\/04\/fleurissement_ecole_stjoseph-169x300.jpg 169w, https:\/\/cellieu.fr\/press3\/mairie\/wp-content\/uploads\/sites\/2\/2018\/04\/fleurissement_ecole_stjoseph-768x1365.jpg 768w, https:\/\/cellieu.fr\/press3\/mairie\/wp-content\/uploads\/sites\/2\/2018\/04\/fleurissement_ecole_stjoseph-576x1024.jpg 576w, https:\/\/cellieu.fr\/press3\/mairie\/wp-content\/uploads\/sites\/2\/2018\/04\/fleurissement_ecole_stjoseph-624x1109.jpg 624w\" sizes=\"auto, (max-width: 169px) 100vw, 169px\" \/><\/a><\/td>\n<\/tr>\n<\/tbody>\n<\/table>\n<p>&nbsp;<\/p>\n","protected":false},"excerpt":{"rendered":"<p>Cr\u00e9\u00e9 en 1997, le&nbsp;Comit\u00e9 de Fleurissement&nbsp;de Cellieu est une association loi 1901 qui a pour but d\u2019organiser et de promouvoir le fleurissement de la commune. Le bureau est compos\u00e9 de&nbsp;: pr\u00e9sident&nbsp;: Marc BENIERE tr\u00e9sori\u00e8re : Anne Marie GREGOIRE secr\u00e9taire : Nicole PROST D\u2019autres membres constituent le conseil, M. le Maire est membre d\u2019Honneur. &nbsp; Le [&hellip;]<\/p>\n","protected":false},"author":2,"featured_media":2571,"parent":495,"menu_order":0,"comment_status":"closed","ping_status":"closed","template":"","meta":{"wikipediapreview_detectlinks":true,"ngg_post_thumbnail":0,"footnotes":""},"class_list":["post-2773","page","type-page","status-publish","has-post-thumbnail","hentry"],"jetpack_sharing_enabled":true,"_links":{"self":[{"href":"https:\/\/cellieu.fr\/press3\/mairie\/wp-json\/wp\/v2\/pages\/2773","targetHints":{"allow":["GET"]}}],"collection":[{"href":"https:\/\/cellieu.fr\/press3\/mairie\/wp-json\/wp\/v2\/pages"}],"about":[{"href":"https:\/\/cellieu.fr\/press3\/mairie\/wp-json\/wp\/v2\/types\/page"}],"author":[{"embeddable":true,"href":"https:\/\/cellieu.fr\/press3\/mairie\/wp-json\/wp\/v2\/users\/2"}],"replies":[{"embeddable":true,"href":"https:\/\/cellieu.fr\/press3\/mairie\/wp-json\/wp\/v2\/comments?post=2773"}],"version-history":[{"count":18,"href":"https:\/\/cellieu.fr\/press3\/mairie\/wp-json\/wp\/v2\/pages\/2773\/revisions"}],"predecessor-version":[{"id":14231,"href":"https:\/\/cellieu.fr\/press3\/mairie\/wp-json\/wp\/v2\/pages\/2773\/revisions\/14231"}],"up":[{"embeddable":true,"href":"https:\/\/cellieu.fr\/press3\/mairie\/wp-json\/wp\/v2\/pages\/495"}],"wp:featuredmedia":[{"embeddable":true,"href":"https:\/\/cellieu.fr\/press3\/mairie\/wp-json\/wp\/v2\/media\/2571"}],"wp:attachment":[{"href":"https:\/\/cellieu.fr\/press3\/mairie\/wp-json\/wp\/v2\/media?parent=2773"}],"curies":[{"name":"wp","href":"https:\/\/api.w.org\/{rel}","templated":true}]}}