{"id":2886,"date":"2015-12-15T14:39:39","date_gmt":"2015-12-15T13:39:39","guid":{"rendered":"http:\/\/cellieu.fr\/press3\/mairie\/?page_id=2886"},"modified":"2017-11-23T22:35:37","modified_gmt":"2017-11-23T21:35:37","slug":"qualite-de-lair","status":"publish","type":"page","link":"https:\/\/cellieu.fr\/press3\/mairie\/presse-et-informations\/qualite-de-lair\/","title":{"rendered":"Qualit\u00e9 de l&#8217;air"},"content":{"rendered":"<p>Plus d&#8217;informations sur : <a href=\"http:\/\/www.air-rhonealpes.fr\" target=\"_blank\" rel=\"noopener\">http:\/\/www.air-rhonealpes.fr<\/a><\/p>\n<h1>Alertes Pollution<\/h1>\n<p>[feedzy-rss feeds=&#8221;http:\/\/www.air-rhonealpes.fr\/rss\/<span style=\"display: inline !important; float: none; background-color: transparent; color: #333333; cursor: text; font-family: -apple-system,BlinkMacSystemFont,'Segoe UI',Roboto,Oxygen-Sans,Ubuntu,Cantarell,'Helvetica Neue',sans-serif; font-size: 16px; font-style: normal; font-variant: normal; font-weight: 400; letter-spacing: normal; orphans: 2; text-align: left; text-decoration: none; text-indent: 0px; text-transform: none; -webkit-text-stroke-width: 0px; white-space: normal; word-spacing: 0px;\">alertes<\/span>.xml&#8221; max=&#8221;10&#8243; feed_title=&#8221;no&#8221; target=&#8221;_blank&#8221;&nbsp; refresh=&#8221;12_hours&#8221; title=&#8221;150&#8243; meta=&#8221;yes&#8221; summary=&#8221;yes&#8221; summarylength=&#8221;300&#8243; thumb=&#8221;yes&#8221; size=&#8221;100&#8243; keywords_title=&#8221;A<span style=\"display: inline !important; float: none; background-color: transparent; color: #333333; cursor: text; font-family: -apple-system,BlinkMacSystemFont,'Segoe UI',Roboto,Oxygen-Sans,Ubuntu,Cantarell,'Helvetica Neue',sans-serif; font-size: 16px; font-style: normal; font-variant: normal; font-weight: 400; letter-spacing: normal; orphans: 2; text-align: left; text-decoration: none; text-indent: 0px; text-transform: none; -webkit-text-stroke-width: 0px; white-space: normal; word-spacing: 0px;\">lertes<\/span>&#8220;]<\/p>\n<table>\n<tbody>\n<tr>\n<td style=\"text-align: center;\" colspan=\"2\"><iframe loading=\"lazy\" width=\"300\" height=\"280\" src=\"http:\/\/www.air-rhonealpes.fr\/widget\/monair\/commune\/42032?pollen=0\" scrolling=\"no\"><\/iframe><\/td>\n<\/tr>\n<tr>\n<td style=\"text-align: center;\"><iframe loading=\"lazy\" width=\"300\" height=\"380\" src=\"http:\/\/www.air-rhonealpes.fr\/widget\/monair\/commune\/42218?pollen=1\" scrolling=\"no\"><\/iframe><\/td>\n<td style=\"text-align: center;\"><iframe loading=\"lazy\" width=\"300\" height=\"380\" src=\"http:\/\/www.air-rhonealpes.fr\/widget\/monair\/commune\/69123?pollen=1\" scrolling=\"no\"><\/iframe><\/td>\n<\/tr>\n<\/tbody>\n<\/table>\n<p>&nbsp;<\/p>\n<h1>Dispositifs Pr\u00e9fectoraux<\/h1>\n<p>[jp-rss-feed url=&#8217;http:\/\/www.air-rhonealpes.fr\/rss\/dispositifs.xml&#8217; numchars=250]<\/p>\n<h1>&nbsp;<\/h1>\n<p>&nbsp;<\/p>\n<hr>\n<h1>R\u00e8gles de bonnes conduites<\/h1>\n<h2>Mon Jardin<\/h2>\n<p>Bien qu\u2019interdit, le br\u00fblage des v\u00e9g\u00e9taux reste une activit\u00e9 largement pratiqu\u00e9e qui contribue \u00e0 la d\u00e9gradation de la qualit\u00e9 de l&#8217;air.<br \/>\nCette activit\u00e9 participe aux \u00e9missions de plusieurs polluants notamment les particules fines et certains compos\u00e9s canc\u00e9rig\u00e8nes. La pollution engendr\u00e9e par ces feux peut notamment avoir un fort impact sur la sant\u00e9 des personnes directement expos\u00e9es.<\/p>\n<p style=\"text-align: center;\"><strong>Br\u00fbler 50 kg de v\u00e9g\u00e9taux \u00e9met autant de particules qu\u2019une voiture \u00e0 moteur Diesel r\u00e9cente qui parcourt 6000 km !<\/strong><\/p>\n<p style=\"text-align: left;\">Pour rappel : le br\u00fblage des d\u00e9chets verts des particuliers et des professionnels est <strong>interdit toute l\u2019ann\u00e9e <\/strong>en zone rurale lorsqu&#8217;il existe pour le groupement de communes un syst\u00e8me de d\u00e9ch\u00e8teries. Cellieu est dans ce cas.<\/p>\n<p style=\"text-align: left;\">Plus d&#8217;informations sur : <a href=\"http:\/\/www.air-rhonealpes.fr\/article\/mon-jardin\" target=\"_blank\" rel=\"noopener\">http:\/\/www.air-rhonealpes.fr\/article\/mon-jardin<\/a> et sur <a href=\"http:\/\/www.air-rhonealpes.fr\/article\/le-brulage-des-dechets-verts\" target=\"_blank\" rel=\"noopener\">http:\/\/www.air-rhonealpes.fr\/article\/le-brulage-des-dechets-verts<\/a><\/p>\n<p style=\"text-align: left;\">Les localisations et horaires des d\u00e9ch\u00e8teries les plus proches : <a href=\"http:\/\/www.saint-etienne-metropole.fr\/plus-pres-de-vous\/votre-environnement\/gestion-des-dechets\/les-decheteries\/\" target=\"_blank\" rel=\"noopener\">http:\/\/www.saint-etienne-metropole.fr\/plus-pres-de-vous\/votre-environnement\/gestion-des-dechets\/les-decheteries\/<\/a><\/p>\n<p style=\"text-align: left;\">Si vous constatez un manquement \u00e0 cette interdiction, vous pouvez contacter le 04 77 73 22 07 en pr\u00e9cisant l&#8217;adresse du feu. Le contrevenant s&#8217;expose \u00e0 une amende de 450\u20ac.<\/p>\n<p style=\"text-align: left;\">Circulaire du 18 novembre 2011 relative \u00e0 l\u2019interdiction du br\u00fblage \u00e0 l\u2019air libre des d\u00e9chets verts : <a href=\"http:\/\/circulaire.legifrance.gouv.fr\/pdf\/2011\/11\/cir_34130.pdf\" target=\"_blank\" rel=\"noopener\">ici<\/a><\/p>\n<h2>Mon Chauffage<\/h2>\n<p style=\"text-align: left;\">Si le chauffage au bois est privil\u00e9gi\u00e9 pour limiter le r\u00e9chauffement climatique, attention lorsqu\u2019il est pratiqu\u00e9 dans de mauvaises conditions (bois humide, foyers ouverts, appareils v\u00e9tustes), il peut \u00eatre fortement \u00e9metteur de particules et autres compos\u00e9s toxiques dans l\u2019air.<\/p>\n<p style=\"text-align: center;\"><strong>En hiver, \u00e0 l&#8217;\u00e9chelle de la r\u00e9gion Rh\u00f4ne-Alpes, les mauvais usages du chauffage individuel au bois peuvent contribuer \u00e0 60 % des \u00e9missions de particules dans l&#8217;air et jusqu\u2019\u00e0 70 % lors d&#8217;une journ\u00e9e de grand froid.<\/strong><\/p>\n<p>Plus d&#8217;informations sur : <a href=\"http:\/\/www.air-rhonealpes.fr\/article\/mon-chauffage\" target=\"_blank\" rel=\"noopener\">http:\/\/www.air-rhonealpes.fr\/article\/mon-chauffage<\/a><\/p>\n<p>&nbsp;<\/p>\n<h2 style=\"text-align: left;\">Ma Maison<\/h2>\n<p>La maison comme les autres environnements clos (logements, bureaux, magasins, &#8230;) contiennent des polluants sp\u00e9cifiques de l&#8217;air int\u00e9rieur auxquels viennent s&#8217;ajouter des polluants provenant de l&#8217;air ext\u00e9rieur. Avec environ 80 % de notre temps pass\u00e9 dans des environnements clos, la qualit\u00e9 de l&#8217;air est devenue une pr\u00e9ocupation majeure de sant\u00e9 publique.<\/p>\n<p>Plus d&#8217;informations sur : <a href=\"http:\/\/www.air-rhonealpes.fr\/article\/ma-maison\" target=\"_blank\" rel=\"noopener\">http:\/\/www.air-rhonealpes.fr\/article\/ma-maison<\/a><\/p>\n<p>&nbsp;<\/p>\n<h2>Mes d\u00e9placements<\/h2>\n<p>Le transport routier est une source importante de pollution de l\u2019air et de d\u00e9gradation du climat. Pourtant dans tous les besoins de mobilit\u00e9, il est possible de r\u00e9duire ses \u00e9missions de polluants et de Gaz \u00e0 Effet de Serre. A chacun de trouver, pour chaque d\u00e9placement, la solution la plus adapt\u00e9e.<\/p>\n<p>Plus d&#8217;informations sur : <a href=\"http:\/\/www.air-rhonealpes.fr\/article\/mes-deplacements\" target=\"_blank\" rel=\"noopener\">http:\/\/www.air-rhonealpes.fr\/article\/mes-deplacements<\/a><\/p>\n<p>&nbsp;<\/p>\n<h1>Actualit\u00e9s<\/h1>\n<p><span style=\"display: inline !important; float: none; background-color: transparent; color: #333333; cursor: text; font-family: -apple-system,BlinkMacSystemFont,'Segoe UI',Roboto,Oxygen-Sans,Ubuntu,Cantarell,'Helvetica Neue',sans-serif; font-size: 16px; font-style: normal; font-variant: normal; font-weight: 400; letter-spacing: normal; orphans: 2; text-align: left; text-decoration: none; text-indent: 0px; text-transform: none; -webkit-text-stroke-width: 0px; white-space: normal; word-spacing: 0px;\">[feedzy-rss feeds=&#8221;http:\/\/www.air-rhonealpes.fr\/rss\/actualites.xml&#8221; max=&#8221;10&#8243; feed_title=&#8221;no&#8221; target=&#8221;_blank&#8221;&nbsp; refresh=&#8221;12_hours&#8221; title=&#8221;150&#8243; meta=&#8221;yes&#8221; summary=&#8221;yes&#8221; summarylength=&#8221;300&#8243; thumb=&#8221;yes&#8221; size=&#8221;100&#8243; keywords_title=&#8221;Actualites&#8221;]<\/span><\/p>\n","protected":false},"excerpt":{"rendered":"<p>Plus d&#8217;informations sur : http:\/\/www.air-rhonealpes.fr Alertes Pollution [feedzy-rss feeds=&#8221;http:\/\/www.air-rhonealpes.fr\/rss\/alertes.xml&#8221; max=&#8221;10&#8243; feed_title=&#8221;no&#8221; target=&#8221;_blank&#8221;&nbsp; refresh=&#8221;12_hours&#8221; title=&#8221;150&#8243; meta=&#8221;yes&#8221; summary=&#8221;yes&#8221; summarylength=&#8221;300&#8243; thumb=&#8221;yes&#8221; size=&#8221;100&#8243; keywords_title=&#8221;Alertes&#8220;] &nbsp; Dispositifs Pr\u00e9fectoraux [jp-rss-feed url=&#8217;http:\/\/www.air-rhonealpes.fr\/rss\/dispositifs.xml&#8217; numchars=250] &nbsp; &nbsp; R\u00e8gles de bonnes conduites Mon Jardin Bien qu\u2019interdit, le br\u00fblage des v\u00e9g\u00e9taux reste une activit\u00e9 largement pratiqu\u00e9e qui contribue \u00e0 la d\u00e9gradation de la qualit\u00e9 de l&#8217;air. [&hellip;]<\/p>\n","protected":false},"author":2,"featured_media":0,"parent":983,"menu_order":0,"comment_status":"closed","ping_status":"closed","template":"","meta":{"wikipediapreview_detectlinks":true,"ngg_post_thumbnail":0,"footnotes":""},"class_list":["post-2886","page","type-page","status-publish","hentry"],"jetpack_sharing_enabled":true,"_links":{"self":[{"href":"https:\/\/cellieu.fr\/press3\/mairie\/wp-json\/wp\/v2\/pages\/2886","targetHints":{"allow":["GET"]}}],"collection":[{"href":"https:\/\/cellieu.fr\/press3\/mairie\/wp-json\/wp\/v2\/pages"}],"about":[{"href":"https:\/\/cellieu.fr\/press3\/mairie\/wp-json\/wp\/v2\/types\/page"}],"author":[{"embeddable":true,"href":"https:\/\/cellieu.fr\/press3\/mairie\/wp-json\/wp\/v2\/users\/2"}],"replies":[{"embeddable":true,"href":"https:\/\/cellieu.fr\/press3\/mairie\/wp-json\/wp\/v2\/comments?post=2886"}],"version-history":[{"count":56,"href":"https:\/\/cellieu.fr\/press3\/mairie\/wp-json\/wp\/v2\/pages\/2886\/revisions"}],"predecessor-version":[{"id":4446,"href":"https:\/\/cellieu.fr\/press3\/mairie\/wp-json\/wp\/v2\/pages\/2886\/revisions\/4446"}],"up":[{"embeddable":true,"href":"https:\/\/cellieu.fr\/press3\/mairie\/wp-json\/wp\/v2\/pages\/983"}],"wp:attachment":[{"href":"https:\/\/cellieu.fr\/press3\/mairie\/wp-json\/wp\/v2\/media?parent=2886"}],"curies":[{"name":"wp","href":"https:\/\/api.w.org\/{rel}","templated":true}]}}