{"id":3270,"date":"2016-03-11T14:24:32","date_gmt":"2016-03-11T13:24:32","guid":{"rendered":"http:\/\/cellieu.fr\/press3\/mairie\/?page_id=3270"},"modified":"2019-11-12T23:03:48","modified_gmt":"2019-11-12T22:03:48","slug":"affichage-public","status":"publish","type":"page","link":"https:\/\/cellieu.fr\/press3\/mairie\/presse-et-informations\/affichage-public\/","title":{"rendered":"Affichage public"},"content":{"rendered":"<h2>Retrouvez ici les documents affich\u00e9s en public<\/h2>\n<p>&nbsp;<\/p>\n<p>&nbsp;<\/p>\n<h3>Novembre 2019<\/h3>\n<table style=\"width: 28%;\">\n<tbody>\n<tr>\n<td><strong>Coupures de courant<\/strong><\/p>\n<p>Lundi 25 novembre de 9h00 \u00e0 11h30<\/p>\n<ul>\n<li><span>222 MONTEE DE CHAVILLON SALCIGNEUX <\/span><\/li>\n<li><span>1784 ROUTE DE L AQUEDUC <\/span><\/li>\n<li><span>169 IMPASSE DU CHENE<\/span><\/li>\n<li><span>LA TERRIERE <\/span><\/li>\n<\/ul>\n<p>&nbsp;<\/p>\n<p>Voir l&#8217;avis : <a href=\"https:\/\/cellieu.fr\/press3\/mairie\/wp-content\/uploads\/sites\/2\/2019\/11\/2019-11-25-coupure-courant.pdf\" target=\"_blank\" rel=\"noopener noreferrer\">ici<\/a><\/td>\n<td>&nbsp;<\/p>\n<ul>\n<li><span>160 IMPASSE DE LA TERRIERE <\/span><\/li>\n<li><span>175 CHEMIN DE LA FORET <\/span><\/li>\n<li><span>219, 313, 222 MONTEE DE CHAVILLON <\/span><\/li>\n<\/ul>\n<\/td>\n<\/tr>\n<\/tbody>\n<\/table>\n<p>&nbsp;<\/p>\n<h3>Mai 2019<\/h3>\n<table>\n<tbody>\n<tr>\n<td><strong>Coupures de courant<\/strong><\/p>\n<p>Mardi 7 mai 2019 de 09h \u00e0 12h<\/p>\n<ul>\n<li>AUX TREVES<\/li>\n<li>LIEU DIT LE TREVE<\/li>\n<\/ul>\n<p>Voir l&#8217;avis : <a href=\"https:\/\/cellieu.fr\/press3\/mairie\/wp-content\/uploads\/sites\/2\/2019\/04\/2019-05-07-coupure-courant.pdf\" target=\"_blank\" rel=\"noopener noreferrer\">ici<\/a><\/td>\n<td>\n<ul>\n<li>LA JALLIERE<\/li>\n<li>LES ROCHES<\/li>\n<\/ul>\n<\/td>\n<\/tr>\n<tr>\n<td><strong>Coupures d&#8217;eau<\/strong><\/p>\n<p>Mardi 28 mai 2019 de 08h30 \u00e0 12h<\/p>\n<ul>\n<li>CROIX BLANCHES<\/li>\n<li>LES AYATS<\/li>\n<\/ul>\n<p><strong>&nbsp;<\/strong><\/td>\n<td>&nbsp;<\/td>\n<\/tr>\n<\/tbody>\n<\/table>\n<h3>&nbsp;<\/h3>\n<h3>F\u00e9vrier 2019<\/h3>\n<table>\n<tbody>\n<tr>\n<td><strong>Coupures de courant<\/strong><\/p>\n<p>Mercredi 13 f\u00e9vrier 2019 de 08h30 \u00e0 11h30<\/p>\n<ul>\n<li>LA JUSSERANDIERE<\/li>\n<li>369, 982 ROUTE DE L AQUEDUC<\/li>\n<li>47, 104 LA COMBE<\/li>\n<\/ul>\n<p>Voir l&#8217;avis : <a href=\"https:\/\/cellieu.fr\/press3\/mairie\/wp-content\/uploads\/sites\/2\/2019\/02\/2019-02-13-coupure-courant.pdf\" target=\"_blank\" rel=\"noopener noreferrer\">ici<\/a><\/td>\n<td>\n<ul>\n<li>LES BOISSONNANCHES<\/li>\n<li>280 RUE DU GRAND CHEMIN<\/li>\n<li>PEYRIEUX<\/li>\n<li>LA PICOTE<\/li>\n<\/ul>\n<\/td>\n<\/tr>\n<\/tbody>\n<\/table>\n<p>&nbsp;<\/p>\n<h3>Novembre 2018<\/h3>\n<table>\n<tbody>\n<tr>\n<td><strong>Coupures de courant<\/strong><\/p>\n<p>Mardi 27 novembre 2018 de 08h30 \u00e0 11h45<\/p>\n<ul>\n<li>LA JUSSERANDIERE<\/li>\n<li>369, 982 ROUTE DE L AQUEDUC<\/li>\n<li>47, 104 LA COMBE<\/li>\n<\/ul>\n<p>Voir l&#8217;avis : <a href=\"https:\/\/cellieu.fr\/press3\/mairie\/wp-content\/uploads\/sites\/2\/2018\/11\/2018-11-27-coupure-courant.pdf\" target=\"_blank\" rel=\"noopener noreferrer\">ici<\/a><\/td>\n<td>\n<ul>\n<li>LES BOISSONNANCHES<\/li>\n<li>280 RUE DU GRAND CHEMIN<\/li>\n<li>PEYRIEUX<\/li>\n<li>LA PICOTE<\/li>\n<\/ul>\n<\/td>\n<\/tr>\n<\/tbody>\n<\/table>\n<p>&nbsp;<\/p>\n<p>&nbsp;<\/p>\n<h3>Avril 2018<\/h3>\n<table>\n<tbody>\n<tr>\n<td><strong>Coupures de courant<\/strong><\/p>\n<p>Mercredi 04 avril 2018 de 13h30 \u00e0 16h00<\/p>\n<ul>\n<li>1940 ROUTE DE L AQUEDUC<\/li>\n<li>1750 ROUTE DE COUTTANGE<\/li>\n<li>1 au 11, 4 au 6, 10, 16 LOTISSEMENT DU GROS BUISSON<\/li>\n<li>CHEMIN DES QUATRE VENTS<\/li>\n<li>73 ROUTE DE LA VALLEE<\/li>\n<li>LA PICOTE<\/li>\n<li>222 MONTEE DE CHAVILLON SALCIGNEUX<\/li>\n<li>LA TERRIERE<\/li>\n<li>369, 1719, 1737, 1877, 982, 1728, 1784 au 1786, 1890 ROUTE DE L AQUEDUC<\/li>\n<li>1856 ROUTE DE COUTTANGE<\/li>\n<li>175 CHEMIN DE LA FORET<\/li>\n<li>51, 59, 63, 121, 116 RUE DU BOIS DES COTES<\/li>\n<li>CERVEAU<\/li>\n<li>LA JUSSERANDIERE<\/li>\n<\/ul>\n<p>Voir l&#8217;avis : <a href=\"https:\/\/cellieu.fr\/press3\/mairie\/wp-content\/uploads\/sites\/2\/2018\/03\/2018-04-enedis_coupure.pdf\" target=\"_blank\" rel=\"noopener noreferrer\">ici<\/a><\/td>\n<td>\n<ul>\n<li>1728 ROUTE DE L AQUEDUC<\/li>\n<li>73, 128 au 130, 334 RUE DES CROIX<\/li>\n<li>57 IMPASSE DES GRANGES<\/li>\n<li>SALCIGNEUX 1 LOT LE GROS BUISSON<\/li>\n<li>IMPASSE DU TILLEUL<\/li>\n<li>COUTTANGE<\/li>\n<li>LA CROIX BLANCHE<\/li>\n<li>219, 313, 431, 222 MONTEE DE CHAVILLON<\/li>\n<li>PEYRIEUX<\/li>\n<li>280 RUE DU GRAND CHEMIN<\/li>\n<li>47, 104 LA COMBE<\/li>\n<li>SALCIGNEUX<\/li>\n<li>ROUTE DE L ACQUEDUC<\/li>\n<li>LES BOISSONNANCHES<\/li>\n<li>169 IMPASSE DU CHENE<\/li>\n<li>160 IMPASSE DE LA TERRIERE<\/li>\n<li>16 RUE DU GROS BUISSON ,SALCIGNEUX<\/li>\n<\/ul>\n<\/td>\n<\/tr>\n<\/tbody>\n<\/table>\n<p>&nbsp;<\/p>\n<h3>Janvier 2018<\/h3>\n<table>\n<tbody>\n<tr>\n<td><strong>Coupures de courant<\/strong><\/p>\n<p>Mardi 30 janvier 2018 de 08h30 \u00e0 15h30<\/p>\n<ul>\n<li>LA BOURRELIERE<\/li>\n<li>383, 384, 856 LA CHATAIGNIERE<\/li>\n<li>1869 ROUTE DE L AQUEDUC<\/li>\n<li>LIEU DIT LES MATS<\/li>\n<li>641, 865, 1149, 1132 CERVEAU<\/li>\n<li>755 LA PETITE CHATAIGNIERE<\/li>\n<li>THONNERIEUX<\/li>\n<\/ul>\n<p>Voir l&#8217;avis : <a href=\"https:\/\/cellieu.fr\/press3\/mairie\/wp-content\/uploads\/sites\/2\/2017\/12\/2018-01-30-avis_coupures_courant.pdf\" target=\"_blank\" rel=\"noopener noreferrer\">ici<\/a><\/td>\n<td>\n<ul>\n<li>824 CHEMIN DE LA CHATAIGNERIE<\/li>\n<li>LE MINAY<\/li>\n<li>167, 196 CHEMIN DES ECHERIES<\/li>\n<li>LA CHIRONDIERE<\/li>\n<li>90 LA CROIX BLANCHE<\/li>\n<li>PEYRIEUX<\/li>\n<li>2934 ROUTE DE PEYRIEUX<\/li>\n<li>167 CHEMIN DES ECHERIES<\/li>\n<li>2178, 2236 LA GARDERIE<\/li>\n<li>LES ECHERIES<\/li>\n<li>MONTCEARD<\/li>\n<li>DOMAINE DE CHABOUD<\/li>\n<\/ul>\n<\/td>\n<\/tr>\n<tr>\n<td><b>&nbsp;Coupures de courant<\/b><\/p>\n<p>Mercredi 17 janvier 2018 de 08h30 \u00e0 16h00<b><br \/>\n<\/b><\/p>\n<ul>\n<li>D\u00e9partementale D37<\/li>\n<li>LIEU DIT LA TREVE<\/li>\n<li>LIEU DIT LA COGNETIERE<\/li>\n<li>LIEU DIT LA JALLIERE<\/li>\n<li>AUX TREVES<\/li>\n<li>LIEU DIT LES PRAIRIES<\/li>\n<li>327, 434 LA COGNETIERE<\/li>\n<li>LA JALLIERE<\/li>\n<li>LES ROCHES<\/li>\n<li>LIEU DIT LES MATS<\/li>\n<li>LIEU-DIT L&#8217;OLLIERE<\/li>\n<li>480 L OLLIERE<\/li>\n<\/ul>\n<p>Voir l&#8217;avis : <a href=\"https:\/\/cellieu.fr\/press3\/mairie\/wp-content\/uploads\/sites\/2\/2017\/12\/2018-01-17-avis_coupures_courant.pdf\" target=\"_blank\" rel=\"noopener noreferrer\">ici<\/a><\/td>\n<td>&nbsp;<\/td>\n<\/tr>\n<\/tbody>\n<\/table>\n<p>&nbsp;<\/p>\n<h3>D\u00e9cembre 2017<\/h3>\n<table>\n<tbody>\n<tr>\n<td><strong>Coupures de courant<\/strong><\/p>\n<p>Mardi 12 D\u00e9cembre 2017 de 08h30 \u00e0 12h00<\/p>\n<ul>\n<li>ROUTE DE GRAND CROIX<\/li>\n<li>LA PICOTE<\/li>\n<li>LES PLANTEES<\/li>\n<li>LES CHARMES<\/li>\n<\/ul>\n<p>Voir l&#8217;avis : <a href=\"https:\/\/cellieu.fr\/press3\/mairie\/wp-content\/uploads\/sites\/2\/2017\/12\/2017-12-12-avis_coupure_courant.pdf\" target=\"_blank\" rel=\"noopener noreferrer\">ici<\/a><\/td>\n<\/tr>\n<tr>\n<td><strong>Coupures de courant<\/strong><\/p>\n<p>Mercredi 13 d\u00e9cembre de 08h30 \u00e0 14h00<\/p>\n<ul>\n<li>ROUTE DE GRAND CROIX<\/li>\n<li>LE POIZAT<\/li>\n<li>363 RUE DU GRAND CHEMIN<\/li>\n<li>LE GRAND CHEMIN<\/li>\n<li>LE CALVAIRE<\/li>\n<li>14 CHEMIN DE LA PICOTE<\/li>\n<\/ul>\n<p>Voir l&#8217;avis : <a href=\"https:\/\/cellieu.fr\/press3\/mairie\/wp-content\/uploads\/sites\/2\/2017\/12\/2017-12-13-avis_coupure_courant.pdf\" target=\"_blank\" rel=\"noopener noreferrer\">ici<\/a><\/td>\n<\/tr>\n<\/tbody>\n<\/table>\n<p>&nbsp;<\/p>\n<h3>Octobre 2017<\/h3>\n<table>\n<tbody>\n<tr>\n<td><strong>Coupures de courant<\/strong><\/p>\n<p>&nbsp;Mercredi 11 octobre 2017 de 10h00 \u00e0 13h00<\/p>\n<ul>\n<li>LE BANC<\/li>\n<\/ul>\n<p>Voir l&#8217;avis : <a href=\"https:\/\/cellieu.fr\/press3\/mairie\/wp-content\/uploads\/sites\/2\/2016\/03\/2017-10-11-avis_coupure_courant.pdf\" target=\"_blank\" rel=\"noopener noreferrer\">ici<\/a><\/td>\n<\/tr>\n<tr>\n<td><b>&nbsp;<\/b><\/td>\n<\/tr>\n<\/tbody>\n<\/table>\n<p>&nbsp;<\/p>\n<h3>Septembre 2017<\/h3>\n<table>\n<tbody>\n<tr>\n<td><strong>Coupures de courant<\/strong><\/p>\n<p>Jeudi 21 septembre 2017 de 08h30 \u00e0 12h00<\/p>\n<ul>\n<li>D\u00e9partementale D37<\/li>\n<li>LIEU DIT LA JALLIERE<\/li>\n<li>327, 434 LA COGNETIERE<\/li>\n<li>LA JALLIERE<\/li>\n<li>LES ROCHES<\/li>\n<\/ul>\n<p>&gt;Voir l&#8217;avis : <a href=\"https:\/\/cellieu.fr\/press3\/mairie\/wp-content\/uploads\/sites\/2\/2016\/03\/2017-09-21-avis_coupure_courant.pdf\" target=\"_blank\" rel=\"noopener noreferrer\">ici<\/a><\/td>\n<\/tr>\n<tr>\n<td><strong>Coupures de courant<\/strong><\/p>\n<p>Lundi 11 septembre 2017 de 08h30 \u00e0 12h00<\/p>\n<ul>\n<li>240, 384, 730 ROUTE DE COUTTANGE<\/li>\n<li>2033 ROUTE DE LA GRAND CROIX<\/li>\n<li>CHEMIN DE COLLENON<\/li>\n<li>2, 132 MULET<\/li>\n<li>PEYRIEUX<\/li>\n<li>LA JARDIERE<\/li>\n<li>2033 ROUTE DE LA GRANDE CROIX<\/li>\n<li>331 au 333 ROUTE DES ETANGS<\/li>\n<\/ul>\n<p>Voir l&#8217;avis : <a href=\"https:\/\/cellieu.fr\/press3\/mairie\/wp-content\/uploads\/sites\/2\/2016\/03\/2017-09-11-avis_coupure_courant.pdf\" target=\"_blank\" rel=\"noopener noreferrer\">ici<\/a><\/td>\n<\/tr>\n<\/tbody>\n<\/table>\n<p>&nbsp;<\/p>\n<p>&nbsp;<\/p>\n<h3>Avril 2017<\/h3>\n<table>\n<tbody>\n<tr>\n<td>\n<p style=\"text-align: center;\"><strong>Coupures de courant<\/strong><\/p>\n<p>Mercredi&nbsp;5 avril 2017 de 08h30 \u00e0 11h30<\/p>\n<ul>\n<li>ROUTE DE GRAND CROIX<\/li>\n<li>LE POIZAT<\/li>\n<li>LA PICOTE<\/li>\n<li>363 RUE DU GRAND CHEMIN<\/li>\n<li>367 ROUTE DE L AQUEDUC<\/li>\n<li>LE GRAND CHEMIN<\/li>\n<li>371 LES PLANTEES<\/li>\n<li>170&nbsp; CHEMIN DE LA PICOTE<\/li>\n<li>117&nbsp; CHEMIN DE LA PICOTE<\/li>\n<li>LES BOISSONNANCHES<\/li>\n<li>LIEU DIT LA RIVIERE<br \/>\nCOUTTANGE<\/li>\n<li>LE CALVAIRE<\/li>\n<li>LES CHARMES<\/li>\n<li>14 CHEMIN DE LA PICOTE<\/li>\n<\/ul>\n<p><span lang=\"FR\" style=\"margin: 0px; font-family: 'Calibri',sans-serif; font-size: 10pt;\">&nbsp;<\/span>Voir l&#8217;avis : <a href=\"https:\/\/cellieu.fr\/press3\/mairie\/wp-content\/uploads\/sites\/2\/2016\/03\/2017-04-05-avis_coupure_courant.pdf\" target=\"_blank\" rel=\"noopener noreferrer\">ici<\/a>&nbsp;<\/td>\n<\/tr>\n<tr>\n<td>&nbsp;<\/td>\n<\/tr>\n<\/tbody>\n<\/table>\n<p>&nbsp;<\/p>\n<h3>F\u00e9vrier 2017<\/h3>\n<table>\n<tbody>\n<tr>\n<td>\n<p style=\"text-align: center;\"><strong>Coupures de courant<\/strong><\/p>\n<p>Mercredi&nbsp;8 f\u00e9vrier&nbsp;2017 de 09h00 \u00e0 16h00<\/p>\n<ul>\n<li>L&#8217;Olli\u00e8re<\/li>\n<\/ul>\n<p>Voir l&#8217;avis : <a href=\"https:\/\/cellieu.fr\/press3\/mairie\/wp-content\/uploads\/sites\/2\/2016\/03\/2017-02-08-avis_coupure_courant.pdf\" target=\"_blank\" rel=\"noopener noreferrer\">ici<\/a><\/td>\n<\/tr>\n<tr>\n<td>\n<p style=\"text-align: center;\"><strong>Coupures de courant<\/strong><\/p>\n<p>Jeudi&nbsp;2 f\u00e9vrier&nbsp;2017 de 10h00 \u00e0 12h00<\/p>\n<ul>\n<li>240, 384, 730 route de Couttange<\/li>\n<li>Chemin de Collenon<\/li>\n<li>2,132 Mulet<\/li>\n<li>Peyrieux<\/li>\n<li>La Jardi\u00e8re<\/li>\n<li>331 au 333 route des \u00e9tangs<\/li>\n<\/ul>\n<p>Voir l&#8217;avis : <a href=\"https:\/\/cellieu.fr\/press3\/mairie\/wp-content\/uploads\/sites\/2\/2016\/03\/2017-02-02-avis_coupure_courant.pdf\" target=\"_blank\" rel=\"noopener noreferrer\">ici<\/a><\/td>\n<\/tr>\n<\/tbody>\n<\/table>\n<p>&nbsp;<\/p>\n<h3>D\u00e9cembre 2016<\/h3>\n<table>\n<tbody>\n<tr>\n<td>\n<p style=\"text-align: center;\"><strong>Coupures d&#8217;eau<\/strong><\/p>\n<p>Mardi&nbsp;6 d\u00e9cembre 2016 de 08h30 \u00e0 15h00<\/p>\n<ul>\n<li>Le terrier<\/li>\n<li>Grand Logis<\/li>\n<li>Croix Blanche<\/li>\n<\/ul>\n<p>Voir l&#8217;avis : <a href=\"https:\/\/cellieu.fr\/press3\/mairie\/wp-content\/uploads\/sites\/2\/2016\/03\/2016-12-06-avis_coupure_eau.pdf\" target=\"_blank\" rel=\"noopener noreferrer\">ici<\/a><\/td>\n<\/tr>\n<tr>\n<td>\n<p style=\"text-align: center;\"><strong>Travaux route de la vall\u00e9e<\/strong><\/p>\n<p>Du 24 octobre au 20 d\u00e9cembre<\/p>\n<ul>\n<li style=\"list-style-type: none;\">\n<ul>\n<li>Objectif des travaux :\n<ul>\n<li>r\u00e9fection des r\u00e9seaux d\u2019assainissement<\/li>\n<li>r\u00e9alisation d\u2019un trottoir pour cr\u00e9er une continuit\u00e9 pi\u00e9tonne accessible, entre la zone pavillonnaire et le bourg de Salcigneux.<\/li>\n<\/ul>\n<\/li>\n<li>Impacts sur la circulation :\n<ul>\n<li>la circulation des v\u00e9hicules se fera par alternance<\/li>\n<li>les acc\u00e8s riverains et les arr\u00eats de bus seront maintenus pendant le chantier<\/li>\n<\/ul>\n<\/li>\n<\/ul>\n<\/li>\n<\/ul>\n<p>Financement : les travaux sont financ\u00e9s \u00e0 part \u00e9gale par les communes de La Grand-Croix et Cellieu.<br \/>\nPlus d\u2019informations : <a href=\"https:\/\/cellieu.fr\/press3\/mairie\/wp-content\/uploads\/sites\/2\/2016\/11\/2016-11-travaux_route_de_la_vallee.pdf\" target=\"_blank\" rel=\"noopener noreferrer\">ici<\/a><\/td>\n<\/tr>\n<\/tbody>\n<\/table>\n<h3>Septembre 2016<\/h3>\n<table>\n<tbody>\n<tr>\n<td>\n<p style=\"text-align: center;\"><strong>Coupures de Courant<\/strong><\/p>\n<p>Jeudi 15 septembre 2016 de 08h30 \u00e0 16h00<\/p>\n<ul>\n<li>480 L&#8217;Olliere<\/li>\n<\/ul>\n<p>Voir l&#8217;avis : <a href=\"https:\/\/cellieu.fr\/press3\/mairie\/wp-content\/uploads\/sites\/2\/2016\/03\/2016-09-15-affichage_travaux_enedis.pdf.pdf\" target=\"_blank\" rel=\"noopener noreferrer\">ici<\/a><\/td>\n<\/tr>\n<\/tbody>\n<\/table>\n<h3>Aout 2016<\/h3>\n<table>\n<tbody>\n<tr>\n<td>\n<p style=\"text-align: center;\"><strong>Coupures de Courant<\/strong><\/p>\n<p>Mercredi 24 ao\u00fbt 2016 de&nbsp;09h30 \u00e0 10h30<\/p>\n<ul>\n<li>46 ROUTE DES RESERVOIRS<\/li>\n<li>ROUTE DE GRAND CROIX<\/li>\n<li>LE POIZAT<\/li>\n<li>31, 58 RUE DES VERGERS<\/li>\n<li>24, 260, 284 RUE DU GRAND CHEMIN<\/li>\n<li>LE BOURG<\/li>\n<li>CHEMIN DES VALLONS<\/li>\n<li>PLACE DE VERDUN<\/li>\n<li>23 RUE DES CHATAIGNIERS<\/li>\n<li>RUE DU MARCHE<\/li>\n<li>LE GRAND CHEMIN<\/li>\n<li>LIEU DIT CHIRONDIERE<\/li>\n<li>37, 53, 129 au 131, 154 RUE DES CERISIERS<\/li>\n<li>177 RUE DES CERISIERS<\/li>\n<li>106 LA CHIRONDIERE<\/li>\n<li>200 RUE DU GRAND CHEMIN<\/li>\n<\/ul>\n<p>Voir l&#8217;avis : <a href=\"https:\/\/cellieu.fr\/press3\/mairie\/wp-content\/uploads\/sites\/2\/2016\/03\/2016-08-24-affichage_travaux_enedis.pdf\" target=\"_blank\" rel=\"noopener noreferrer\">ici<\/a><\/td>\n<\/tr>\n<\/tbody>\n<\/table>\n<h3>&nbsp;Juillet 2016<\/h3>\n<table>\n<tbody>\n<tr>\n<td>\n<h4 style=\"text-align: center;\">Coupures de Courant<\/h4>\n<p style=\"text-align: center;\">Mardi 26 Juillet de 8h30 \u00e0 12h<\/p>\n<ul>\n<li>1940 ROUTE DE L AQUEDUC<\/li>\n<li>SALCIGNEUX<\/li>\n<li>1890 ROUTE DE L AQUEDUC<\/li>\n<li>LA CROIX BLANCHE<\/li>\n<li>431 MONTEE DE CHAVILLON<\/li>\n<li>51, 59, 63, 121, 116 RUE DU BOIS DES COTES<\/li>\n<li>CERVEAU<\/li>\n<\/ul>\n<p>Voir l&#8217;avis <a href=\"https:\/\/cellieu.fr\/press3\/mairie\/wp-content\/uploads\/sites\/2\/2016\/03\/2016-07-26-affichage_travaux_enedis.pdf\" target=\"_blank\" rel=\"noopener noreferrer\">ici<\/a><\/td>\n<\/tr>\n<\/tbody>\n<\/table>\n<h3>Mars 2016<\/h3>\n<table>\n<tbody>\n<tr>\n<td>\n<h4 style=\"text-align: left;\">&nbsp;Coupure de Courant<\/h4>\n<p style=\"text-align: left;\">Mardi 29 Mars de 14h \u00e0 15h30<\/p>\n<ul style=\"text-align: left;\">\n<li>Route de Couttange<\/li>\n<li>Route de la Grand Croix<\/li>\n<li>Chemin de Collenon<\/li>\n<li>Mulet<\/li>\n<li>Peyrieux<\/li>\n<li>La Jardi\u00e8re<\/li>\n<li>Route des Etangs<\/li>\n<\/ul>\n<p style=\"text-align: left;\">Voir l&#8217;avis : <a href=\"https:\/\/cellieu.fr\/press3\/mairie\/wp-content\/uploads\/sites\/2\/2016\/03\/2016-03-11-Affichage_travaux_erdf.pdf\" target=\"_blank\" rel=\"noopener noreferrer\">ici<\/a><\/p>\n<\/td>\n<td>\n<h4 style=\"text-align: left;\">D\u00e9claration de la soci\u00e9t\u00e9 Travaux Public du Jarez<\/h4>\n<p style=\"text-align: left;\">(Exploitation d&#8217;une plate-forme de recyclage de mat\u00e9riaux inertes)<\/p>\n<p style=\"text-align: left;\">Lundi 14 Mars<\/p>\n<p style=\"text-align: left;\">Voir l&#8217;avis : <a href=\"https:\/\/cellieu.fr\/press3\/mairie\/wp-content\/uploads\/sites\/2\/2016\/03\/2016-03-14-Affichage_Travaux_public_du_jarez.pdf\" target=\"_blank\" rel=\"noopener noreferrer\">ici<\/a><\/p>\n<\/td>\n<\/tr>\n<\/tbody>\n<\/table>\n<p>&nbsp;<\/p>\n<p>&nbsp;<\/p>\n<p>&nbsp;<\/p>\n","protected":false},"excerpt":{"rendered":"<p>Retrouvez ici les documents affich\u00e9s en public &nbsp; &nbsp; Novembre 2019 Coupures de courant Lundi 25 novembre de 9h00 \u00e0 11h30 222 MONTEE DE CHAVILLON SALCIGNEUX 1784 ROUTE DE L AQUEDUC 169 IMPASSE DU CHENE LA TERRIERE &nbsp; Voir l&#8217;avis : ici &nbsp; 160 IMPASSE DE LA TERRIERE 175 CHEMIN DE LA FORET 219, 313, [&hellip;]<\/p>\n","protected":false},"author":2,"featured_media":0,"parent":983,"menu_order":0,"comment_status":"closed","ping_status":"closed","template":"","meta":{"wikipediapreview_detectlinks":true,"ngg_post_thumbnail":0,"footnotes":""},"class_list":["post-3270","page","type-page","status-publish","hentry"],"jetpack_sharing_enabled":true,"_links":{"self":[{"href":"https:\/\/cellieu.fr\/press3\/mairie\/wp-json\/wp\/v2\/pages\/3270","targetHints":{"allow":["GET"]}}],"collection":[{"href":"https:\/\/cellieu.fr\/press3\/mairie\/wp-json\/wp\/v2\/pages"}],"about":[{"href":"https:\/\/cellieu.fr\/press3\/mairie\/wp-json\/wp\/v2\/types\/page"}],"author":[{"embeddable":true,"href":"https:\/\/cellieu.fr\/press3\/mairie\/wp-json\/wp\/v2\/users\/2"}],"replies":[{"embeddable":true,"href":"https:\/\/cellieu.fr\/press3\/mairie\/wp-json\/wp\/v2\/comments?post=3270"}],"version-history":[{"count":42,"href":"https:\/\/cellieu.fr\/press3\/mairie\/wp-json\/wp\/v2\/pages\/3270\/revisions"}],"predecessor-version":[{"id":5824,"href":"https:\/\/cellieu.fr\/press3\/mairie\/wp-json\/wp\/v2\/pages\/3270\/revisions\/5824"}],"up":[{"embeddable":true,"href":"https:\/\/cellieu.fr\/press3\/mairie\/wp-json\/wp\/v2\/pages\/983"}],"wp:attachment":[{"href":"https:\/\/cellieu.fr\/press3\/mairie\/wp-json\/wp\/v2\/media?parent=3270"}],"curies":[{"name":"wp","href":"https:\/\/api.w.org\/{rel}","templated":true}]}}