{"id":3486,"date":"2016-07-18T16:03:39","date_gmt":"2016-07-18T15:03:39","guid":{"rendered":"http:\/\/cellieu.fr\/press3\/mairie\/?page_id=3486"},"modified":"2025-03-11T22:14:45","modified_gmt":"2025-03-11T21:14:45","slug":"production-photovoltaique","status":"publish","type":"page","link":"https:\/\/cellieu.fr\/press3\/mairie\/presse-et-informations\/production-photovoltaique\/","title":{"rendered":"Production Photovolta\u00efque"},"content":{"rendered":"<p>Voici la production, en temps r\u00e9el, des panneaux solaires sur le toit de La Picotine.<\/p>\n<p>L&#8217;installation est g\u00e9r\u00e9e par le <a href=\"http:\/\/www.siel42.fr\/\" target=\"_blank\" rel=\"noopener\">SIEL42<\/a>.<a href=\"http:\/\/www.siel42.fr\" target=\"_blank\" rel=\"noopener\"><img loading=\"lazy\" decoding=\"async\" class=\"aligncenter wp-image-3548 size-full\" src=\"https:\/\/cellieu.fr\/press3\/mairie\/wp-content\/uploads\/sites\/2\/2016\/07\/logo_siel42.jpg\" alt=\"logo_siel42\" width=\"209\" height=\"95\"><\/a><\/p>\n<p>&nbsp;<\/p>\n<p><a href=\"https:\/\/enlighten.enphaseenergy.com\/web\/NqSz937860\/today\/graph\/days?public=1\" target=\"_blank\" rel=\"noopener\">https:\/\/enlighten.enphaseenergy.com\/<\/a><\/p>\n<iframe loading=\"lazy\" src=\"https:\/\/enlighten.enphaseenergy.com\/web\/NqSz937860\/today\/graph\/days?public=1\" width=\"3200\" height=\"1200\" frameborder=\"0\" ><\/iframe>\n","protected":false},"excerpt":{"rendered":"<p>Voici la production, en temps r\u00e9el, des panneaux solaires sur le toit de La Picotine. L&#8217;installation est g\u00e9r\u00e9e par le SIEL42. &nbsp; https:\/\/enlighten.enphaseenergy.com\/<\/p>\n","protected":false},"author":2,"featured_media":0,"parent":983,"menu_order":0,"comment_status":"closed","ping_status":"closed","template":"","meta":{"wikipediapreview_detectlinks":true,"ngg_post_thumbnail":0,"footnotes":""},"class_list":["post-3486","page","type-page","status-publish","hentry"],"jetpack_sharing_enabled":true,"_links":{"self":[{"href":"https:\/\/cellieu.fr\/press3\/mairie\/wp-json\/wp\/v2\/pages\/3486","targetHints":{"allow":["GET"]}}],"collection":[{"href":"https:\/\/cellieu.fr\/press3\/mairie\/wp-json\/wp\/v2\/pages"}],"about":[{"href":"https:\/\/cellieu.fr\/press3\/mairie\/wp-json\/wp\/v2\/types\/page"}],"author":[{"embeddable":true,"href":"https:\/\/cellieu.fr\/press3\/mairie\/wp-json\/wp\/v2\/users\/2"}],"replies":[{"embeddable":true,"href":"https:\/\/cellieu.fr\/press3\/mairie\/wp-json\/wp\/v2\/comments?post=3486"}],"version-history":[{"count":24,"href":"https:\/\/cellieu.fr\/press3\/mairie\/wp-json\/wp\/v2\/pages\/3486\/revisions"}],"predecessor-version":[{"id":13172,"href":"https:\/\/cellieu.fr\/press3\/mairie\/wp-json\/wp\/v2\/pages\/3486\/revisions\/13172"}],"up":[{"embeddable":true,"href":"https:\/\/cellieu.fr\/press3\/mairie\/wp-json\/wp\/v2\/pages\/983"}],"wp:attachment":[{"href":"https:\/\/cellieu.fr\/press3\/mairie\/wp-json\/wp\/v2\/media?parent=3486"}],"curies":[{"name":"wp","href":"https:\/\/api.w.org\/{rel}","templated":true}]}}