{"id":468,"date":"2014-07-17T21:10:13","date_gmt":"2014-07-17T20:10:13","guid":{"rendered":"http:\/\/cellieu.fr\/press3\/mairie\/?page_id=468"},"modified":"2020-07-28T13:23:23","modified_gmt":"2020-07-28T12:23:23","slug":"demarches-administratives","status":"publish","type":"page","link":"https:\/\/cellieu.fr\/press3\/mairie\/vivre-a-cellieu\/demarches-administratives\/","title":{"rendered":"D\u00e9marches Administratives"},"content":{"rendered":"<table style=\"width: 90%;height: 1523px\" border=\"1\" width=\"90%\" cellpadding=\"5\" align=\"center\">\n<tbody>\n<tr style=\"height: 61px\">\n<td style=\"width: 26.33%;height: 61px;vertical-align: middle\" align=\"center\" nowrap=\"nowrap\">\n<h3>Vous voulez obtenir<\/h3>\n<\/td>\n<td style=\"width: 31.25%;height: 61px;vertical-align: middle\" align=\"center\" nowrap=\"nowrap\">\n<h3>Vous devez vous adresser<\/h3>\n<\/td>\n<td style=\"width: 41.29%;height: 61px;vertical-align: middle\" align=\"center\" nowrap=\"nowrap\">\n<h3>Conditions et pi\u00e8ces \u00e0 fournir<\/h3>\n<\/td>\n<\/tr>\n<tr style=\"height: 24px\">\n<td style=\"width: 26.33%;height: 24px;vertical-align: middle\" align=\"center\">ACTE DE NAISSANCE<\/td>\n<td style=\"width: 31.25%;height: 72px;vertical-align: middle\" rowspan=\"3\">Mairie du lieu d\u2019enregistrement de l\u2019acte<\/td>\n<td style=\"width: 41.29%;height: 72px;vertical-align: middle\" rowspan=\"3\">Etre concern\u00e9 par l&#8217;acte ou \u00eatre conjoint, ascendants, descendants. Se pr\u00e9senter \u00e0 la mairie avec pi\u00e8ces d\u2019identit\u00e9 et livret de famille<\/td>\n<\/tr>\n<tr style=\"height: 24px\">\n<td style=\"width: 26.33%;height: 24px;vertical-align: middle\" align=\"center\">ACTE DE MARIAGE<\/td>\n<\/tr>\n<tr style=\"height: 24px\">\n<td style=\"width: 26.33%;height: 24px;vertical-align: middle\" align=\"center\">ACTE DE DECES<\/td>\n<\/tr>\n<tr style=\"height: 114px\">\n<td style=\"width: 26.33%;height: 114px;vertical-align: middle\" align=\"center\">ACTES D\u2019ETAT CIVIL ENREGISTRES A L\u2019ETRANGER<\/td>\n<td style=\"width: 31.25%;height: 114px;vertical-align: middle\">Minist\u00e8re des Affaires Etrang\u00e8res et Europ\u00e9ennes Service Central de l\u2019Etat Civil 11 Rue de la Maison Blanche 44941 NANTES cedex 09 T\u00e9l. : 0823 080 604<\/td>\n<td style=\"width: 41.29%;height: 114px;vertical-align: middle\"><\/td>\n<\/tr>\n<tr>\n<td style=\"width: 26.33%;vertical-align: middle\">PASSEPORT BIOMETRIQUE<\/p>\n<p>ADULTES (validit\u00e9 10ans)<\/p>\n<p>ENFANT (validit\u00e9 5ans)<\/td>\n<td style=\"width: 31.25%;vertical-align: middle\">Mairie de St Etienne, St Chamond, Rive de Gier, La Grand&#8217;Croix, l&#8217;Horme, Sorbiers et St Jean Bonnefond<\/td>\n<td style=\"width: 41.29%;vertical-align: middle\">Pour une cr\u00e9ation ou un renouvellement consulter le site internet\u00a0<a href=\"https:\/\/www.service-public.fr\/\" target=\"_blank\" rel=\"noopener noreferrer\">service public.fr<\/a> afin de prendre rendez vous, consulter la liste des pi\u00e8ces n\u00e9cessaires et pr\u00e9remplir votre demande. Ou contactez une mairie habilit\u00e9e.<\/td>\n<\/tr>\n<tr>\n<td style=\"width: 26.33%;vertical-align: middle\">\n<p style=\"text-align: center\">CARTE NATIONALE D&#8217;IDENTITE FRANCAISE (validit\u00e9 15ans)<\/p>\n<p style=\"text-align: center\">Obligatoire pour toute personne voyageant \u00e0 l&#8217;\u00e9tranger<\/p>\n<\/td>\n<td style=\"width: 31.25%;vertical-align: middle\">Mairies de St Etienne, St Chamond, Rive de Gier, La Grand&#8217;Croix, l&#8217;Horme, Sorbiers, St Jean Bonnefond<\/td>\n<td style=\"width: 41.29%;vertical-align: middle\">Si votre CNI est encore valable au 1er janvier 2014, sa dur\u00e9e de validit\u00e9 passe automatiquement \u00e0 15 ans au lieu de 10 ans. Pour une cr\u00e9ation ou une renouvellement contactez une mairie habilit\u00e9e afin de prendre rendez-vous, vous pouvez pr\u00e9remplir votre demande sur le site\u00a0<a href=\"https:\/\/www.service-public.fr\/\">service public.fr<\/a><\/td>\n<\/tr>\n<tr style=\"height: 46px\">\n<td style=\"width: 26.33%;height: 46px;vertical-align: middle\" align=\"center\">CERTIFICAT NATIONALITE FRANCAISE<\/td>\n<td style=\"width: 31.25%;height: 46px;vertical-align: middle\">Tribunal d\u2019Instance de Saint-Etienne T\u00e9l. : 04.77.43.22.64<\/td>\n<td style=\"width: 41.29%;height: 46px;vertical-align: middle\"><\/td>\n<\/tr>\n<tr style=\"height: 91px\">\n<td style=\"width: 26.33%;height: 91px;vertical-align: middle\" align=\"center\">EXTRAIT DE CASIER JUDICIAIRE (N\u00b0 3)<\/td>\n<td style=\"width: 31.25%;height: 91px;vertical-align: middle\">Par \u00e9crit : Casier judiciaire national 107 Rue du Landreau 44079 NANTES Cedex 01 En ligne :\u00a0<a href=\"https:\/\/www.service-public.fr\" target=\"_blank\" rel=\"noopener noreferrer\">www.service-public.fr<\/a><\/td>\n<td style=\"width: 41.29%;height: 91px;vertical-align: middle\">Fournir son \u00e9tat civil et son adresse avec copie de la CNI Joindre une enveloppe timbr\u00e9e \u00e0 son adresse<\/td>\n<\/tr>\n<tr style=\"height: 46px\">\n<td style=\"width: 26.33%;height: 46px;vertical-align: middle\" align=\"center\">DUPLICATA DU LIVRET DE FAMILLE<\/td>\n<td style=\"width: 31.25%;height: 46px;vertical-align: middle\">Mairie du domicile<\/td>\n<td style=\"width: 41.29%;height: 46px;vertical-align: middle\">En cas de perte, de divorce remplir la demande de 2\u00e8me livret<\/td>\n<\/tr>\n<tr style=\"height: 46px\">\n<td style=\"width: 26.33%;height: 46px;vertical-align: middle\" align=\"center\">LEGALISATION DE SIGNATURE<\/td>\n<td style=\"width: 31.25%;height: 46px;vertical-align: middle\">Mairie du domicile<\/td>\n<td style=\"width: 41.29%;height: 46px;vertical-align: middle\">Apporter la CNI et signer le document au guichet du secr\u00e9tariat<\/td>\n<\/tr>\n<tr style=\"height: 46px\">\n<td style=\"width: 26.33%;height: 46px;vertical-align: middle\" align=\"center\">PACS<\/td>\n<td style=\"width: 31.25%;height: 46px;vertical-align: middle\">Mairie du domicile ou notaire<\/td>\n<td style=\"width: 41.29%;height: 46px;vertical-align: middle\">le dossier est compos\u00e9 de la convention de PACS, la d\u00e9claration conjointe de PACS, les actes de naissance de moins de trois moins des partenaires, cartes d&#8217;identit\u00e9s des partenaires et justificatif de domicile<\/td>\n<\/tr>\n<tr style=\"height: 24px\">\n<td style=\"width: 26.33%;height: 24px;vertical-align: middle\" align=\"center\">RECONNAISSANCE D\u2019ENFANT<\/td>\n<td style=\"width: 31.25%;height: 24px;vertical-align: middle\">Toutes Mairies<\/td>\n<td style=\"width: 41.29%;height: 24px;vertical-align: middle\">Carte d\u2019identit\u00e9 du d\u00e9clarant et justificatif de domicile<\/td>\n<\/tr>\n<tr style=\"height: 114px\">\n<td style=\"width: 26.33%;height: 114px;vertical-align: middle\" align=\"center\">MARIAGE<\/td>\n<td style=\"width: 31.25%;height: 114px;vertical-align: middle\">Mairie du domicile ou de la r\u00e9sidence<\/td>\n<td style=\"width: 41.29%;height: 114px;vertical-align: middle\">2 mois avant la date pr\u00e9vue completer le dossier mariage avec:<\/p>\n<ul>\n<li>pour les futur \u00e9poux: les actes de naissance de moins 3 mois, CNI, justificatif de domicile de moins de trois mois, adresse et profession des parents,<\/li>\n<li>pour les t\u00e9moins: CNI, adresse et profession<\/li>\n<li>si il y a lieu: actes de naissance des enfants du couple, contrat de mariage.<\/li>\n<\/ul>\n<\/td>\n<\/tr>\n<tr style=\"height: 69px\">\n<td style=\"width: 26.33%;height: 69px;vertical-align: middle\" align=\"center\">CHANGEMENT DE NATURE DE CULTURE<\/td>\n<td style=\"width: 31.25%;height: 69px;vertical-align: middle\">Bureau du cadastre<\/td>\n<td style=\"width: 41.29%;height: 69px;vertical-align: middle\">Pour \u00eatre pris en compte l\u2019ann\u00e9e suivante, le changement de culture doit \u00eatre fait avant le 15 novembre<\/td>\n<\/tr>\n<tr style=\"height: 91px\">\n<td style=\"width: 26.33%;height: 91px;vertical-align: middle\" align=\"center\">ATTESTATION DE RECENSEMENT<\/td>\n<td style=\"width: 31.25%;height: 91px;vertical-align: middle\">Mairie du domicile<\/td>\n<td style=\"width: 41.29%;height: 91px;vertical-align: middle\">A partir de 16 ans, les jeunes hommes et filles sont tenus de se faire recenser. Se pr\u00e9senter avec le livret de famille et un justificatif de domicile<\/td>\n<\/tr>\n<tr style=\"height: 136px\">\n<td style=\"width: 26.33%;height: 136px;vertical-align: middle\" align=\"center\">INSCRIPTION SUR LES LISTES ELECTORALES<\/td>\n<td style=\"width: 31.25%;height: 136px;vertical-align: middle\">Mairie du domicile ou en ligne : <a href=\"https:\/\/www.service-public.fr\" target=\"_blank\" rel=\"noopener noreferrer\">service-public.fr<\/a><\/td>\n<td style=\"width: 41.29%;height: 136px;vertical-align: middle\">Inscription possible toute l&#8217;ann\u00e9e et au plus tard lors d&#8217;une ann\u00e9e d&#8217;\u00e9lection, le 6<sup>e<\/sup> vendredi pr\u00e9c\u00e9dant le 1<sup>er<\/sup> tour de scrutin.<\/p>\n<p>Pr\u00e9senter la carte d\u2019identit\u00e9 et un justificatif de domicile<\/td>\n<\/tr>\n<tr style=\"height: 114px\">\n<td style=\"width: 26.33%;height: 114px;vertical-align: middle\" align=\"center\">DEMANDE DE PERMIS DE CONSTRUIRE (en 5 exemplaires)\u00a0ET DECLARATION\u00a0PREALABLE DE TRAVAUX (en 3 exemplaires)<\/td>\n<td style=\"width: 31.25%;height: 114px;vertical-align: middle\">Mairie du lieu du bien<\/td>\n<td style=\"width: 41.29%;height: 114px;vertical-align: middle\">Imprim\u00e9s disponibles en mairie ou t\u00e9l\u00e9chargeable sur le site internet : <a href=\"https:\/\/www.service-public.fr\/\" target=\"_blank\" rel=\"noopener noreferrer\">service public<\/a> (vous pourrez les remplir directement et les d\u00e9poser ensuite en mairie)<\/td>\n<\/tr>\n<\/tbody>\n<\/table>\n<p>&nbsp;<\/p>\n<p style=\"text-align: center\">Pour toute demande de renseignements administratifs :<br \/>\nVous pouvez contacter le 3939 (Allo, service public)<\/p>\n<p style=\"text-align: center\">ou rendez-vous sur le site internet <a href=\"http:\/\/www.service-public.fr\/\" target=\"_blank\" rel=\"noopener noreferrer\">www.service-public.fr<\/a><\/p>\n","protected":false},"excerpt":{"rendered":"<p>Vous voulez obtenir Vous devez vous adresser Conditions et pi\u00e8ces \u00e0 fournir ACTE DE NAISSANCE Mairie du lieu d\u2019enregistrement de l\u2019acte Etre concern\u00e9 par l&#8217;acte ou \u00eatre conjoint, ascendants, descendants. Se pr\u00e9senter \u00e0 la mairie avec pi\u00e8ces d\u2019identit\u00e9 et livret de famille ACTE DE MARIAGE ACTE DE DECES ACTES D\u2019ETAT CIVIL ENREGISTRES A L\u2019ETRANGER Minist\u00e8re [&hellip;]<\/p>\n","protected":false},"author":2,"featured_media":0,"parent":1176,"menu_order":0,"comment_status":"closed","ping_status":"closed","template":"","meta":{"wikipediapreview_detectlinks":true,"ngg_post_thumbnail":0,"footnotes":""},"class_list":["post-468","page","type-page","status-publish","hentry"],"jetpack_sharing_enabled":true,"_links":{"self":[{"href":"https:\/\/cellieu.fr\/press3\/mairie\/wp-json\/wp\/v2\/pages\/468","targetHints":{"allow":["GET"]}}],"collection":[{"href":"https:\/\/cellieu.fr\/press3\/mairie\/wp-json\/wp\/v2\/pages"}],"about":[{"href":"https:\/\/cellieu.fr\/press3\/mairie\/wp-json\/wp\/v2\/types\/page"}],"author":[{"embeddable":true,"href":"https:\/\/cellieu.fr\/press3\/mairie\/wp-json\/wp\/v2\/users\/2"}],"replies":[{"embeddable":true,"href":"https:\/\/cellieu.fr\/press3\/mairie\/wp-json\/wp\/v2\/comments?post=468"}],"version-history":[{"count":22,"href":"https:\/\/cellieu.fr\/press3\/mairie\/wp-json\/wp\/v2\/pages\/468\/revisions"}],"predecessor-version":[{"id":10004,"href":"https:\/\/cellieu.fr\/press3\/mairie\/wp-json\/wp\/v2\/pages\/468\/revisions\/10004"}],"up":[{"embeddable":true,"href":"https:\/\/cellieu.fr\/press3\/mairie\/wp-json\/wp\/v2\/pages\/1176"}],"wp:attachment":[{"href":"https:\/\/cellieu.fr\/press3\/mairie\/wp-json\/wp\/v2\/media?parent=468"}],"curies":[{"name":"wp","href":"https:\/\/api.w.org\/{rel}","templated":true}]}}