{"id":477,"date":"2014-07-17T21:12:27","date_gmt":"2014-07-17T20:12:27","guid":{"rendered":"http:\/\/cellieu.fr\/press3\/mairie\/?page_id=477"},"modified":"2026-03-22T12:02:10","modified_gmt":"2026-03-22T11:02:10","slug":"syndicats","status":"publish","type":"page","link":"https:\/\/cellieu.fr\/press3\/mairie\/la-commune\/syndicats\/","title":{"rendered":"Syndicats"},"content":{"rendered":"<h1>Syndicats Intercommunaux<\/h1>\n<table style=\"width: 42.68%\">\n<tbody>\n<tr>\n<td style=\"width: 34.8%;vertical-align: middle\" width=\"208\"><strong>Organisme<\/strong><\/td>\n<td style=\"width: 40.74%\" width=\"107\"><strong>Titulaire<\/strong><\/td>\n<td style=\"width: 22.75%\" width=\"133\"><strong>Suppl\u00e9ant<\/strong><\/td>\n<\/tr>\n<tr>\n<td style=\"width: 34.8%;vertical-align: middle\" width=\"208\"><strong>SIAMVG<\/strong><\/td>\n<td style=\"width: 40.74%\" width=\"107\">&nbsp;<\/td>\n<td style=\"width: 22.75%\" width=\"133\">&nbsp;<\/td>\n<\/tr>\n<tr>\n<td style=\"width: 34.8%;vertical-align: middle\" width=\"208\">&nbsp;<\/td>\n<td style=\"width: 40.74%\" width=\"241\">&nbsp;<\/td>\n<td style=\"width: 22.75%\">&nbsp;<\/td>\n<\/tr>\n<tr>\n<td style=\"width: 34.8%;vertical-align: middle\" width=\"208\"><strong>SIEL<\/strong><\/td>\n<td style=\"width: 40.74%\" width=\"107\">&nbsp;<\/td>\n<td style=\"width: 22.75%\" width=\"133\">&nbsp;<\/td>\n<\/tr>\n<tr>\n<td style=\"width: 34.8%;vertical-align: middle\" width=\"208\"><strong>SIPG<\/strong><\/td>\n<td style=\"width: 40.74%\" width=\"107\">BESSON-FAYOLLE Corinne- BONJOUR G\u00e9rard<\/td>\n<td style=\"width: 22.75%\" width=\"133\">&nbsp;<\/td>\n<\/tr>\n<tr>\n<td style=\"width: 34.8%;vertical-align: middle\" width=\"208\"><strong>St-Etienne M\u00e9tropole<\/strong><\/td>\n<td style=\"width: 40.74%\" width=\"107\">BESSON-FAYOLLE Corinne<\/td>\n<td style=\"width: 22.75%\" width=\"133\">Bonjour G\u00e9rard<\/td>\n<\/tr>\n<\/tbody>\n<\/table>\n<p>&nbsp;<\/p>\n<table width=\"449\">\n<tbody>\n<tr>\n<td width=\"88\">SIAMVG<\/td>\n<td width=\"361\">Syndicat Intercommunal d\u2019Assainissement de la Moyenne Vall\u00e9e du Gier<\/td>\n<\/tr>\n<tr>\n<td width=\"88\">SIEL<\/td>\n<td width=\"361\">Syndicat Intercommunal d&#8217;Energies de la Loire<\/td>\n<\/tr>\n<tr>\n<td width=\"88\">SIPG<\/td>\n<td width=\"361\">Syndicat Intercommunal du Pays du Gier<\/td>\n<\/tr>\n<\/tbody>\n<\/table>\n<p>&nbsp;<\/p>\n<p>&nbsp;<\/p>\n","protected":false},"excerpt":{"rendered":"<p>Syndicats Intercommunaux Organisme Titulaire Suppl\u00e9ant SIAMVG &nbsp; &nbsp; &nbsp; &nbsp; &nbsp; SIEL &nbsp; &nbsp; SIPG BESSON-FAYOLLE Corinne- BONJOUR G\u00e9rard &nbsp; St-Etienne M\u00e9tropole BESSON-FAYOLLE Corinne Bonjour G\u00e9rard &nbsp; SIAMVG Syndicat Intercommunal d\u2019Assainissement de la Moyenne Vall\u00e9e du Gier SIEL Syndicat Intercommunal d&#8217;Energies de la Loire SIPG Syndicat Intercommunal du Pays du Gier &nbsp; &nbsp;<\/p>\n","protected":false},"author":2,"featured_media":0,"parent":462,"menu_order":0,"comment_status":"closed","ping_status":"closed","template":"","meta":{"wikipediapreview_detectlinks":true,"ngg_post_thumbnail":0,"footnotes":""},"class_list":["post-477","page","type-page","status-publish","hentry"],"jetpack_sharing_enabled":true,"_links":{"self":[{"href":"https:\/\/cellieu.fr\/press3\/mairie\/wp-json\/wp\/v2\/pages\/477","targetHints":{"allow":["GET"]}}],"collection":[{"href":"https:\/\/cellieu.fr\/press3\/mairie\/wp-json\/wp\/v2\/pages"}],"about":[{"href":"https:\/\/cellieu.fr\/press3\/mairie\/wp-json\/wp\/v2\/types\/page"}],"author":[{"embeddable":true,"href":"https:\/\/cellieu.fr\/press3\/mairie\/wp-json\/wp\/v2\/users\/2"}],"replies":[{"embeddable":true,"href":"https:\/\/cellieu.fr\/press3\/mairie\/wp-json\/wp\/v2\/comments?post=477"}],"version-history":[{"count":8,"href":"https:\/\/cellieu.fr\/press3\/mairie\/wp-json\/wp\/v2\/pages\/477\/revisions"}],"predecessor-version":[{"id":14915,"href":"https:\/\/cellieu.fr\/press3\/mairie\/wp-json\/wp\/v2\/pages\/477\/revisions\/14915"}],"up":[{"embeddable":true,"href":"https:\/\/cellieu.fr\/press3\/mairie\/wp-json\/wp\/v2\/pages\/462"}],"wp:attachment":[{"href":"https:\/\/cellieu.fr\/press3\/mairie\/wp-json\/wp\/v2\/media?parent=477"}],"curies":[{"name":"wp","href":"https:\/\/api.w.org\/{rel}","templated":true}]}}