{"id":483,"date":"2014-07-17T21:14:13","date_gmt":"2014-07-17T20:14:13","guid":{"rendered":"http:\/\/cellieu.fr\/press3\/mairie\/?page_id=483"},"modified":"2018-04-30T21:04:46","modified_gmt":"2018-04-30T20:04:46","slug":"marches-publics","status":"publish","type":"page","link":"https:\/\/cellieu.fr\/press3\/mairie\/la-commune\/marches-publics\/","title":{"rendered":"March\u00e9s Publics"},"content":{"rendered":"<h2>26\/04\/2018 : Confection, fourniture et livraison de repas sur sites en liaison chaude<\/h2>\n<ul>\n<li>Avis : <a href=\"https:\/\/cellieu.fr\/press3\/mairie\/wp-content\/uploads\/sites\/2\/2018\/04\/2018-04-marche_cantine.pdf\" target=\"_blank\" rel=\"noopener\">ici<\/a><\/li>\n<li>Plus d&#8217;informations sur : <a href=\"https:\/\/cg42.marches-publics.info\/\" target=\"_blank\" rel=\"noopener\">https:\/\/cg42.marches-publics.info\/<\/a><\/li>\n<\/ul>\n<p>&nbsp;<\/p>\n<h2>2015 : Recensement des march\u00e9s publics<\/h2>\n<ul>\n<li>Voir le recensement : <a href=\"https:\/\/cellieu.fr\/press3\/mairie\/wp-content\/uploads\/sites\/2\/2014\/07\/2016-03-recensement_marches_publics_2015.pdf\" target=\"_blank\" rel=\"noopener\">ici<\/a><\/li>\n<\/ul>\n<h2>&nbsp;<\/h2>\n<h2>15\/09\/2015 : Cimeti\u00e8re<\/h2>\n<ul>\n<li>Avis&nbsp;:<a href=\"https:\/\/cellieu.fr\/press3\/mairie\/wp-content\/uploads\/sites\/2\/2014\/07\/2015-09-18-marche_avis_cimetiere.pdf\" target=\"_blank\" rel=\"noopener\">ici<\/a><\/li>\n<li>Remise des offres : <a href=\"https:\/\/cellieu.fr\/press3\/mairie\/wp-content\/uploads\/sites\/2\/2014\/07\/2015-09-22-marche_cimetiere_remise_offres.pdf\">ici<\/a><\/li>\n<li>R\u00e8glement : <a href=\"https:\/\/cellieu.fr\/press3\/mairie\/wp-content\/uploads\/sites\/2\/2014\/07\/2015-09-15-marche_reglement_consultation_cimetiere.pdf\" target=\"_blank\" rel=\"noopener\">ici<\/a><\/li>\n<li>Plans : <a href=\"https:\/\/cellieu.fr\/press3\/mairie\/wp-content\/uploads\/sites\/2\/2014\/07\/plan-cimetiere.pdf\" target=\"_blank\" rel=\"noopener\">ici<\/a><\/li>\n<li>CCATP et Actes d&#8217;engagement : <a href=\"https:\/\/cellieu.fr\/press3\/mairie\/wp-content\/uploads\/sites\/2\/2014\/07\/2015-09-15-marche_actes_engagement_cimetiere.zip\" target=\"_blank\" rel=\"noopener\">ici<\/a><\/li>\n<\/ul>\n<h2>&nbsp;<\/h2>\n<h2>05\/03\/2015 : Am\u00e9nagement parking<\/h2>\n<ul>\n<li>Avis : <a href=\"https:\/\/cellieu.fr\/press3\/mairie\/wp-content\/uploads\/sites\/2\/2014\/07\/2015-avis_parking_ecole_daudet.pdf\" target=\"_blank\" rel=\"noopener\">ici<\/a><\/li>\n<li>Bord. Prix Unit. : <a href=\"https:\/\/cellieu.fr\/press3\/mairie\/wp-content\/uploads\/sites\/2\/2015\/03\/2015-02-23-devis_parking_ecole.pdf\" target=\"_blank\" rel=\"noopener\">ici<\/a><\/li>\n<\/ul>\n<h2>&nbsp;<\/h2>\n<h2>04\/03\/2015 : Elargissement Voirie<\/h2>\n<ul>\n<li>Avis&nbsp; :&nbsp; <a href=\"https:\/\/cellieu.fr\/press3\/mairie\/wp-content\/uploads\/sites\/2\/2015\/03\/2015-avis_elargissement_vc_11.pdf\" target=\"_blank\" rel=\"noopener\">ici<\/a><\/li>\n<li>Bord. Prix Unit. :&nbsp; <a href=\"https:\/\/cellieu.fr\/press3\/mairie\/wp-content\/uploads\/sites\/2\/2015\/03\/2015-02-19-devis_elargissement_chirondi\u00e8re.pdf\" target=\"_blank\" rel=\"noopener\">ici<\/a><\/li>\n<\/ul>\n<p>&nbsp;<\/p>\n<h2>&nbsp;21\/11\/2014: Syndicat des eaux<\/h2>\n<ul>\n<li>Avis&nbsp;: <a href=\"https:\/\/cellieu.fr\/press3\/mairie\/wp-content\/uploads\/sites\/2\/2014\/07\/2014-11-21-avis_syndicat_eaux.pdf\" target=\"_blank\" rel=\"noopener\">ici<\/a><\/li>\n<\/ul>\n<p>&nbsp;<\/p>\n<h2>04\/11\/2014: Travaux de b\u00e2timent<\/h2>\n<ul>\n<li>Avis&nbsp;: <a href=\"https:\/\/cellieu.fr\/press3\/mairie\/wp-content\/uploads\/sites\/2\/2014\/07\/2014-11-04-avis.pdf\" target=\"_blank\" rel=\"noopener\">ici<\/a><\/li>\n<li>CCAP :&nbsp;&nbsp;<a href=\"https:\/\/cellieu.fr\/press3\/mairie\/wp-content\/uploads\/sites\/2\/2014\/07\/2014-11-14_ccap.pdf\" target=\"_blank\" rel=\"noopener\">ici<\/a><\/li>\n<li>R\u00e8glement : <a href=\"https:\/\/cellieu.fr\/press3\/mairie\/wp-content\/uploads\/sites\/2\/2014\/07\/2014-11-04-marche-reglement_consultation_local_periscolaire_picote.pdf\" target=\"_blank\" rel=\"noopener\">ici<\/a><\/li>\n<li>Planning : <a href=\"https:\/\/cellieu.fr\/press3\/mairie\/wp-content\/uploads\/sites\/2\/2014\/07\/2014-11-04-marche-planning_travaux.pdf\" target=\"_blank\" rel=\"noopener\">ici<\/a><\/li>\n<li>CCTP : <a href=\"https:\/\/cellieu.fr\/press3\/mairie\/wp-content\/uploads\/sites\/2\/2014\/11\/2014-11-04-marche_cctp.zip\" target=\"_blank\" rel=\"noopener\">ici<\/a><\/li>\n<li>Plans d&#8217;ex\u00e9cution : <a href=\"https:\/\/cellieu.fr\/press3\/mairie\/wp-content\/uploads\/sites\/2\/2014\/11\/2014-11-04-marche_plans_execution.zip\" target=\"_blank\" rel=\"noopener\">ici<\/a><\/li>\n<li>Rapport d&#8217;amiante : <a href=\"https:\/\/cellieu.fr\/press3\/mairie\/wp-content\/uploads\/sites\/2\/2014\/11\/2014-11-04-marche_rapport_amiante.zip\" target=\"_blank\" rel=\"noopener\">ici<\/a><\/li>\n<li>Actes d&#8217;engagement : <a href=\"https:\/\/cellieu.fr\/press3\/mairie\/wp-content\/uploads\/sites\/2\/2014\/07\/actes_engagement.zip\" target=\"_blank\" rel=\"noopener\">ici<\/a><\/li>\n<li>Plus d&#8217;informations sur : <a href=\"https:\/\/cg42.marches-publics.info\/\" target=\"_blank\" rel=\"noopener\">https:\/\/cg42.marches-publics.info\/<\/a><\/li>\n<\/ul>\n<p>&nbsp;<\/p>\n<h2>25\/09\/2014: Travaux de voirie<\/h2>\n<ul>\n<li>CCTP : <a href=\"https:\/\/cellieu.fr\/press3\/mairie\/wp-content\/uploads\/sites\/2\/2014\/07\/2014-09-25-cellieu-CCTP-travauxvoirie.pdf\" target=\"_blank\" rel=\"noopener\">ici<\/a><\/li>\n<li>BPU : <a href=\"https:\/\/cellieu.fr\/press3\/mairie\/wp-content\/uploads\/sites\/2\/2014\/07\/2014-09-25-cellieu-BPUvoirie.xlsx\" target=\"_blank\" rel=\"noopener\">ici<\/a><\/li>\n<\/ul>\n<p>&nbsp;<\/p>\n<h2>13\/06\/2014: Restauration Scolaire<\/h2>\n<ul>\n<li>\n<div>R\u00e8glement : <a href=\"https:\/\/cellieu.fr\/press3\/mairie\/wp-content\/uploads\/sites\/2\/2014\/07\/marche-2014-06-13-CONSULTATION_REPAS.pdf\" target=\"_blank\" rel=\"noopener\">ici<\/a><\/div>\n<\/li>\n<li>\n<div>Engagement : <a href=\"https:\/\/cellieu.fr\/press3\/mairie\/wp-content\/uploads\/sites\/2\/2014\/07\/marche-2014-06-13-ACTEENGAGEMENT_REPAS.pdf\" target=\"_blank\" rel=\"noopener\">ici<\/a><\/div>\n<\/li>\n<li>\n<div>Appel \u00e0 Concurrence : <a href=\"https:\/\/cellieu.fr\/press3\/mairie\/wp-content\/uploads\/sites\/2\/2014\/07\/marche-2014-06-13-APPELCONCUR_REPAS.pdf\" target=\"_blank\" rel=\"noopener\">ici<\/a><\/div>\n<\/li>\n<li>\n<div>CCTP : <a href=\"https:\/\/cellieu.fr\/press3\/mairie\/wp-content\/uploads\/sites\/2\/2014\/07\/marche-2014-06-13-CCTP_REPAS.pdf\" target=\"_blank\" rel=\"noopener\">ici<\/a><\/div>\n<\/li>\n<li>\n<div>CCAP : <a href=\"https:\/\/cellieu.fr\/press3\/mairie\/wp-content\/uploads\/sites\/2\/2014\/07\/marche-2014-06-13-CCAP_REPAS.pdf\" target=\"_blank\" rel=\"noopener\">ici<\/a><\/div>\n<\/li>\n<\/ul>\n<p>&nbsp;<\/p>\n<h2>27\/09\/2013 : Programme Voirie<\/h2>\n<ul>\n<li>\n<div>l&#8217;offre : <a href=\"https:\/\/cellieu.fr\/press3\/mairie\/wp-content\/uploads\/sites\/2\/2014\/07\/marche-2013-09-27-Voiries.pdf\" target=\"_blank\" rel=\"noopener\">ici<\/a><\/div>\n<\/li>\n<li>\n<div>les d\u00e9tails : <a href=\"https:\/\/cellieu.fr\/press3\/mairie\/wp-content\/uploads\/sites\/2\/2014\/07\/marche-2013-09-27-Voiries_Details.pdf\" target=\"_blank\" rel=\"noopener\">ici<\/a><\/div>\n<\/li>\n<\/ul>\n<p>&nbsp;<\/p>\n<h2>03\/04\/2012 : Programme Voirie<\/h2>\n<ul>\n<li>\n<div>l&#8217;offre : <a href=\"https:\/\/cellieu.fr\/press3\/mairie\/wp-content\/uploads\/sites\/2\/2014\/07\/marche-2012-04-03-Voiries.pdf\" target=\"_blank\" rel=\"noopener\">ici<\/a><\/div>\n<\/li>\n<li>\n<div>les d\u00e9tails : <a href=\"https:\/\/cellieu.fr\/press3\/mairie\/wp-content\/uploads\/sites\/2\/2014\/07\/marche-2012-04-03-Voiries_Details.pdf\" target=\"_blank\" rel=\"noopener\">ici<\/a><\/div>\n<\/li>\n<\/ul>\n<p>&nbsp;<\/p>\n<h2>11\/05\/2010 : Programme Voirie<\/h2>\n<ul>\n<li>l&#8217;offre : <a href=\"https:\/\/cellieu.fr\/press3\/mairie\/wp-content\/uploads\/sites\/2\/2014\/07\/marche-2010-05-11-Voiries.pdf\" target=\"_blank\" rel=\"noopener\">ici<\/a><\/li>\n<li>\n<div>les d\u00e9tails : <a href=\"https:\/\/cellieu.fr\/press3\/mairie\/wp-content\/uploads\/sites\/2\/2014\/07\/marche-2010-05-11-Voiries_Details.pdf\" target=\"_blank\" rel=\"noopener\">ici<\/a><\/div>\n<\/li>\n<\/ul>\n<p>&nbsp;<\/p>\n<h2>11\/05\/2010 : Renouvellement conduites eau potable<\/h2>\n<ul>\n<li>l&#8217;offre : <a href=\"https:\/\/cellieu.fr\/press3\/mairie\/wp-content\/uploads\/sites\/2\/2014\/07\/marche-2010-05-11-Conduite_Eau_Potable.pdf\" target=\"_blank\" rel=\"noopener\">ici<\/a><\/li>\n<li>\n<div>les d\u00e9tails : <a href=\"https:\/\/cellieu.fr\/press3\/mairie\/wp-content\/uploads\/sites\/2\/2014\/07\/marche-2010-05-11-Conduite_Eau_Potable_Details.pdf\" target=\"_blank\" rel=\"noopener\">ici<\/a><\/div>\n<\/li>\n<li>Plan 1 : <a href=\"https:\/\/cellieu.fr\/press3\/mairie\/wp-content\/uploads\/sites\/2\/2014\/07\/marche-2010-05-11-Conduite_Eau_Potable_Plan1.pdf\" target=\"_blank\" rel=\"noopener\">ici<\/a><\/li>\n<li>Plan 2 : <a href=\"https:\/\/cellieu.fr\/press3\/mairie\/wp-content\/uploads\/sites\/2\/2014\/07\/marche-2010-05-11-Conduite_Eau_Potable_Plan2.pdf\" target=\"_blank\" rel=\"noopener\">ici<\/a><\/li>\n<\/ul>\n<p>&nbsp;<\/p>\n<h2>04\/05\/2010 : Extension du pr\u00e9au et am\u00e9nagement des abords de l&#8217;\u00e9cole de la commune de Cellieu<\/h2>\n<ul>\n<li>\n<div>l&#8217;offre : <a href=\"https:\/\/cellieu.fr\/press3\/mairie\/wp-content\/uploads\/sites\/2\/2014\/07\/marche-2010-05-04-ecole.pdf\" target=\"_blank\" rel=\"noopener\">ici<\/a><\/div>\n<\/li>\n<\/ul>\n<p>&nbsp;<\/p>\n<h2>02\/02\/2010 : Ma\u00eetrise d\u2019\u0153uvre pour la r\u00e9habilitation d\u2019un b\u00e2timent communal en salle de r\u00e9unions, logements et cabinet m\u00e9dical<\/h2>\n<ul>\n<li>\n<div>l&#8217;offre : <a href=\"https:\/\/cellieu.fr\/press3\/mairie\/wp-content\/uploads\/sites\/2\/2014\/07\/marche-2010-02-02-rehabilitation_batiment.pdf\" target=\"_blank\" rel=\"noopener\">ici<\/a><\/div>\n<\/li>\n<\/ul>\n","protected":false},"excerpt":{"rendered":"<p>26\/04\/2018 : Confection, fourniture et livraison de repas sur sites en liaison chaude Avis : ici Plus d&#8217;informations sur : https:\/\/cg42.marches-publics.info\/ &nbsp; 2015 : Recensement des march\u00e9s publics Voir le recensement : ici &nbsp; 15\/09\/2015 : Cimeti\u00e8re Avis&nbsp;:ici Remise des offres : ici R\u00e8glement : ici Plans : ici CCATP et Actes d&#8217;engagement : ici [&hellip;]<\/p>\n","protected":false},"author":2,"featured_media":0,"parent":462,"menu_order":0,"comment_status":"closed","ping_status":"closed","template":"","meta":{"wikipediapreview_detectlinks":true,"ngg_post_thumbnail":0,"footnotes":""},"class_list":["post-483","page","type-page","status-publish","hentry"],"jetpack_sharing_enabled":true,"_links":{"self":[{"href":"https:\/\/cellieu.fr\/press3\/mairie\/wp-json\/wp\/v2\/pages\/483","targetHints":{"allow":["GET"]}}],"collection":[{"href":"https:\/\/cellieu.fr\/press3\/mairie\/wp-json\/wp\/v2\/pages"}],"about":[{"href":"https:\/\/cellieu.fr\/press3\/mairie\/wp-json\/wp\/v2\/types\/page"}],"author":[{"embeddable":true,"href":"https:\/\/cellieu.fr\/press3\/mairie\/wp-json\/wp\/v2\/users\/2"}],"replies":[{"embeddable":true,"href":"https:\/\/cellieu.fr\/press3\/mairie\/wp-json\/wp\/v2\/comments?post=483"}],"version-history":[{"count":30,"href":"https:\/\/cellieu.fr\/press3\/mairie\/wp-json\/wp\/v2\/pages\/483\/revisions"}],"predecessor-version":[{"id":4723,"href":"https:\/\/cellieu.fr\/press3\/mairie\/wp-json\/wp\/v2\/pages\/483\/revisions\/4723"}],"up":[{"embeddable":true,"href":"https:\/\/cellieu.fr\/press3\/mairie\/wp-json\/wp\/v2\/pages\/462"}],"wp:attachment":[{"href":"https:\/\/cellieu.fr\/press3\/mairie\/wp-json\/wp\/v2\/media?parent=483"}],"curies":[{"name":"wp","href":"https:\/\/api.w.org\/{rel}","templated":true}]}}