{"id":486,"date":"2014-07-17T21:14:42","date_gmt":"2014-07-17T20:14:42","guid":{"rendered":"http:\/\/cellieu.fr\/press3\/mairie\/?page_id=486"},"modified":"2019-06-07T16:35:33","modified_gmt":"2019-06-07T15:35:33","slug":"enquetes-publiques","status":"publish","type":"page","link":"https:\/\/cellieu.fr\/press3\/mairie\/vivre-a-cellieu\/enquetes-publiques\/","title":{"rendered":"Enqu\u00eates Publiques"},"content":{"rendered":"<h2>Enqu\u00eate publique portant sur l&#8217;\u00e9laboration du Plan Local d&#8217;Urbanisme de la Commune de Cellieu<\/h2>\n<p><span style=\"display: inline !important; float: none; background-color: #ffffff; color: #333333; cursor: text; font-family: -apple-system,BlinkMacSystemFont,'Segoe UI',Roboto,Oxygen-Sans,Ubuntu,Cantarell,'Helvetica Neue',sans-serif; font-size: 16px; font-style: normal; font-variant: normal; font-weight: 400; letter-spacing: normal; orphans: 2; text-align: left; text-decoration: none; text-indent: 0px; text-transform: none; -webkit-text-stroke-width: 0px; white-space: normal; word-spacing: 0px;\">La consultation publique se d\u00e9roulera du 17 juin au 19 juillet 2019 inclus.<\/span><br \/>\n<span style=\"display: inline !important; float: none; background-color: #ffffff; color: #333333; cursor: text; font-family: -apple-system,BlinkMacSystemFont,'Segoe UI',Roboto,Oxygen-Sans,Ubuntu,Cantarell,'Helvetica Neue',sans-serif; font-size: 16px; font-style: normal; font-variant: normal; font-weight: 400; letter-spacing: normal; orphans: 2; text-align: left; text-decoration: none; text-indent: 0px; text-transform: none; -webkit-text-stroke-width: 0px; white-space: normal; word-spacing: 0px;\">L&#8217;affiche de l&#8217;Avis au Public&nbsp;: <a href=\"https:\/\/cellieu.fr\/press3\/mairie\/wp-content\/uploads\/sites\/2\/2019\/06\/2019-06-enquete_publique_PLU.pdf\" target=\"_blank\" rel=\"noopener noreferrer\">ici<\/a><\/span><\/p>\n<h2>Consultation publique relative au nouveau Plan de Pr\u00e9vention du Bruit dans l&#8217;Environnement<\/h2>\n<p>La consultation publique se d\u00e9roulera du 24 avril au 25 juin 2019 inclus.<br \/>\nL&#8217;affiche de l&#8217;Avis au Public&nbsp;: <a href=\"https:\/\/cellieu.fr\/press3\/mairie\/wp-content\/uploads\/sites\/2\/2019\/05\/2019-06-consultation_plan_bruit.pdf\" target=\"_blank\" rel=\"noopener noreferrer\">ici<\/a><\/p>\n<h2><strong>Enqu\u00eate publique relative \u00e0 l&#8217;\u00e9laboration du Plan Local d&#8217;Urbanisme de la commune de Cellieu<\/strong><\/h2>\n<h2><span style=\"display: inline !important; float: none; background-color: #ffffff; color: #333333; cursor: text; font-family: -apple-system,BlinkMacSystemFont,'Segoe UI',Roboto,Oxygen-Sans,Ubuntu,Cantarell,'Helvetica Neue',sans-serif; font-size: 16px; font-style: normal; font-variant: normal; font-weight: 400; letter-spacing: normal; orphans: 2; text-align: left; text-decoration: none; text-indent: 0px; text-transform: none; -webkit-text-stroke-width: 0px; white-space: normal; word-spacing: 0px;\">L&#8217;enqu\u00eate publique se d\u00e9roulera du 18 mars au 19 avril 2019 inclus.<\/span><br \/>\n<span style=\"display: inline !important; float: none; background-color: #ffffff; color: #333333; cursor: text; font-family: -apple-system,BlinkMacSystemFont,'Segoe UI',Roboto,Oxygen-Sans,Ubuntu,Cantarell,'Helvetica Neue',sans-serif; font-size: 16px; font-style: normal; font-variant: normal; font-weight: 400; letter-spacing: normal; orphans: 2; text-align: left; text-decoration: none; text-indent: 0px; text-transform: none; -webkit-text-stroke-width: 0px; white-space: normal; word-spacing: 0px;\">L&#8217;affiche de l&#8217;Avis au Public&nbsp;: <a href=\"https:\/\/cellieu.fr\/press3\/mairie\/wp-content\/uploads\/sites\/2\/2019\/02\/2019-02-Affiche-Enqu\u00eate-publique-r\u00e9vision-PLU-au-format-A2-CELLIEU.pdf\" target=\"_blank\" rel=\"noopener noreferrer\">ici<\/a>&nbsp;<\/span><\/h2>\n<h2>Enqu\u00eate publique pour l\u2019ali\u00e9nation d&#8217;une partie du chemin rural route de la Combe et l&#8217;\u00e9change d&#8217;une partie de chemin rural, sous le Bourg<\/h2>\n<p>L&#8217;enqu\u00eate publique se d\u00e9roulera du 13 novembre au 27 novembre 2017 inclus.<br \/>\nL&#8217;affiche de l&#8217;Avis au Public&nbsp;: <a href=\"https:\/\/cellieu.fr\/press3\/mairie\/wp-content\/uploads\/sites\/2\/2014\/07\/2017-11-avis-enquete.pdf\" target=\"_blank\" rel=\"noopener noreferrer\">ici<\/a><\/p>\n<h2>Enqu\u00eate publique pour l\u2019approbation du zonage pluvial de 45 communes de Saint-Etienne M\u00e9tropole<\/h2>\n<p><span style=\"display: inline !important; float: none; background-color: transparent; color: #333333; cursor: text; font-family: -apple-system,BlinkMacSystemFont,'Segoe UI',Roboto,Oxygen-Sans,Ubuntu,Cantarell,'Helvetica Neue',sans-serif; font-size: 16px; font-style: normal; font-variant: normal; font-weight: 400; letter-spacing: normal; line-height: 22.4px; orphans: 2; text-align: left; text-decoration: none; text-indent: 0px; text-transform: none; -webkit-text-stroke-width: 0px; white-space: normal; word-spacing: 0px;\">L&#8217;enqu\u00eate publique se d\u00e9roulera du 23 octobre au 24 novembre 2017 inclus.<\/span><br \/>\n<span style=\"display: inline !important; float: none; background-color: transparent; color: #333333; cursor: text; font-family: -apple-system,BlinkMacSystemFont,'Segoe UI',Roboto,Oxygen-Sans,Ubuntu,Cantarell,'Helvetica Neue',sans-serif; font-size: 16px; font-style: normal; font-variant: normal; font-weight: 400; letter-spacing: normal; line-height: 22.4px; orphans: 2; text-align: left; text-decoration: none; text-indent: 0px; text-transform: none; -webkit-text-stroke-width: 0px; white-space: normal; word-spacing: 0px;\"> L&#8217;affiche de l&#8217;Avis au Public&nbsp;:&nbsp;<a href=\"https:\/\/cellieu.fr\/press3\/mairie\/wp-content\/uploads\/sites\/2\/2014\/07\/2017-10-avis_enquete_publique_V4.pdf\" target=\"_blank\" rel=\"noopener noreferrer\">ici<\/a><\/span><\/p>\n<h2>Enqu\u00eate Publique sur le classement et d\u00e9classement de voiries communales<\/h2>\n<p>L&#8217;enqu\u00eate publique se d\u00e9roulera du 18 janvier au 2 f\u00e9vrier 2013 inclus.<br \/>\nL&#8217;affiche de l&#8217;Avis au Public&nbsp;: <a href=\"https:\/\/cellieu.fr\/press3\/mairie\/wp-content\/uploads\/sites\/2\/2014\/07\/enquete_2012-12-31-voiries.pdf\" target=\"_blank\" rel=\"noopener noreferrer\">ici<\/a><br \/>\nL&#8217;arr\u00eat\u00e9 de l&#8217;Avis au Public :&nbsp;<a href=\"https:\/\/cellieu.fr\/press3\/mairie\/wp-content\/uploads\/sites\/2\/2014\/07\/enquete-2012-12-31-voiries_arrete.pdf\" target=\"_blank\" rel=\"noopener noreferrer\">ici<\/a><\/p>\n<h2>Enqu\u00eate Publique sur le projet de Sch\u00e9ma de Coh\u00e9rence Territoriale du Sud Loire<\/h2>\n<p>L&#8217;enqu\u00eate publique se d\u00e9roulera du 27 mai au 30 juin 2009 inclus, soit 35 jours et son si\u00e8ge est fix\u00e9 dans les locaux du Syndicat Mixte du Scot Sud Loire.<br \/>\nL&#8217;affiche de l&#8217;Avis au Public : <a href=\"http:\/\/www.scot-sudloire.fr\/ressources\/affiche_avis_au_public.pdf\" target=\"_blank\" rel=\"noopener noreferrer\">ici<\/a><br \/>\nla liste r\u00e9capitulative des permanences : <a href=\"http:\/\/www.scot-sudloire.fr\/ressources\/liste_recapitulative_des_permanences.pdf\" target=\"_blank\" rel=\"noopener noreferrer\">ici<\/a><br \/>\nLa notice explicative : <a href=\"http:\/\/www.scot-sudloire.fr\/ressources\/notice_explicative.pdf\" target=\"_blank\" rel=\"noopener noreferrer\">ici<\/a><br \/>\nLe site Web du Scot Sud Loire : <a href=\"http:\/\/www.scot-sudloire.fr\/\" target=\"_blank\" rel=\"noopener noreferrer\">ici<\/a><\/p>\n<p>&nbsp;<\/p>\n<hr>\n<h1>Consultations Publiques<\/h1>\n<p>&nbsp;<\/p>\n<h2>Consultation Publique sur les installations class\u00e9es pour la protection de l&#8217;environnement<\/h2>\n<p>La consultation publique se d\u00e9roulera du 2 juin au 2 juillet 2014 inclus.<br \/>\nL&#8217;affiche de l&#8217;Avis au Public&nbsp;: <a href=\"https:\/\/cellieu.fr\/press3\/mairie\/wp-content\/uploads\/sites\/2\/2014\/07\/enquete-2014-06-bayle.pdf\" target=\"_blank\" rel=\"noopener noreferrer\">ici<\/a><\/p>\n<p>&nbsp;<\/p>\n<hr>\n<p>&nbsp;<\/p>\n","protected":false},"excerpt":{"rendered":"<p>Enqu\u00eate publique portant sur l&#8217;\u00e9laboration du Plan Local d&#8217;Urbanisme de la Commune de Cellieu La consultation publique se d\u00e9roulera du 17 juin au 19 juillet 2019 inclus. L&#8217;affiche de l&#8217;Avis au Public&nbsp;: ici Consultation publique relative au nouveau Plan de Pr\u00e9vention du Bruit dans l&#8217;Environnement La consultation publique se d\u00e9roulera du 24 avril au 25 [&hellip;]<\/p>\n","protected":false},"author":2,"featured_media":0,"parent":1176,"menu_order":0,"comment_status":"closed","ping_status":"closed","template":"","meta":{"wikipediapreview_detectlinks":true,"ngg_post_thumbnail":0,"footnotes":""},"class_list":["post-486","page","type-page","status-publish","hentry"],"jetpack_sharing_enabled":true,"_links":{"self":[{"href":"https:\/\/cellieu.fr\/press3\/mairie\/wp-json\/wp\/v2\/pages\/486","targetHints":{"allow":["GET"]}}],"collection":[{"href":"https:\/\/cellieu.fr\/press3\/mairie\/wp-json\/wp\/v2\/pages"}],"about":[{"href":"https:\/\/cellieu.fr\/press3\/mairie\/wp-json\/wp\/v2\/types\/page"}],"author":[{"embeddable":true,"href":"https:\/\/cellieu.fr\/press3\/mairie\/wp-json\/wp\/v2\/users\/2"}],"replies":[{"embeddable":true,"href":"https:\/\/cellieu.fr\/press3\/mairie\/wp-json\/wp\/v2\/comments?post=486"}],"version-history":[{"count":12,"href":"https:\/\/cellieu.fr\/press3\/mairie\/wp-json\/wp\/v2\/pages\/486\/revisions"}],"predecessor-version":[{"id":5611,"href":"https:\/\/cellieu.fr\/press3\/mairie\/wp-json\/wp\/v2\/pages\/486\/revisions\/5611"}],"up":[{"embeddable":true,"href":"https:\/\/cellieu.fr\/press3\/mairie\/wp-json\/wp\/v2\/pages\/1176"}],"wp:attachment":[{"href":"https:\/\/cellieu.fr\/press3\/mairie\/wp-json\/wp\/v2\/media?parent=486"}],"curies":[{"name":"wp","href":"https:\/\/api.w.org\/{rel}","templated":true}]}}