{"id":492,"date":"2014-07-17T21:15:29","date_gmt":"2014-07-17T20:15:29","guid":{"rendered":"http:\/\/cellieu.fr\/press3\/mairie\/?page_id=492"},"modified":"2025-12-29T14:15:55","modified_gmt":"2025-12-29T13:15:55","slug":"entreprises","status":"publish","type":"page","link":"https:\/\/cellieu.fr\/press3\/mairie\/decouvrir\/entreprises\/","title":{"rendered":"Entreprises"},"content":{"rendered":"<table style=\"width: 90%\" border=\"1\" width=\"90%\" cellpadding=\"5\" align=\"center\">\n<tbody>\n<tr>\n<td style=\"vertical-align: middle;width: 11.7647%\" align=\"center\" nowrap=\"nowrap\">\n<h3>Activit\u00e9<\/h3>\n<\/td>\n<td style=\"vertical-align: middle;width: 17.7419%\" align=\"center\" nowrap=\"nowrap\">\n<h3>Nom de l&#8217;Entreprise<\/h3>\n<\/td>\n<td style=\"vertical-align: middle;width: 10.1518%\" align=\"center\" nowrap=\"nowrap\">\n<h3>Adresse<\/h3>\n<\/td>\n<td style=\"vertical-align: middle;width: 20.1139%\" align=\"center\" nowrap=\"nowrap\">\n<h3>Tel \/ Fax<\/h3>\n<\/td>\n<td style=\"vertical-align: middle;width: 39.0892%\" align=\"center\" nowrap=\"nowrap\">\n<h3>Site Web \/ Email<\/h3>\n<\/td>\n<\/tr>\n<tr>\n<td style=\"vertical-align: middle;width: 11.7647%\">Centre \u00e9questre Ecuries de propri\u00e9taires<\/td>\n<td style=\"vertical-align: middle;width: 17.7419%\">Les Ecuries du DOMAINE de CHABOUD<\/td>\n<td style=\"vertical-align: middle;width: 10.1518%\">869 Route du Val Fleury\u00a0 42320 Cellieu<\/td>\n<td style=\"vertical-align: middle;width: 20.1139%\">06.09.06.46.14 04.77.73.13.04<\/td>\n<td style=\"vertical-align: middle;width: 39.0892%\" nowrap=\"nowrap\"><a href=\"http:\/\/www.domaine-de-chaboud.com\/\" target=\"_blank\" rel=\"noopener\">www.domaine-de-chaboud.com<\/a> <a href=\"mailto:ecuriesdc@hotmail.com\">ecuriesdc@hotmail.com<\/a><\/td>\n<\/tr>\n<tr>\n<td style=\"vertical-align: middle;width: 11.7647%\">Entrepreneur T.P.<\/td>\n<td style=\"vertical-align: middle;width: 17.7419%\">SERRE Guy<\/td>\n<td style=\"vertical-align: middle;width: 10.1518%\">80 Impasse des Granges\u00a0 42320 Cellieu<\/td>\n<td style=\"vertical-align: middle;width: 20.1139%\">04.77.73.94.0806.86.70.07.98<\/td>\n<td style=\"vertical-align: middle;width: 39.0892%\"><\/td>\n<\/tr>\n<tr>\n<td style=\"vertical-align: middle;width: 11.7647%\">Espace beaut\u00e9<\/td>\n<td style=\"vertical-align: middle;width: 17.7419%\">Keiko Diamond<\/td>\n<td style=\"vertical-align: middle;width: 10.1518%\">\u00a0Route de Couttanges\u00a0 42320 Cellieu<\/td>\n<td style=\"vertical-align: middle;width: 20.1139%\">06.22.17.21.04<\/td>\n<td style=\"vertical-align: middle;width: 39.0892%\"><\/td>\n<\/tr>\n<tr>\n<td style=\"vertical-align: middle;width: 11.7647%\">Electricit\u00e9 G\u00e9n\u00e9rale<\/td>\n<td style=\"vertical-align: middle;width: 17.7419%\">Fabelec<\/p>\n<p>M. CHAPELLE Fabrice<\/td>\n<td style=\"vertical-align: middle;width: 10.1518%\">\u00a01940 Route de l&#8217;Aqueduc 42320 Cellieu<\/td>\n<td style=\"vertical-align: middle;width: 20.1139%\">06.09.69.76.30<\/td>\n<td style=\"vertical-align: middle;width: 39.0892%\">chapellefa@sfr.fr<\/td>\n<\/tr>\n<tr>\n<td style=\"vertical-align: middle;width: 11.7647%\" rowspan=\"2\">Garage et Carrosserie<\/td>\n<td style=\"vertical-align: middle;width: 17.7419%\">CHATAGNON &#8211; BAILLY SAS<\/td>\n<td style=\"vertical-align: middle;width: 10.1518%\">105 Mont\u00e9e de Chavillon 42320 Cellieu<\/td>\n<td style=\"vertical-align: middle;width: 20.1139%\">04.77.73.24.5206.11.30.54.26<\/td>\n<td style=\"vertical-align: middle;width: 39.0892%\"><a href=\"mailto:garage.chatagnon@hotmail.fr\">garage.chatagnon@hotmail.fr<\/a><\/td>\n<\/tr>\n<tr>\n<td style=\"vertical-align: middle;width: 17.7419%\">American Muscle Car<\/td>\n<td style=\"vertical-align: middle;width: 10.1518%\">363 Rue du Grand Chemin 42320 Cellieu<\/td>\n<td style=\"vertical-align: middle;width: 20.1139%\">06.79.76.85.02<\/td>\n<td style=\"vertical-align: middle;width: 39.0892%\" nowrap=\"nowrap\"><a href=\"http:\/\/www.american-muscle-car.fr\/\" target=\"_Blank\" rel=\"noopener\">www.american-muscle-car.fr<\/a> <a href=\"mailto:contactmusclecar@aol.com\">contactmusclecar@aol.com<\/a><\/td>\n<\/tr>\n<tr>\n<td style=\"vertical-align: middle;width: 11.7647%\" rowspan=\"3\">Ma\u00e7onnerie<\/td>\n<td style=\"vertical-align: middle;width: 17.7419%\">BASSON Bernard<\/td>\n<td style=\"vertical-align: middle;width: 10.1518%\">Route de Grand Croix 42320 Cellieu<\/td>\n<td style=\"vertical-align: middle;width: 20.1139%\">04.77.73.69.04<\/td>\n<td style=\"vertical-align: middle;width: 39.0892%\"><\/td>\n<\/tr>\n<tr>\n<td style=\"vertical-align: middle;width: 17.7419%\">Entreprise FAYOLLE<\/td>\n<td style=\"vertical-align: middle;width: 10.1518%\">Route de Cerveau 42320 Cellieu<\/td>\n<td style=\"vertical-align: middle;width: 20.1139%\">04.77.20.89.18<\/td>\n<td style=\"vertical-align: middle;width: 39.0892%\"><\/td>\n<\/tr>\n<tr>\n<td style=\"vertical-align: middle;width: 17.7419%\">LAROCHE Patrick<\/td>\n<td style=\"vertical-align: middle;width: 10.1518%\">386 Route de Couttanges 42320 Cellieu<\/td>\n<td style=\"vertical-align: middle;width: 20.1139%\">04.77.73.40.6206.07.25.49.23<\/td>\n<td style=\"vertical-align: middle;width: 39.0892%\"><\/td>\n<\/tr>\n<tr>\n<td style=\"vertical-align: middle;width: 11.7647%\">Menuiserie<\/td>\n<td style=\"vertical-align: middle;width: 17.7419%\">FAYOLLE Fr\u00e9d\u00e9ric<\/td>\n<td style=\"vertical-align: middle;width: 10.1518%\">468 Route de Grand Croix 42320 Cellieu<\/td>\n<td style=\"vertical-align: middle;width: 20.1139%\">06.64.89.04.39 04.77.73.57.62<\/td>\n<td style=\"vertical-align: middle;width: 39.0892%\"><a href=\"http:\/\/www.menuiserie-fayolle.fr\/\" target=\"_Blank\" rel=\"noopener\">www.menuiserie-fayolle.fr<\/a> <a href=\"mailto:contact@menuiserie-fayolle.fr\">contact@menuiserie-fayolle.fr<\/a><\/td>\n<\/tr>\n<tr>\n<td style=\"vertical-align: middle;width: 11.7647%\">Micro-Cr\u00e8che<\/td>\n<td style=\"vertical-align: middle;width: 17.7419%\">Petit \u00e0 Petit<\/td>\n<td style=\"vertical-align: middle;width: 10.1518%\">121 Rue du Bois des C\u00f4tes &#8211; 42320 Cellieu<\/td>\n<td style=\"vertical-align: middle;width: 20.1139%\">04.77.93.97.62<\/td>\n<td style=\"vertical-align: middle;width: 39.0892%\" nowrap=\"nowrap\"><\/td>\n<\/tr>\n<tr>\n<td style=\"vertical-align: middle;width: 11.7647%\" rowspan=\"2\">Paysagiste<\/td>\n<td style=\"vertical-align: middle;width: 17.7419%\">JOMARD Patrick<\/td>\n<td style=\"vertical-align: middle;width: 10.1518%\">74 Rue du Bois des C\u00f4tes &#8211; 42320 Cellieu<\/td>\n<td style=\"vertical-align: middle;width: 20.1139%\">04.77.73.20.94 06.70.12.89.31<\/td>\n<td style=\"vertical-align: middle;width: 39.0892%\"><a href=\"mailto:patrick.jomard42@sfr.fr\">patrick.jomard42@sfr.fr<\/a><\/td>\n<\/tr>\n<tr>\n<td style=\"vertical-align: middle;width: 17.7419%\">P\u00e9pini\u00e8res du Jarez<\/td>\n<td style=\"vertical-align: middle;width: 10.1518%\">77 Route de Grand-Croix\u00a0 42320 Cellieu<\/td>\n<td style=\"vertical-align: middle;width: 20.1139%\">04.77.29.70.13<\/td>\n<td style=\"vertical-align: middle;width: 39.0892%\"><\/td>\n<\/tr>\n<tr>\n<td style=\"vertical-align: middle;width: 11.7647%\">Peinture<\/td>\n<td style=\"vertical-align: middle;width: 17.7419%\">PC Peinture<\/td>\n<td style=\"vertical-align: middle;width: 10.1518%\">63 Chemin de Collenon\u00a0 42320 Cellieu<\/td>\n<td style=\"vertical-align: middle;width: 20.1139%\">04.77.73.49.63 06.88.74.68.22<\/td>\n<td style=\"vertical-align: middle;width: 39.0892%\"><\/td>\n<\/tr>\n<tr>\n<td style=\"vertical-align: middle;width: 11.7647%\">Plombier<\/td>\n<td style=\"vertical-align: middle;width: 17.7419%\">SARL B et G MONTEILLER<\/td>\n<td style=\"vertical-align: middle;width: 10.1518%\">24 Rue du Grand Chemin\u00a0 42320 Cellieu<\/td>\n<td style=\"vertical-align: middle;width: 20.1139%\">04.77.73.08.43 04.77.73.15.39<\/td>\n<td style=\"vertical-align: middle;width: 39.0892%\"><\/td>\n<\/tr>\n<tr>\n<td style=\"vertical-align: middle;width: 11.7647%\">Petits travaux de jardinage<\/td>\n<td style=\"vertical-align: middle;width: 17.7419%\">JAREZ PAYSAGES SERVICES<\/td>\n<td style=\"vertical-align: middle;width: 10.1518%\">77 Route de la Grand Croix &#8211; 42320 Cellieu<\/td>\n<td style=\"vertical-align: middle;width: 20.1139%\">04.77.29.70.13<\/td>\n<td style=\"vertical-align: middle;width: 39.0892%\" nowrap=\"nowrap\"><\/td>\n<\/tr>\n<tr>\n<td style=\"vertical-align: middle;width: 11.7647%\">Artisan m\u00e9tallier<\/td>\n<td style=\"vertical-align: middle;width: 17.7419%\">M.HAMOUM\u00a0 Jean-Michel<\/td>\n<td style=\"vertical-align: middle;width: 10.1518%\">371 Route de l&#8217;Aqueduc\u00a0 42320 Cellieu<\/td>\n<td style=\"vertical-align: middle;width: 20.1139%\">06.03.75.14.65<\/td>\n<td style=\"vertical-align: middle;width: 39.0892%\" nowrap=\"nowrap\">jm.hamoum@orange.fr<\/td>\n<\/tr>\n<tr>\n<td style=\"vertical-align: middle;width: 11.7647%\">Diagnostics immobiliers<\/td>\n<td style=\"vertical-align: middle;width: 17.7419%\">DIAGOTEC<\/td>\n<td style=\"vertical-align: middle;width: 10.1518%\">481Rue du\u00a0 Grand chemin &#8211; 42320 Cellieu<\/td>\n<td style=\"vertical-align: middle;width: 20.1139%\">06.08.54.71.99<\/td>\n<td style=\"vertical-align: middle;width: 39.0892%\" nowrap=\"nowrap\">contact@diagotec.com www.diagotec.com<\/td>\n<\/tr>\n<tr>\n<td style=\"vertical-align: middle;width: 11.7647%\">Coordonnateur\u00a0 SPS<\/td>\n<td style=\"vertical-align: middle;width: 17.7419%\">ROYER\u00a0CSPS<\/td>\n<td style=\"vertical-align: middle;width: 10.1518%\">626 Route de Cerveau 42320 Cellieu<\/td>\n<td style=\"vertical-align: middle;width: 20.1139%\">04.77.20.70.22<\/td>\n<td style=\"vertical-align: middle;width: 39.0892%\" nowrap=\"nowrap\">\u00a0sarlroyercsps@sfr.fr<\/td>\n<\/tr>\n<\/tbody>\n<\/table>\n","protected":false},"excerpt":{"rendered":"<p>Activit\u00e9 Nom de l&#8217;Entreprise Adresse Tel \/ Fax Site Web \/ Email Centre \u00e9questre Ecuries de propri\u00e9taires Les Ecuries du DOMAINE de CHABOUD 869 Route du Val Fleury\u00a0 42320 Cellieu 06.09.06.46.14 04.77.73.13.04 www.domaine-de-chaboud.com ecuriesdc@hotmail.com Entrepreneur T.P. SERRE Guy 80 Impasse des Granges\u00a0 42320 Cellieu 04.77.73.94.0806.86.70.07.98 Espace beaut\u00e9 Keiko Diamond \u00a0Route de Couttanges\u00a0 42320 Cellieu 06.22.17.21.04 [&hellip;]<\/p>\n","protected":false},"author":2,"featured_media":0,"parent":507,"menu_order":0,"comment_status":"closed","ping_status":"closed","template":"","meta":{"wikipediapreview_detectlinks":true,"ngg_post_thumbnail":0,"footnotes":""},"class_list":["post-492","page","type-page","status-publish","hentry"],"jetpack_sharing_enabled":true,"_links":{"self":[{"href":"https:\/\/cellieu.fr\/press3\/mairie\/wp-json\/wp\/v2\/pages\/492","targetHints":{"allow":["GET"]}}],"collection":[{"href":"https:\/\/cellieu.fr\/press3\/mairie\/wp-json\/wp\/v2\/pages"}],"about":[{"href":"https:\/\/cellieu.fr\/press3\/mairie\/wp-json\/wp\/v2\/types\/page"}],"author":[{"embeddable":true,"href":"https:\/\/cellieu.fr\/press3\/mairie\/wp-json\/wp\/v2\/users\/2"}],"replies":[{"embeddable":true,"href":"https:\/\/cellieu.fr\/press3\/mairie\/wp-json\/wp\/v2\/comments?post=492"}],"version-history":[{"count":21,"href":"https:\/\/cellieu.fr\/press3\/mairie\/wp-json\/wp\/v2\/pages\/492\/revisions"}],"predecessor-version":[{"id":14577,"href":"https:\/\/cellieu.fr\/press3\/mairie\/wp-json\/wp\/v2\/pages\/492\/revisions\/14577"}],"up":[{"embeddable":true,"href":"https:\/\/cellieu.fr\/press3\/mairie\/wp-json\/wp\/v2\/pages\/507"}],"wp:attachment":[{"href":"https:\/\/cellieu.fr\/press3\/mairie\/wp-json\/wp\/v2\/media?parent=492"}],"curies":[{"name":"wp","href":"https:\/\/api.w.org\/{rel}","templated":true}]}}