{"id":495,"date":"2014-07-17T21:15:51","date_gmt":"2014-07-17T20:15:51","guid":{"rendered":"http:\/\/cellieu.fr\/press3\/mairie\/?page_id=495"},"modified":"2025-05-05T08:56:55","modified_gmt":"2025-05-05T07:56:55","slug":"associations","status":"publish","type":"page","link":"https:\/\/cellieu.fr\/press3\/mairie\/decouvrir\/associations\/","title":{"rendered":"Associations"},"content":{"rendered":"<table style=\"width: 89.7824%;height: 1319px\" border=\"1\" width=\"90%\" cellpadding=\"5\" align=\"center\">\n<tbody>\n<tr style=\"height: 61px\">\n<td style=\"height: 61px;vertical-align: middle\" align=\"center\" nowrap=\"nowrap\">\n<h3>Logo<\/h3>\n<\/td>\n<td style=\"height: 61px;vertical-align: middle\" align=\"center\" nowrap=\"nowrap\">\n<h3>Nom de l&#8217;Association<\/h3>\n<\/td>\n<td style=\"height: 61px;vertical-align: middle\" align=\"center\" nowrap=\"nowrap\">\n<h3>Pr\u00e9sident<\/h3>\n<\/td>\n<td style=\"height: 61px;vertical-align: middle\" align=\"center\" nowrap=\"nowrap\">\n<h3>Site Web \/ Email<\/h3>\n<\/td>\n<\/tr>\n<tr style=\"height: 69px\">\n<td style=\"height: 69px;vertical-align: middle\"><\/td>\n<td style=\"height: 69px;vertical-align: middle\">ACCA<br \/>\nAssociation Communale de Chasse Agr\u00e9\u00e9e<\/td>\n<td style=\"height: 69px;vertical-align: middle\">M. PROST Julien<\/td>\n<td style=\"height: 69px;vertical-align: middle\"><a href=\"mailto:asso-acca@cellieu.fr\">asso-acca@cellieu.fr<\/a><\/td>\n<\/tr>\n<tr style=\"height: 46px\">\n<td style=\"height: 46px;vertical-align: middle\"><\/td>\n<td style=\"height: 46px;vertical-align: middle\">ANCIENS COMBATTANTS<\/td>\n<td style=\"height: 46px;vertical-align: middle\">M. FONTVIEILLE Louis<\/td>\n<td style=\"height: 46px;vertical-align: middle\"><a href=\"mailto:asso-anciens-combattants@cellieu.fr\">asso-anciens-combattants@cellieu.fr<\/a><\/td>\n<\/tr>\n<tr style=\"height: 24px\">\n<td style=\"vertical-align: middle;height: 24px\"><\/td>\n<td style=\"vertical-align: middle;height: 24px\">APCC<\/td>\n<td style=\"vertical-align: middle;height: 24px\"><\/td>\n<td style=\"vertical-align: middle;height: 24px\"><a href=\"mailto:apcc.42@yahoo.com\">apcc.42@yahoo.com<\/a><\/td>\n<\/tr>\n<tr style=\"height: 69px\">\n<td style=\"height: 69px;vertical-align: middle\"><\/td>\n<td style=\"height: 69px;vertical-align: middle\">APEL<br \/>\nAssociation des Parents de l&#8217;Enseignement Libre<\/td>\n<td style=\"height: 69px;vertical-align: middle\">Mme COUTURIER M\u00e9lanie pr\u00e9sidente<\/p>\n<p>Madame CURABA M\u00e9lissande vice-pr\u00e9sidente<\/td>\n<td style=\"height: 69px;vertical-align: middle\"><a href=\"mailto:asso-apel@cellieu.fr\">asso-apel@cellieu.fr<\/a><\/td>\n<\/tr>\n<tr style=\"height: 46px\">\n<td style=\"height: 46px;vertical-align: middle\"><\/td>\n<td style=\"height: 46px;vertical-align: middle\">ASSOCIATION DES CAVALIERS DU DOMAINE DE CHABOUD<\/td>\n<td style=\"height: 46px;vertical-align: middle\">M. GRANOTTIER Jean-Yves<\/td>\n<td style=\"height: 46px;vertical-align: middle\"><a href=\"mailto:asso-contact-domaine-chaboud@cellieu.fr\">asso-contact-domaine-chaboud@cellieu.fr<\/a><\/td>\n<\/tr>\n<tr style=\"height: 24px\">\n<td style=\"height: 24px;vertical-align: middle\"><\/td>\n<td style=\"height: 24px;vertical-align: middle\">CLUB LOISIRS AMITIE<\/td>\n<td style=\"height: 24px;vertical-align: middle\">Mme MAZENCIEUX<\/td>\n<td style=\"height: 24px;vertical-align: middle\"><a href=\"mailto:asso-club-loisirs-amitie@cellieu.fr\">asso-club-loisirs-amitie@cellieu.fr<\/a><\/td>\n<\/tr>\n<tr style=\"height: 139px\">\n<td style=\"height: 139px;vertical-align: middle\"><a href=\"https:\/\/cellieu.fr\/press3\/mairie\/wp-content\/uploads\/sites\/2\/2014\/07\/logo_fleurissement.jpg\"><img loading=\"lazy\" decoding=\"async\" class=\"aligncenter size-thumbnail wp-image-941\" src=\"https:\/\/cellieu.fr\/press3\/mairie\/wp-content\/uploads\/sites\/2\/2014\/07\/logo_fleurissement-150x150.jpg\" alt=\"logo_fleurissement\" width=\"150\" height=\"150\" srcset=\"https:\/\/cellieu.fr\/press3\/mairie\/wp-content\/uploads\/sites\/2\/2014\/07\/logo_fleurissement-150x150.jpg 150w, https:\/\/cellieu.fr\/press3\/mairie\/wp-content\/uploads\/sites\/2\/2014\/07\/logo_fleurissement-144x144.jpg 144w\" sizes=\"auto, (max-width: 150px) 100vw, 150px\" \/><\/a><\/td>\n<td style=\"height: 139px;vertical-align: middle\">COMITE DE FLEURISSEMENT<\/td>\n<td style=\"height: 139px;vertical-align: middle\">M. BENIERE Marc<\/td>\n<td style=\"height: 139px;vertical-align: middle\"><a href=\"https:\/\/www.cellieu.fr\/comite-de-fleurissement\/\" target=\"_blank\" rel=\"noopener noreferrer\">https:\/\/www.cellieu.fr\/comite-de-fleurissement\/<\/a><\/p>\n<p><a href=\"mailto:asso-comite-de-fleurissement@cellieu.fr\">asso-comite-de-fleurissement@cellieu.fr<\/a><\/td>\n<\/tr>\n<tr style=\"height: 116px\">\n<td style=\"height: 116px;vertical-align: middle\">\u00a0<a href=\"https:\/\/cellieu.fr\/press3\/mairie\/wp-content\/uploads\/sites\/2\/2016\/11\/Logo_CDF.png\"><img loading=\"lazy\" decoding=\"async\" class=\"aligncenter size-thumbnail wp-image-3741\" src=\"https:\/\/cellieu.fr\/press3\/mairie\/wp-content\/uploads\/sites\/2\/2016\/11\/Logo_CDF-150x150.png\" alt=\"\" width=\"150\" height=\"150\" srcset=\"https:\/\/cellieu.fr\/press3\/mairie\/wp-content\/uploads\/sites\/2\/2016\/11\/Logo_CDF-150x150.png 150w, https:\/\/cellieu.fr\/press3\/mairie\/wp-content\/uploads\/sites\/2\/2016\/11\/Logo_CDF-144x144.png 144w\" sizes=\"auto, (max-width: 150px) 100vw, 150px\" \/><\/a><\/td>\n<td style=\"height: 116px;vertical-align: middle\">COMITE DES FETES<\/td>\n<td style=\"height: 116px;vertical-align: middle\">M. Vialla<\/td>\n<td style=\"height: 116px;vertical-align: middle\"><a href=\"https:\/\/www.cellieu.fr\/cdf\" target=\"_blank\" rel=\"noopener noreferrer\">https:\/\/www.cellieu.fr\/cdf<\/a><br \/>\n<a href=\"mailto:asso-comite-des-fetes@cellieu.fr\">asso-comite-des-fetes@cellieu.fr<\/a><\/td>\n<\/tr>\n<tr style=\"height: 133px\">\n<td style=\"height: 133px;vertical-align: middle\"><a href=\"https:\/\/cellieu.fr\/press3\/mairie\/wp-content\/uploads\/sites\/2\/2019\/10\/Logo-JarezSolidarite.jpg\"><img loading=\"lazy\" decoding=\"async\" class=\"aligncenter wp-image-5789 size-thumbnail\" src=\"https:\/\/cellieu.fr\/press3\/mairie\/wp-content\/uploads\/sites\/2\/2019\/10\/Logo-JarezSolidarite-150x150.jpg\" alt=\"\" width=\"150\" height=\"150\" srcset=\"https:\/\/cellieu.fr\/press3\/mairie\/wp-content\/uploads\/sites\/2\/2019\/10\/Logo-JarezSolidarite-150x150.jpg 150w, https:\/\/cellieu.fr\/press3\/mairie\/wp-content\/uploads\/sites\/2\/2019\/10\/Logo-JarezSolidarite-300x300.jpg 300w, https:\/\/cellieu.fr\/press3\/mairie\/wp-content\/uploads\/sites\/2\/2019\/10\/Logo-JarezSolidarite-768x768.jpg 768w, https:\/\/cellieu.fr\/press3\/mairie\/wp-content\/uploads\/sites\/2\/2019\/10\/Logo-JarezSolidarite-1024x1024.jpg 1024w, https:\/\/cellieu.fr\/press3\/mairie\/wp-content\/uploads\/sites\/2\/2019\/10\/Logo-JarezSolidarite-144x144.jpg 144w, https:\/\/cellieu.fr\/press3\/mairie\/wp-content\/uploads\/sites\/2\/2019\/10\/Logo-JarezSolidarite-624x624.jpg 624w\" sizes=\"auto, (max-width: 150px) 100vw, 150px\" \/><\/a><\/td>\n<td style=\"height: 133px;vertical-align: middle\">JAREZ SOLIDARITES<\/td>\n<td style=\"height: 133px;vertical-align: middle\">Mme BRUERS Pascale<\/td>\n<td style=\"height: 133px;vertical-align: middle\"><a href=\"http:\/\/accueilmigrantsvalfy.free.fr\/\" target=\"_blank\" rel=\"noopener noreferrer\">http:\/\/accueilmigrantsvalfy.free.fr\/<\/a><\/p>\n<p><a href=\"mailto:asso-jarez-solidarites@cellieu.fr\">asso-jarez-solidarites@cellieu.fr<\/a><\/p>\n<p>&nbsp;<\/td>\n<\/tr>\n<tr style=\"height: 94px\">\n<td style=\"height: 94px;vertical-align: middle\"><img loading=\"lazy\" decoding=\"async\" class=\"alignnone size-medium wp-image-9516\" src=\"https:\/\/cellieu.fr\/press3\/mairie\/wp-content\/uploads\/sites\/2\/2022\/11\/logo-jsc-2020-278x300.jpg\" alt=\"\" width=\"278\" height=\"300\" srcset=\"https:\/\/cellieu.fr\/press3\/mairie\/wp-content\/uploads\/sites\/2\/2022\/11\/logo-jsc-2020-278x300.jpg 278w, https:\/\/cellieu.fr\/press3\/mairie\/wp-content\/uploads\/sites\/2\/2022\/11\/logo-jsc-2020-948x1024.jpg 948w, https:\/\/cellieu.fr\/press3\/mairie\/wp-content\/uploads\/sites\/2\/2022\/11\/logo-jsc-2020-768x829.jpg 768w, https:\/\/cellieu.fr\/press3\/mairie\/wp-content\/uploads\/sites\/2\/2022\/11\/logo-jsc-2020-624x674.jpg 624w, https:\/\/cellieu.fr\/press3\/mairie\/wp-content\/uploads\/sites\/2\/2022\/11\/logo-jsc-2020.jpg 1080w\" sizes=\"auto, (max-width: 278px) 100vw, 278px\" \/><\/td>\n<td style=\"height: 94px;vertical-align: middle\">JEUNESSE SPORTIVE DE CELLIEU<br \/>\nClub de Football<\/td>\n<td style=\"height: 94px;vertical-align: middle\">M.MAREE Patrick<\/td>\n<td style=\"height: 94px;vertical-align: middle\"><a href=\"http:\/\/www.jscellieu.fr\" target=\"_blank\" rel=\"noopener noreferrer\">http:\/\/www.jscellieu.fr<\/a><\/p>\n<p><a href=\"mailto:asso-jsc@cellieu.fr\">asso-jsc@cellieu.fr<\/a><\/td>\n<\/tr>\n<tr style=\"height: 24px\">\n<td style=\"vertical-align: middle;height: 24px\"><\/td>\n<td style=\"vertical-align: middle;height: 24px\"><\/td>\n<td style=\"vertical-align: middle;height: 24px\"><\/td>\n<td style=\"vertical-align: middle;height: 24px\"><\/td>\n<\/tr>\n<tr style=\"height: 94px\">\n<td style=\"height: 94px;vertical-align: middle\"><a href=\"https:\/\/cellieu.fr\/press3\/mairie\/wp-content\/uploads\/sites\/2\/2014\/07\/logo_mpt.jpg\"><img loading=\"lazy\" decoding=\"async\" class=\"aligncenter size-thumbnail wp-image-943\" src=\"https:\/\/cellieu.fr\/press3\/mairie\/wp-content\/uploads\/sites\/2\/2014\/07\/logo_mpt-150x150.jpg\" alt=\"logo_mpt\" width=\"150\" height=\"150\" srcset=\"https:\/\/cellieu.fr\/press3\/mairie\/wp-content\/uploads\/sites\/2\/2014\/07\/logo_mpt-150x150.jpg 150w, https:\/\/cellieu.fr\/press3\/mairie\/wp-content\/uploads\/sites\/2\/2014\/07\/logo_mpt-144x144.jpg 144w\" sizes=\"auto, (max-width: 150px) 100vw, 150px\" \/><\/a><\/td>\n<td style=\"height: 94px;vertical-align: middle\">MAISON POUR TOUS<\/td>\n<td style=\"height: 94px;vertical-align: middle\">Mme Maras<\/p>\n<p>Mme Detcheverry<\/p>\n<p>&nbsp;<\/td>\n<td style=\"height: 94px;vertical-align: middle\"><a href=\"http:\/\/www.mptcellieu.fr\/\">http:\/\/www.mptcellieu.fr\/<\/a><br \/>\n<a href=\"mailto:asso-mpt@cellieu.fr\">asso-mpt@cellieu.fr<\/a><\/td>\n<\/tr>\n<tr style=\"height: 69px\">\n<td style=\"height: 69px;vertical-align: middle\"><\/td>\n<td style=\"height: 69px;vertical-align: middle\">OGEC<br \/>\nOrganisme de Gestion des Ecole Catholiques<\/td>\n<td style=\"height: 69px;vertical-align: middle\"><\/td>\n<td style=\"height: 69px;vertical-align: middle\"><a href=\"mailto:asso-ogec@cellieu.fr\">asso-ogec@cellieu.fr<\/a><\/td>\n<\/tr>\n<tr style=\"height: 94px\">\n<td style=\"height: 94px;vertical-align: middle\"><a href=\"https:\/\/cellieu.fr\/press3\/mairie\/wp-content\/uploads\/sites\/2\/2014\/07\/logo_skcc.jpg\"><img loading=\"lazy\" decoding=\"async\" class=\"aligncenter size-thumbnail wp-image-944\" src=\"https:\/\/cellieu.fr\/press3\/mairie\/wp-content\/uploads\/sites\/2\/2014\/07\/logo_skcc-150x150.jpg\" alt=\"logo_skcc\" width=\"150\" height=\"150\" srcset=\"https:\/\/cellieu.fr\/press3\/mairie\/wp-content\/uploads\/sites\/2\/2014\/07\/logo_skcc-150x150.jpg 150w, https:\/\/cellieu.fr\/press3\/mairie\/wp-content\/uploads\/sites\/2\/2014\/07\/logo_skcc-144x144.jpg 144w\" sizes=\"auto, (max-width: 150px) 100vw, 150px\" \/><\/a><\/td>\n<td style=\"height: 94px;vertical-align: middle\">SEIGYO\u00a0KARATE CLUB DE CELLIEU<br \/>\nClub de Karat\u00e9<\/td>\n<td style=\"height: 94px;vertical-align: middle\">M. LAMARCA Henri<\/td>\n<td style=\"height: 94px;vertical-align: middle\"><a href=\"http:\/\/www.skcc.fr\/\" target=\"_Blank\" rel=\"noopener noreferrer\">http:\/\/www.skcc.fr<\/a><br \/>\n<a href=\"mailto:asso-skcc@cellieu.fr\">asso-skcc@cellieu.fr<\/a><\/td>\n<\/tr>\n<tr style=\"height: 116px\">\n<td style=\"height: 116px;vertical-align: middle\">\u00a0<a href=\"https:\/\/cellieu.fr\/press3\/mairie\/wp-content\/uploads\/sites\/2\/2017\/06\/logo_sou_des_ecoles.jpg\"><img loading=\"lazy\" decoding=\"async\" class=\"aligncenter size-thumbnail wp-image-4210\" src=\"https:\/\/cellieu.fr\/press3\/mairie\/wp-content\/uploads\/sites\/2\/2017\/06\/logo_sou_des_ecoles-150x150.jpg\" alt=\"\" width=\"150\" height=\"150\" srcset=\"https:\/\/cellieu.fr\/press3\/mairie\/wp-content\/uploads\/sites\/2\/2017\/06\/logo_sou_des_ecoles-150x150.jpg 150w, https:\/\/cellieu.fr\/press3\/mairie\/wp-content\/uploads\/sites\/2\/2017\/06\/logo_sou_des_ecoles-144x144.jpg 144w\" sizes=\"auto, (max-width: 150px) 100vw, 150px\" \/><\/a><\/td>\n<td style=\"height: 116px;vertical-align: middle\">SOU DES ECOLES<\/td>\n<td style=\"height: 116px;vertical-align: middle\">Mme CHATAGNON M\u00e9lissa<\/td>\n<td style=\"height: 116px;vertical-align: middle\"><a href=\"https:\/\/cellieu.fr\/sou-des-ecoles\/\" target=\"_blank\" rel=\"noopener noreferrer\">https:\/\/cellieu.fr\/sou-des-ecoles\/<\/a><br \/>\n<a href=\"mailto:asso-sou-des-ecoles@cellieu.fr\">asso-sou-des-ecoles@cellieu.fr<\/a><\/td>\n<\/tr>\n<tr style=\"height: 91px\">\n<td style=\"height: 91px;vertical-align: middle\"><\/td>\n<td style=\"height: 91px;vertical-align: middle\">UN GRAND PAS POUR SARAH<\/td>\n<td style=\"height: 91px;vertical-align: middle\">Mme TERRASSE Aur\u00e9lie<\/td>\n<td style=\"height: 91px;vertical-align: middle\"><a href=\"http:\/\/ungrandpaspoursarah.e-monsite.com\/\" target=\"_Blank\" rel=\"noopener noreferrer\">http:\/\/ungrandpaspoursarah.e-monsite.com<\/a><br \/>\n<a href=\"mailto:asso-un-grand-pas-pour-sarah@cellieu.fr\">asso-un-grand-pas-pour-sarah@cellieu.fr<\/a><\/td>\n<\/tr>\n<tr style=\"height: 46px\">\n<td style=\"height: 10px;vertical-align: middle\"><\/td>\n<td style=\"height: 10px;vertical-align: middle\"><\/td>\n<td style=\"height: 10px;vertical-align: middle\"><\/td>\n<td style=\"height: 10px;vertical-align: middle\"><\/td>\n<\/tr>\n<\/tbody>\n<\/table>\n<p style=\"text-align: center\">\n","protected":false},"excerpt":{"rendered":"<p>Logo Nom de l&#8217;Association Pr\u00e9sident Site Web \/ Email ACCA Association Communale de Chasse Agr\u00e9\u00e9e M. PROST Julien asso-acca@cellieu.fr ANCIENS COMBATTANTS M. FONTVIEILLE Louis asso-anciens-combattants@cellieu.fr APCC apcc.42@yahoo.com APEL Association des Parents de l&#8217;Enseignement Libre Mme COUTURIER M\u00e9lanie pr\u00e9sidente Madame CURABA M\u00e9lissande vice-pr\u00e9sidente asso-apel@cellieu.fr ASSOCIATION DES CAVALIERS DU DOMAINE DE CHABOUD M. GRANOTTIER Jean-Yves asso-contact-domaine-chaboud@cellieu.fr CLUB [&hellip;]<\/p>\n","protected":false},"author":2,"featured_media":0,"parent":507,"menu_order":0,"comment_status":"closed","ping_status":"closed","template":"","meta":{"wikipediapreview_detectlinks":true,"ngg_post_thumbnail":0,"footnotes":""},"class_list":["post-495","page","type-page","status-publish","hentry"],"jetpack_sharing_enabled":true,"_links":{"self":[{"href":"https:\/\/cellieu.fr\/press3\/mairie\/wp-json\/wp\/v2\/pages\/495","targetHints":{"allow":["GET"]}}],"collection":[{"href":"https:\/\/cellieu.fr\/press3\/mairie\/wp-json\/wp\/v2\/pages"}],"about":[{"href":"https:\/\/cellieu.fr\/press3\/mairie\/wp-json\/wp\/v2\/types\/page"}],"author":[{"embeddable":true,"href":"https:\/\/cellieu.fr\/press3\/mairie\/wp-json\/wp\/v2\/users\/2"}],"replies":[{"embeddable":true,"href":"https:\/\/cellieu.fr\/press3\/mairie\/wp-json\/wp\/v2\/comments?post=495"}],"version-history":[{"count":33,"href":"https:\/\/cellieu.fr\/press3\/mairie\/wp-json\/wp\/v2\/pages\/495\/revisions"}],"predecessor-version":[{"id":13412,"href":"https:\/\/cellieu.fr\/press3\/mairie\/wp-json\/wp\/v2\/pages\/495\/revisions\/13412"}],"up":[{"embeddable":true,"href":"https:\/\/cellieu.fr\/press3\/mairie\/wp-json\/wp\/v2\/pages\/507"}],"wp:attachment":[{"href":"https:\/\/cellieu.fr\/press3\/mairie\/wp-json\/wp\/v2\/media?parent=495"}],"curies":[{"name":"wp","href":"https:\/\/api.w.org\/{rel}","templated":true}]}}