{"id":5006,"date":"2018-09-14T16:53:15","date_gmt":"2018-09-14T15:53:15","guid":{"rendered":"https:\/\/cellieu.fr\/press3\/mairie\/?page_id=5006"},"modified":"2019-03-31T20:35:03","modified_gmt":"2019-03-31T19:35:03","slug":"borne-de-recharge-des-vehicules-electriques","status":"publish","type":"page","link":"https:\/\/cellieu.fr\/press3\/mairie\/decouvrir\/equipements\/borne-de-recharge-des-vehicules-electriques\/","title":{"rendered":"Borne de recharge des v\u00e9hicules \u00e9lectriques"},"content":{"rendered":"<p>La place de Verdun est \u00e9quip\u00e9e d&#8217;une borne e-Totem de recharge pour v\u00e9hicules \u00e9lectriques, install\u00e9e par St Etienne M\u00e9tropole et g\u00e9r\u00e9e par le SIEL.<\/p>\n<p>Elle peut recharger deux v\u00e9hicules simultan\u00e9ment avec deux emplacements de charge, chacun ayant :<\/p>\n<ul>\n<li>une prise T2 (charge acc\u00e9l\u00e9r\u00e9e : 3kw \u00e0 22kw)<\/li>\n<li>une prise domestique&nbsp;<\/li>\n<\/ul>\n<p>La badge est gratuit, sur demande. Le co\u00fbt de la charge est de 0.03 \u20ac\/ minute (1.80\u20ac \/ heure), quelque soit la puissance (sous r\u00e9serve de modification par l&#8217;op\u00e9rateur).<\/p>\n<p>&nbsp;<\/p>\n<p>Plus d&#8217;informations sur les tarifs et les badges : <a href=\"https:\/\/www.mobiloire.fr\/\" target=\"_blank\" rel=\"noopener noreferrer\">ici<\/a><\/p>\n<p><a href=\"https:\/\/cellieu.fr\/press3\/mairie\/wp-content\/uploads\/sites\/2\/2018\/09\/2018-09-bornes_recharge_h.jpg\"><img loading=\"lazy\" decoding=\"async\" width=\"625\" height=\"833\" class=\"aligncenter wp-image-5009 size-large\" alt=\"\" src=\"https:\/\/cellieu.fr\/press3\/mairie\/wp-content\/uploads\/sites\/2\/2018\/09\/2018-09-bornes_recharge_h-e1536942954160-768x1024.jpg\"><\/a><\/p>\n<p>&nbsp;<\/p>\n<a href=\"https:\/\/cellieu.fr\/press3\/mairie\/wp-content\/uploads\/sites\/2\/2019\/03\/BAT-D\u00e9pliant-Mobiloire-2018-SEM.pdf\" class=\"pdfemb-viewer\" style=\"\" data-width=\"max\" data-height=\"max\" data-toolbar=\"bottom\" data-toolbar-fixed=\"off\">BAT D\u00e9pliant Mobiloire 2018 - SEM<\/a>\n<p>&nbsp;<\/p>\n","protected":false},"excerpt":{"rendered":"<p>La place de Verdun est \u00e9quip\u00e9e d&#8217;une borne e-Totem de recharge pour v\u00e9hicules \u00e9lectriques, install\u00e9e par St Etienne M\u00e9tropole et g\u00e9r\u00e9e par le SIEL. Elle peut recharger deux v\u00e9hicules simultan\u00e9ment avec deux emplacements de charge, chacun ayant : une prise T2 (charge acc\u00e9l\u00e9r\u00e9e : 3kw \u00e0 22kw) une prise domestique&nbsp; La badge est gratuit, sur [&hellip;]<\/p>\n","protected":false},"author":2,"featured_media":0,"parent":465,"menu_order":0,"comment_status":"closed","ping_status":"closed","template":"","meta":{"wikipediapreview_detectlinks":true,"ngg_post_thumbnail":0,"footnotes":""},"class_list":["post-5006","page","type-page","status-publish","hentry"],"jetpack_sharing_enabled":true,"_links":{"self":[{"href":"https:\/\/cellieu.fr\/press3\/mairie\/wp-json\/wp\/v2\/pages\/5006","targetHints":{"allow":["GET"]}}],"collection":[{"href":"https:\/\/cellieu.fr\/press3\/mairie\/wp-json\/wp\/v2\/pages"}],"about":[{"href":"https:\/\/cellieu.fr\/press3\/mairie\/wp-json\/wp\/v2\/types\/page"}],"author":[{"embeddable":true,"href":"https:\/\/cellieu.fr\/press3\/mairie\/wp-json\/wp\/v2\/users\/2"}],"replies":[{"embeddable":true,"href":"https:\/\/cellieu.fr\/press3\/mairie\/wp-json\/wp\/v2\/comments?post=5006"}],"version-history":[{"count":8,"href":"https:\/\/cellieu.fr\/press3\/mairie\/wp-json\/wp\/v2\/pages\/5006\/revisions"}],"predecessor-version":[{"id":5419,"href":"https:\/\/cellieu.fr\/press3\/mairie\/wp-json\/wp\/v2\/pages\/5006\/revisions\/5419"}],"up":[{"embeddable":true,"href":"https:\/\/cellieu.fr\/press3\/mairie\/wp-json\/wp\/v2\/pages\/465"}],"wp:attachment":[{"href":"https:\/\/cellieu.fr\/press3\/mairie\/wp-json\/wp\/v2\/media?parent=5006"}],"curies":[{"name":"wp","href":"https:\/\/api.w.org\/{rel}","templated":true}]}}