{"id":5512,"date":"2019-05-10T09:54:16","date_gmt":"2019-05-10T08:54:16","guid":{"rendered":"https:\/\/cellieu.fr\/press3\/mairie\/?page_id=5512"},"modified":"2019-05-10T09:56:29","modified_gmt":"2019-05-10T08:56:29","slug":"acces-a-internet","status":"publish","type":"page","link":"https:\/\/cellieu.fr\/press3\/mairie\/vivre-a-cellieu\/acces-a-internet\/","title":{"rendered":"Acc\u00e8s \u00e0 Internet"},"content":{"rendered":"<h1>F\u00e9vrier 2019<\/h1>\n<p>Les travaux de d\u00e9ploiement de la fibre optique vont commencer sur la commune.<\/p>\n<p>&nbsp;<\/p>\n<p>La mairie n&#8217;est pas inform\u00e9e du planning, mais vous pouvez suivre l&#8217;avancement sur le site d&#8217;Orange :&nbsp;<a href=\"https:\/\/reseaux.orange.fr\/cartes-de-couverture\/fibre-optique\" target=\"_blank\" rel=\"noopener noreferrer\">https:\/\/reseaux.orange.fr\/cartes-de-couverture\/fibre-optique<\/a><\/p>\n<ul>\n<li>Vous pouvez y retrouver votre logement et son \u00e9ligibilit\u00e9 \u00e0 la fibre.<\/li>\n<li>Vous pouvez aussi vous inscrire afin d&#8217;\u00eatre inform\u00e9 par Email en cas de modification de la situation de votre habitation.<\/li>\n<li>Il y a 4 \u00e9tapes avant que vous puissiez avoir la fibre, repr\u00e9sent\u00e9es par 4 couleurs :<\/li>\n<\/ul>\n<p><a href=\"https:\/\/cellieu.fr\/press3\/mairie\/wp-content\/uploads\/sites\/2\/2019\/02\/2019-02-08-FO_couleur.png\"><img loading=\"lazy\" decoding=\"async\" width=\"300\" height=\"183\" class=\"aligncenter size-medium wp-image-5297\" alt=\"\" src=\"https:\/\/cellieu.fr\/press3\/mairie\/wp-content\/uploads\/sites\/2\/2019\/02\/2019-02-08-FO_couleur-300x183.png\" srcset=\"https:\/\/cellieu.fr\/press3\/mairie\/wp-content\/uploads\/sites\/2\/2019\/02\/2019-02-08-FO_couleur-300x183.png 300w, https:\/\/cellieu.fr\/press3\/mairie\/wp-content\/uploads\/sites\/2\/2019\/02\/2019-02-08-FO_couleur.png 353w\" sizes=\"auto, (max-width: 300px) 100vw, 300px\" \/><\/a><\/p>\n<p>ATTENTION :<\/p>\n<ul>\n<li>L&#8217;op\u00e9rateur de r\u00e9seau (Orange) ne communique aucun d\u00e9lai entre chaque \u00e9tape et il n&#8217;y a pas de r\u00e8gles.<\/li>\n<li>L&#8217;op\u00e9rateur de r\u00e9seau (Orange) am\u00e8ne la fibre jusqu&#8217;\u00e0 votre limite de propri\u00e9t\u00e9. L&#8217;op\u00e9rateur commercial (que vous aurez choisi) est en charge d&#8217;amener la fibre dans votre logement.<\/li>\n<li>Une fois que votre logement est \u00e9ligible, un d\u00e9lai l\u00e9gal de 3 mois est n\u00e9cessaire avant que vous puissiez souscrire \u00e0 une offre<\/li>\n<\/ul>\n<p>&nbsp;<\/p>\n<p>Si vous \u00eates dans un des cas particuliers suivants, merci de contacter la mairie rapidement en mentionnant votre adresse exacte sur la page <a href=\"https:\/\/cellieu.fr\/press3\/mairie\/contact\/contacter-la-mairie\/\">contact<\/a><\/p>\n<ul>\n<li>Votre logement n&#8217;est pas pr\u00e9sent sur la carte du site d&#8217;Orange <a href=\"https:\/\/reseaux.orange.fr\/cartes-de-couverture\/fibre-optique\" target=\"_blank\" rel=\"noopener noreferrer\">https:\/\/reseaux.orange.fr\/cartes-de-couverture\/fibre-optique<\/a><\/li>\n<li>Vous avez une activit\u00e9 professionnelle sur la commune (dans votre logement ou dans un local d\u00e9di\u00e9)<\/li>\n<li>Vous habitez dans un lotissement avec une voie d&#8217;acc\u00e8s priv\u00e9e<\/li>\n<li>Votre logement est issu d&#8217;une division ou d&#8217;une r\u00e9habilitation r\u00e9cente (moins de 2 ans)<\/li>\n<li>Vous avez des besoins sp\u00e9cifiques&nbsp;<\/li>\n<\/ul>\n<p>&nbsp;<\/p>\n<p>Plus d&#8217;informations sur <a href=\"https:\/\/reseaux.orange.fr\/maison\/comment-avoir-fibre\" target=\"_blank\" rel=\"noopener noreferrer\">https:\/\/reseaux.orange.fr\/maison\/comment-avoir-fibre<\/a><\/p>\n<p>&nbsp;<\/p>\n","protected":false},"excerpt":{"rendered":"<p>F\u00e9vrier 2019 Les travaux de d\u00e9ploiement de la fibre optique vont commencer sur la commune. &nbsp; La mairie n&#8217;est pas inform\u00e9e du planning, mais vous pouvez suivre l&#8217;avancement sur le site d&#8217;Orange :&nbsp;https:\/\/reseaux.orange.fr\/cartes-de-couverture\/fibre-optique Vous pouvez y retrouver votre logement et son \u00e9ligibilit\u00e9 \u00e0 la fibre. Vous pouvez aussi vous inscrire afin d&#8217;\u00eatre inform\u00e9 par Email [&hellip;]<\/p>\n","protected":false},"author":2,"featured_media":0,"parent":1176,"menu_order":0,"comment_status":"closed","ping_status":"closed","template":"","meta":{"wikipediapreview_detectlinks":true,"ngg_post_thumbnail":0,"footnotes":""},"class_list":["post-5512","page","type-page","status-publish","hentry"],"jetpack_sharing_enabled":true,"_links":{"self":[{"href":"https:\/\/cellieu.fr\/press3\/mairie\/wp-json\/wp\/v2\/pages\/5512","targetHints":{"allow":["GET"]}}],"collection":[{"href":"https:\/\/cellieu.fr\/press3\/mairie\/wp-json\/wp\/v2\/pages"}],"about":[{"href":"https:\/\/cellieu.fr\/press3\/mairie\/wp-json\/wp\/v2\/types\/page"}],"author":[{"embeddable":true,"href":"https:\/\/cellieu.fr\/press3\/mairie\/wp-json\/wp\/v2\/users\/2"}],"replies":[{"embeddable":true,"href":"https:\/\/cellieu.fr\/press3\/mairie\/wp-json\/wp\/v2\/comments?post=5512"}],"version-history":[{"count":3,"href":"https:\/\/cellieu.fr\/press3\/mairie\/wp-json\/wp\/v2\/pages\/5512\/revisions"}],"predecessor-version":[{"id":5515,"href":"https:\/\/cellieu.fr\/press3\/mairie\/wp-json\/wp\/v2\/pages\/5512\/revisions\/5515"}],"up":[{"embeddable":true,"href":"https:\/\/cellieu.fr\/press3\/mairie\/wp-json\/wp\/v2\/pages\/1176"}],"wp:attachment":[{"href":"https:\/\/cellieu.fr\/press3\/mairie\/wp-json\/wp\/v2\/media?parent=5512"}],"curies":[{"name":"wp","href":"https:\/\/api.w.org\/{rel}","templated":true}]}}