{"id":5679,"date":"2019-08-27T20:02:13","date_gmt":"2019-08-27T19:02:13","guid":{"rendered":"https:\/\/cellieu.fr\/press3\/mairie\/?page_id=5679"},"modified":"2025-04-07T09:40:43","modified_gmt":"2025-04-07T08:40:43","slug":"prix-et-distinctions","status":"publish","type":"page","link":"https:\/\/cellieu.fr\/press3\/mairie\/presse-et-informations\/prix-et-distinctions\/","title":{"rendered":"Prix et Distinctions"},"content":{"rendered":"<p><a href=\"https:\/\/cellieu.fr\/press3\/mairie\/wp-content\/uploads\/sites\/2\/2019\/08\/2019-08-panneaux_2.jpg\"><img loading=\"lazy\" decoding=\"async\" class=\"aligncenter size-large wp-image-5681\" src=\"https:\/\/cellieu.fr\/press3\/mairie\/wp-content\/uploads\/sites\/2\/2019\/08\/2019-08-panneaux_2-591x1024.jpg\" alt=\"\" width=\"591\" height=\"1024\" srcset=\"https:\/\/cellieu.fr\/press3\/mairie\/wp-content\/uploads\/sites\/2\/2019\/08\/2019-08-panneaux_2-591x1024.jpg 591w, https:\/\/cellieu.fr\/press3\/mairie\/wp-content\/uploads\/sites\/2\/2019\/08\/2019-08-panneaux_2-173x300.jpg 173w, https:\/\/cellieu.fr\/press3\/mairie\/wp-content\/uploads\/sites\/2\/2019\/08\/2019-08-panneaux_2-768x1330.jpg 768w, https:\/\/cellieu.fr\/press3\/mairie\/wp-content\/uploads\/sites\/2\/2019\/08\/2019-08-panneaux_2-624x1081.jpg 624w, https:\/\/cellieu.fr\/press3\/mairie\/wp-content\/uploads\/sites\/2\/2019\/08\/2019-08-panneaux_2.jpg 1289w\" sizes=\"auto, (max-width: 591px) 100vw, 591px\" \/><\/a><\/p>\n<p>&nbsp;<\/p>\n<p><span style=\"float: none;background-color: #ffffff;color: #333333;cursor: text;font-family: -apple-system,BlinkMacSystemFont,'Segoe UI',Roboto,Oxygen-Sans,Ubuntu,Cantarell,'Helvetica Neue',sans-serif;font-size: 16px;font-style: normal;font-variant: normal;font-weight: 400;letter-spacing: normal;text-align: left;text-decoration: none;text-indent: 0px;text-transform: none\">Villages Fleuris : 2 fleurs : <\/span><a href=\"http:\/\/www.villes-et-villages-fleuris.com\/\" target=\"_blank\" rel=\"noopener noreferrer\">www.villes-et-villages-fleuris.com<\/a><\/p>\n<p>Village \u00e9toil\u00e9 : 2 \u00e9toiles : <a href=\"https:\/\/www.anpcen.fr\" target=\"_blank\" rel=\"noopener noreferrer\">www.anpcen.fr<\/a><\/p>\n<p>Centre G\u00e9ographique de la r\u00e9gion Auvergne-Rh\u00f4ne-Alpes :\u00a0<a href=\"http:\/\/ign.fr\/institut\/actus\/lign-calcule-position-centre-geographique-13-nouvelles-regions-metropolitaines\" target=\"_blank\" rel=\"noopener noreferrer\">ign.fr<\/a><\/p>\n","protected":false},"excerpt":{"rendered":"<p>&nbsp; Villages Fleuris : 2 fleurs : www.villes-et-villages-fleuris.com Village \u00e9toil\u00e9 : 2 \u00e9toiles : www.anpcen.fr Centre G\u00e9ographique de la r\u00e9gion Auvergne-Rh\u00f4ne-Alpes :\u00a0ign.fr<\/p>\n","protected":false},"author":2,"featured_media":0,"parent":983,"menu_order":0,"comment_status":"closed","ping_status":"closed","template":"","meta":{"wikipediapreview_detectlinks":true,"ngg_post_thumbnail":0,"footnotes":""},"class_list":["post-5679","page","type-page","status-publish","hentry"],"jetpack_sharing_enabled":true,"_links":{"self":[{"href":"https:\/\/cellieu.fr\/press3\/mairie\/wp-json\/wp\/v2\/pages\/5679","targetHints":{"allow":["GET"]}}],"collection":[{"href":"https:\/\/cellieu.fr\/press3\/mairie\/wp-json\/wp\/v2\/pages"}],"about":[{"href":"https:\/\/cellieu.fr\/press3\/mairie\/wp-json\/wp\/v2\/types\/page"}],"author":[{"embeddable":true,"href":"https:\/\/cellieu.fr\/press3\/mairie\/wp-json\/wp\/v2\/users\/2"}],"replies":[{"embeddable":true,"href":"https:\/\/cellieu.fr\/press3\/mairie\/wp-json\/wp\/v2\/comments?post=5679"}],"version-history":[{"count":5,"href":"https:\/\/cellieu.fr\/press3\/mairie\/wp-json\/wp\/v2\/pages\/5679\/revisions"}],"predecessor-version":[{"id":13281,"href":"https:\/\/cellieu.fr\/press3\/mairie\/wp-json\/wp\/v2\/pages\/5679\/revisions\/13281"}],"up":[{"embeddable":true,"href":"https:\/\/cellieu.fr\/press3\/mairie\/wp-json\/wp\/v2\/pages\/983"}],"wp:attachment":[{"href":"https:\/\/cellieu.fr\/press3\/mairie\/wp-json\/wp\/v2\/media?parent=5679"}],"curies":[{"name":"wp","href":"https:\/\/api.w.org\/{rel}","templated":true}]}}