{"id":6,"date":"2014-07-11T13:28:29","date_gmt":"2014-07-11T12:28:29","guid":{"rendered":"http:\/\/cellieu.fr\/press3\/mairie\/evenements\/"},"modified":"2019-11-12T22:47:44","modified_gmt":"2019-11-12T21:47:44","slug":"evenements","status":"publish","type":"page","link":"https:\/\/cellieu.fr\/press3\/mairie\/vivre-a-cellieu\/calendrier-des-evenements\/evenements\/","title":{"rendered":"Liste des \u00e9v\u00e9nements"},"content":{"rendered":"<p>Pour faire une demande pour un nouvel \u00e9v\u00e9nement, utilisez le <a title=\"Contacter la Mairie\" href=\"https:\/\/cellieu.fr\/press3\/mairie\/contact\/contacter-la-mairie\/\">formulaire de contact.<\/a><br \/>\nPour voir&nbsp;le calendrier des \u00e9v\u00e9nements publics : <a title=\"Calendrier des \u00e9v\u00e9nements\" href=\"https:\/\/cellieu.fr\/press3\/mairie\/vivre-a-cellieu\/evenements\/calendrier-des-evenements\/\">ici<\/a><br \/>\nPour voir la liste de toutes les salles : <a title=\"Emplacements\" href=\"https:\/\/cellieu.fr\/press3\/mairie\/vivre-a-cellieu\/evenements\/emplacements\/\">ici<\/a><\/p>\n<p>CONTENTS<\/p>\n","protected":false},"excerpt":{"rendered":"<p>CONTENTS<\/p>\n","protected":false},"author":2,"featured_media":0,"parent":2261,"menu_order":0,"comment_status":"closed","ping_status":"closed","template":"","meta":{"wikipediapreview_detectlinks":true,"ngg_post_thumbnail":0,"footnotes":""},"class_list":["post-6","page","type-page","status-publish","hentry"],"jetpack_sharing_enabled":true,"_links":{"self":[{"href":"https:\/\/cellieu.fr\/press3\/mairie\/wp-json\/wp\/v2\/pages\/6","targetHints":{"allow":["GET"]}}],"collection":[{"href":"https:\/\/cellieu.fr\/press3\/mairie\/wp-json\/wp\/v2\/pages"}],"about":[{"href":"https:\/\/cellieu.fr\/press3\/mairie\/wp-json\/wp\/v2\/types\/page"}],"author":[{"embeddable":true,"href":"https:\/\/cellieu.fr\/press3\/mairie\/wp-json\/wp\/v2\/users\/2"}],"replies":[{"embeddable":true,"href":"https:\/\/cellieu.fr\/press3\/mairie\/wp-json\/wp\/v2\/comments?post=6"}],"version-history":[{"count":19,"href":"https:\/\/cellieu.fr\/press3\/mairie\/wp-json\/wp\/v2\/pages\/6\/revisions"}],"predecessor-version":[{"id":5821,"href":"https:\/\/cellieu.fr\/press3\/mairie\/wp-json\/wp\/v2\/pages\/6\/revisions\/5821"}],"up":[{"embeddable":true,"href":"https:\/\/cellieu.fr\/press3\/mairie\/wp-json\/wp\/v2\/pages\/2261"}],"wp:attachment":[{"href":"https:\/\/cellieu.fr\/press3\/mairie\/wp-json\/wp\/v2\/media?parent=6"}],"curies":[{"name":"wp","href":"https:\/\/api.w.org\/{rel}","templated":true}]}}