{"id":9172,"date":"2022-10-21T22:40:27","date_gmt":"2022-10-21T21:40:27","guid":{"rendered":"https:\/\/cellieu.fr\/press3\/mairie\/?page_id=9172"},"modified":"2022-12-01T15:24:25","modified_gmt":"2022-12-01T14:24:25","slug":"arretes-du-maire","status":"publish","type":"page","link":"https:\/\/cellieu.fr\/press3\/mairie\/la-commune\/arretes-du-maire\/","title":{"rendered":"Arr\u00eat\u00e9s du Maire"},"content":{"rendered":"<table style=\"border-collapse: collapse;width: 100%;height: 316px\">\n<tbody>\n<tr style=\"height: 22px\">\n<td style=\"width: 11.6332%;height: 22px\">30\/11\/2022<\/td>\n<td style=\"width: 51.9346%;height: 22px\">D\u00e9m\u00e9nagement rue des Cerisiers &#8211; r\u00e8glementation du stationnement<\/td>\n<td style=\"width: 36.4322%;height: 22px\"><a href=\"https:\/\/cellieu.fr\/press3\/mairie\/wp-content\/uploads\/sites\/2\/2022\/12\/22-115.pdf\" target=\"_blank\" rel=\"noopener\">2022-115<\/a><\/td>\n<\/tr>\n<tr style=\"height: 20px\">\n<td style=\"width: 11.6332%;height: 20px\">24\/11\/2022<\/td>\n<td style=\"width: 51.9346%;height: 20px\">Travaux de voirie rue des Croix<\/td>\n<td style=\"width: 36.4322%;height: 20px\"><a href=\"https:\/\/cellieu.fr\/press3\/mairie\/wp-content\/uploads\/sites\/2\/2022\/12\/22-114.pdf\" target=\"_blank\" rel=\"noopener\">2022-114<\/a><\/td>\n<\/tr>\n<tr style=\"height: 22px\">\n<td style=\"width: 11.6332%;height: 22px\">10\/11\/2022<\/td>\n<td style=\"width: 51.9346%;height: 22px\">Installation foodtruck place de Salcigneux<\/td>\n<td style=\"width: 36.4322%;height: 22px\"><a href=\"https:\/\/cellieu.fr\/press3\/mairie\/wp-content\/uploads\/sites\/2\/2022\/12\/22-112.pdf\" target=\"_blank\" rel=\"noopener\">2022-112<\/a><\/td>\n<\/tr>\n<tr style=\"height: 22px\">\n<td style=\"width: 11.6332%;height: 22px\">10\/11\/2022<\/td>\n<td style=\"width: 51.9346%;height: 22px\">r\u00e8glementation de la circulation &#8211; Enfouissement des r\u00e9seaux Peyrieux<\/td>\n<td style=\"width: 36.4322%;height: 22px\"><a href=\"https:\/\/cellieu.fr\/press3\/mairie\/wp-content\/uploads\/sites\/2\/2022\/12\/2022-111.pdf\" target=\"_blank\" rel=\"noopener\">2022-111<\/a><\/td>\n<\/tr>\n<tr style=\"height: 22px\">\n<td style=\"width: 11.6332%;height: 22px\">07\/11\/2022<\/td>\n<td style=\"width: 51.9346%;height: 22px\">r\u00e8glementation de la circulation &#8211; c\u00e9r\u00e9monie du 11 novembre&nbsp;<\/td>\n<td style=\"width: 36.4322%;height: 22px\"><a href=\"https:\/\/cellieu.fr\/press3\/mairie\/wp-content\/uploads\/sites\/2\/2022\/11\/2022-110.pdf\" target=\"_blank\" rel=\"noopener\">2022-110<\/a><\/td>\n<\/tr>\n<tr style=\"height: 22px\">\n<td style=\"width: 11.6332%;height: 10px\">04\/11\/2022<\/td>\n<td style=\"width: 51.9346%;height: 10px\">travaux cheminement pi\u00e9tonnier route du Val Fleury<\/td>\n<td style=\"width: 36.4322%;height: 10px\"><a href=\"https:\/\/cellieu.fr\/press3\/mairie\/wp-content\/uploads\/sites\/2\/2022\/11\/2022-109.pdf\" target=\"_blank\" rel=\"noopener\">2022-109<\/a><\/td>\n<\/tr>\n<tr style=\"height: 22px\">\n<td style=\"width: 11.6332%;height: 22px\">18\/10\/2022<\/td>\n<td style=\"width: 51.9346%;height: 22px\">r\u00e8glementation de la circulation 31 rue des Vergers<\/td>\n<td style=\"width: 36.4322%;height: 22px\"><a href=\"https:\/\/cellieu.fr\/press3\/mairie\/wp-content\/uploads\/sites\/2\/2022\/11\/2022-107.pdf\" target=\"_blank\" rel=\"noopener\">2022-107<\/a><\/td>\n<\/tr>\n<tr style=\"height: 22px\">\n<td style=\"width: 11.6332%;height: 22px\">18\/10\/2022<\/td>\n<td style=\"width: 51.9346%;height: 22px\">r\u00e8glementation de la circulation &#8211; travaux chemin des Ayats<\/td>\n<td style=\"width: 36.4322%;height: 22px\"><a href=\"https:\/\/cellieu.fr\/press3\/mairie\/wp-content\/uploads\/sites\/2\/2022\/11\/2022-106.pdf\" target=\"_blank\" rel=\"noopener\">2022-106<\/a><\/td>\n<\/tr>\n<tr style=\"height: 22px\">\n<td style=\"width: 11.6332%;height: 22px\">07\/10\/2022<\/td>\n<td style=\"width: 51.9346%;height: 22px\">r\u00e8glementation de la circulation &#8211; travaux peinture place de Verdun<\/td>\n<td style=\"width: 36.4322%;height: 22px\"><a href=\"https:\/\/cellieu.fr\/press3\/mairie\/wp-content\/uploads\/sites\/2\/2022\/11\/2022-96.pdf\" target=\"_blank\" rel=\"noopener\">2022-96<\/a><\/td>\n<\/tr>\n<tr style=\"height: 22px\">\n<td style=\"width: 11.6332%;height: 22px\">27\/09\/2022<\/td>\n<td style=\"width: 51.9346%;height: 22px\">r\u00e8glementation de la circulation &#8211; raccordement fibre optique 25 rue du Grand Chemin<\/td>\n<td style=\"width: 36.4322%;height: 22px\"><a href=\"https:\/\/cellieu.fr\/press3\/mairie\/wp-content\/uploads\/sites\/2\/2022\/11\/2022-92.pdf\" target=\"_blank\" rel=\"noopener\">2022-92<\/a><\/td>\n<\/tr>\n<tr style=\"height: 22px\">\n<td style=\"width: 11.6332%;height: 22px\">20\/09\/2022<\/td>\n<td style=\"width: 51.9346%;height: 22px\">Instauration zone bleue &#8211; place de Verdun<\/td>\n<td style=\"width: 36.4322%;height: 22px\"><a href=\"https:\/\/cellieu.fr\/press3\/mairie\/wp-content\/uploads\/sites\/2\/2022\/11\/2022-88.pdf\" target=\"_blank\" rel=\"noopener\">2022-88<\/a><\/td>\n<\/tr>\n<tr style=\"height: 22px\">\n<td style=\"width: 11.6332%;height: 22px\">20\/09\/2022<\/td>\n<td style=\"width: 51.9346%;height: 22px\">R\u00e9duction des heures d&#8217;\u00e9clairage public&nbsp;<\/td>\n<td style=\"width: 36.4322%;height: 22px\"><a href=\"https:\/\/cellieu.fr\/press3\/mairie\/wp-content\/uploads\/sites\/2\/2022\/11\/2022-87.pdf\" target=\"_blank\" rel=\"noopener\">2022-87<\/a><\/td>\n<\/tr>\n<tr style=\"height: 22px\">\n<td style=\"width: 11.6332%;height: 22px\">19\/09\/2022<\/td>\n<td style=\"width: 51.9346%;height: 22px\">R\u00e9glementation de la circulation &#8211; route de Couttanges<\/td>\n<td style=\"width: 36.4322%;height: 22px\"><a href=\"https:\/\/cellieu.fr\/press3\/mairie\/wp-content\/uploads\/sites\/2\/2022\/11\/2022-86.pdf\" target=\"_blank\" rel=\"noopener\">2022-86<\/a><\/td>\n<\/tr>\n<tr style=\"height: 22px\">\n<td style=\"width: 11.6332%;height: 22px\">12\/09\/2022<\/td>\n<td style=\"width: 51.9346%;height: 22px\">R\u00e9glementation de la circulation &#8211; route de Couttanges<\/td>\n<td style=\"width: 36.4322%;height: 22px\"><a href=\"https:\/\/cellieu.fr\/press3\/mairie\/wp-content\/uploads\/sites\/2\/2022\/11\/2022-85.pdf\">2022-85<\/a><\/td>\n<\/tr>\n<tr style=\"height: 22px\">\n<td style=\"width: 11.6332%;height: 22px\">07\/09\/2022<\/td>\n<td style=\"width: 51.9346%;height: 22px\">R\u00e8glement de la circulation &#8211; 497 route de la Cogneti\u00e8re<\/td>\n<td style=\"width: 36.4322%;height: 22px\"><a href=\"https:\/\/cellieu.fr\/press3\/mairie\/wp-content\/uploads\/sites\/2\/2022\/11\/2022-84.pdf\" target=\"_blank\" rel=\"noopener\">2022-103<\/a><\/td>\n<\/tr>\n<\/tbody>\n<\/table>\n","protected":false},"excerpt":{"rendered":"<p>30\/11\/2022 D\u00e9m\u00e9nagement rue des Cerisiers &#8211; r\u00e8glementation du stationnement 2022-115 24\/11\/2022 Travaux de voirie rue des Croix 2022-114 10\/11\/2022 Installation foodtruck place de Salcigneux 2022-112 10\/11\/2022 r\u00e8glementation de la circulation &#8211; Enfouissement des r\u00e9seaux Peyrieux 2022-111 07\/11\/2022 r\u00e8glementation de la circulation &#8211; c\u00e9r\u00e9monie du 11 novembre&nbsp; 2022-110 04\/11\/2022 travaux cheminement pi\u00e9tonnier route du Val Fleury [&hellip;]<\/p>\n","protected":false},"author":2,"featured_media":0,"parent":462,"menu_order":0,"comment_status":"closed","ping_status":"closed","template":"","meta":{"wikipediapreview_detectlinks":true,"ngg_post_thumbnail":0,"footnotes":""},"class_list":["post-9172","page","type-page","status-publish","hentry"],"jetpack_sharing_enabled":true,"_links":{"self":[{"href":"https:\/\/cellieu.fr\/press3\/mairie\/wp-json\/wp\/v2\/pages\/9172","targetHints":{"allow":["GET"]}}],"collection":[{"href":"https:\/\/cellieu.fr\/press3\/mairie\/wp-json\/wp\/v2\/pages"}],"about":[{"href":"https:\/\/cellieu.fr\/press3\/mairie\/wp-json\/wp\/v2\/types\/page"}],"author":[{"embeddable":true,"href":"https:\/\/cellieu.fr\/press3\/mairie\/wp-json\/wp\/v2\/users\/2"}],"replies":[{"embeddable":true,"href":"https:\/\/cellieu.fr\/press3\/mairie\/wp-json\/wp\/v2\/comments?post=9172"}],"version-history":[{"count":4,"href":"https:\/\/cellieu.fr\/press3\/mairie\/wp-json\/wp\/v2\/pages\/9172\/revisions"}],"predecessor-version":[{"id":9360,"href":"https:\/\/cellieu.fr\/press3\/mairie\/wp-json\/wp\/v2\/pages\/9172\/revisions\/9360"}],"up":[{"embeddable":true,"href":"https:\/\/cellieu.fr\/press3\/mairie\/wp-json\/wp\/v2\/pages\/462"}],"wp:attachment":[{"href":"https:\/\/cellieu.fr\/press3\/mairie\/wp-json\/wp\/v2\/media?parent=9172"}],"curies":[{"name":"wp","href":"https:\/\/api.w.org\/{rel}","templated":true}]}}