{"id":945,"date":"2014-07-22T10:41:46","date_gmt":"2014-07-22T09:41:46","guid":{"rendered":"http:\/\/cellieu.fr\/press3\/mairie\/?page_id=945"},"modified":"2018-06-14T19:00:10","modified_gmt":"2018-06-14T18:00:10","slug":"complexe-sportif-cellieu-chagnon","status":"publish","type":"page","link":"https:\/\/cellieu.fr\/press3\/mairie\/decouvrir\/equipements\/complexe-sportif-cellieu-chagnon\/","title":{"rendered":"Complexe Sportif Cellieu Chagnon"},"content":{"rendered":"<h3 style=\"text-align: left;\">Adresse : 541 route du Tr\u00e8ve &#8211; 42320 Cellieu<\/h3>\n<h3 style=\"text-align: left;\"><a href=\"https:\/\/cellieu.fr\/press3\/mairie\/wp-content\/uploads\/sites\/2\/2014\/07\/equipement_complexesportif.jpg\"><img loading=\"lazy\" decoding=\"async\" width=\"300\" height=\"225\" class=\"aligncenter wp-image-770 size-medium\" alt=\"equipement_complexesportif\" src=\"https:\/\/cellieu.fr\/press3\/mairie\/wp-content\/uploads\/sites\/2\/2014\/07\/equipement_complexesportif-300x225.jpg\" srcset=\"https:\/\/cellieu.fr\/press3\/mairie\/wp-content\/uploads\/sites\/2\/2014\/07\/equipement_complexesportif-300x225.jpg 300w, https:\/\/cellieu.fr\/press3\/mairie\/wp-content\/uploads\/sites\/2\/2014\/07\/equipement_complexesportif-1024x768.jpg 1024w, https:\/\/cellieu.fr\/press3\/mairie\/wp-content\/uploads\/sites\/2\/2014\/07\/equipement_complexesportif-624x468.jpg 624w, https:\/\/cellieu.fr\/press3\/mairie\/wp-content\/uploads\/sites\/2\/2014\/07\/equipement_complexesportif-900x675.jpg 900w, https:\/\/cellieu.fr\/press3\/mairie\/wp-content\/uploads\/sites\/2\/2014\/07\/equipement_complexesportif.jpg 1600w\" sizes=\"auto, (max-width: 300px) 100vw, 300px\" \/><\/a><\/h3>\n<p>&nbsp;<\/p>\n<p>Le complexe est \u00e9quip\u00e9 d\u2019un d\u00e9fibrillateur semi automatique utilisable par tout le monde (dans le Gymnase Roger Farce).<\/p>\n<p>Voici une courte vid\u00e9o qui explique son fonctionnement : <a href=\"http:\/\/www.dailymotion.com\/video\/x5fgm5_dfibrillateur-aed-zoll-chez-nmmdica_tech\" target=\"blank\">D\u00e9fibrillateur AED&nbsp;ZOLL<\/a><\/p>\n<p>Voir le r\u00e8glement int\u00e9rieur pour l&#8217;utilisation des \u00e9quipements : <a href=\"https:\/\/cellieu.fr\/press3\/mairie\/wp-content\/uploads\/sites\/2\/2018\/06\/2018-05-24-reglement_interieur_complexe_sportif_cellieu_chagnon.pdf\" target=\"_blank\" rel=\"noopener\">ici<\/a><\/p>\n<p>&nbsp;<\/p>\n<p>C\u2019est un grand centre multisport avec :<\/p>\n<table align=\"center\" border=\"0\">\n<tbody>\n<tr>\n<td style=\"text-align: right; vertical-align: middle;\">Le Stade des Roches :<br \/>\nun terrain de foot synth\u00e9tiquePour voir les \u00e9v\u00e9nements : <a title=\"Stade des Roches\" href=\"https:\/\/cellieu.fr\/press3\/mairie\/locations\/stade-des-roches\/\">cliquer ici<\/a><\/td>\n<td style=\"text-align: center; vertical-align: middle;\"><img loading=\"lazy\" decoding=\"async\" width=\"300\" height=\"199\" class=\"aligncenter wp-image-783 size-medium\" alt=\"equipement_stadefoot\" src=\"https:\/\/cellieu.fr\/press3\/mairie\/wp-content\/uploads\/sites\/2\/2014\/07\/equipement_stadefoot-300x199.jpg\" srcset=\"https:\/\/cellieu.fr\/press3\/mairie\/wp-content\/uploads\/sites\/2\/2014\/07\/equipement_stadefoot-300x199.jpg 300w, https:\/\/cellieu.fr\/press3\/mairie\/wp-content\/uploads\/sites\/2\/2014\/07\/equipement_stadefoot-1024x680.jpg 1024w, https:\/\/cellieu.fr\/press3\/mairie\/wp-content\/uploads\/sites\/2\/2014\/07\/equipement_stadefoot-624x414.jpg 624w, https:\/\/cellieu.fr\/press3\/mairie\/wp-content\/uploads\/sites\/2\/2014\/07\/equipement_stadefoot-900x597.jpg 900w, https:\/\/cellieu.fr\/press3\/mairie\/wp-content\/uploads\/sites\/2\/2014\/07\/equipement_stadefoot.jpg 1600w\" sizes=\"auto, (max-width: 300px) 100vw, 300px\" \/><\/td>\n<\/tr>\n<tr>\n<td style=\"text-align: right; vertical-align: middle;\">La Salle Roger Farce :<br \/>\nune salle omnisports (Foot, Basket,Hand, Volley, Tennis, \u2026)Pour voir les \u00e9v\u00e9nements : <a title=\"Salle Roger Farce\" href=\"https:\/\/cellieu.fr\/press3\/mairie\/locations\/salle-roger-farce\/\">cliquer ici<\/a><\/td>\n<td><a href=\"https:\/\/cellieu.fr\/press3\/mairie\/wp-content\/uploads\/sites\/2\/2014\/07\/equipement_gymnase.jpg\"><img loading=\"lazy\" decoding=\"async\" width=\"300\" height=\"65\" class=\"aligncenter wp-image-776 size-medium\" alt=\"equipement_gymnase\" src=\"https:\/\/cellieu.fr\/press3\/mairie\/wp-content\/uploads\/sites\/2\/2014\/07\/equipement_gymnase-300x65.jpg\" srcset=\"https:\/\/cellieu.fr\/press3\/mairie\/wp-content\/uploads\/sites\/2\/2014\/07\/equipement_gymnase-300x65.jpg 300w, https:\/\/cellieu.fr\/press3\/mairie\/wp-content\/uploads\/sites\/2\/2014\/07\/equipement_gymnase-1024x225.jpg 1024w, https:\/\/cellieu.fr\/press3\/mairie\/wp-content\/uploads\/sites\/2\/2014\/07\/equipement_gymnase-624x137.jpg 624w, https:\/\/cellieu.fr\/press3\/mairie\/wp-content\/uploads\/sites\/2\/2014\/07\/equipement_gymnase-900x197.jpg 900w\" sizes=\"auto, (max-width: 300px) 100vw, 300px\" \/><\/a><\/td>\n<\/tr>\n<tr>\n<td style=\"text-align: right; vertical-align: middle;\">Le Dojo&nbsp;Sakura&nbsp;:<br \/>\nune salle d\u2019\u00e9volution gymnique \u2013 la salle d\u2019entra\u00eenement des cerisiersPour voir les \u00e9v\u00e9nements : <a title=\"Dojo Sakura\" href=\"https:\/\/cellieu.fr\/press3\/mairie\/locations\/dojo-sakura\/\">cliquer ici<\/a><\/td>\n<td><a href=\"https:\/\/cellieu.fr\/press3\/mairie\/wp-content\/uploads\/sites\/2\/2014\/07\/equipement_dojo3.jpg\"><img loading=\"lazy\" decoding=\"async\" width=\"300\" height=\"199\" class=\"aligncenter wp-image-775 size-medium\" alt=\"equipement_dojo3\" src=\"https:\/\/cellieu.fr\/press3\/mairie\/wp-content\/uploads\/sites\/2\/2014\/07\/equipement_dojo3-300x199.jpg\" srcset=\"https:\/\/cellieu.fr\/press3\/mairie\/wp-content\/uploads\/sites\/2\/2014\/07\/equipement_dojo3-300x199.jpg 300w, https:\/\/cellieu.fr\/press3\/mairie\/wp-content\/uploads\/sites\/2\/2014\/07\/equipement_dojo3-1024x680.jpg 1024w, https:\/\/cellieu.fr\/press3\/mairie\/wp-content\/uploads\/sites\/2\/2014\/07\/equipement_dojo3-624x414.jpg 624w, https:\/\/cellieu.fr\/press3\/mairie\/wp-content\/uploads\/sites\/2\/2014\/07\/equipement_dojo3-900x597.jpg 900w, https:\/\/cellieu.fr\/press3\/mairie\/wp-content\/uploads\/sites\/2\/2014\/07\/equipement_dojo3.jpg 1600w\" sizes=\"auto, (max-width: 300px) 100vw, 300px\" \/><\/a><\/td>\n<\/tr>\n<\/tbody>\n<\/table>\n","protected":false},"excerpt":{"rendered":"<p>Adresse : 541 route du Tr\u00e8ve &#8211; 42320 Cellieu &nbsp; Le complexe est \u00e9quip\u00e9 d\u2019un d\u00e9fibrillateur semi automatique utilisable par tout le monde (dans le Gymnase Roger Farce). Voici une courte vid\u00e9o qui explique son fonctionnement : D\u00e9fibrillateur AED&nbsp;ZOLL Voir le r\u00e8glement int\u00e9rieur pour l&#8217;utilisation des \u00e9quipements : ici &nbsp; C\u2019est un grand centre multisport [&hellip;]<\/p>\n","protected":false},"author":2,"featured_media":0,"parent":465,"menu_order":0,"comment_status":"closed","ping_status":"closed","template":"","meta":{"wikipediapreview_detectlinks":true,"ngg_post_thumbnail":0,"footnotes":""},"class_list":["post-945","page","type-page","status-publish","hentry"],"jetpack_sharing_enabled":true,"_links":{"self":[{"href":"https:\/\/cellieu.fr\/press3\/mairie\/wp-json\/wp\/v2\/pages\/945","targetHints":{"allow":["GET"]}}],"collection":[{"href":"https:\/\/cellieu.fr\/press3\/mairie\/wp-json\/wp\/v2\/pages"}],"about":[{"href":"https:\/\/cellieu.fr\/press3\/mairie\/wp-json\/wp\/v2\/types\/page"}],"author":[{"embeddable":true,"href":"https:\/\/cellieu.fr\/press3\/mairie\/wp-json\/wp\/v2\/users\/2"}],"replies":[{"embeddable":true,"href":"https:\/\/cellieu.fr\/press3\/mairie\/wp-json\/wp\/v2\/comments?post=945"}],"version-history":[{"count":15,"href":"https:\/\/cellieu.fr\/press3\/mairie\/wp-json\/wp\/v2\/pages\/945\/revisions"}],"predecessor-version":[{"id":4840,"href":"https:\/\/cellieu.fr\/press3\/mairie\/wp-json\/wp\/v2\/pages\/945\/revisions\/4840"}],"up":[{"embeddable":true,"href":"https:\/\/cellieu.fr\/press3\/mairie\/wp-json\/wp\/v2\/pages\/465"}],"wp:attachment":[{"href":"https:\/\/cellieu.fr\/press3\/mairie\/wp-json\/wp\/v2\/media?parent=945"}],"curies":[{"name":"wp","href":"https:\/\/api.w.org\/{rel}","templated":true}]}}