{"id":950,"date":"2014-07-22T10:49:39","date_gmt":"2014-07-22T09:49:39","guid":{"rendered":"http:\/\/cellieu.fr\/press3\/mairie\/?page_id=950"},"modified":"2026-03-12T12:04:03","modified_gmt":"2026-03-12T11:04:03","slug":"espace-de-la-faviere","status":"publish","type":"page","link":"https:\/\/cellieu.fr\/press3\/mairie\/decouvrir\/equipements\/espace-de-la-faviere\/","title":{"rendered":"Espace de la Favi\u00e8re"},"content":{"rendered":"<h3>Adresse : 25 Place de Verdun &#8211; 42320 Cellieu<\/h3>\n<p><a href=\"https:\/\/cellieu.fr\/press3\/mairie\/wp-content\/uploads\/sites\/2\/2014\/07\/equipement_faviere.jpg\"><img loading=\"lazy\" decoding=\"async\" class=\"aligncenter size-medium wp-image-1010\" src=\"https:\/\/cellieu.fr\/press3\/mairie\/wp-content\/uploads\/sites\/2\/2014\/07\/equipement_faviere-199x300.jpg\" alt=\"equipement_faviere\" width=\"199\" height=\"300\" srcset=\"https:\/\/cellieu.fr\/press3\/mairie\/wp-content\/uploads\/sites\/2\/2014\/07\/equipement_faviere-199x300.jpg 199w, https:\/\/cellieu.fr\/press3\/mairie\/wp-content\/uploads\/sites\/2\/2014\/07\/equipement_faviere-624x938.jpg 624w, https:\/\/cellieu.fr\/press3\/mairie\/wp-content\/uploads\/sites\/2\/2014\/07\/equipement_faviere.jpg 681w\" sizes=\"auto, (max-width: 199px) 100vw, 199px\" \/><\/a><\/p>\n<p><strong>L&#8217;Espace de la Favi\u00e8re<\/strong>&nbsp;est situ\u00e9 sur la place du village et est compos\u00e9 de 3 salles.<\/p>\n<p>Les salles <strong>Georges BRASSENS<\/strong> et <strong>Jacques BREL<\/strong>&nbsp;peuvent \u00eatre lou\u00e9es.<\/p>\n<p>Pour plus d&#8217;information, vous pouvez contacter le secr\u00e9tariat en utilisant le <a href=\"https:\/\/cellieu.fr\/press3\/mairie\/contact\/contacter-la-mairie\/\">formulaire de contact <\/a>ou consulter les documents suivants :<\/p>\n<ul>\n<li><a href=\"https:\/\/cellieu.fr\/press3\/mairie\/wp-content\/uploads\/sites\/2\/2014\/07\/2015-11-05-demande_location.pdf\" target=\"_blank\" rel=\"noopener noreferrer\">Demande de location<\/a><\/li>\n<li><a href=\"https:\/\/cellieu.fr\/press3\/mairie\/wp-content\/uploads\/sites\/2\/2023\/12\/2024-reglement_interieur.pdf\" target=\"_blank\" rel=\"noopener\">R\u00e8glement Espace Favi\u00e8re 2024<\/a><\/li>\n<li><a href=\"https:\/\/cellieu.fr\/press3\/mairie\/wp-content\/uploads\/sites\/2\/2014\/07\/2015-11-05-etat_lieux.pdf\" target=\"_blank\" rel=\"noopener noreferrer\">Etat des lieux<\/a><\/li>\n<li><a href=\"https:\/\/cellieu.fr\/press3\/mairie\/wp-content\/uploads\/sites\/2\/2014\/07\/2015-06-12-Espace_la_faviere.pdf\" target=\"_blank\" rel=\"noopener noreferrer\">Plan des salles<\/a><\/li>\n<li><a href=\"https:\/\/cellieu.fr\/press3\/mairie\/wp-content\/uploads\/sites\/2\/2014\/07\/2016-03-04-Plan_Jacques_Brel.pdf\" target=\"_blank\" rel=\"noopener noreferrer\">Plan de rangement de la salle Jacques Brel<\/a><\/li>\n<\/ul>\n<p>&nbsp;<\/p>\n<p>L&#8217;espace&nbsp;est \u00e9quip\u00e9 d\u2019un d\u00e9fibrillateur semi automatique utilisable par tout le monde (dans le couloir \u00e0 l&#8217;entr\u00e9e).<\/p>\n<p>Voici une courte vid\u00e9o qui explique son fonctionnement : <a href=\"http:\/\/www.dailymotion.com\/video\/x5fgm5_dfibrillateur-aed-zoll-chez-nmmdica_tech\" target=\"blank\" rel=\"noopener noreferrer\">D\u00e9fibrillateur AED&nbsp;ZOLL<\/a><\/p>\n<p>&nbsp;<\/p>\n<table class=\"aligncenter\">\n<tbody>\n<tr>\n<td style=\"vertical-align: middle\">\n<h2>La salle BARBARA&nbsp;<\/h2>\n<p>Elle est utilis\u00e9e par les associations et services de la commune.<\/td>\n<td style=\"vertical-align: middle\"><img loading=\"lazy\" decoding=\"async\" src=\"https:\/\/cellieu.fr\/press3\/mairie\/wp-content\/uploads\/sites\/2\/2026\/01\/ancienne-mediatheque-Faviere.jpg\" alt=\"\" width=\"500\" height=\"375\"><\/td>\n<\/tr>\n<tr>\n<td style=\"vertical-align: middle\">\n<h2>La Salle Georges Brassens<\/h2>\n<p>Cette salle peut contenir jusqu&#8217;\u00e0 180 personnes.<\/p>\n<p>Elle est utilis\u00e9e pour les mariages, les anniversaires et tout autre banquet.<\/p>\n<p>Pour voir les \u00e9v\u00e9nements : <a title=\"Salle Georges Brassens\" href=\"https:\/\/cellieu.fr\/press3\/mairie\/locations\/salle-georges-brassens\/\">cliquer ici<\/a><\/p>\n<p>&nbsp;<\/td>\n<td style=\"vertical-align: middle\"><div class=\"tiled-gallery type-rectangular tiled-gallery-unresized\" data-original-width=\"625\" data-carousel-extra='null' itemscope itemtype=\"http:\/\/schema.org\/ImageGallery\" > <div class=\"gallery-row\" style=\"width: 625px; height: 279px;\" data-original-width=\"625\" data-original-height=\"279\" > <div class=\"gallery-group images-1\" style=\"width: 417px; height: 279px;\" data-original-width=\"417\" data-original-height=\"279\" > <div class=\"tiled-gallery-item tiled-gallery-item-large\" itemprop=\"associatedMedia\" itemscope itemtype=\"http:\/\/schema.org\/ImageObject\"> <a href=\"https:\/\/cellieu.fr\/press3\/mairie\/equipement_brassens_3\/\" border=\"0\" itemprop=\"url\"> <meta itemprop=\"width\" content=\"413\"> <meta itemprop=\"height\" content=\"275\"> <img decoding=\"async\" class=\"\" data-attachment-id=\"1000\" data-orig-file=\"https:\/\/cellieu.fr\/press3\/mairie\/wp-content\/uploads\/sites\/2\/2014\/07\/equipement_brassens_3.jpg\" data-orig-size=\"1024,681\" data-comments-opened=\"\" data-image-meta=\"{&quot;aperture&quot;:&quot;4&quot;,&quot;credit&quot;:&quot;&quot;,&quot;camera&quot;:&quot;SLT-A58&quot;,&quot;caption&quot;:&quot;&quot;,&quot;created_timestamp&quot;:&quot;1406287600&quot;,&quot;copyright&quot;:&quot;&quot;,&quot;focal_length&quot;:&quot;18&quot;,&quot;iso&quot;:&quot;1000&quot;,&quot;shutter_speed&quot;:&quot;0.00625&quot;,&quot;title&quot;:&quot;&quot;}\" data-image-title=\"equipement_brassens_3\" data-image-description=\"\" data-medium-file=\"https:\/\/cellieu.fr\/press3\/mairie\/wp-content\/uploads\/sites\/2\/2014\/07\/equipement_brassens_3-300x199.jpg\" data-large-file=\"https:\/\/cellieu.fr\/press3\/mairie\/wp-content\/uploads\/sites\/2\/2014\/07\/equipement_brassens_3.jpg\" src=\"https:\/\/i0.wp.com\/cellieu.fr\/press3\/mairie\/wp-content\/uploads\/sites\/2\/2014\/07\/equipement_brassens_3.jpg?w=413&#038;h=275&#038;ssl=1\" srcset=\"https:\/\/cellieu.fr\/press3\/mairie\/wp-content\/uploads\/sites\/2\/2014\/07\/equipement_brassens_3.jpg 1024w, https:\/\/cellieu.fr\/press3\/mairie\/wp-content\/uploads\/sites\/2\/2014\/07\/equipement_brassens_3-300x199.jpg 300w, https:\/\/cellieu.fr\/press3\/mairie\/wp-content\/uploads\/sites\/2\/2014\/07\/equipement_brassens_3-624x414.jpg 624w, https:\/\/cellieu.fr\/press3\/mairie\/wp-content\/uploads\/sites\/2\/2014\/07\/equipement_brassens_3-900x598.jpg 900w\" width=\"413\" height=\"275\" loading=\"lazy\" data-original-width=\"413\" data-original-height=\"275\" itemprop=\"http:\/\/schema.org\/image\" title=\"equipement_brassens_3\" alt=\"equipement_brassens_3\" style=\"width: 413px; height: 275px;\" \/> <\/a> <\/div> <\/div> <!-- close group --> <div class=\"gallery-group images-2\" style=\"width: 208px; height: 279px;\" data-original-width=\"208\" data-original-height=\"279\" > <div class=\"tiled-gallery-item tiled-gallery-item-small\" itemprop=\"associatedMedia\" itemscope itemtype=\"http:\/\/schema.org\/ImageObject\"> <a href=\"https:\/\/cellieu.fr\/press3\/mairie\/equipement_brassens_2\/\" border=\"0\" itemprop=\"url\"> <meta itemprop=\"width\" content=\"204\"> <meta itemprop=\"height\" content=\"136\"> <img decoding=\"async\" class=\"\" data-attachment-id=\"999\" data-orig-file=\"https:\/\/cellieu.fr\/press3\/mairie\/wp-content\/uploads\/sites\/2\/2014\/07\/equipement_brassens_2.jpg\" data-orig-size=\"1024,681\" data-comments-opened=\"\" data-image-meta=\"{&quot;aperture&quot;:&quot;4&quot;,&quot;credit&quot;:&quot;&quot;,&quot;camera&quot;:&quot;SLT-A58&quot;,&quot;caption&quot;:&quot;&quot;,&quot;created_timestamp&quot;:&quot;1406287466&quot;,&quot;copyright&quot;:&quot;&quot;,&quot;focal_length&quot;:&quot;18&quot;,&quot;iso&quot;:&quot;800&quot;,&quot;shutter_speed&quot;:&quot;0.00625&quot;,&quot;title&quot;:&quot;&quot;}\" data-image-title=\"equipement_brassens_2\" data-image-description=\"\" data-medium-file=\"https:\/\/cellieu.fr\/press3\/mairie\/wp-content\/uploads\/sites\/2\/2014\/07\/equipement_brassens_2-300x199.jpg\" data-large-file=\"https:\/\/cellieu.fr\/press3\/mairie\/wp-content\/uploads\/sites\/2\/2014\/07\/equipement_brassens_2.jpg\" src=\"https:\/\/i0.wp.com\/cellieu.fr\/press3\/mairie\/wp-content\/uploads\/sites\/2\/2014\/07\/equipement_brassens_2.jpg?w=204&#038;h=136&#038;ssl=1\" srcset=\"https:\/\/cellieu.fr\/press3\/mairie\/wp-content\/uploads\/sites\/2\/2014\/07\/equipement_brassens_2.jpg 1024w, https:\/\/cellieu.fr\/press3\/mairie\/wp-content\/uploads\/sites\/2\/2014\/07\/equipement_brassens_2-300x199.jpg 300w, https:\/\/cellieu.fr\/press3\/mairie\/wp-content\/uploads\/sites\/2\/2014\/07\/equipement_brassens_2-624x414.jpg 624w, https:\/\/cellieu.fr\/press3\/mairie\/wp-content\/uploads\/sites\/2\/2014\/07\/equipement_brassens_2-900x598.jpg 900w\" width=\"204\" height=\"136\" loading=\"lazy\" data-original-width=\"204\" data-original-height=\"136\" itemprop=\"http:\/\/schema.org\/image\" title=\"equipement_brassens_2\" alt=\"equipement_brassens_2\" style=\"width: 204px; height: 136px;\" \/> <\/a> <\/div> <div class=\"tiled-gallery-item tiled-gallery-item-small\" itemprop=\"associatedMedia\" itemscope itemtype=\"http:\/\/schema.org\/ImageObject\"> <a href=\"https:\/\/cellieu.fr\/press3\/mairie\/equipement_brassens_1\/\" border=\"0\" itemprop=\"url\"> <meta itemprop=\"width\" content=\"204\"> <meta itemprop=\"height\" content=\"135\"> <img decoding=\"async\" class=\"\" data-attachment-id=\"998\" data-orig-file=\"https:\/\/cellieu.fr\/press3\/mairie\/wp-content\/uploads\/sites\/2\/2014\/07\/equipement_brassens_1.jpg\" data-orig-size=\"1024,681\" data-comments-opened=\"\" data-image-meta=\"{&quot;aperture&quot;:&quot;3.5&quot;,&quot;credit&quot;:&quot;&quot;,&quot;camera&quot;:&quot;SLT-A58&quot;,&quot;caption&quot;:&quot;&quot;,&quot;created_timestamp&quot;:&quot;1406287455&quot;,&quot;copyright&quot;:&quot;&quot;,&quot;focal_length&quot;:&quot;18&quot;,&quot;iso&quot;:&quot;1600&quot;,&quot;shutter_speed&quot;:&quot;0.00625&quot;,&quot;title&quot;:&quot;&quot;}\" data-image-title=\"equipement_brassens_1\" data-image-description=\"\" data-medium-file=\"https:\/\/cellieu.fr\/press3\/mairie\/wp-content\/uploads\/sites\/2\/2014\/07\/equipement_brassens_1-300x199.jpg\" data-large-file=\"https:\/\/cellieu.fr\/press3\/mairie\/wp-content\/uploads\/sites\/2\/2014\/07\/equipement_brassens_1.jpg\" src=\"https:\/\/i0.wp.com\/cellieu.fr\/press3\/mairie\/wp-content\/uploads\/sites\/2\/2014\/07\/equipement_brassens_1.jpg?w=204&#038;h=135&#038;ssl=1\" srcset=\"https:\/\/cellieu.fr\/press3\/mairie\/wp-content\/uploads\/sites\/2\/2014\/07\/equipement_brassens_1.jpg 1024w, https:\/\/cellieu.fr\/press3\/mairie\/wp-content\/uploads\/sites\/2\/2014\/07\/equipement_brassens_1-300x199.jpg 300w, https:\/\/cellieu.fr\/press3\/mairie\/wp-content\/uploads\/sites\/2\/2014\/07\/equipement_brassens_1-624x414.jpg 624w, https:\/\/cellieu.fr\/press3\/mairie\/wp-content\/uploads\/sites\/2\/2014\/07\/equipement_brassens_1-900x598.jpg 900w\" width=\"204\" height=\"135\" loading=\"lazy\" data-original-width=\"204\" data-original-height=\"135\" itemprop=\"http:\/\/schema.org\/image\" title=\"equipement_brassens_1\" alt=\"equipement_brassens_1\" style=\"width: 204px; height: 135px;\" \/> <\/a> <\/div> <\/div> <!-- close group --> <\/div> <!-- close row --> <\/div><\/td>\n<\/tr>\n<tr>\n<td style=\"vertical-align: middle\">\n<h2>La Salle Jacques Brel<\/h2>\n<p>Elle peut contenir jusqu&#8217;\u00e0 30 personnes.<\/p>\n<p>Elle est utilis\u00e9e pour les ap\u00e9ritifs, les anniversaires, &#8230;<\/p>\n<p>Apr\u00e8s chaque manifestation, la salle doit \u00eatre r\u00e9organis\u00e9e suivant ce plan : <a href=\"https:\/\/cellieu.fr\/press3\/mairie\/wp-content\/uploads\/sites\/2\/2014\/07\/2016-03-04-Plan_Jacques_Brel.pdf\" target=\"_blank\" rel=\"noopener noreferrer\">ici<\/a><\/p>\n<p>Pour voir les \u00e9v\u00e9nements : <a title=\"Salle Jacques Brel\" href=\"https:\/\/cellieu.fr\/press3\/mairie\/locations\/salle-jacques-brel\/\">cliquer ici<\/a><\/td>\n<td style=\"text-align: center;vertical-align: middle\"><a href=\"https:\/\/cellieu.fr\/press3\/mairie\/wp-content\/uploads\/sites\/2\/2014\/07\/equipement_brel.jpg\"><img loading=\"lazy\" decoding=\"async\" class=\"aligncenter wp-image-1001 size-medium\" src=\"https:\/\/cellieu.fr\/press3\/mairie\/wp-content\/uploads\/sites\/2\/2014\/07\/equipement_brel-300x199.jpg\" alt=\"equipement_brel\" width=\"300\" height=\"199\" srcset=\"https:\/\/cellieu.fr\/press3\/mairie\/wp-content\/uploads\/sites\/2\/2014\/07\/equipement_brel-300x199.jpg 300w, https:\/\/cellieu.fr\/press3\/mairie\/wp-content\/uploads\/sites\/2\/2014\/07\/equipement_brel-624x414.jpg 624w, https:\/\/cellieu.fr\/press3\/mairie\/wp-content\/uploads\/sites\/2\/2014\/07\/equipement_brel-900x598.jpg 900w, https:\/\/cellieu.fr\/press3\/mairie\/wp-content\/uploads\/sites\/2\/2014\/07\/equipement_brel.jpg 1024w\" sizes=\"auto, (max-width: 300px) 100vw, 300px\" \/><\/a><\/td>\n<\/tr>\n<tr>\n<td style=\"vertical-align: middle\">\n<h2>&nbsp;Une cuisine \u00e9quip\u00e9e<\/h2>\n<\/td>\n<td style=\"text-align: center;vertical-align: middle\"><div class=\"tiled-gallery type-square tiled-gallery-unresized\" data-original-width=\"625\" data-carousel-extra='null' itemscope itemtype=\"http:\/\/schema.org\/ImageGallery\" > <div class=\"gallery-row\" style=\"width: 625px; height: 208px;\" data-original-width=\"625\" data-original-height=\"208\" > <div class=\"gallery-group\" style=\"width: 208px; height: 208px;\" data-original-width=\"208\" data-original-height=\"208\" > <div class=\"tiled-gallery-item \" itemprop=\"associatedMedia\" itemscope itemtype=\"http:\/\/schema.org\/ImageObject\"> <a href=\"https:\/\/cellieu.fr\/press3\/mairie\/decouvrir\/equipements\/espace-de-la-faviere\/2015-01-17-11-10-46\/\" border=\"0\" itemprop=\"url\"> <meta itemprop=\"width\" content=\"204\"> <meta itemprop=\"height\" content=\"204\"> <img decoding=\"async\" class=\"\" data-attachment-id=\"2805\" data-orig-file=\"https:\/\/cellieu.fr\/press3\/mairie\/wp-content\/uploads\/sites\/2\/2014\/07\/2015-01-17-11-10-46-e1447402915713.jpg\" data-orig-size=\"3632,5456\" data-comments-opened=\"\" data-image-meta=\"{&quot;aperture&quot;:&quot;4&quot;,&quot;credit&quot;:&quot;&quot;,&quot;camera&quot;:&quot;SLT-A58&quot;,&quot;caption&quot;:&quot;&quot;,&quot;created_timestamp&quot;:&quot;1421493046&quot;,&quot;copyright&quot;:&quot;&quot;,&quot;focal_length&quot;:&quot;18&quot;,&quot;iso&quot;:&quot;640&quot;,&quot;shutter_speed&quot;:&quot;0.00625&quot;,&quot;title&quot;:&quot;&quot;,&quot;orientation&quot;:&quot;6&quot;}\" data-image-title=\"2015-01-17 11-10-46\" data-image-description=\"\" data-medium-file=\"https:\/\/cellieu.fr\/press3\/mairie\/wp-content\/uploads\/sites\/2\/2014\/07\/2015-01-17-11-10-46-e1447402915713-200x300.jpg\" data-large-file=\"https:\/\/cellieu.fr\/press3\/mairie\/wp-content\/uploads\/sites\/2\/2014\/07\/2015-01-17-11-10-46-e1447402915713-682x1024.jpg\" src=\"https:\/\/i0.wp.com\/cellieu.fr\/press3\/mairie\/wp-content\/uploads\/sites\/2\/2014\/07\/2015-01-17-11-10-46-e1447402915713.jpg?w=204&#038;h=204&#038;crop=1&#038;ssl=1\" srcset=\"https:\/\/cellieu.fr\/press3\/mairie\/wp-content\/uploads\/sites\/2\/2014\/07\/2015-01-17-11-10-46-e1447402915713-150x150.jpg 150w, https:\/\/cellieu.fr\/press3\/mairie\/wp-content\/uploads\/sites\/2\/2014\/07\/2015-01-17-11-10-46-e1447402915713-144x144.jpg 144w\" width=\"204\" height=\"204\" loading=\"lazy\" data-original-width=\"204\" data-original-height=\"204\" itemprop=\"http:\/\/schema.org\/image\" title=\"2015-01-17 11-10-46\" alt=\"2015-01-17 11-10-46\" style=\"width: 204px; height: 204px;\" \/> <\/a> <\/div> <\/div> <div class=\"gallery-group\" style=\"width: 208px; height: 208px;\" data-original-width=\"208\" data-original-height=\"208\" > <div class=\"tiled-gallery-item \" itemprop=\"associatedMedia\" itemscope itemtype=\"http:\/\/schema.org\/ImageObject\"> <a href=\"https:\/\/cellieu.fr\/press3\/mairie\/decouvrir\/equipements\/espace-de-la-faviere\/2015-01-17-11-10-36\/\" border=\"0\" itemprop=\"url\"> <meta itemprop=\"width\" content=\"204\"> <meta itemprop=\"height\" content=\"204\"> <img decoding=\"async\" class=\"\" data-attachment-id=\"2804\" data-orig-file=\"https:\/\/cellieu.fr\/press3\/mairie\/wp-content\/uploads\/sites\/2\/2014\/07\/2015-01-17-11-10-36.jpg\" data-orig-size=\"5456,3632\" data-comments-opened=\"\" data-image-meta=\"{&quot;aperture&quot;:&quot;4&quot;,&quot;credit&quot;:&quot;&quot;,&quot;camera&quot;:&quot;SLT-A58&quot;,&quot;caption&quot;:&quot;&quot;,&quot;created_timestamp&quot;:&quot;1421493037&quot;,&quot;copyright&quot;:&quot;&quot;,&quot;focal_length&quot;:&quot;18&quot;,&quot;iso&quot;:&quot;200&quot;,&quot;shutter_speed&quot;:&quot;0.016666666666667&quot;,&quot;title&quot;:&quot;&quot;,&quot;orientation&quot;:&quot;1&quot;}\" data-image-title=\"2015-01-17 11-10-36\" data-image-description=\"\" data-medium-file=\"https:\/\/cellieu.fr\/press3\/mairie\/wp-content\/uploads\/sites\/2\/2014\/07\/2015-01-17-11-10-36-300x200.jpg\" data-large-file=\"https:\/\/cellieu.fr\/press3\/mairie\/wp-content\/uploads\/sites\/2\/2014\/07\/2015-01-17-11-10-36-1024x682.jpg\" src=\"https:\/\/i0.wp.com\/cellieu.fr\/press3\/mairie\/wp-content\/uploads\/sites\/2\/2014\/07\/2015-01-17-11-10-36.jpg?w=204&#038;h=204&#038;crop=1&#038;ssl=1\" srcset=\"https:\/\/cellieu.fr\/press3\/mairie\/wp-content\/uploads\/sites\/2\/2014\/07\/2015-01-17-11-10-36-150x150.jpg 150w, https:\/\/cellieu.fr\/press3\/mairie\/wp-content\/uploads\/sites\/2\/2014\/07\/2015-01-17-11-10-36-144x144.jpg 144w\" width=\"204\" height=\"204\" loading=\"lazy\" data-original-width=\"204\" data-original-height=\"204\" itemprop=\"http:\/\/schema.org\/image\" title=\"2015-01-17 11-10-36\" alt=\"2015-01-17 11-10-36\" style=\"width: 204px; height: 204px;\" \/> <\/a> <\/div> <\/div> <div class=\"gallery-group\" style=\"width: 208px; height: 208px;\" data-original-width=\"208\" data-original-height=\"208\" > <div class=\"tiled-gallery-item \" itemprop=\"associatedMedia\" itemscope itemtype=\"http:\/\/schema.org\/ImageObject\"> <a href=\"https:\/\/cellieu.fr\/press3\/mairie\/decouvrir\/equipements\/espace-de-la-faviere\/2015-01-17-11-10-08\/\" border=\"0\" itemprop=\"url\"> <meta itemprop=\"width\" content=\"204\"> <meta itemprop=\"height\" content=\"204\"> <img decoding=\"async\" class=\"\" data-attachment-id=\"2803\" data-orig-file=\"https:\/\/cellieu.fr\/press3\/mairie\/wp-content\/uploads\/sites\/2\/2014\/07\/2015-01-17-11-10-08.jpg\" data-orig-size=\"5456,3632\" data-comments-opened=\"\" data-image-meta=\"{&quot;aperture&quot;:&quot;3.5&quot;,&quot;credit&quot;:&quot;&quot;,&quot;camera&quot;:&quot;SLT-A58&quot;,&quot;caption&quot;:&quot;&quot;,&quot;created_timestamp&quot;:&quot;1421493009&quot;,&quot;copyright&quot;:&quot;&quot;,&quot;focal_length&quot;:&quot;18&quot;,&quot;iso&quot;:&quot;2500&quot;,&quot;shutter_speed&quot;:&quot;0.00625&quot;,&quot;title&quot;:&quot;&quot;,&quot;orientation&quot;:&quot;1&quot;}\" data-image-title=\"2015-01-17 11-10-08\" data-image-description=\"\" data-medium-file=\"https:\/\/cellieu.fr\/press3\/mairie\/wp-content\/uploads\/sites\/2\/2014\/07\/2015-01-17-11-10-08-300x200.jpg\" data-large-file=\"https:\/\/cellieu.fr\/press3\/mairie\/wp-content\/uploads\/sites\/2\/2014\/07\/2015-01-17-11-10-08-1024x682.jpg\" src=\"https:\/\/i0.wp.com\/cellieu.fr\/press3\/mairie\/wp-content\/uploads\/sites\/2\/2014\/07\/2015-01-17-11-10-08.jpg?w=204&#038;h=204&#038;crop=1&#038;ssl=1\" srcset=\"https:\/\/cellieu.fr\/press3\/mairie\/wp-content\/uploads\/sites\/2\/2014\/07\/2015-01-17-11-10-08-150x150.jpg 150w, https:\/\/cellieu.fr\/press3\/mairie\/wp-content\/uploads\/sites\/2\/2014\/07\/2015-01-17-11-10-08-144x144.jpg 144w\" width=\"204\" height=\"204\" loading=\"lazy\" data-original-width=\"204\" data-original-height=\"204\" itemprop=\"http:\/\/schema.org\/image\" title=\"2015-01-17 11-10-08\" alt=\"2015-01-17 11-10-08\" style=\"width: 204px; height: 204px;\" \/> <\/a> <\/div> <\/div> <\/div> <\/div><\/td>\n<\/tr>\n<\/tbody>\n<\/table>\n","protected":false},"excerpt":{"rendered":"<p>Adresse : 25 Place de Verdun &#8211; 42320 Cellieu L&#8217;Espace de la Favi\u00e8re&nbsp;est situ\u00e9 sur la place du village et est compos\u00e9 de 3 salles. Les salles Georges BRASSENS et Jacques BREL&nbsp;peuvent \u00eatre lou\u00e9es. Pour plus d&#8217;information, vous pouvez contacter le secr\u00e9tariat en utilisant le formulaire de contact ou consulter les documents suivants : Demande [&hellip;]<\/p>\n","protected":false},"author":2,"featured_media":0,"parent":465,"menu_order":0,"comment_status":"closed","ping_status":"open","template":"","meta":{"wikipediapreview_detectlinks":true,"ngg_post_thumbnail":0,"footnotes":""},"class_list":["post-950","page","type-page","status-publish","hentry"],"jetpack_sharing_enabled":true,"_links":{"self":[{"href":"https:\/\/cellieu.fr\/press3\/mairie\/wp-json\/wp\/v2\/pages\/950","targetHints":{"allow":["GET"]}}],"collection":[{"href":"https:\/\/cellieu.fr\/press3\/mairie\/wp-json\/wp\/v2\/pages"}],"about":[{"href":"https:\/\/cellieu.fr\/press3\/mairie\/wp-json\/wp\/v2\/types\/page"}],"author":[{"embeddable":true,"href":"https:\/\/cellieu.fr\/press3\/mairie\/wp-json\/wp\/v2\/users\/2"}],"replies":[{"embeddable":true,"href":"https:\/\/cellieu.fr\/press3\/mairie\/wp-json\/wp\/v2\/comments?post=950"}],"version-history":[{"count":38,"href":"https:\/\/cellieu.fr\/press3\/mairie\/wp-json\/wp\/v2\/pages\/950\/revisions"}],"predecessor-version":[{"id":14856,"href":"https:\/\/cellieu.fr\/press3\/mairie\/wp-json\/wp\/v2\/pages\/950\/revisions\/14856"}],"up":[{"embeddable":true,"href":"https:\/\/cellieu.fr\/press3\/mairie\/wp-json\/wp\/v2\/pages\/465"}],"wp:attachment":[{"href":"https:\/\/cellieu.fr\/press3\/mairie\/wp-json\/wp\/v2\/media?parent=950"}],"curies":[{"name":"wp","href":"https:\/\/api.w.org\/{rel}","templated":true}]}}