{"id":953,"date":"2014-07-22T12:12:22","date_gmt":"2014-07-22T11:12:22","guid":{"rendered":"http:\/\/cellieu.fr\/press3\/mairie\/?page_id=953"},"modified":"2026-03-20T15:18:04","modified_gmt":"2026-03-20T14:18:04","slug":"mediatheque","status":"publish","type":"page","link":"https:\/\/cellieu.fr\/press3\/mairie\/decouvrir\/equipements\/mediatheque\/","title":{"rendered":"M\u00e9diath\u00e8que Yvan Garrel P\u00f4le Culturel"},"content":{"rendered":"<h1 style=\"text-align: center\"><strong>Horaires et coordonn\u00e9es<\/strong><\/h1>\n<h3 style=\"text-align: center\"><span style=\"color: #ff0000\"><em><strong>Horaires d&#8217;ouverture :<\/strong><\/em><\/span><\/h3>\n<p style=\"text-align: center\">&#x25fe;Mardi : 15h-19h<br \/>\n&#x25fe;Mercredi : 10h-12h ~15h-18h<\/p>\n<p style=\"text-align: center\">&#x25fe;Vendredi : 15h-18h<br \/>\n&#x25fe;Samedi : 9h30-12h30<\/p>\n<h3 style=\"text-align: center\">6 rue des vergers &#8211; 42320 Cellieu&nbsp;<\/h3>\n<ul>\n<li style=\"text-align: center\"><span style=\"color: #0000ff\"><strong>T\u00e9l : 04 77 73 94 29<\/strong><\/span><\/li>\n<li style=\"text-align: center\"><strong><span style=\"color: #0000ff\">Mail: mediatheque@cellieu.fr<\/span><\/strong><\/li>\n<\/ul>\n<p><img loading=\"lazy\" decoding=\"async\" class=\"aligncenter\" src=\"https:\/\/cellieu.fr\/press3\/mairie\/wp-content\/uploads\/sites\/2\/2025\/11\/Capture-decran-2025-11-28-185755.png\" alt=\"\" width=\"500\" height=\"279\"><\/p>\n<p><img loading=\"lazy\" decoding=\"async\" class=\"aligncenter\" src=\"https:\/\/cellieu.fr\/press3\/mairie\/wp-content\/uploads\/sites\/2\/2025\/11\/Capture-decran-2025-11-28-185954.png\" alt=\"\" width=\"500\" height=\"230\"><\/p>\n<p><img loading=\"lazy\" decoding=\"async\" class=\"aligncenter\" src=\"https:\/\/cellieu.fr\/press3\/mairie\/wp-content\/uploads\/sites\/2\/2025\/12\/accueil-mediatheque.jpg2_.jpg\" alt=\"\" width=\"500\" height=\"231\"><\/p>\n<p><img loading=\"lazy\" decoding=\"async\" class=\"aligncenter\" src=\"https:\/\/cellieu.fr\/press3\/mairie\/wp-content\/uploads\/sites\/2\/2025\/12\/salle-expo.jpg\" alt=\"\" width=\"500\" height=\"231\"><\/p>\n<h1 style=\"text-align: center\">&nbsp;<\/h1>\n<p><img loading=\"lazy\" decoding=\"async\" class=\"alignleft\" src=\"https:\/\/cellieu.fr\/press3\/mairie\/wp-content\/uploads\/sites\/2\/2026\/03\/Capture-decran-2026-03-06-153307-1.png\" alt=\"\" width=\"339\" height=\"458\"><\/p>\n<p>&nbsp;<\/p>\n<p>&nbsp;<\/p>\n<p>&nbsp;<\/p>\n<p><span style=\"color: #ff0000\"><strong>NOUVEAU !!!<\/strong><\/span><br \/>\nLa m\u00e9diath\u00e8que met \u00e0 votre disposition une bo\u00eete \u00e0 retours<br \/>\n<span style=\"color: #0000ff\"><em><strong>\u00e0 l&#8217;entr\u00e9e du hall du P\u00f4le Multiservices<\/strong><\/em><\/span><br \/>\npour rendre vos livres du r\u00e9seaux Itin\u00e9rances<br \/>\n<span style=\"color: #339966\"><strong>Hors temps d&#8217;ouverture<\/strong> <\/span>de la m\u00e9diath\u00e8que.!<\/p>\n<p>&nbsp;<\/p>\n<p>&nbsp;<\/p>\n<p>&nbsp;<\/p>\n<p>&nbsp;<\/p>\n<p>&nbsp;<\/p>\n<p>&nbsp;<\/p>\n<p>&nbsp;<\/p>\n<h2 style=\"text-align: center\">********************<\/h2>\n<h1 style=\"text-align: center\">Programme des animations<\/h1>\n<h2 style=\"text-align: center\">**************************<\/h2>\n<h2 style=\"text-align: center\"><strong>Exposition du 9 janvier 2026 au 11 avril 2026 :<\/strong><\/h2>\n<h2 style=\"text-align: center\"><strong>Plumes et Cie :&nbsp; <img loading=\"lazy\" decoding=\"async\" src=\"https:\/\/cellieu.fr\/press3\/mairie\/wp-content\/uploads\/sites\/2\/2025\/12\/plume.png\" alt=\"\" width=\"50\" height=\"53\">&nbsp; D\u00e9couvrir les oiseaux&nbsp;<\/strong><\/h2>\n<p>&nbsp;<\/p>\n<p><img loading=\"lazy\" decoding=\"async\" class=\"aligncenter\" src=\"https:\/\/cellieu.fr\/press3\/mairie\/wp-content\/uploads\/sites\/2\/2026\/01\/2026-01-affiche_expo_a3-plumes.jpg\" alt=\"\" width=\"500\" height=\"707\"><\/p>\n<p>&nbsp;<\/p>\n<h2 style=\"text-align: center\"><strong>Exposition du 24 f\u00e9vrier 2026 au 07 mai 2026 :<\/strong><\/h2>\n<p style=\"text-align: center\"><img loading=\"lazy\" decoding=\"async\" src=\"https:\/\/cellieu.fr\/press3\/mairie\/wp-content\/uploads\/sites\/2\/2026\/02\/Capture-decran-2026-02-18-150708.png\" alt=\"\" width=\"509\" height=\"714\"><\/p>\n<p>&nbsp;<\/p>\n<p style=\"text-align: center\">Les \u0153uvres seront visibles du public,<br \/>\ndans la salle d&#8217;exposition<br \/>\nentre le mardi 24 f\u00e9vrier \u00e0 partir de 15h et jusqu\u2019au jeudi 7 mai inclus.<br \/>\nAux horaires d&#8217;ouverture de la m\u00e9diath\u00e8que<\/p>\n<p style=\"text-align: center\"><span style=\"color: #ff0000\"><strong>Tous les mercredis de 14h30 \u00e0 15h15 visite guid\u00e9e <\/strong><\/span><\/p>\n<p style=\"text-align: center\"><span style=\"color: #ff0000\"><strong>et atelier dessin avec une animatrice&nbsp;<\/strong><\/span><\/p>\n<p style=\"text-align: center\"><span style=\"color: #ff0000\"><strong> &#8211; Gratuit &#8211; Tout public.<\/strong><\/span><\/p>\n<p>&nbsp;<\/p>\n<table style=\"border-collapse: collapse;width: 100%\">\n<tbody>\n<tr>\n<td style=\"width: 33.3332%\"><img loading=\"lazy\" decoding=\"async\" class=\"aligncenter\" src=\"https:\/\/cellieu.fr\/press3\/mairie\/wp-content\/uploads\/sites\/2\/2026\/03\/1-Expo-atelier1.jpg\" alt=\"\" width=\"181\" height=\"193\"><\/td>\n<td style=\"width: 33.3334%\"><img loading=\"lazy\" decoding=\"async\" class=\"aligncenter\" src=\"https:\/\/cellieu.fr\/press3\/mairie\/wp-content\/uploads\/sites\/2\/2026\/03\/1-Expo-dessin-3-scaled.jpg\" alt=\"\" width=\"150\" height=\"268\"><\/td>\n<td style=\"width: 33.3333%\"><img loading=\"lazy\" decoding=\"async\" class=\"aligncenter\" src=\"https:\/\/cellieu.fr\/press3\/mairie\/wp-content\/uploads\/sites\/2\/2026\/03\/1-Expo-atelier-2-scaled.jpg\" alt=\"\" width=\"150\" height=\"200\"><\/td>\n<\/tr>\n<\/tbody>\n<\/table>\n<p>&nbsp;<\/p>\n<h2 style=\"text-align: center\"><strong>***************************<\/strong><\/h2>\n<h1 style=\"text-align: center\"><em><strong>Lectures offertes<\/strong><\/em><\/h1>\n<h3 style=\"text-align: center\"><span style=\"color: #ff6600\">Une fois par mois la m\u00e9diath\u00e8que propose aux enfants un temps de lecture cont\u00e9e&nbsp;<\/span><\/h3>\n<h3 style=\"text-align: center\"><em><strong>Mercredi 22 avril \u00e0 16h30<\/strong><\/em><br \/>\n<em><strong>Mercredi 20 mai \u00e0 16h30<\/strong><\/em><br \/>\n<em><strong>Mercredi 17 juin \u00e0 16h30<\/strong><\/em><\/h3>\n<p>&nbsp;<\/p>\n<p><img loading=\"lazy\" decoding=\"async\" class=\"aligncenter\" src=\"https:\/\/cellieu.fr\/press3\/mairie\/wp-content\/uploads\/sites\/2\/2025\/12\/lecture-conte.jpg\" alt=\"\" width=\"500\" height=\"231\"><\/p>\n<p>&nbsp;<\/p>\n","protected":false},"excerpt":{"rendered":"<p>Horaires et coordonn\u00e9es Horaires d&#8217;ouverture : &#x25fe;Mardi : 15h-19h &#x25fe;Mercredi : 10h-12h ~15h-18h &#x25fe;Vendredi : 15h-18h &#x25fe;Samedi : 9h30-12h30 6 rue des vergers &#8211; 42320 Cellieu&nbsp; T\u00e9l : 04 77 73 94 29 Mail: mediatheque@cellieu.fr &nbsp; &nbsp; &nbsp; &nbsp; NOUVEAU !!! La m\u00e9diath\u00e8que met \u00e0 votre disposition une bo\u00eete \u00e0 retours \u00e0 l&#8217;entr\u00e9e du hall [&hellip;]<\/p>\n","protected":false},"author":2,"featured_media":0,"parent":465,"menu_order":0,"comment_status":"closed","ping_status":"open","template":"","meta":{"wikipediapreview_detectlinks":true,"ngg_post_thumbnail":0,"footnotes":""},"class_list":["post-953","page","type-page","status-publish","hentry"],"jetpack_sharing_enabled":true,"_links":{"self":[{"href":"https:\/\/cellieu.fr\/press3\/mairie\/wp-json\/wp\/v2\/pages\/953","targetHints":{"allow":["GET"]}}],"collection":[{"href":"https:\/\/cellieu.fr\/press3\/mairie\/wp-json\/wp\/v2\/pages"}],"about":[{"href":"https:\/\/cellieu.fr\/press3\/mairie\/wp-json\/wp\/v2\/types\/page"}],"author":[{"embeddable":true,"href":"https:\/\/cellieu.fr\/press3\/mairie\/wp-json\/wp\/v2\/users\/2"}],"replies":[{"embeddable":true,"href":"https:\/\/cellieu.fr\/press3\/mairie\/wp-json\/wp\/v2\/comments?post=953"}],"version-history":[{"count":55,"href":"https:\/\/cellieu.fr\/press3\/mairie\/wp-json\/wp\/v2\/pages\/953\/revisions"}],"predecessor-version":[{"id":14891,"href":"https:\/\/cellieu.fr\/press3\/mairie\/wp-json\/wp\/v2\/pages\/953\/revisions\/14891"}],"up":[{"embeddable":true,"href":"https:\/\/cellieu.fr\/press3\/mairie\/wp-json\/wp\/v2\/pages\/465"}],"wp:attachment":[{"href":"https:\/\/cellieu.fr\/press3\/mairie\/wp-json\/wp\/v2\/media?parent=953"}],"curies":[{"name":"wp","href":"https:\/\/api.w.org\/{rel}","templated":true}]}}