{"id":971,"date":"2014-07-22T12:52:13","date_gmt":"2014-07-22T11:52:13","guid":{"rendered":"http:\/\/cellieu.fr\/press3\/mairie\/?page_id=971"},"modified":"2020-11-26T10:19:21","modified_gmt":"2020-11-26T09:19:21","slug":"histoire","status":"publish","type":"page","link":"https:\/\/cellieu.fr\/press3\/mairie\/decouvrir\/histoire\/","title":{"rendered":"Histoire"},"content":{"rendered":"<h1>Quelques chiffres :<\/h1>\n<ul>\n<li>Altitude : de 404 \u00e0 774 m<\/li>\n<li>Superficie de la commune : 1211 ha<\/li>\n<li>Population : 1697 habitants (en 2016)<\/li>\n<li>Nom des habitants : Les \u00ab Cellieutaires \u00bb<\/li>\n<\/ul>\n<h1>Un peu d\u2019histoire :<\/h1>\n<h2>Moyen Age<\/h2>\n<p>Du moyen-\u00e2ge \u00e0 la r\u00e9volution, la seule d\u00e9nomination utilis\u00e9e, pour qualifier&nbsp; les territoires aux limites mal d\u00e9finies, est la paroisse. C\u2019est une circonscription religieuse sous la juridiction d\u2019un cur\u00e9.<\/p>\n<p>La paroisse de Cellieu se situait dans la partie sud du territoire allou\u00e9 \u00e0 l\u2019\u00e9v\u00eaque de Lyon, \u00e0 la suite du partage&nbsp; de la r\u00e9gion en 1173, avec les comtes du Forez. L\u2019\u00e9glise \u00ab <strong>St Pierre de Selliaco<\/strong>&nbsp;\u00bb&nbsp; avait \u00e9t\u00e9 confirm\u00e9e l\u2019an 910 par le pape Sergius&nbsp;III&nbsp;comme appartenant \u00e0 l\u2019\u00e9glise&nbsp;de Lyon.&nbsp; Les chanoines, comtes de Lyon, imposeront \u00e0 la population, des conditions d&#8217;existence particuli\u00e8rement dures. Au Moyen \u00c2ge et jusqu&#8217;\u00e0 la R\u00e9volution, la plus grande partie du territoire de la paroisse se partage entre quelques propri\u00e9taires seulement : les chanoines de Lyon, le marquis de Saint-Chamond et des congr\u00e9gations religieuses. Ce n&#8217;est qu&#8217;au XIIIe si\u00e8cle que le nom de Cellieu est utilis\u00e9.<\/p>\n<p>Plusieurs hypoth\u00e8ses concernant l\u2019origine de la d\u00e9nomination Cellieu sont envisag\u00e9es. La plus probable est la traduction de l\u2019expression latine Celae&nbsp;locus \u00ab <strong>le lieu du monast\u00e8re<\/strong> \u00bb.<\/p>\n<p>Pendant la p\u00e9riode gallo-romaine, la r\u00e9gion est particuli\u00e8rement marqu\u00e9e par la pr\u00e9sence romaine, comme en t\u00e9moigne la construction de l&#8217;aqueduc du Gier&nbsp;au 1er si\u00e8cle de notre \u00e8re. Celui-ci alimente en eau Lugdunum&nbsp;(Lyon) et va de Saint-Chamond \u00e0 Lyon, en traversant la paroisse de Cellieu du sud \u00e0 l\u2019est dans sa partie basse. Il p\u00e9n\u00e9trait au niveau du ruisseau des arcs, qu\u2019il traversait sur un aqueduc de 5 ou 6 arches puis, sous Salcigneux&nbsp;obliquait vers l\u2019est, passait sous Couttange., traversait le ruisseau la Faverge&nbsp;\u00e0 St Germain, atteignait les Charni\u00e8res pour s\u2019engager dans la vall\u00e9e du Collenon.<\/p>\n<h2>R\u00e9volution<\/h2>\n<p>En 1789, le d\u00e9partement Rh\u00f4ne-et-Loire est cr\u00e9\u00e9. Cellieu d\u00e9pend alors du district de Saint-\u00c9tienne et du canton de Saint-Romain les vergers (Saint-Romain-en-Jarez). Cellieu \u00e9lit son premier conseil municipal le 13 septembre 1791 qui a pour maire Jean-Marie Bajard.<\/p>\n<p>Le bas de la commune fait partie du bassin houiller. Selon certains historiens, l\u2019exploitation du charbon sur notre territoire, remonterait \u00e0 l\u2019\u00e9poque gallo-romaine. Par la suite, l\u2019utilisation de la houille serait tomb\u00e9e dans l\u2019oubli pour r\u00e9apparaitre&nbsp;au XIII\u00e8me&nbsp;si\u00e8cle. Sur la commune de Cellieu, chacun creusait son trou, sa \u00ab taupi\u00e8re \u00bb pour les besoins de la famille et l\u2019alimentation des forges, n\u00e9cessaires \u00e0 la fabrication des clous. Cette possibilit\u00e9 de creuser \u00e0 sa guise est admise jusqu\u2019en 1744. A partir&nbsp;de cette date une nouvelle loi conf\u00e8re \u00e0 l\u2019Etat la propri\u00e9t\u00e9 des mines, interdisant toute extraction individuelle de minerai. Mirabeau fait voter les lois du 27 mars et 12 juillet 1791, qui tout en accordant la propri\u00e9t\u00e9 \u00e0 l\u2019\u00e9tat, oblige le concessionnaire \u00e0 indemniser la propri\u00e9t\u00e9 du terrain.<\/p>\n<h2>XIX\u00e8me&nbsp;et XX\u00e8me si\u00e8cle<\/h2>\n<p>L\u2019industrie mini\u00e8re va se d\u00e9velopper et constituer une des activit\u00e9s principales de la r\u00e9gion pendant tout le XIX\u00e8me&nbsp;si\u00e8cle et la premi\u00e8re moiti\u00e9 du XX\u00e8me si\u00e8cle. Plusieurs concessions sont pr\u00e9sentes sur la commune de Cellieu :<\/p>\n<ul>\n<li>La concession du Ban attribu\u00e9e le 17 novembre 1824.&nbsp; Elle cessera toute activit\u00e9 en 1949. Elle est compos\u00e9e de 10 puits, dont les puits ST&nbsp;Cloud&nbsp;et St Philibert situ\u00e9s&nbsp; \u00e0 Mulet ainsi que 3 fendues. Ce qui est relativement rare pour la r\u00e9gion.<\/li>\n<li>La concession dite de Combe Rigol. Elle compte 6 puits. Sa pleine activit\u00e9 se situe autour de 1927 et cessera&nbsp; l\u2019exploitation autour des ann\u00e9es 1950.<\/li>\n<li>La concession de la Faverge cr\u00e9e par l\u2019ordonnance royale du 25 f\u00e9vrier 1851. Elle comporte 3 puits et cessera son activit\u00e9 en 1917.<\/li>\n<\/ul>\n<p>Avec le d\u00e9veloppement industriel, Grand- Croix&nbsp; succursale de la paroisse de St Paul en Jarez&nbsp;veut devenir ind\u00e9pendante car elle a d\u00e9j\u00e0 2000 habitants, essentiellement compos\u00e9s de mineurs. Malgr\u00e9 les objections du conseil municipal de Cellieu, la cr\u00e9ation se r\u00e9alisera au d\u00e9triment de la paroisse de St Paul en Jarez&nbsp;et d\u2019une partie de celle de Cellieu qui se verra amput\u00e9e de Comberigol, de Bas mulet et de la Faverge. En f\u00e9vrier 1858, les paroissiens de La Grand-Croix demandent leur ind\u00e9pendance communale. Le 11 octobre 1859 le pr\u00e9fet signe un arr\u00eat\u00e9 dans lequel il d\u00e9clare : \u00ab&nbsp; Qu\u2019il y a lieu d\u2019\u00e9riger sous le nom de La Grand-Croix une commune qui empruntera son territoire aux communes de Cellieu et St Paul en Jarez \u00bb. Le 9 mai 1860, la loi N\u00b0 792 parue au journal officiel \u00e9rige sous le nom de La Grand-Croix une commune nouvelle.<\/p>\n<p>Avant cette amputation la commune s\u2019\u00e9tendait sur 1 324 ha, comptait 1 268 habitants et avait un revenu de 2 964 Francs or. Apr\u00e8s,&nbsp; ce sont seulement 1 100 habitants, r\u00e9partis sur&nbsp; 1 086 ha,&nbsp; qui paient 2 508 Francs or.<\/p>\n<p>Au XIX\u00e8me&nbsp;si\u00e8cle, la plupart des Cellieutaires&nbsp;se consacrent \u00e0 l\u2019agriculture et l\u2019\u00e9levage. Le \u00ab laboureur \u00bb est le plus souvent devenu propri\u00e9taire des terres qu\u2019il travaille. Il \u00e9coule ses r\u00e9coltes sur les march\u00e9s dans les villes de la vall\u00e9e du Gier&nbsp;et de St Etienne. On peut noter un d\u00e9veloppement de la vigne. De 39 ha en 1853 elle passe&nbsp; \u00e0 110 ha&nbsp; en 1910. Les vignerons approvisionnent&nbsp; les buvettes mais aussi les mineurs qui boivent entre 5 et 7 litres par jour&nbsp; lorsqu\u2019ils sont \u00e0 la taille dans les galeries de mines. La fabrique de clous procure un revenu compl\u00e9mentaire. Plusieurs artisans et commer\u00e7ants sont pr\u00e9sents sur la commune.<\/p>\n<p>Les premi\u00e8res ann\u00e9es du XX\u00e8me&nbsp;si\u00e8cle sont marqu\u00e9es par la loi du 9 d\u00e9cembre 1905, appel\u00e9e loi&nbsp; de s\u00e9paration de l\u2019\u00e9glise et de l\u2019\u00e9tat. La la\u00efcisation est en marche. La commune devient propri\u00e9taire de l\u2019\u00e9glise&nbsp;et du presbyt\u00e8re et devra en assumer la charge d\u2019entretien. En 1965 de gros travaux de r\u00e9fections de l\u2019int\u00e9rieur sont entrepris et&nbsp; un nouvel autel de granit est mis au centre du ch\u0153ur. Il est consacr\u00e9 par l\u2019\u00e9v\u00eaque, Monseigneur Rousset, en 1967. En 1991 de gros travaux sont \u00e0 nouveau entrepris. Les murs sont recr\u00e9pis, le clocher est consolid\u00e9, la toiture, la charpente&nbsp;et les tuiles sont r\u00e9nov\u00e9es, l&#8217;\u00e9lectricit\u00e9 est mise aux normes&nbsp;et un auvent est \u00e9difi\u00e9 en fa\u00e7ade.<\/p>\n<p>Au d\u00e9but du si\u00e8cle si l\u2019\u00e9cole des gar\u00e7ons est communale, l\u2019enseignement des filles est assur\u00e9 par la congr\u00e9gation&nbsp; des s\u0153urs&nbsp;St Joseph.&nbsp; Avec la loi de 1905, il faut&nbsp; cr\u00e9er une \u00e9cole publique de filles. Celle-ci sera un&nbsp; temps \u00e0 l\u2019entr\u00e9e du village. Puis on am\u00e9nagera une classe pour les filles dans le b\u00e2timent qui abrite la mairie et l\u2019\u00e9cole des gar\u00e7ons. La r\u00e9unification des \u00e9coles publiques de filles et de gar\u00e7ons, en 1912, n\u2019entraine pas la fermeture&nbsp; de l\u2019\u00e9tablissement o\u00f9 les s\u0153urs St Joseph dispensent leur enseignement. Elles quitteront leur communaut\u00e9 de Cellieu en 1949.&nbsp; L\u2019\u00e9cole ST Joseph passera sous la tutelle dioc\u00e9saine. Elle est toujours pr\u00e9sente aujourd\u2019hui avec une centaine d\u2019enfants scolaris\u00e9s.<\/p>\n<p>Durant plusieurs ann\u00e9es, le groupe scolaire et la mairie cohabitent&nbsp;sous le m\u00eame toit. Cela pose un probl\u00e8me pour loger un enseignant.&nbsp; La municipalit\u00e9 ach\u00e8te la maison Fr\u00e9con situ\u00e9e sur la place du bourg et apr\u00e8s quelques travaux s\u2019y installe en 1934. En 1952 devant l\u2019accroissement du nombre d\u2019\u00e9l\u00e8ves le conseil doit construire une classe suppl\u00e9mentaire avec un pr\u00e9au. La r\u00e9ception des travaux n\u2019aura lieu qu\u2019en 1960.&nbsp; Puis dans les ann\u00e9es 1970 la n\u00e9cessit\u00e9 de cr\u00e9er un groupe scolaire se fait jour. Il sera \u00e9difi\u00e9 au \u00ab calvaire \u00bb en 1977. Il accueille aujourd\u2019hui 156 \u00e9l\u00e8ves. Les locaux laiss\u00e9s disponibles par l\u2019\u00e9cole publique, seront r\u00e9investis par la mairie et les services municipaux.<\/p>\n<p>L\u2019agriculture jusqu\u2019aux ann\u00e9es 1950 n\u2019a pas beaucoup chang\u00e9. La polyculture \u00e9levage persiste. Apr\u00e8s 1950, suite au plan Marshall, la m\u00e9canisation et de nouvelles techniques de productions se vulgarisent. \u00ab&nbsp; La r\u00e9volution verte \u00bb est port\u00e9e par la JAC&nbsp; (jeunesse agricole chr\u00e9tienne) et le CETA&nbsp;(centre d\u2019\u00e9tude technique agricole) du Gier. L\u2019activit\u00e9 agricole \u00e9volue lentement vers l\u2019arboriculture. Le vignoble disparait&nbsp;avec la fermeture des mines de charbon. La d\u00e9cennie 1960 repr\u00e9sente certainement le point de rupture avec l\u2019agriculture que l\u2019on pratiquait \u00e0 Cellieu depuis des si\u00e8cles. De 26 ha&nbsp; dans les ann\u00e9es 1960, la surface plant\u00e9e en cerisiers va cro\u00eetre jusqu\u2019\u00e0 150 ha en 1994. Les plantations de pommiers&nbsp; ont \u00e9galement consid\u00e9rablement augment\u00e9. Cette sp\u00e9cialisation arboricole&nbsp; a n\u00e9cessit\u00e9 la cr\u00e9ation de nombreuses retenues collinaires&nbsp;pour l\u2019irrigation. L&#8217;arrosage est automatis\u00e9 et optimis\u00e9 depuis 2009 (goutte&nbsp;\u00e0 goutte, suppression des pompes diesel polluantes&nbsp;et bruyantes) gr\u00e2ce \u00e0 l&#8217;\u00e9lectrification. En 1960 un march\u00e9 de Gros d\u2019exp\u00e9dition est cr\u00e9\u00e9 pour la commercialisation des cerises. Il a malheureusement disparu aujourd\u2019hui. Un b\u00e2timent de stockage collectif des pommes&nbsp; en chambres froides sous atmosph\u00e8re contr\u00f4l\u00e9e est \u00e9difi\u00e9 par la CUMA&nbsp; (coop\u00e9rative d\u2019utilisation de mat\u00e9riel agricole) de Cellieu en 1994.&nbsp; La vente directe sur les march\u00e9s de l\u2019agglom\u00e9ration st\u00e9phanoise perdure et permet le maintien des exploitations m\u00eame si leur nombre a beaucoup diminu\u00e9.<\/p>\n<p>Les artisans, commer\u00e7ants et professions lib\u00e9rales sont aussi pr\u00e9sents sur la commune. Une zone artisanale va voir le jour pour accueillir de nouveaux entrepreneurs.<\/p>\n<p>En 1901 la commune comptait 1065 habitants.&nbsp; En 1946 il n\u2019y avait plus que 734 habitants. La population a peu \u00e9volu\u00e9 jusqu\u2019en 1968, soit 765 habitants. Depuis les ann\u00e9es 1970, elle n\u2019a cess\u00e9 de cro\u00eetre. Nous avons 1697 habitants en 2016.<\/p>\n<h2>XXI\u00e8me si\u00e8cle<\/h2>\n<p>L\u2019arriv\u00e9e de nouveaux r\u00e9sidents constitue un \u00e9l\u00e9ment modificateur de la communaut\u00e9 villageoise. Le milieu agricole n\u2019est plus majoritaire. Cellieu est un village r\u00e9sidentiel d\u2019une couronne p\u00e9riurbaine qui a d\u00fb investir dans des \u00e9quipements sportifs et culturels et solutionner les probl\u00e8mes d\u2019eau et d\u2019assainissement.<\/p>\n<p>Cellieu fait partie de Saint-Etienne M\u00e9tropole qui a obtenu le statut de M\u00e9tropole au 1er janvier 2018.<\/p>\n<p>Cellieu est devenu le centre g\u00e9ographique de la nouvelle r\u00e9gion Auvergne- Rh\u00f4ne- Alpes cr\u00e9e en 2015.<\/p>\n<h2>Evolution d\u00e9mographique<\/h2>\n<p style=\"text-align: center\"><a href=\"https:\/\/cellieu.fr\/press3\/mairie\/wp-content\/uploads\/sites\/2\/2015\/09\/2015-12-02-evolution_demographique1.png\" target=\"_blank\" rel=\"noopener noreferrer\"><img loading=\"lazy\" decoding=\"async\" class=\"aligncenter wp-image-2837 size-large\" src=\"https:\/\/cellieu.fr\/press3\/mairie\/wp-content\/uploads\/sites\/2\/2015\/09\/2015-12-02-evolution_demographique1-1024x652.png\" alt=\"\" width=\"625\" height=\"398\" srcset=\"https:\/\/cellieu.fr\/press3\/mairie\/wp-content\/uploads\/sites\/2\/2015\/09\/2015-12-02-evolution_demographique1-1024x652.png 1024w, https:\/\/cellieu.fr\/press3\/mairie\/wp-content\/uploads\/sites\/2\/2015\/09\/2015-12-02-evolution_demographique1-300x191.png 300w, https:\/\/cellieu.fr\/press3\/mairie\/wp-content\/uploads\/sites\/2\/2015\/09\/2015-12-02-evolution_demographique1-624x397.png 624w, https:\/\/cellieu.fr\/press3\/mairie\/wp-content\/uploads\/sites\/2\/2015\/09\/2015-12-02-evolution_demographique1-900x573.png 900w, https:\/\/cellieu.fr\/press3\/mairie\/wp-content\/uploads\/sites\/2\/2015\/09\/2015-12-02-evolution_demographique1.png 1108w\" sizes=\"auto, (max-width: 625px) 100vw, 625px\" \/><\/a><\/p>\n<p style=\"text-align: center\"><a href=\"https:\/\/cellieu.fr\/press3\/mairie\/wp-content\/uploads\/sites\/2\/2015\/09\/2015-12-02-evolution_demographique1.xlsx\" target=\"_blank\" rel=\"noopener noreferrer\">Donn\u00e9es brutes<\/a><\/p>\n<hr>\n<p>D\u2019apr\u00e8s l\u2019ouvrage de G\u00e9rard Chaperon et avec son amicale autorisation,&nbsp; &#8220;CELLIEU&nbsp;un village du Jarez au cours des \u00e2ges&#8221;, \u00e9dit\u00e9 aux Actes Graphiques (ISBN-10: 2910868222 &#8211; ISBN-13: 978-2910868222)<\/p>\n","protected":false},"excerpt":{"rendered":"<p>Quelques chiffres : Altitude : de 404 \u00e0 774 m Superficie de la commune : 1211 ha Population : 1697 habitants (en 2016) Nom des habitants : Les \u00ab Cellieutaires \u00bb Un peu d\u2019histoire : Moyen Age Du moyen-\u00e2ge \u00e0 la r\u00e9volution, la seule d\u00e9nomination utilis\u00e9e, pour qualifier&nbsp; les territoires aux limites mal d\u00e9finies, est [&hellip;]<\/p>\n","protected":false},"author":2,"featured_media":0,"parent":507,"menu_order":0,"comment_status":"closed","ping_status":"open","template":"","meta":{"wikipediapreview_detectlinks":true,"ngg_post_thumbnail":0,"footnotes":""},"class_list":["post-971","page","type-page","status-publish","hentry"],"jetpack_sharing_enabled":true,"_links":{"self":[{"href":"https:\/\/cellieu.fr\/press3\/mairie\/wp-json\/wp\/v2\/pages\/971","targetHints":{"allow":["GET"]}}],"collection":[{"href":"https:\/\/cellieu.fr\/press3\/mairie\/wp-json\/wp\/v2\/pages"}],"about":[{"href":"https:\/\/cellieu.fr\/press3\/mairie\/wp-json\/wp\/v2\/types\/page"}],"author":[{"embeddable":true,"href":"https:\/\/cellieu.fr\/press3\/mairie\/wp-json\/wp\/v2\/users\/2"}],"replies":[{"embeddable":true,"href":"https:\/\/cellieu.fr\/press3\/mairie\/wp-json\/wp\/v2\/comments?post=971"}],"version-history":[{"count":11,"href":"https:\/\/cellieu.fr\/press3\/mairie\/wp-json\/wp\/v2\/pages\/971\/revisions"}],"predecessor-version":[{"id":6899,"href":"https:\/\/cellieu.fr\/press3\/mairie\/wp-json\/wp\/v2\/pages\/971\/revisions\/6899"}],"up":[{"embeddable":true,"href":"https:\/\/cellieu.fr\/press3\/mairie\/wp-json\/wp\/v2\/pages\/507"}],"wp:attachment":[{"href":"https:\/\/cellieu.fr\/press3\/mairie\/wp-json\/wp\/v2\/media?parent=971"}],"curies":[{"name":"wp","href":"https:\/\/api.w.org\/{rel}","templated":true}]}}