{"id":973,"date":"2014-07-22T12:53:16","date_gmt":"2014-07-22T11:53:16","guid":{"rendered":"http:\/\/cellieu.fr\/press3\/mairie\/?page_id=973"},"modified":"2020-12-07T10:56:55","modified_gmt":"2020-12-07T09:56:55","slug":"permanences","status":"publish","type":"page","link":"https:\/\/cellieu.fr\/press3\/mairie\/contact\/permanences\/","title":{"rendered":"Permanences et Coordonn\u00e9es"},"content":{"rendered":"<p>Le secr\u00e9tariat est ouvert au public les :<\/p>\n<ul>\n<li>Lundi, Mardi, Jeudi, Vendredi de 8h \u00e0 12h<\/li>\n<li>Mercredi de 14h \u00e0 17h<\/li>\n<li>les 2\u00e8me et 4\u00e8me Samedis de chaque mois,&nbsp; de 9h \u00e0 11h.<\/li>\n<\/ul>\n<p>Les horaires sont am\u00e9nag\u00e9s pendant les vacances, merci de consulter l&#8217;accueil de ce site pour plus d&#8217;informations sur ces p\u00e9riodes.<\/p>\n<p>Vous pouvez le contacter par :<\/p>\n<table>\n<tbody>\n<tr>\n<td style=\"text-align: center;vertical-align: middle\">\n<h3>Mail: secretariat@cellieu.fr<\/h3>\n<h3>T\u00e9l : 04 77 73 00 91<\/h3>\n<h3>Fax : 04 77 73 64 19<\/h3>\n<h3><a title=\"Contacter la Mairie\" href=\"https:\/\/cellieu.fr\/press3\/mairie\/contact\/contacter-la-mairie\/\">Formulaire<\/a><\/h3>\n<\/td>\n<td style=\"text-align: center;vertical-align: middle\">vCard :<img loading=\"lazy\" decoding=\"async\" class=\"aligncenter size-thumbnail wp-image-1385\" src=\"https:\/\/cellieu.fr\/press3\/mairie\/wp-content\/uploads\/sites\/2\/2014\/07\/qr_cellieu-150x150.png\" alt=\"qr_cellieu\" width=\"150\" height=\"150\" srcset=\"https:\/\/cellieu.fr\/press3\/mairie\/wp-content\/uploads\/sites\/2\/2014\/07\/qr_cellieu-150x150.png 150w, https:\/\/cellieu.fr\/press3\/mairie\/wp-content\/uploads\/sites\/2\/2014\/07\/qr_cellieu-144x144.png 144w, https:\/\/cellieu.fr\/press3\/mairie\/wp-content\/uploads\/sites\/2\/2014\/07\/qr_cellieu.png 300w\" sizes=\"auto, (max-width: 150px) 100vw, 150px\" \/><\/td>\n<\/tr>\n<\/tbody>\n<\/table>\n<p>L&#8217;adresse postale est : 1 place de Verdun &#8211; 42320 Cellieu<\/p>\n<p>&nbsp;<\/p>\n<p>Le secr\u00e9tariat est \u00e0 votre service pour :<\/p>\n<ul>\n<li>r\u00e9server des \u00e9quipements municipaux<\/li>\n<li>retirer ou demander des documents administratifs<\/li>\n<li>vous informer sur la commune<\/li>\n<li>vous prendre rendez-vous avec le Maire ou les adjoints<\/li>\n<\/ul>\n<p>&nbsp;<\/p>\n<p><a href=\"https:\/\/cellieu.fr\/press3\/mairie\/wp-content\/uploads\/sites\/2\/2014\/07\/equipement_secretariat.jpg\"><img loading=\"lazy\" decoding=\"async\" class=\"aligncenter size-thumbnail wp-image-1015\" src=\"https:\/\/cellieu.fr\/press3\/mairie\/wp-content\/uploads\/sites\/2\/2014\/07\/equipement_secretariat-150x150.jpg\" alt=\"equipement_secretariat\" width=\"150\" height=\"150\" srcset=\"https:\/\/cellieu.fr\/press3\/mairie\/wp-content\/uploads\/sites\/2\/2014\/07\/equipement_secretariat-150x150.jpg 150w, https:\/\/cellieu.fr\/press3\/mairie\/wp-content\/uploads\/sites\/2\/2014\/07\/equipement_secretariat-144x144.jpg 144w\" sizes=\"auto, (max-width: 150px) 100vw, 150px\" \/><\/a><\/p>\n<p>&nbsp;<\/p>\n<p>L&#8217;assistante sociale peut vous recevoir :<\/p>\n<p class=\"x_MsoListParagraph\"><span style=\"font-family: 'Courier New',serif,'EmojiFont'\">o<span style=\"font: 7pt\/normal 'Times New Roman', serif, 'EmojiFont'\">&nbsp;&nbsp;<\/span><\/span>Le jeudi matin sur RDV mairie de G\u00e9nilac &#8211; 9h15 \u00e0 12h30 en appelant 04-77-83-01-30<\/p>\n<p class=\"x_MsoListParagraph\"><span style=\"font-family: 'Courier New',serif,'EmojiFont'\">o<span style=\"font: 7pt\/normal 'Times New Roman', serif, 'EmojiFont'\">&nbsp;&nbsp; <\/span><\/span>Le Mardi matin sans RDV mairie de Cellieu &#8211; 9h \u00e0 11h<\/p>\n<p class=\"x_MsoListParagraph\"><span style=\"font-family: 'Courier New',serif,'EmojiFont'\">o<span style=\"font: 7pt\/normal 'Times New Roman', serif, 'EmojiFont'\">&nbsp;&nbsp; <\/span><\/span>En dehors de ses horaires sur RDV ou visite \u00e0 domicile possible en appelant le 04-77-83-01-30<\/p>\n","protected":false},"excerpt":{"rendered":"<p>Le secr\u00e9tariat est ouvert au public les : Lundi, Mardi, Jeudi, Vendredi de 8h \u00e0 12h Mercredi de 14h \u00e0 17h les 2\u00e8me et 4\u00e8me Samedis de chaque mois,&nbsp; de 9h \u00e0 11h. Les horaires sont am\u00e9nag\u00e9s pendant les vacances, merci de consulter l&#8217;accueil de ce site pour plus d&#8217;informations sur ces p\u00e9riodes. Vous pouvez [&hellip;]<\/p>\n","protected":false},"author":2,"featured_media":0,"parent":515,"menu_order":0,"comment_status":"closed","ping_status":"open","template":"","meta":{"wikipediapreview_detectlinks":true,"ngg_post_thumbnail":0,"footnotes":""},"class_list":["post-973","page","type-page","status-publish","hentry"],"jetpack_sharing_enabled":true,"_links":{"self":[{"href":"https:\/\/cellieu.fr\/press3\/mairie\/wp-json\/wp\/v2\/pages\/973","targetHints":{"allow":["GET"]}}],"collection":[{"href":"https:\/\/cellieu.fr\/press3\/mairie\/wp-json\/wp\/v2\/pages"}],"about":[{"href":"https:\/\/cellieu.fr\/press3\/mairie\/wp-json\/wp\/v2\/types\/page"}],"author":[{"embeddable":true,"href":"https:\/\/cellieu.fr\/press3\/mairie\/wp-json\/wp\/v2\/users\/2"}],"replies":[{"embeddable":true,"href":"https:\/\/cellieu.fr\/press3\/mairie\/wp-json\/wp\/v2\/comments?post=973"}],"version-history":[{"count":14,"href":"https:\/\/cellieu.fr\/press3\/mairie\/wp-json\/wp\/v2\/pages\/973\/revisions"}],"predecessor-version":[{"id":6941,"href":"https:\/\/cellieu.fr\/press3\/mairie\/wp-json\/wp\/v2\/pages\/973\/revisions\/6941"}],"up":[{"embeddable":true,"href":"https:\/\/cellieu.fr\/press3\/mairie\/wp-json\/wp\/v2\/pages\/515"}],"wp:attachment":[{"href":"https:\/\/cellieu.fr\/press3\/mairie\/wp-json\/wp\/v2\/media?parent=973"}],"curies":[{"name":"wp","href":"https:\/\/api.w.org\/{rel}","templated":true}]}}