{"id":983,"date":"2014-07-22T13:11:19","date_gmt":"2014-07-22T12:11:19","guid":{"rendered":"http:\/\/cellieu.fr\/press3\/mairie\/?page_id=983"},"modified":"2019-08-27T20:05:37","modified_gmt":"2019-08-27T19:05:37","slug":"presse-et-informations","status":"publish","type":"page","link":"https:\/\/cellieu.fr\/press3\/mairie\/presse-et-informations\/","title":{"rendered":"Presse et Informations"},"content":{"rendered":"<h1><a href=\"https:\/\/cellieu.fr\/press3\/mairie\/presse-et-informations\/affichage-public\/\">L&#8217;affichage public<\/a><\/h1>\n<p>&nbsp;<\/p>\n<h1><a href=\"https:\/\/cellieu.fr\/press3\/mairie\/presse-et-informations\/prix-et-distinctions\/\">Prix et Distinctions<\/a><\/h1>\n<p>&nbsp;<\/p>\n<h1><a title=\"Presse\" href=\"https:\/\/cellieu.fr\/press3\/mairie\/presse-et-informations\/presse\/\">Les articles de Presse<\/a><\/h1>\n<p>&nbsp;<\/p>\n<h1><a title=\"Communication\" href=\"https:\/\/cellieu.fr\/press3\/mairie\/presse-et-informations\/communication\/\">Les bulletins et lettres d&#8217;information de la commune<\/a><\/h1>\n<p>&nbsp;<\/p>\n<h1><a title=\"Photos\" href=\"https:\/\/cellieu.fr\/press3\/mairie\/presse-et-informations\/photos\/\">Des photos de la commune<\/a><\/h1>\n<p>&nbsp;<\/p>\n<h1><a href=\"https:\/\/cellieu.fr\/press3\/mairie\/presse-et-informations\/qualite-de-lair\/\">La qualit\u00e9 de l&#8217;air \u00e0 Cellieu et dans la R\u00e9gion<\/a><\/h1>\n<p>&nbsp;<\/p>\n<h1><a href=\"https:\/\/cellieu.fr\/press3\/mairie\/presse-et-informations\/production-photovoltaique\/\">La production photovolta\u00efque<\/a><\/h1>\n<p>&nbsp;<\/p>\n","protected":false},"excerpt":{"rendered":"<p>L&#8217;affichage public &nbsp; Prix et Distinctions &nbsp; Les articles de Presse &nbsp; Les bulletins et lettres d&#8217;information de la commune &nbsp; Des photos de la commune &nbsp; La qualit\u00e9 de l&#8217;air \u00e0 Cellieu et dans la R\u00e9gion &nbsp; La production photovolta\u00efque &nbsp;<\/p>\n","protected":false},"author":2,"featured_media":0,"parent":0,"menu_order":0,"comment_status":"closed","ping_status":"open","template":"","meta":{"wikipediapreview_detectlinks":true,"ngg_post_thumbnail":0,"footnotes":""},"class_list":["post-983","page","type-page","status-publish","hentry"],"jetpack_sharing_enabled":true,"_links":{"self":[{"href":"https:\/\/cellieu.fr\/press3\/mairie\/wp-json\/wp\/v2\/pages\/983","targetHints":{"allow":["GET"]}}],"collection":[{"href":"https:\/\/cellieu.fr\/press3\/mairie\/wp-json\/wp\/v2\/pages"}],"about":[{"href":"https:\/\/cellieu.fr\/press3\/mairie\/wp-json\/wp\/v2\/types\/page"}],"author":[{"embeddable":true,"href":"https:\/\/cellieu.fr\/press3\/mairie\/wp-json\/wp\/v2\/users\/2"}],"replies":[{"embeddable":true,"href":"https:\/\/cellieu.fr\/press3\/mairie\/wp-json\/wp\/v2\/comments?post=983"}],"version-history":[{"count":11,"href":"https:\/\/cellieu.fr\/press3\/mairie\/wp-json\/wp\/v2\/pages\/983\/revisions"}],"predecessor-version":[{"id":5683,"href":"https:\/\/cellieu.fr\/press3\/mairie\/wp-json\/wp\/v2\/pages\/983\/revisions\/5683"}],"wp:attachment":[{"href":"https:\/\/cellieu.fr\/press3\/mairie\/wp-json\/wp\/v2\/media?parent=983"}],"curies":[{"name":"wp","href":"https:\/\/api.w.org\/{rel}","templated":true}]}}