{"id":985,"date":"2014-07-22T13:12:45","date_gmt":"2014-07-22T12:12:45","guid":{"rendered":"http:\/\/cellieu.fr\/press3\/mairie\/?page_id=985"},"modified":"2019-01-18T11:35:27","modified_gmt":"2019-01-18T10:35:27","slug":"plan","status":"publish","type":"page","link":"https:\/\/cellieu.fr\/press3\/mairie\/contact\/plan\/","title":{"rendered":"Plan"},"content":{"rendered":"<h1>&nbsp;Bus<\/h1>\n<p>Cellieu est desservie par le r\u00e9seau <a title=\"Liens\" href=\"https:\/\/cellieu.fr\/press3\/mairie\/contact\/liens\/\">STAS<\/a> de <a title=\"Liens\" href=\"https:\/\/cellieu.fr\/press3\/mairie\/contact\/liens\/\">St Etienne M\u00e9tropole<\/a>.<\/p>\n<p>Plusieurs arr\u00eats de la ligne 48 sont situ\u00e9s sur la commune.<br \/>\n<a href=\"https:\/\/cellieu.fr\/press3\/mairie\/wp-content\/uploads\/sites\/2\/2014\/07\/deplacement_bus_48.jpg\" target=\"_blank\" rel=\"noopener\"><img loading=\"lazy\" decoding=\"async\" width=\"150\" height=\"150\" class=\"aligncenter wp-image-1181 size-thumbnail\" alt=\"deplacement_bus_48\" src=\"https:\/\/cellieu.fr\/press3\/mairie\/wp-content\/uploads\/sites\/2\/2014\/07\/deplacement_bus_48-150x150.jpg\" srcset=\"https:\/\/cellieu.fr\/press3\/mairie\/wp-content\/uploads\/sites\/2\/2014\/07\/deplacement_bus_48-150x150.jpg 150w, https:\/\/cellieu.fr\/press3\/mairie\/wp-content\/uploads\/sites\/2\/2014\/07\/deplacement_bus_48-144x144.jpg 144w\" sizes=\"auto, (max-width: 150px) 100vw, 150px\" \/><\/a><\/p>\n<p>&nbsp;<\/p>\n<h1>TER<\/h1>\n<p>Cellieu est proche de la gare de<a title=\"Liens\" href=\"https:\/\/cellieu.fr\/press3\/mairie\/contact\/liens\/\">&nbsp;St Chamond<\/a> et de <a title=\"Liens\" href=\"https:\/\/cellieu.fr\/press3\/mairie\/contact\/liens\/\">Rive de Gier<\/a><a href=\"http:\/\/www.ter.sncf.com\/rhone-alpes\/?name=Rive-de-Gier\" target=\"_blank\" rel=\"noopener\">.<\/a><\/p>\n<p><a href=\"https:\/\/cellieu.fr\/press3\/mairie\/wp-content\/uploads\/sites\/2\/2014\/07\/deplacement_ter.jpg\" target=\"_blank\" rel=\"noopener\"><img loading=\"lazy\" decoding=\"async\" width=\"150\" height=\"150\" class=\"aligncenter wp-image-1183 size-thumbnail\" alt=\"deplacement_ter\" src=\"https:\/\/cellieu.fr\/press3\/mairie\/wp-content\/uploads\/sites\/2\/2014\/07\/deplacement_ter-150x150.jpg\" srcset=\"https:\/\/cellieu.fr\/press3\/mairie\/wp-content\/uploads\/sites\/2\/2014\/07\/deplacement_ter-150x150.jpg 150w, https:\/\/cellieu.fr\/press3\/mairie\/wp-content\/uploads\/sites\/2\/2014\/07\/deplacement_ter-144x144.jpg 144w\" sizes=\"auto, (max-width: 150px) 100vw, 150px\" \/><\/a><\/p>\n<h1>Voiture<\/h1>\n<p>Cellieu&nbsp;est accessible depuis l&#8217;A47 (entre St Etienne et Lyon), sortie 15 ou sortie 13.<\/p>\n<p><a href=\"https:\/\/cellieu.fr\/press3\/mairie\/wp-content\/uploads\/sites\/2\/2014\/07\/deplacement_voiture.jpg\" target=\"_blank\" rel=\"noopener\"><img loading=\"lazy\" decoding=\"async\" width=\"150\" height=\"150\" class=\"aligncenter wp-image-1182 size-thumbnail\" alt=\"deplacement_voiture\" src=\"https:\/\/cellieu.fr\/press3\/mairie\/wp-content\/uploads\/sites\/2\/2014\/07\/deplacement_voiture-150x150.jpg\" srcset=\"https:\/\/cellieu.fr\/press3\/mairie\/wp-content\/uploads\/sites\/2\/2014\/07\/deplacement_voiture-150x150.jpg 150w, https:\/\/cellieu.fr\/press3\/mairie\/wp-content\/uploads\/sites\/2\/2014\/07\/deplacement_voiture-144x144.jpg 144w\" sizes=\"auto, (max-width: 150px) 100vw, 150px\" \/><\/a><\/p>\n<h1>Plan de la commune<\/h1>\n<p>Cliquer pour agrandir :<\/p>\n<table style=\"width: 1010px; height: 266px;\">\n<tbody>\n<tr style=\"height: 22px;\">\n<td style=\"width: 232.47px; height: 22px;\">\n<h3 style=\"text-align: center;\">Commune compl\u00e8te<\/h3>\n<\/td>\n<td style=\"width: 431.87px; height: 22px; text-align: center;\">\n<h3>D\u00e9tails du centre bourg<\/h3>\n<\/td>\n<td style=\"width: 323.66px; height: 22px;\">\n<h3 style=\"text-align: center;\">D\u00e9tails de Salcigneux<\/h3>\n<\/td>\n<\/tr>\n<tr style=\"height: 244px;\">\n<td style=\"width: 232.47px; height: 244px;\"><a href=\"https:\/\/cellieu.fr\/press3\/mairie\/wp-content\/uploads\/sites\/2\/2019\/01\/2019-01-Plan_Cellieu.png\" target=\"_blank\" rel=\"noopener\"><img loading=\"lazy\" decoding=\"async\" width=\"150\" height=\"150\" class=\"aligncenter wp-image-5245 size-thumbnail\" alt=\"\" src=\"https:\/\/cellieu.fr\/press3\/mairie\/wp-content\/uploads\/sites\/2\/2019\/01\/2019-01-Plan_Cellieu-150x150.png\" srcset=\"https:\/\/cellieu.fr\/press3\/mairie\/wp-content\/uploads\/sites\/2\/2019\/01\/2019-01-Plan_Cellieu-150x150.png 150w, https:\/\/cellieu.fr\/press3\/mairie\/wp-content\/uploads\/sites\/2\/2019\/01\/2019-01-Plan_Cellieu-144x144.png 144w\" sizes=\"auto, (max-width: 150px) 100vw, 150px\" \/><\/a><\/td>\n<td style=\"width: 431.87px; height: 244px;\"><a href=\"https:\/\/cellieu.fr\/press3\/mairie\/wp-content\/uploads\/sites\/2\/2019\/01\/2019-01-Plan_Cellieu_Bourg.png\" target=\"_blank\" rel=\"noopener\"><img loading=\"lazy\" decoding=\"async\" width=\"150\" height=\"150\" class=\"aligncenter wp-image-5252 size-thumbnail\" alt=\"\" src=\"https:\/\/cellieu.fr\/press3\/mairie\/wp-content\/uploads\/sites\/2\/2019\/01\/2019-01-Plan_Cellieu_Bourg-150x150.png\" srcset=\"https:\/\/cellieu.fr\/press3\/mairie\/wp-content\/uploads\/sites\/2\/2019\/01\/2019-01-Plan_Cellieu_Bourg-150x150.png 150w, https:\/\/cellieu.fr\/press3\/mairie\/wp-content\/uploads\/sites\/2\/2019\/01\/2019-01-Plan_Cellieu_Bourg-144x144.png 144w\" sizes=\"auto, (max-width: 150px) 100vw, 150px\" \/><\/a><\/td>\n<td style=\"width: 323.66px; height: 244px;\"><a href=\"https:\/\/cellieu.fr\/press3\/mairie\/wp-content\/uploads\/sites\/2\/2019\/01\/2019-01-Plan_Cellieu_Salcigneux.png\" target=\"_blank\" rel=\"noopener\"><img loading=\"lazy\" decoding=\"async\" width=\"150\" height=\"150\" class=\"aligncenter wp-image-5253 size-thumbnail\" alt=\"\" src=\"https:\/\/cellieu.fr\/press3\/mairie\/wp-content\/uploads\/sites\/2\/2019\/01\/2019-01-Plan_Cellieu_Salcigneux-150x150.png\" srcset=\"https:\/\/cellieu.fr\/press3\/mairie\/wp-content\/uploads\/sites\/2\/2019\/01\/2019-01-Plan_Cellieu_Salcigneux-150x150.png 150w, https:\/\/cellieu.fr\/press3\/mairie\/wp-content\/uploads\/sites\/2\/2019\/01\/2019-01-Plan_Cellieu_Salcigneux-144x144.png 144w\" sizes=\"auto, (max-width: 150px) 100vw, 150px\" \/><\/a><\/td>\n<\/tr>\n<\/tbody>\n<\/table>\n<p>&nbsp;<\/p>\n<h2>Plan dynamique<\/h2>\n<iframe loading=\"lazy\" src=\"https:\/\/cellieu.fr\/press3\/wp-content\/uploads\/sites\/2\/custom_cellieu\/plan\/\" width=\"1600\" height=\"800\" frameborder=\"0\" ><\/iframe>\n<h1>&nbsp;<\/h1>\n<h1>Vue satellite<\/h1>\n<iframe loading=\"lazy\" src=\"https:\/\/www.bing.com\/maps\/embed\/viewer.aspx?v=3&amp;cp=45.517598~4.517772&amp;lvl=12&amp;w=800&amp;h=400&amp;sty=h&amp;typ=d&amp;pp=&amp;ps=&amp;dir=0&amp;mkt=fr-fr&amp;src=SHELL&amp;form=BMEMJS\" width=\"800\" height=\"400\" frameborder=\"0\" ><\/iframe>\n<div style=\"margin: 12px 0 0 0;\"><a href=\"http:\/\/www.bing.com\/maps\/?cp=45.517598~4.517772&amp;sty=h&amp;lvl=12&amp;sp=&amp;mm_embed=map\" target=\"_blank\" rel=\"noopener\">Afficher une carte plus grande<\/a>&nbsp; |&nbsp; <a href=\"http:\/\/www.bing.com\/maps\/?cp=45.517598~4.517772&amp;sty=h&amp;lvl=12&amp;rtp=~pos.45.517598_4.517772____&amp;mm_embed=dir\" target=\"_blank\" rel=\"noopener\">Calculer l&#8217;itin\u00e9raire<\/a>&nbsp; |&nbsp; <a href=\"http:\/\/www.bing.com\/maps\/?cp=rkkn5qhc8tzm&amp;sty=b&amp;lvl=18&amp;sp=&amp;mm_embed=be\" target=\"_blank\" rel=\"noopener\">Afficher la vue d&#8217;ensemble<\/a><\/div>\n","protected":false},"excerpt":{"rendered":"<p>&nbsp;Bus Cellieu est desservie par le r\u00e9seau STAS de St Etienne M\u00e9tropole. Plusieurs arr\u00eats de la ligne 48 sont situ\u00e9s sur la commune. &nbsp; TER Cellieu est proche de la gare de&nbsp;St Chamond et de Rive de Gier. Voiture Cellieu&nbsp;est accessible depuis l&#8217;A47 (entre St Etienne et Lyon), sortie 15 ou sortie 13. Plan de [&hellip;]<\/p>\n","protected":false},"author":2,"featured_media":0,"parent":515,"menu_order":0,"comment_status":"closed","ping_status":"closed","template":"page-templates\/full-width.php","meta":{"wikipediapreview_detectlinks":true,"ngg_post_thumbnail":0,"footnotes":""},"class_list":["post-985","page","type-page","status-publish","hentry"],"jetpack_sharing_enabled":true,"_links":{"self":[{"href":"https:\/\/cellieu.fr\/press3\/mairie\/wp-json\/wp\/v2\/pages\/985","targetHints":{"allow":["GET"]}}],"collection":[{"href":"https:\/\/cellieu.fr\/press3\/mairie\/wp-json\/wp\/v2\/pages"}],"about":[{"href":"https:\/\/cellieu.fr\/press3\/mairie\/wp-json\/wp\/v2\/types\/page"}],"author":[{"embeddable":true,"href":"https:\/\/cellieu.fr\/press3\/mairie\/wp-json\/wp\/v2\/users\/2"}],"replies":[{"embeddable":true,"href":"https:\/\/cellieu.fr\/press3\/mairie\/wp-json\/wp\/v2\/comments?post=985"}],"version-history":[{"count":27,"href":"https:\/\/cellieu.fr\/press3\/mairie\/wp-json\/wp\/v2\/pages\/985\/revisions"}],"predecessor-version":[{"id":5256,"href":"https:\/\/cellieu.fr\/press3\/mairie\/wp-json\/wp\/v2\/pages\/985\/revisions\/5256"}],"up":[{"embeddable":true,"href":"https:\/\/cellieu.fr\/press3\/mairie\/wp-json\/wp\/v2\/pages\/515"}],"wp:attachment":[{"href":"https:\/\/cellieu.fr\/press3\/mairie\/wp-json\/wp\/v2\/media?parent=985"}],"curies":[{"name":"wp","href":"https:\/\/api.w.org\/{rel}","templated":true}]}}