{"id":36,"date":"2024-04-05T09:07:58","date_gmt":"2024-04-05T09:07:58","guid":{"rendered":"https:\/\/cellieu.fr\/press3\/mptcellieu\/?page_id=36"},"modified":"2025-07-01T14:01:31","modified_gmt":"2025-07-01T14:01:31","slug":"les-tarifs","status":"publish","type":"page","link":"https:\/\/cellieu.fr\/press3\/mptcellieu\/les-tarifs\/","title":{"rendered":"Les tarifs"},"content":{"rendered":"\t\t<div data-elementor-type=\"wp-page\" data-elementor-id=\"36\" class=\"elementor elementor-36\" data-elementor-post-type=\"page\">\n\t\t\t\t<div class=\"elementor-element elementor-element-a2e656a e-flex e-con-boxed e-con e-parent\" data-id=\"a2e656a\" data-element_type=\"container\" data-e-type=\"container\">\n\t\t\t\t\t<div class=\"e-con-inner\">\n\t\t\t\t<div class=\"elementor-element elementor-element-9df23f5 elementor-widget__width-initial elementor-widget elementor-widget-heading\" data-id=\"9df23f5\" data-element_type=\"widget\" data-e-type=\"widget\" data-widget_type=\"heading.default\">\n\t\t\t\t<div class=\"elementor-widget-container\">\n\t\t\t\t\t<h2 class=\"elementor-heading-title elementor-size-default\">Adh\u00e9sion<\/h2>\t\t\t\t<\/div>\n\t\t\t\t<\/div>\n\t\t\t\t\t<\/div>\n\t\t\t\t<\/div>\n\t\t<div class=\"elementor-element elementor-element-2ec9543 e-flex e-con-boxed e-con e-parent\" data-id=\"2ec9543\" data-element_type=\"container\" data-e-type=\"container\">\n\t\t\t\t\t<div class=\"e-con-inner\">\n\t\t<div class=\"elementor-element elementor-element-b97d0a7 e-flex e-con-boxed e-con e-child\" data-id=\"b97d0a7\" data-element_type=\"container\" data-e-type=\"container\" data-settings=\"{&quot;background_background&quot;:&quot;classic&quot;}\">\n\t\t\t\t\t<div class=\"e-con-inner\">\n\t\t\t\t<div class=\"elementor-element elementor-element-ce83bc2 elementor-widget elementor-widget-heading\" data-id=\"ce83bc2\" data-element_type=\"widget\" data-e-type=\"widget\" data-widget_type=\"heading.default\">\n\t\t\t\t<div class=\"elementor-widget-container\">\n\t\t\t\t\t<h3 class=\"elementor-heading-title elementor-size-default\">Adh\u00e9sion annuelle<br><b>Adulte<\/b><\/h3>\t\t\t\t<\/div>\n\t\t\t\t<\/div>\n\t\t\t\t<div class=\"elementor-element elementor-element-ba87e51 elementor-widget elementor-widget-text-editor\" data-id=\"ba87e51\" data-element_type=\"widget\" data-e-type=\"widget\" data-widget_type=\"text-editor.default\">\n\t\t\t\t<div class=\"elementor-widget-container\">\n\t\t\t\t\t\t\t\t\t<p>16 \u20ac<\/p>\t\t\t\t\t\t\t\t<\/div>\n\t\t\t\t<\/div>\n\t\t\t\t\t<\/div>\n\t\t\t\t<\/div>\n\t\t<div class=\"elementor-element elementor-element-0a70981 e-flex e-con-boxed e-con e-child\" data-id=\"0a70981\" data-element_type=\"container\" data-e-type=\"container\" data-settings=\"{&quot;background_background&quot;:&quot;classic&quot;}\">\n\t\t\t\t\t<div class=\"e-con-inner\">\n\t\t\t\t<div class=\"elementor-element elementor-element-513bee0 elementor-widget elementor-widget-heading\" data-id=\"513bee0\" data-element_type=\"widget\" data-e-type=\"widget\" data-widget_type=\"heading.default\">\n\t\t\t\t<div class=\"elementor-widget-container\">\n\t\t\t\t\t<h3 class=\"elementor-heading-title elementor-size-default\">Adh\u00e9sion annuelle<br><b>Etudiant<\/b><\/h3>\t\t\t\t<\/div>\n\t\t\t\t<\/div>\n\t\t\t\t<div class=\"elementor-element elementor-element-32ee4aa elementor-widget elementor-widget-text-editor\" data-id=\"32ee4aa\" data-element_type=\"widget\" data-e-type=\"widget\" data-widget_type=\"text-editor.default\">\n\t\t\t\t<div class=\"elementor-widget-container\">\n\t\t\t\t\t\t\t\t\t<p>11\u20ac<\/p>\t\t\t\t\t\t\t\t<\/div>\n\t\t\t\t<\/div>\n\t\t\t\t\t<\/div>\n\t\t\t\t<\/div>\n\t\t<div class=\"elementor-element elementor-element-8d0d09e e-flex e-con-boxed e-con e-child\" data-id=\"8d0d09e\" data-element_type=\"container\" data-e-type=\"container\" data-settings=\"{&quot;background_background&quot;:&quot;classic&quot;}\">\n\t\t\t\t\t<div class=\"e-con-inner\">\n\t\t\t\t<div class=\"elementor-element elementor-element-7933b49 elementor-widget elementor-widget-heading\" data-id=\"7933b49\" data-element_type=\"widget\" data-e-type=\"widget\" data-widget_type=\"heading.default\">\n\t\t\t\t<div class=\"elementor-widget-container\">\n\t\t\t\t\t<h3 class=\"elementor-heading-title elementor-size-default\">Adh\u00e9sion annuelle<br><b>Enfant<\/b><\/h3>\t\t\t\t<\/div>\n\t\t\t\t<\/div>\n\t\t\t\t<div class=\"elementor-element elementor-element-f3f4909 elementor-widget elementor-widget-text-editor\" data-id=\"f3f4909\" data-element_type=\"widget\" data-e-type=\"widget\" data-widget_type=\"text-editor.default\">\n\t\t\t\t<div class=\"elementor-widget-container\">\n\t\t\t\t\t\t\t\t\t<p>8 \u20ac<\/p>\t\t\t\t\t\t\t\t<\/div>\n\t\t\t\t<\/div>\n\t\t\t\t\t<\/div>\n\t\t\t\t<\/div>\n\t\t<div class=\"elementor-element elementor-element-467b57a e-flex e-con-boxed e-con e-child\" data-id=\"467b57a\" data-element_type=\"container\" data-e-type=\"container\" data-settings=\"{&quot;background_background&quot;:&quot;classic&quot;}\">\n\t\t\t\t\t<div class=\"e-con-inner\">\n\t\t\t\t<div class=\"elementor-element elementor-element-f33baad elementor-widget elementor-widget-heading\" data-id=\"f33baad\" data-element_type=\"widget\" data-e-type=\"widget\" data-widget_type=\"heading.default\">\n\t\t\t\t<div class=\"elementor-widget-container\">\n\t\t\t\t\t<h3 class=\"elementor-heading-title elementor-size-default\">Adh\u00e9sion <br><b>Stage<\/b><\/h3>\t\t\t\t<\/div>\n\t\t\t\t<\/div>\n\t\t\t\t<div class=\"elementor-element elementor-element-e35100a elementor-widget elementor-widget-text-editor\" data-id=\"e35100a\" data-element_type=\"widget\" data-e-type=\"widget\" data-widget_type=\"text-editor.default\">\n\t\t\t\t<div class=\"elementor-widget-container\">\n\t\t\t\t\t\t\t\t\t<p>7 \u20ac<\/p>\t\t\t\t\t\t\t\t<\/div>\n\t\t\t\t<\/div>\n\t\t\t\t\t<\/div>\n\t\t\t\t<\/div>\n\t\t\t\t\t<\/div>\n\t\t\t\t<\/div>\n\t\t<div class=\"elementor-element elementor-element-c8d0f6a e-flex e-con-boxed e-con e-parent\" data-id=\"c8d0f6a\" data-element_type=\"container\" data-e-type=\"container\">\n\t\t\t\t\t<div class=\"e-con-inner\">\n\t\t\t\t<div class=\"elementor-element elementor-element-92dc334 elementor-widget__width-initial elementor-widget elementor-widget-heading\" data-id=\"92dc334\" data-element_type=\"widget\" data-e-type=\"widget\" data-widget_type=\"heading.default\">\n\t\t\t\t<div class=\"elementor-widget-container\">\n\t\t\t\t\t<h2 class=\"elementor-heading-title elementor-size-default\">Activit\u00e9 encadr\u00e9e (par famille)<\/h2>\t\t\t\t<\/div>\n\t\t\t\t<\/div>\n\t\t\t\t\t<\/div>\n\t\t\t\t<\/div>\n\t\t<div class=\"elementor-element elementor-element-262972f e-flex e-con-boxed e-con e-parent\" data-id=\"262972f\" data-element_type=\"container\" data-e-type=\"container\">\n\t\t\t\t\t<div class=\"e-con-inner\">\n\t\t\t\t<div class=\"elementor-element elementor-element-22bb378 elementor-widget elementor-widget-text-editor\" data-id=\"22bb378\" data-element_type=\"widget\" data-e-type=\"widget\" data-widget_type=\"text-editor.default\">\n\t\t\t\t<div class=\"elementor-widget-container\">\n\t\t\t\t\t\t\t\t\t<p><strong>1<sup>\u00e8re<\/sup> heure :<\/strong> 143 \u20ac<\/p><p><strong>2<sup>\u00e8me<\/sup> heure :<\/strong> 138 \u20ac<\/p><p><strong>3<sup>\u00e8me<\/sup> heure :<\/strong> 133 \u20ac<\/p><p>TARIFS SPECIAUX :<span style=\"text-align: var(--text-align)\"><br \/><\/span><span style=\"text-align: var(--text-align)\">&#8211; Sans animateur : Badminton 60\u20ac les 2h<br \/>&#8211; Anglais : 100 \u20ac les 16 s\u00e9ances<br \/>&#8211; Atelier cuisine : 15\u20ac\/pers par atelier<\/span><\/p>\t\t\t\t\t\t\t\t<\/div>\n\t\t\t\t<\/div>\n\t\t\t\t\t<\/div>\n\t\t\t\t<\/div>\n\t\t\t\t<\/div>\n\t\t","protected":false},"excerpt":{"rendered":"<p>Adh\u00e9sion Adh\u00e9sion annuelleAdulte 16 \u20ac Adh\u00e9sion annuelleEtudiant 11\u20ac Adh\u00e9sion annuelleEnfant 8 \u20ac Adh\u00e9sion Stage 7 \u20ac Activit\u00e9 encadr\u00e9e (par famille) 1\u00e8re heure : 143 \u20ac 2\u00e8me heure : 138 \u20ac 3\u00e8me heure : 133 \u20ac TARIFS SPECIAUX :&#8211; Sans animateur : Badminton 60\u20ac les 2h&#8211; Anglais : 100 \u20ac les 16 s\u00e9ances&#8211; Atelier cuisine : [&hellip;]<\/p>\n","protected":false},"author":28,"featured_media":0,"parent":0,"menu_order":0,"comment_status":"closed","ping_status":"closed","template":"","meta":{"_acf_changed":false,"inline_featured_image":false,"footnotes":""},"class_list":["post-36","page","type-page","status-publish","hentry"],"acf":[],"_links":{"self":[{"href":"https:\/\/cellieu.fr\/press3\/mptcellieu\/wp-json\/wp\/v2\/pages\/36","targetHints":{"allow":["GET"]}}],"collection":[{"href":"https:\/\/cellieu.fr\/press3\/mptcellieu\/wp-json\/wp\/v2\/pages"}],"about":[{"href":"https:\/\/cellieu.fr\/press3\/mptcellieu\/wp-json\/wp\/v2\/types\/page"}],"author":[{"embeddable":true,"href":"https:\/\/cellieu.fr\/press3\/mptcellieu\/wp-json\/wp\/v2\/users\/28"}],"replies":[{"embeddable":true,"href":"https:\/\/cellieu.fr\/press3\/mptcellieu\/wp-json\/wp\/v2\/comments?post=36"}],"version-history":[{"count":22,"href":"https:\/\/cellieu.fr\/press3\/mptcellieu\/wp-json\/wp\/v2\/pages\/36\/revisions"}],"predecessor-version":[{"id":1196,"href":"https:\/\/cellieu.fr\/press3\/mptcellieu\/wp-json\/wp\/v2\/pages\/36\/revisions\/1196"}],"wp:attachment":[{"href":"https:\/\/cellieu.fr\/press3\/mptcellieu\/wp-json\/wp\/v2\/media?parent=36"}],"curies":[{"name":"wp","href":"https:\/\/api.w.org\/{rel}","templated":true}]}}