{"id":58,"date":"2024-04-05T09:19:25","date_gmt":"2024-04-05T09:19:25","guid":{"rendered":"https:\/\/cellieu.fr\/press3\/mptcellieu\/?page_id=58"},"modified":"2025-08-25T07:30:28","modified_gmt":"2025-08-25T07:30:28","slug":"inscriptions","status":"publish","type":"page","link":"https:\/\/cellieu.fr\/press3\/mptcellieu\/inscriptions\/","title":{"rendered":"Inscriptions"},"content":{"rendered":"\t\t<div data-elementor-type=\"wp-page\" data-elementor-id=\"58\" class=\"elementor elementor-58\" data-elementor-post-type=\"page\">\n\t\t\t\t<div class=\"elementor-element elementor-element-3db64891 e-flex e-con-boxed e-con e-parent\" data-id=\"3db64891\" data-element_type=\"container\" data-e-type=\"container\">\n\t\t\t\t\t<div class=\"e-con-inner\">\n\t\t\t\t<div class=\"elementor-element elementor-element-0f84101 elementor-widget elementor-widget-text-editor\" data-id=\"0f84101\" data-element_type=\"widget\" data-e-type=\"widget\" data-widget_type=\"text-editor.default\">\n\t\t\t\t<div class=\"elementor-widget-container\">\n\t\t\t\t\t\t\t\t\t<p>Les inscriptions pour la saison 2025-2026 se d\u00e9roulent en l&rsquo;Espace Favi\u00e8re (bureau de la MPT) aux dates suivantes :<\/p><p>Samedi 23 Aout : 9h30-12h<br \/>Lundi 25 Ao\u00fbt : 9h30-12h \/ 14h-18h<br \/>Mardi 26 Ao\u00fbt : 9h30-12h<br \/>Mercredi 27 Ao\u00fbt : 9h30-12h \/ 14h-18h<br \/>Vendredi 29 Ao\u00fbt : 16h-20h<br \/>Samedi 30 Aout : 9h30-12h<br \/>Lundi 1er Septembre : 9h30-12h \/ 14h-18h<br \/>Mardi 2 Septembre : 9h30-12h<br \/>Mercredi 3 Septembre : 9h30-12h \/ 14h-18h<br \/>Vendredi 5 Septembre : 16h-20h<br \/>Samedi 6 Septembre : 9h30-12h<\/p><p><strong>REPRISE DES ACTIVITES : A partir du Lundi 8 Septembre 2025 sauf pour le Hip Hop : mercredi 17 septembre<\/strong><\/p><p>Vous pouvez d\u00e8s \u00e0 pr\u00e9sent t\u00e9l\u00e9charger et remplir le formulaire afin de gagner du temps sur place !<\/p>\t\t\t\t\t\t\t\t<\/div>\n\t\t\t\t<\/div>\n\t\t\t\t<div class=\"elementor-element elementor-element-9ab93f0 elementor-align-center elementor-widget elementor-widget-button\" data-id=\"9ab93f0\" data-element_type=\"widget\" data-e-type=\"widget\" data-widget_type=\"button.default\">\n\t\t\t\t<div class=\"elementor-widget-container\">\n\t\t\t\t\t\t\t\t\t<div class=\"elementor-button-wrapper\">\n\t\t\t\t\t<a class=\"elementor-button elementor-button-link elementor-size-sm\" href=\"https:\/\/cellieu.fr\/press3\/mptcellieu\/wp-content\/uploads\/sites\/16\/2025\/08\/Fiche-Inscriptions-2025-2026.pdf\" target=\"_blank\">\n\t\t\t\t\t\t<span class=\"elementor-button-content-wrapper\">\n\t\t\t\t\t\t\t\t\t<span class=\"elementor-button-text\">T\u00e9l\u00e9charger le formulaire<\/span>\n\t\t\t\t\t<\/span>\n\t\t\t\t\t<\/a>\n\t\t\t\t<\/div>\n\t\t\t\t\t\t\t\t<\/div>\n\t\t\t\t<\/div>\n\t\t\t\t<div class=\"elementor-element elementor-element-9c4d455 elementor-widget-divider--view-line elementor-widget elementor-widget-divider\" data-id=\"9c4d455\" data-element_type=\"widget\" data-e-type=\"widget\" data-widget_type=\"divider.default\">\n\t\t\t\t<div class=\"elementor-widget-container\">\n\t\t\t\t\t\t\t<div class=\"elementor-divider\">\n\t\t\t<span class=\"elementor-divider-separator\">\n\t\t\t\t\t\t<\/span>\n\t\t<\/div>\n\t\t\t\t\t\t<\/div>\n\t\t\t\t<\/div>\n\t\t\t\t<div class=\"elementor-element elementor-element-a419952 elementor-widget elementor-widget-heading\" data-id=\"a419952\" data-element_type=\"widget\" data-e-type=\"widget\" data-widget_type=\"heading.default\">\n\t\t\t\t<div class=\"elementor-widget-container\">\n\t\t\t\t\t<h2 class=\"elementor-heading-title elementor-size-default\">Tarifs<\/h2>\t\t\t\t<\/div>\n\t\t\t\t<\/div>\n\t\t<div class=\"elementor-element elementor-element-77647f2 e-con-full e-flex e-con e-child\" data-id=\"77647f2\" data-element_type=\"container\" data-e-type=\"container\">\n\t\t\t\t<div class=\"elementor-element elementor-element-0ea8a26 elementor-widget__width-initial elementor-widget elementor-widget-heading\" data-id=\"0ea8a26\" data-element_type=\"widget\" data-e-type=\"widget\" data-widget_type=\"heading.default\">\n\t\t\t\t<div class=\"elementor-widget-container\">\n\t\t\t\t\t<h2 class=\"elementor-heading-title elementor-size-default\">Adh\u00e9sion<\/h2>\t\t\t\t<\/div>\n\t\t\t\t<\/div>\n\t\t<div class=\"elementor-element elementor-element-99c539c e-con-full e-flex e-con e-child\" data-id=\"99c539c\" data-element_type=\"container\" data-e-type=\"container\">\n\t\t<div class=\"elementor-element elementor-element-462fd1a e-flex e-con-boxed e-con e-child\" data-id=\"462fd1a\" data-element_type=\"container\" data-e-type=\"container\" data-settings=\"{&quot;background_background&quot;:&quot;classic&quot;}\">\n\t\t\t\t\t<div class=\"e-con-inner\">\n\t\t\t\t<div class=\"elementor-element elementor-element-37f8c5d elementor-widget elementor-widget-heading\" data-id=\"37f8c5d\" data-element_type=\"widget\" data-e-type=\"widget\" data-widget_type=\"heading.default\">\n\t\t\t\t<div class=\"elementor-widget-container\">\n\t\t\t\t\t<h3 class=\"elementor-heading-title elementor-size-default\">Adh\u00e9sion annuelle<br><b>Adulte<\/b><\/h3>\t\t\t\t<\/div>\n\t\t\t\t<\/div>\n\t\t\t\t<div class=\"elementor-element elementor-element-1e8192d elementor-widget elementor-widget-text-editor\" data-id=\"1e8192d\" data-element_type=\"widget\" data-e-type=\"widget\" data-widget_type=\"text-editor.default\">\n\t\t\t\t<div class=\"elementor-widget-container\">\n\t\t\t\t\t\t\t\t\t<p>16 \u20ac<\/p>\t\t\t\t\t\t\t\t<\/div>\n\t\t\t\t<\/div>\n\t\t\t\t\t<\/div>\n\t\t\t\t<\/div>\n\t\t<div class=\"elementor-element elementor-element-6150209 e-flex e-con-boxed e-con e-child\" data-id=\"6150209\" data-element_type=\"container\" data-e-type=\"container\" data-settings=\"{&quot;background_background&quot;:&quot;classic&quot;}\">\n\t\t\t\t\t<div class=\"e-con-inner\">\n\t\t\t\t<div class=\"elementor-element elementor-element-e93e41f elementor-widget elementor-widget-heading\" data-id=\"e93e41f\" data-element_type=\"widget\" data-e-type=\"widget\" data-widget_type=\"heading.default\">\n\t\t\t\t<div class=\"elementor-widget-container\">\n\t\t\t\t\t<h3 class=\"elementor-heading-title elementor-size-default\">Adh\u00e9sion annuelle<br><b>Etudiant<\/b><\/h3>\t\t\t\t<\/div>\n\t\t\t\t<\/div>\n\t\t\t\t<div class=\"elementor-element elementor-element-902b6c3 elementor-widget elementor-widget-text-editor\" data-id=\"902b6c3\" data-element_type=\"widget\" data-e-type=\"widget\" data-widget_type=\"text-editor.default\">\n\t\t\t\t<div class=\"elementor-widget-container\">\n\t\t\t\t\t\t\t\t\t<p>11\u20ac<\/p>\t\t\t\t\t\t\t\t<\/div>\n\t\t\t\t<\/div>\n\t\t\t\t\t<\/div>\n\t\t\t\t<\/div>\n\t\t<div class=\"elementor-element elementor-element-417f787 e-flex e-con-boxed e-con e-child\" data-id=\"417f787\" data-element_type=\"container\" data-e-type=\"container\" data-settings=\"{&quot;background_background&quot;:&quot;classic&quot;}\">\n\t\t\t\t\t<div class=\"e-con-inner\">\n\t\t\t\t<div class=\"elementor-element elementor-element-68aae17 elementor-widget elementor-widget-heading\" data-id=\"68aae17\" data-element_type=\"widget\" data-e-type=\"widget\" data-widget_type=\"heading.default\">\n\t\t\t\t<div class=\"elementor-widget-container\">\n\t\t\t\t\t<h3 class=\"elementor-heading-title elementor-size-default\">Adh\u00e9sion annuelle<br><b>Enfant<\/b><\/h3>\t\t\t\t<\/div>\n\t\t\t\t<\/div>\n\t\t\t\t<div class=\"elementor-element elementor-element-f6d099b elementor-widget elementor-widget-text-editor\" data-id=\"f6d099b\" data-element_type=\"widget\" data-e-type=\"widget\" data-widget_type=\"text-editor.default\">\n\t\t\t\t<div class=\"elementor-widget-container\">\n\t\t\t\t\t\t\t\t\t<p>8 \u20ac<\/p>\t\t\t\t\t\t\t\t<\/div>\n\t\t\t\t<\/div>\n\t\t\t\t\t<\/div>\n\t\t\t\t<\/div>\n\t\t<div class=\"elementor-element elementor-element-aff61e6 e-flex e-con-boxed e-con e-child\" data-id=\"aff61e6\" data-element_type=\"container\" data-e-type=\"container\" data-settings=\"{&quot;background_background&quot;:&quot;classic&quot;}\">\n\t\t\t\t\t<div class=\"e-con-inner\">\n\t\t\t\t<div class=\"elementor-element elementor-element-4b444c2 elementor-widget elementor-widget-heading\" data-id=\"4b444c2\" data-element_type=\"widget\" data-e-type=\"widget\" data-widget_type=\"heading.default\">\n\t\t\t\t<div class=\"elementor-widget-container\">\n\t\t\t\t\t<h3 class=\"elementor-heading-title elementor-size-default\">Adh\u00e9sion <br><b>Stage<\/b><\/h3>\t\t\t\t<\/div>\n\t\t\t\t<\/div>\n\t\t\t\t<div class=\"elementor-element elementor-element-d4fea46 elementor-widget elementor-widget-text-editor\" data-id=\"d4fea46\" data-element_type=\"widget\" data-e-type=\"widget\" data-widget_type=\"text-editor.default\">\n\t\t\t\t<div class=\"elementor-widget-container\">\n\t\t\t\t\t\t\t\t\t<p>7 \u20ac<\/p>\t\t\t\t\t\t\t\t<\/div>\n\t\t\t\t<\/div>\n\t\t\t\t\t<\/div>\n\t\t\t\t<\/div>\n\t\t\t\t<\/div>\n\t\t\t\t<div class=\"elementor-element elementor-element-13c2e9c elementor-widget elementor-widget-text-editor\" data-id=\"13c2e9c\" data-element_type=\"widget\" data-e-type=\"widget\" data-widget_type=\"text-editor.default\">\n\t\t\t\t<div class=\"elementor-widget-container\">\n\t\t\t\t\t\t\t\t\t<p><strong>La Carte d\u2019adh\u00e9rent c\u2019est quoi ?<\/strong><\/p><p>C\u2019est adh\u00e9rer au projet de la Maison Pour Tous<br \/>L\u2019adh\u00e9sion \u00e0 la Maison Pour Tous est n\u00e9cessaire pour la pratique des activit\u00e9s, elle fait de vous un membre de l\u2019association et vous permet donc de participer \u00e0 la vie de l\u2019association, et aussi de pouvoir \u00e9ventuellement pr\u00e9senter votre candidature au Conseil d\u2019Administration.<br \/>Elle est valable pour l\u2019ann\u00e9e scolaire et se renouvelle en septembre.<br \/>Elle atteste \u00e9galement de votre assurance individuelle pour la pratique des activit\u00e9s.<\/p>\t\t\t\t\t\t\t\t<\/div>\n\t\t\t\t<\/div>\n\t\t\t\t<\/div>\n\t\t<div class=\"elementor-element elementor-element-6bc6234 e-con-full e-flex e-con e-child\" data-id=\"6bc6234\" data-element_type=\"container\" data-e-type=\"container\">\n\t\t\t\t<div class=\"elementor-element elementor-element-ee00653 elementor-widget__width-initial elementor-widget elementor-widget-heading\" data-id=\"ee00653\" data-element_type=\"widget\" data-e-type=\"widget\" data-widget_type=\"heading.default\">\n\t\t\t\t<div class=\"elementor-widget-container\">\n\t\t\t\t\t<h2 class=\"elementor-heading-title elementor-size-default\">Activit\u00e9 encadr\u00e9e (par famille)<\/h2>\t\t\t\t<\/div>\n\t\t\t\t<\/div>\n\t\t\t\t<div class=\"elementor-element elementor-element-cada78d elementor-widget-divider--view-line elementor-widget elementor-widget-divider\" data-id=\"cada78d\" data-element_type=\"widget\" data-e-type=\"widget\" data-widget_type=\"divider.default\">\n\t\t\t\t<div class=\"elementor-widget-container\">\n\t\t\t\t\t\t\t<div class=\"elementor-divider\">\n\t\t\t<span class=\"elementor-divider-separator\">\n\t\t\t\t\t\t<\/span>\n\t\t<\/div>\n\t\t\t\t\t\t<\/div>\n\t\t\t\t<\/div>\n\t\t\t\t<div class=\"elementor-element elementor-element-45aa7d8 elementor-widget elementor-widget-text-editor\" data-id=\"45aa7d8\" data-element_type=\"widget\" data-e-type=\"widget\" data-widget_type=\"text-editor.default\">\n\t\t\t\t<div class=\"elementor-widget-container\">\n\t\t\t\t\t\t\t\t\t<p><strong>1<sup>\u00e8re<\/sup> heure :<\/strong> 143 \u20ac<\/p><p><strong>2<sup>\u00e8me<\/sup> heure :<\/strong> 138 \u20ac<\/p><p><strong>3<sup>\u00e8me<\/sup> heure :<\/strong> 133 \u20ac<\/p><p>TARIFS SPECIAUX :<br \/>&#8211; Sans animateur : Badminton 60\u20ac les 2h<br \/>&#8211; Anglais (du 22 sept au 2 f\u00e9v) 100\u20ac les 16 s\u00e9ances<br \/>&#8211; Atelier cuisine : 15\u20ac\/pers par atelier<\/p>\t\t\t\t\t\t\t\t<\/div>\n\t\t\t\t<\/div>\n\t\t\t\t<\/div>\n\t\t\t\t\t<\/div>\n\t\t\t\t<\/div>\n\t\t<div class=\"elementor-element elementor-element-adf9305 e-flex e-con-boxed e-con e-parent\" data-id=\"adf9305\" data-element_type=\"container\" data-e-type=\"container\">\n\t\t\t\t\t<div class=\"e-con-inner\">\n\t\t\t\t<div class=\"elementor-element elementor-element-6ca9e3e elementor-widget elementor-widget-heading\" data-id=\"6ca9e3e\" data-element_type=\"widget\" data-e-type=\"widget\" data-widget_type=\"heading.default\">\n\t\t\t\t<div class=\"elementor-widget-container\">\n\t\t\t\t\t<h2 class=\"elementor-heading-title elementor-size-default\">R\u00e8glement de vos activit\u00e9s<\/h2>\t\t\t\t<\/div>\n\t\t\t\t<\/div>\n\t\t\t\t<div class=\"elementor-element elementor-element-6e49b2a elementor-widget elementor-widget-text-editor\" data-id=\"6e49b2a\" data-element_type=\"widget\" data-e-type=\"widget\" data-widget_type=\"text-editor.default\">\n\t\t\t\t<div class=\"elementor-widget-container\">\n\t\t\t\t\t\t\t\t\t<p>Pour \u00eatre admis au cours ou \u00e0 l\u2019atelier, vous devez avoir effectu\u00e9 un passage par l\u2019accueil de la MPT pour soit :<\/p>\n<p><strong>Vous inscrire<br><\/strong><\/p>\n<ul>\n<li>Paiement possible en trois fois : Octobre, Janvier, Avril<br>(Ch\u00e8ques \u00e9tablis \u00e0 l\u2019avance).<\/li>\n<li><b>Ch\u00e8ques vacances connect uniquement.<\/b><\/li>\n<li>Certificat m\u00e9dical obligatoire les activit\u00e9s sportives : Cross training, Zumba adulte<\/li>\n<li>Toute activit\u00e9 commenc\u00e9e est due.\n<\/li>\n<\/ul>\n<p><strong>Faire un essai<\/strong><\/p>\n<ul>\n<li><strong>Un bon d\u2019essai permet d\u2019assister gratuitement \u00e0 un cours. Pour cela, il vous suffit de passer au bureau de la MPT pour r\u00e9cup\u00e9rer un bon d\u2019essai \u00e0 pr\u00e9senter au cours choisi.<\/strong><\/li>\n<li>Afin de valider votre essai, il faudra passer par le bureau afin de r\u00e9gler votre adh\u00e9sion + cotisation annuelle accompagn\u00e9e d\u2019un certificat m\u00e9dical pour le Cross training et la zumba adulte (sauf si d\u00e9j\u00e0 donn\u00e9 les ann\u00e9es pr\u00e9c\u00e9dentes : valable 3 ans<\/li>\n<\/ul>\t\t\t\t\t\t\t\t<\/div>\n\t\t\t\t<\/div>\n\t\t\t\t\t<\/div>\n\t\t\t\t<\/div>\n\t\t\t\t<\/div>\n\t\t","protected":false},"excerpt":{"rendered":"<p>Les inscriptions pour la saison 2025-2026 se d\u00e9roulent en l&rsquo;Espace Favi\u00e8re (bureau de la MPT) aux dates suivantes : Samedi 23 Aout : 9h30-12hLundi 25 Ao\u00fbt : 9h30-12h \/ 14h-18hMardi 26 Ao\u00fbt : 9h30-12hMercredi 27 Ao\u00fbt : 9h30-12h \/ 14h-18hVendredi 29 Ao\u00fbt : 16h-20hSamedi 30 Aout : 9h30-12hLundi 1er Septembre : 9h30-12h \/ 14h-18hMardi 2 [&hellip;]<\/p>\n","protected":false},"author":28,"featured_media":0,"parent":0,"menu_order":0,"comment_status":"closed","ping_status":"closed","template":"","meta":{"_acf_changed":false,"inline_featured_image":false,"footnotes":""},"class_list":["post-58","page","type-page","status-publish","hentry"],"acf":[],"_links":{"self":[{"href":"https:\/\/cellieu.fr\/press3\/mptcellieu\/wp-json\/wp\/v2\/pages\/58","targetHints":{"allow":["GET"]}}],"collection":[{"href":"https:\/\/cellieu.fr\/press3\/mptcellieu\/wp-json\/wp\/v2\/pages"}],"about":[{"href":"https:\/\/cellieu.fr\/press3\/mptcellieu\/wp-json\/wp\/v2\/types\/page"}],"author":[{"embeddable":true,"href":"https:\/\/cellieu.fr\/press3\/mptcellieu\/wp-json\/wp\/v2\/users\/28"}],"replies":[{"embeddable":true,"href":"https:\/\/cellieu.fr\/press3\/mptcellieu\/wp-json\/wp\/v2\/comments?post=58"}],"version-history":[{"count":31,"href":"https:\/\/cellieu.fr\/press3\/mptcellieu\/wp-json\/wp\/v2\/pages\/58\/revisions"}],"predecessor-version":[{"id":1284,"href":"https:\/\/cellieu.fr\/press3\/mptcellieu\/wp-json\/wp\/v2\/pages\/58\/revisions\/1284"}],"wp:attachment":[{"href":"https:\/\/cellieu.fr\/press3\/mptcellieu\/wp-json\/wp\/v2\/media?parent=58"}],"curies":[{"name":"wp","href":"https:\/\/api.w.org\/{rel}","templated":true}]}}