{"id":226,"date":"2014-07-24T10:27:00","date_gmt":"2014-07-24T09:27:00","guid":{"rendered":"http:\/\/cellieu.fr\/press3\/skcc\/?page_id=226"},"modified":"2026-02-11T16:09:20","modified_gmt":"2026-02-11T15:09:20","slug":"bureau","status":"publish","type":"page","link":"https:\/\/cellieu.fr\/press3\/skcc\/informations\/bureau\/","title":{"rendered":"BUREAU"},"content":{"rendered":"<p>&nbsp;<\/p>\n<table style=\"height: 342px;width: 102.416%\" width=\"457\">\n<tbody>\n<tr style=\"height: 27px\">\n<td style=\"text-align: center;height: 27px;width: 57.2722%\"><img loading=\"lazy\" decoding=\"async\" class=\"wp-image-18 alignleft\" src=\"https:\/\/cellieu.fr\/press3\/skcc\/wp-content\/uploads\/sites\/3\/2014\/07\/personne_Lamarca_H-300x199.jpg\" alt=\"\" width=\"48\" height=\"32\" srcset=\"https:\/\/cellieu.fr\/press3\/skcc\/wp-content\/uploads\/sites\/3\/2014\/07\/personne_Lamarca_H-300x199.jpg 300w, https:\/\/cellieu.fr\/press3\/skcc\/wp-content\/uploads\/sites\/3\/2014\/07\/personne_Lamarca_H.jpg 640w\" sizes=\"auto, (max-width: 48px) 100vw, 48px\" \/>LAMARCA Henri<\/td>\n<td style=\"text-align: center;height: 27px;width: 43.6628%\">Pr\u00e9sident<\/td>\n<\/tr>\n<tr style=\"height: 27px\">\n<td style=\"text-align: center;height: 27px;width: 57.2722%\"><img loading=\"lazy\" decoding=\"async\" class=\"wp-image-24 alignleft\" src=\"https:\/\/cellieu.fr\/press3\/skcc\/wp-content\/uploads\/sites\/3\/2014\/07\/personne_Francia_F-300x199.jpg\" alt=\"\" width=\"50\" height=\"33\" srcset=\"https:\/\/cellieu.fr\/press3\/skcc\/wp-content\/uploads\/sites\/3\/2014\/07\/personne_Francia_F-300x199.jpg 300w, https:\/\/cellieu.fr\/press3\/skcc\/wp-content\/uploads\/sites\/3\/2014\/07\/personne_Francia_F.jpg 640w\" sizes=\"auto, (max-width: 50px) 100vw, 50px\" \/>FRANCIA Fabrice<\/td>\n<td style=\"text-align: center;height: 27px;width: 43.6628%\">Vice-pr\u00e9sident<\/td>\n<\/tr>\n<tr style=\"height: 27px\">\n<td style=\"text-align: center;height: 27px;width: 57.2722%\"><img loading=\"lazy\" decoding=\"async\" class=\"wp-image-695 alignleft\" src=\"https:\/\/cellieu.fr\/press3\/skcc\/wp-content\/uploads\/sites\/3\/2014\/07\/martine.jpg\" alt=\"\" width=\"27\" height=\"36\" srcset=\"https:\/\/cellieu.fr\/press3\/skcc\/wp-content\/uploads\/sites\/3\/2014\/07\/martine.jpg 211w, https:\/\/cellieu.fr\/press3\/skcc\/wp-content\/uploads\/sites\/3\/2014\/07\/martine-1x1.jpg 1w\" sizes=\"auto, (max-width: 27px) 100vw, 27px\" \/>SOUBEYRAND Martine<\/td>\n<td style=\"text-align: center;height: 27px;width: 43.6628%\">Secr\u00e9taire g\u00e9n\u00e9rale<\/td>\n<\/tr>\n<tr style=\"height: 27px\">\n<td style=\"text-align: center;height: 27px;width: 57.2722%\">AULANIER Fabrice<\/td>\n<td style=\"text-align: center;height: 27px;width: 43.6628%\">Tr\u00e9sorier g\u00e9n\u00e9ral<\/td>\n<\/tr>\n<tr style=\"height: 26px\">\n<td style=\"text-align: center;width: 57.2722%;height: 26px\">DAVID Catherine<\/td>\n<td style=\"text-align: center;width: 43.6628%;height: 26px\">Tr\u00e9sori\u00e8re adjointe<\/td>\n<\/tr>\n<tr style=\"height: 26px\">\n<td style=\"text-align: center;width: 57.2722%;height: 26px\">KABOUB Abbes<\/td>\n<td style=\"text-align: center;width: 43.6628%;height: 26px\">Membre<\/td>\n<\/tr>\n<tr style=\"height: 26px\">\n<td style=\"text-align: center;width: 57.2722%;height: 26px\">CORDOVA Pierre<\/td>\n<td style=\"text-align: center;width: 43.6628%;height: 26px\">Membre<\/td>\n<\/tr>\n<tr style=\"height: 26px\">\n<td style=\"text-align: center;width: 57.2722%;height: 26px\">SOUBEYRAND Laurie<\/td>\n<td style=\"text-align: center;width: 43.6628%;height: 26px\">Membre<\/td>\n<\/tr>\n<tr style=\"height: 26px\">\n<td style=\"text-align: center;width: 57.2722%;height: 26px\">GOY Charl\u00e8ne<\/td>\n<td style=\"text-align: center;width: 43.6628%;height: 26px\">Membre<\/td>\n<\/tr>\n<tr style=\"height: 26px\">\n<td style=\"text-align: center;width: 57.2722%;height: 26px\">BOUVIER Yvon<\/td>\n<td style=\"text-align: center;width: 43.6628%;height: 26px\">Membre<\/td>\n<\/tr>\n<tr style=\"height: 26px\">\n<td style=\"text-align: center;width: 57.2722%;height: 26px\">BRET Nathalie<\/td>\n<td style=\"text-align: center;width: 43.6628%;height: 26px\">Membre<\/td>\n<\/tr>\n<tr style=\"height: 26px\">\n<td style=\"text-align: center;width: 57.2722%;height: 26px\">BERGER Fabrice<\/td>\n<td style=\"text-align: center;width: 43.6628%;height: 26px\">Membre<\/td>\n<\/tr>\n<tr style=\"height: 26px\">\n<td style=\"text-align: center;width: 57.2722%;height: 26px\">BEZARD Jean Luc<\/td>\n<td style=\"text-align: center;width: 43.6628%;height: 26px\">Membre<\/td>\n<\/tr>\n<\/tbody>\n<\/table>\n","protected":false},"excerpt":{"rendered":"<p>&nbsp; LAMARCA Henri Pr\u00e9sident FRANCIA Fabrice Vice-pr\u00e9sident SOUBEYRAND Martine Secr\u00e9taire g\u00e9n\u00e9rale AULANIER Fabrice Tr\u00e9sorier g\u00e9n\u00e9ral DAVID Catherine Tr\u00e9sori\u00e8re adjointe KABOUB Abbes Membre CORDOVA Pierre Membre SOUBEYRAND Laurie Membre GOY Charl\u00e8ne Membre BOUVIER Yvon Membre BRET Nathalie Membre BERGER Fabrice Membre BEZARD Jean Luc Membre<\/p>\n","protected":false},"author":2,"featured_media":0,"parent":224,"menu_order":0,"comment_status":"closed","ping_status":"closed","template":"","meta":{"ngg_post_thumbnail":0,"jetpack_post_was_ever_published":false,"footnotes":""},"class_list":["post-226","page","type-page","status-publish","hentry"],"jetpack_sharing_enabled":true,"jetpack_shortlink":"https:\/\/wp.me\/P51Dek-3E","_links":{"self":[{"href":"https:\/\/cellieu.fr\/press3\/skcc\/wp-json\/wp\/v2\/pages\/226","targetHints":{"allow":["GET"]}}],"collection":[{"href":"https:\/\/cellieu.fr\/press3\/skcc\/wp-json\/wp\/v2\/pages"}],"about":[{"href":"https:\/\/cellieu.fr\/press3\/skcc\/wp-json\/wp\/v2\/types\/page"}],"author":[{"embeddable":true,"href":"https:\/\/cellieu.fr\/press3\/skcc\/wp-json\/wp\/v2\/users\/2"}],"replies":[{"embeddable":true,"href":"https:\/\/cellieu.fr\/press3\/skcc\/wp-json\/wp\/v2\/comments?post=226"}],"version-history":[{"count":19,"href":"https:\/\/cellieu.fr\/press3\/skcc\/wp-json\/wp\/v2\/pages\/226\/revisions"}],"predecessor-version":[{"id":2332,"href":"https:\/\/cellieu.fr\/press3\/skcc\/wp-json\/wp\/v2\/pages\/226\/revisions\/2332"}],"up":[{"embeddable":true,"href":"https:\/\/cellieu.fr\/press3\/skcc\/wp-json\/wp\/v2\/pages\/224"}],"wp:attachment":[{"href":"https:\/\/cellieu.fr\/press3\/skcc\/wp-json\/wp\/v2\/media?parent=226"}],"curies":[{"name":"wp","href":"https:\/\/api.w.org\/{rel}","templated":true}]}}