{"id":228,"date":"2014-07-24T10:27:15","date_gmt":"2014-07-24T09:27:15","guid":{"rendered":"http:\/\/cellieu.fr\/press3\/skcc\/?page_id=228"},"modified":"2025-10-05T21:50:25","modified_gmt":"2025-10-05T20:50:25","slug":"historique","status":"publish","type":"page","link":"https:\/\/cellieu.fr\/press3\/skcc\/informations\/historique\/","title":{"rendered":"HISTORIQUE"},"content":{"rendered":"<p>En 1980, une section karat\u00e9 est cr\u00e9\u00e9e au sein de la MPT de Cellieu \u00e0 l&rsquo;initiative de Henri LAMARCA et d&rsquo;un jeune professeur plein de talent Manuel RODRIGUEZ<\/p>\n<div class=\"tiled-gallery type-rectangular tiled-gallery-unresized\" data-original-width=\"654\" data-carousel-extra='null' itemscope itemtype=\"http:\/\/schema.org\/ImageGallery\" > <div class=\"gallery-row\" style=\"width: 654px; height: 270px;\" data-original-width=\"654\" data-original-height=\"270\" > <div class=\"gallery-group images-1\" style=\"width: 404px; height: 270px;\" data-original-width=\"404\" data-original-height=\"270\" > <div class=\"tiled-gallery-item tiled-gallery-item-large\" itemprop=\"associatedMedia\" itemscope itemtype=\"http:\/\/schema.org\/ImageObject\"> <a href=\"https:\/\/cellieu.fr\/press3\/skcc\/enseignement\/personne_lamarca_h\/#main\" border=\"0\" itemprop=\"url\"> <meta itemprop=\"width\" content=\"400\"> <meta itemprop=\"height\" content=\"266\"> <img decoding=\"async\" class=\"\" data-attachment-id=\"18\" data-orig-file=\"https:\/\/cellieu.fr\/press3\/skcc\/wp-content\/uploads\/sites\/3\/2014\/07\/personne_Lamarca_H.jpg\" data-orig-size=\"640,425\" data-comments-opened=\"1\" data-image-meta=\"{&quot;aperture&quot;:&quot;4&quot;,&quot;credit&quot;:&quot;&quot;,&quot;camera&quot;:&quot;DSC-W40&quot;,&quot;caption&quot;:&quot;&quot;,&quot;created_timestamp&quot;:&quot;1221512780&quot;,&quot;copyright&quot;:&quot;&quot;,&quot;focal_length&quot;:&quot;10.9&quot;,&quot;iso&quot;:&quot;320&quot;,&quot;shutter_speed&quot;:&quot;0.033333333333333&quot;,&quot;title&quot;:&quot;&quot;}\" data-image-title=\"personne_Lamarca_H\" data-image-description=\"\" data-medium-file=\"https:\/\/cellieu.fr\/press3\/skcc\/wp-content\/uploads\/sites\/3\/2014\/07\/personne_Lamarca_H-300x199.jpg\" data-large-file=\"https:\/\/cellieu.fr\/press3\/skcc\/wp-content\/uploads\/sites\/3\/2014\/07\/personne_Lamarca_H.jpg\" src=\"https:\/\/i0.wp.com\/cellieu.fr\/press3\/skcc\/wp-content\/uploads\/sites\/3\/2014\/07\/personne_Lamarca_H.jpg?w=400&#038;h=266&#038;ssl=1\" srcset=\"https:\/\/cellieu.fr\/press3\/skcc\/wp-content\/uploads\/sites\/3\/2014\/07\/personne_Lamarca_H.jpg 640w, https:\/\/cellieu.fr\/press3\/skcc\/wp-content\/uploads\/sites\/3\/2014\/07\/personne_Lamarca_H-300x199.jpg 300w\" width=\"400\" height=\"266\" loading=\"lazy\" data-original-width=\"400\" data-original-height=\"266\" itemprop=\"http:\/\/schema.org\/image\" title=\"personne_Lamarca_H\" alt=\"personne_Lamarca_H\" style=\"width: 400px; height: 266px;\" \/> <\/a> <\/div> <\/div> <!-- close group --> <div class=\"gallery-group images-1\" style=\"width: 250px; height: 270px;\" data-original-width=\"250\" data-original-height=\"270\" > <div class=\"tiled-gallery-item tiled-gallery-item-small\" itemprop=\"associatedMedia\" itemscope itemtype=\"http:\/\/schema.org\/ImageObject\"> <a href=\"https:\/\/cellieu.fr\/press3\/skcc\/personne_rodriguez_m\/\" border=\"0\" itemprop=\"url\"> <meta itemprop=\"width\" content=\"246\"> <meta itemprop=\"height\" content=\"266\"> <img decoding=\"async\" class=\"\" data-attachment-id=\"19\" data-orig-file=\"https:\/\/cellieu.fr\/press3\/skcc\/wp-content\/uploads\/sites\/3\/2014\/07\/personne_Rodriguez_M.jpg\" data-orig-size=\"259,280\" data-comments-opened=\"1\" data-image-meta=\"{&quot;aperture&quot;:&quot;0&quot;,&quot;credit&quot;:&quot;&quot;,&quot;camera&quot;:&quot;&quot;,&quot;caption&quot;:&quot;&quot;,&quot;created_timestamp&quot;:&quot;0&quot;,&quot;copyright&quot;:&quot;&quot;,&quot;focal_length&quot;:&quot;0&quot;,&quot;iso&quot;:&quot;0&quot;,&quot;shutter_speed&quot;:&quot;0&quot;,&quot;title&quot;:&quot;&quot;}\" data-image-title=\"personne_Rodriguez_M\" data-image-description=\"\" data-medium-file=\"https:\/\/cellieu.fr\/press3\/skcc\/wp-content\/uploads\/sites\/3\/2014\/07\/personne_Rodriguez_M.jpg\" data-large-file=\"https:\/\/cellieu.fr\/press3\/skcc\/wp-content\/uploads\/sites\/3\/2014\/07\/personne_Rodriguez_M.jpg\" src=\"https:\/\/i0.wp.com\/cellieu.fr\/press3\/skcc\/wp-content\/uploads\/sites\/3\/2014\/07\/personne_Rodriguez_M.jpg?w=246&#038;h=266&#038;ssl=1\" width=\"246\" height=\"266\" loading=\"lazy\" data-original-width=\"246\" data-original-height=\"266\" itemprop=\"http:\/\/schema.org\/image\" title=\"personne_Rodriguez_M\" alt=\"personne_Rodriguez_M\" style=\"width: 246px; height: 266px;\" \/> <\/a> <\/div> <\/div> <!-- close group --> <\/div> <!-- close row --> <\/div>\n<p>Le cours hebdomadaire regroupant les enfants, les ados et les adultes est dispens\u00e9 dans l&rsquo;ancienne classe de l&rsquo;\u00e9cole communale.<\/p>\n<p>De 1983 \u00e0 1986, Julien GAZELLE, Pierre CORDOVA et Philippe SOUBEYRAND se succ\u00e8deront \u00e0 la direction de la section karat\u00e9.<\/p>\n<p>C&rsquo;est en 1985 que fut construite la nouvelle salle polyvalente, le karat\u00e9 se d\u00e9veloppe.<\/p>\n<p>Arriv\u00e9 \u00e0 la t\u00eate de la section karat\u00e9 en 1986, Bernard TRICHON et Manuel RODRIGUEZ promeuvent cette discipline avec l&rsquo;affiliation \u00e0 la FFKAMA (F\u00e9d\u00e9ration Fran\u00e7aise de Karat\u00e9 et Arts Martiaux Affinitaires) et la cr\u00e9ation d&rsquo;un nouveau cours Enfants\/Ados.<br \/>\nSuite au succ\u00e9s des ann\u00e9es pr\u00e9c\u00e9dentes, en 1990, l&rsquo;organisation des cours change et passe \u00e0 3 par semaine 1 cours enfants, 1 cours ados, 1 cours adultes.<\/p>\n<div class=\"tiled-gallery type-rectangular tiled-gallery-unresized\" data-original-width=\"654\" data-carousel-extra='null' itemscope itemtype=\"http:\/\/schema.org\/ImageGallery\" > <div class=\"gallery-row\" style=\"width: 654px; height: 270px;\" data-original-width=\"654\" data-original-height=\"270\" > <div class=\"gallery-group images-1\" style=\"width: 404px; height: 270px;\" data-original-width=\"404\" data-original-height=\"270\" > <div class=\"tiled-gallery-item tiled-gallery-item-large\" itemprop=\"associatedMedia\" itemscope itemtype=\"http:\/\/schema.org\/ImageObject\"> <a href=\"https:\/\/cellieu.fr\/press3\/skcc\/enseignement\/personne_trichon_b\/#main\" border=\"0\" itemprop=\"url\"> <meta itemprop=\"width\" content=\"400\"> <meta itemprop=\"height\" content=\"266\"> <img decoding=\"async\" class=\"\" data-attachment-id=\"21\" data-orig-file=\"https:\/\/cellieu.fr\/press3\/skcc\/wp-content\/uploads\/sites\/3\/2014\/07\/personne_Trichon_B.jpg\" data-orig-size=\"640,425\" data-comments-opened=\"1\" data-image-meta=\"{&quot;aperture&quot;:&quot;4&quot;,&quot;credit&quot;:&quot;&quot;,&quot;camera&quot;:&quot;DSC-W40&quot;,&quot;caption&quot;:&quot;&quot;,&quot;created_timestamp&quot;:&quot;1221512783&quot;,&quot;copyright&quot;:&quot;&quot;,&quot;focal_length&quot;:&quot;10.9&quot;,&quot;iso&quot;:&quot;100&quot;,&quot;shutter_speed&quot;:&quot;0.02&quot;,&quot;title&quot;:&quot;&quot;}\" data-image-title=\"personne_Trichon_B\" data-image-description=\"\" data-medium-file=\"https:\/\/cellieu.fr\/press3\/skcc\/wp-content\/uploads\/sites\/3\/2014\/07\/personne_Trichon_B-300x199.jpg\" data-large-file=\"https:\/\/cellieu.fr\/press3\/skcc\/wp-content\/uploads\/sites\/3\/2014\/07\/personne_Trichon_B.jpg\" src=\"https:\/\/i0.wp.com\/cellieu.fr\/press3\/skcc\/wp-content\/uploads\/sites\/3\/2014\/07\/personne_Trichon_B.jpg?w=400&#038;h=266&#038;ssl=1\" srcset=\"https:\/\/cellieu.fr\/press3\/skcc\/wp-content\/uploads\/sites\/3\/2014\/07\/personne_Trichon_B.jpg 640w, https:\/\/cellieu.fr\/press3\/skcc\/wp-content\/uploads\/sites\/3\/2014\/07\/personne_Trichon_B-300x199.jpg 300w\" width=\"400\" height=\"266\" loading=\"lazy\" data-original-width=\"400\" data-original-height=\"266\" itemprop=\"http:\/\/schema.org\/image\" title=\"personne_Trichon_B\" alt=\"personne_Trichon_B\" style=\"width: 400px; height: 266px;\" \/> <\/a> <\/div> <\/div> <!-- close group --> <div class=\"gallery-group images-1\" style=\"width: 250px; height: 270px;\" data-original-width=\"250\" data-original-height=\"270\" > <div class=\"tiled-gallery-item tiled-gallery-item-small\" itemprop=\"associatedMedia\" itemscope itemtype=\"http:\/\/schema.org\/ImageObject\"> <a href=\"https:\/\/cellieu.fr\/press3\/skcc\/personne_rodriguez_m\/\" border=\"0\" itemprop=\"url\"> <meta itemprop=\"width\" content=\"246\"> <meta itemprop=\"height\" content=\"266\"> <img decoding=\"async\" class=\"\" data-attachment-id=\"19\" data-orig-file=\"https:\/\/cellieu.fr\/press3\/skcc\/wp-content\/uploads\/sites\/3\/2014\/07\/personne_Rodriguez_M.jpg\" data-orig-size=\"259,280\" data-comments-opened=\"1\" data-image-meta=\"{&quot;aperture&quot;:&quot;0&quot;,&quot;credit&quot;:&quot;&quot;,&quot;camera&quot;:&quot;&quot;,&quot;caption&quot;:&quot;&quot;,&quot;created_timestamp&quot;:&quot;0&quot;,&quot;copyright&quot;:&quot;&quot;,&quot;focal_length&quot;:&quot;0&quot;,&quot;iso&quot;:&quot;0&quot;,&quot;shutter_speed&quot;:&quot;0&quot;,&quot;title&quot;:&quot;&quot;}\" data-image-title=\"personne_Rodriguez_M\" data-image-description=\"\" data-medium-file=\"https:\/\/cellieu.fr\/press3\/skcc\/wp-content\/uploads\/sites\/3\/2014\/07\/personne_Rodriguez_M.jpg\" data-large-file=\"https:\/\/cellieu.fr\/press3\/skcc\/wp-content\/uploads\/sites\/3\/2014\/07\/personne_Rodriguez_M.jpg\" src=\"https:\/\/i0.wp.com\/cellieu.fr\/press3\/skcc\/wp-content\/uploads\/sites\/3\/2014\/07\/personne_Rodriguez_M.jpg?w=246&#038;h=266&#038;ssl=1\" width=\"246\" height=\"266\" loading=\"lazy\" data-original-width=\"246\" data-original-height=\"266\" itemprop=\"http:\/\/schema.org\/image\" title=\"personne_Rodriguez_M\" alt=\"personne_Rodriguez_M\" style=\"width: 246px; height: 266px;\" \/> <\/a> <\/div> <\/div> <!-- close group --> <\/div> <!-- close row --> <\/div>\n<p>En 1991 et 1992, des podiums d\u00e9partementaux puis au niveau Ligue (Ain, Loire, Rh\u00f4ne) chez les enfants et les ados font conna\u00eetre la section Karat\u00e9 de Cellieu dans la R\u00e9gion Rh\u00f4ne-Alpes.<\/p>\n<p>En 1993, cr\u00e9ation d&rsquo;un 2\u00e8me cours hebdomadaire pour les adultes qui se concr\u00e9tise par un podium d\u00e9partemental en 1994.<br \/>\nEn 1995, Bernard TRICHON devient la premi\u00e8re Ceinture Noire de la section Karat\u00e9 et un deuxi\u00e8me cours est cr\u00e9\u00e9 pour les ados.<br \/>\nDe 1997 \u00e0 2001, la section Karat\u00e9 conna\u00eet sa premi\u00e8re S\u00e9lection Nationale et y sera repr\u00e9sent\u00e9e \u00e0 plusieurs reprises par Am\u00e9lie TRICHON premi\u00e8re fille Ceinture Noire et par Luc CERVANTES, premi\u00e8re Ceinture Noire enti\u00e8rement form\u00e9e \u00e0 Cellieu.<\/p>\n<p><a href=\"http:\/\/cellieu.fr\/press3\/skcc\/wp-content\/uploads\/sites\/3\/2014\/07\/personne_Trichon_A.jpg\"><img loading=\"lazy\" decoding=\"async\" class=\"wp-image-20 aligncenter\" src=\"https:\/\/cellieu.fr\/press3\/skcc\/wp-content\/uploads\/sites\/3\/2014\/07\/personne_Trichon_A-150x150.jpg\" alt=\"personne_Trichon_A\" width=\"98\" height=\"98\"><\/a><br \/>\nApr\u00e8s la construction, en 2004, de la nouvelle structure pour les Arts Martiaux et la Gymnastique, en 2005 le SKCC est cr\u00e9\u00e9 sous l&rsquo;impulsion et la pr\u00e9sidence de Robert CERVANTES .<br \/>\nC&rsquo;est en 2006, que les sections Self-d\u00e9fense et Karat\u00e9 Jutsu sont cr\u00e9\u00e9es. L\u00e0 encore, le SKCC se distinguera au niveau national l&rsquo;ann\u00e9e suivante, avec la 4 \u00e8me place r\u00e9alis\u00e9e par Nicolas DOUAY \u00e0 la Coupe de France Sud.<\/p>\n<p><a href=\"http:\/\/cellieu.fr\/press3\/skcc\/wp-content\/uploads\/sites\/3\/2014\/07\/personne_Douay_N.jpg\"><img loading=\"lazy\" decoding=\"async\" class=\"size-thumbnail wp-image-29 aligncenter\" src=\"https:\/\/cellieu.fr\/press3\/skcc\/wp-content\/uploads\/sites\/3\/2014\/07\/personne_Douay_N-150x150.jpg\" alt=\"personne_Douay_N\" width=\"150\" height=\"150\"><\/a><\/p>\n<p>En 2012, sous l&rsquo;impulsion de Nicolas Douay, ouverture d&rsquo;une section Body Karat\u00e9 qui a imm\u00e9diatement beaucoup de succ\u00e8s.<br \/>\nEn 2013, changement important dans le bureau avec un nouveau pr\u00e9sident : Florent CHANGEA. Abb\u00e8s KABOUB int\u00e8gre cette ann\u00e9e l\u00e0 l&rsquo;\u00e9quipe p\u00e9dagogique en prenant en charge les cours combats. Le SKCC est alors repr\u00e9sent\u00e9 au niveau national avec Karim TAZEKRITT qui termine 3\u00e8me aux Championnats de France S\u00e9niors. L&rsquo;effectif du club compte alors 92 licenci\u00e9s.<\/p>\n<p>En 2014 un nouveau bureau est mis en place avec&nbsp; Henri LAMARCA comme pr\u00e9sident. Le cours de Body Karat\u00e9 est divis\u00e9 en deux sections afin d&rsquo;accueillir de nouveaux adh\u00e9rents. De plus d&rsquo;autres cours sont cr\u00e9\u00e9s : un cours Karat\u00e9 Traditionnel d\u00e9butant le samedi matin,&nbsp; deux cours combat le&nbsp; jeudi et le samedi, deux cours Karat\u00e9 Contact&nbsp;et un cours Karat\u00e9 Sant\u00e9, soutenu par le Comit\u00e9 D\u00e9partemental Olympique et Sportif de la Loire. Belle progression des effectifs qui atteignent 133 adh\u00e9rents soit plus de 44% d&rsquo;augmentation. C\u00f4t\u00e9 grades, Pierre Viallon obtient sa ceinture noire et Florent Changea, Romain Changea et Morgane Soubeyrand r\u00e9ussissent leur 2\u00e8me Dan. Robert Cervant\u00e9s et Fabrice Francia d\u00e9crochent le 3\u00e8me tandis que Morgane se distingue encore en r\u00e9ussissant le dipl\u00f4me d&rsquo;arbitre inter r\u00e9gional.&nbsp;<\/p>\n<p>La saison <strong>2015-2016<\/strong> voit un nouveau cours, le Karat\u00e9 Sant\u00e9, sous la houlette de Fabrice Francia, une augmentation encore des effectifs( 150 licenci\u00e9s ), 5 comp\u00e9titeurs s\u00e9lectionn\u00e9s pour le Championnat de France, une m\u00e9daille de bronze pour Kenzo M\u00e9chin et une nouvelle ceinture noire en la personne de Tayeb Zerrifi. C\u00f4t\u00e9 encadrement, Fabrice Francia r\u00e9ussit son CQP et Morgane Soubeyrand devient Arbitre National.La section Body Karat\u00e9 devient la plus importante&nbsp; de toute la r\u00e9gion Rh\u00f4ne-Alpes.<\/p>\n<p>La saison <strong>2016-2017<\/strong> voit encore les effectifs progresser puisque ce sont 182 sportifs qui visitent assidument le dojo. Nous sommes toujours le premier club des 12 d\u00e9partements de la nouvelle r\u00e9gion Auvergne Rh\u00f4ne-Alpes en Body Karat\u00e9 gr\u00e2ce au dynamisme et \u00e0 la comp\u00e9tence des deux professeurs titulaires du dipl\u00f4me de B.K Laurie Soubeyrand et Charlotte Del Gaudio. Trois nouvelles C.N, Laurie Soubeyrand, Vadim Rouvreau et Andy Bakdache viennent confirmer la bonne pr\u00e9paration et le tr\u00e8s bon encadrement du club. Martine soubeyrand et Henri Lamarca r\u00e9ussissent leur 4\u00e8me Dan tandis que Marwan Benguezzou finit 3\u00e8me \u00e0 la Coupe de France.<\/p>\n<p><strong>2017-2018<\/strong> &#8230;est une excellente saison avec 187 adh\u00e9rents, une 20\u00e8me ceinture noire obtenue par Pierre Cordova, deux podiums au plus haut niveau, Kenzo M\u00e9chin Vice Champion de France Minime et Nicola Pordone, Vice Champion de France Universitaire. Morgane r\u00e9ussit brillamment l&rsquo;examen d&rsquo;arbitre National A et le club, sous la houlette de Mirco Papait ouvre une nouvelle section de Tai Chi Chuan.<\/p>\n<p>Nouveau record de licenci\u00e9s, 192 en juin 2018. Le jeune Antoine Avril, malgr\u00e9 ses 74 ans, d\u00e9croche sa ceinture noire faisant l&rsquo;admiration de ses partenaires de travail et de tout le club. Adam et Marwan Benguezzou&nbsp; obtiennent une 2\u00e8me place \u00e0 la Coupe de France Sud tandis que Nicola Pordone devient Vice Champion de France Universitaire par \u00e9quipe.<\/p>\n<p>La saison <strong>2018-2019<\/strong> enregistre une petite baisse des effectifs, 185 mais les sujets de satisfaction n&rsquo;ont pas manqu\u00e9 puisque non seulement Laurie Soubeyrand est m\u00e9daill\u00e9e d&rsquo;argent \u00e0 la Coupe de France de Body Karat\u00e9 mais, en plus, le club peut s&rsquo;\u00e9norgueillir de son premier titre de Champion de France gr\u00e2ce \u00e0 Charl\u00e8ne Goy , bien coach\u00e9e par son professeur Fabrice Francia, en Karat\u00e9 Contact. De plus, Aline Ruivet, Nicolas Robin, Philippe Di Rienzo et Marwan Benguezzou r\u00e9ussissent la C.N, la 31\u00e8me du club et Anthony Verta obtient brillamment le 2\u00e8me Dan. Pour pr\u00e9parer la rel\u00e8ve, Bastien Soubeyrand, Nicola PORDONE, Anthony Verta et Karim TAZEKRITT ont pr\u00e9par\u00e9 et r\u00e9ussi le Dipl\u00f4me d&rsquo;Assistant F\u00e9d\u00e9ral leur permettant d&rsquo;ores et d\u00e9j\u00e0 d&rsquo;encadrer les cours en toute responsabilit\u00e9. La saison s&rsquo;est cl\u00f4tur\u00e9e par deux tr\u00e8s belles performances, Charl\u00e8ne couronnant son titre par l&rsquo;obtention de la CN et notre jeune et brillante arbitre national Morgane Soubeyrand en d\u00e9crochant le 3\u00e8me Dan en Karat\u00e9 traditionnel.<\/p>\n<p>&nbsp; &nbsp; &nbsp; &nbsp; &nbsp; Malgr\u00e9 le contexte sanitaire d\u00e9favorable qui a d\u00e9sorganis\u00e9 le fonctionnement et frein\u00e9 les adh\u00e9sions en <strong>2019\/2020<\/strong>,nous avons r\u00e9uni 165 licenci\u00e9s et enregistr\u00e9, en d\u00e9pit des comp\u00e9titions annul\u00e9es, des r\u00e9sultats au plus haut niveau: Charl\u00e8ne GOY d\u00e9croche la 2\u00e8me place en Karat\u00e9 Contact \u00e0 l&rsquo;Open International de Paris qui r\u00e9unissait plus de 700 comp\u00e9titeurs et 7 nationalit\u00e9s. Le virus a malheureusement emp\u00each\u00e9 Charl\u00e8ne de d\u00e9fendre son titre de Championne de France. Kenzo MECHIN tout comme Antoine OUTTERICK, bien que qualifi\u00e9s, n&rsquo;auront pas non plus la possibilit\u00e9 d&rsquo;engranger l&rsquo;exp\u00e9rience indispensable pour monter sur les podiums. Laurie SOUBEYRAND, Charl\u00e8ne GOY et Fabrice AULANIER ont n\u00e9anmoins r\u00e9ussi leur DAF malgr\u00e9 les conditions difficiles ce qui enrichit l&rsquo;offre p\u00e9dagogique du club.<\/p>\n<p>&nbsp; &nbsp; &nbsp; Saison <strong>2020\/2021<\/strong>: victimes comme tous les autres clubs de la pand\u00e9mie, nous n&rsquo;avons pu r\u00e9unir sur les tatamis que 102 licenci\u00e9s en septembre-octobre et en juin, sauf en visio pour le Body. Toutes les comp\u00e9titions ont \u00e9t\u00e9 annul\u00e9es et le club a pris la d\u00e9cision de rembourser toutes les cotisations de nos adh\u00e9rents. Malgr\u00e9 tout, Pierre CORDOVA et Philippe DI RIENZO ont r\u00e9ussi leur DAF et pourront compl\u00e9ter l&rsquo;\u00e9quipe de profs qui s&rsquo;\u00e9toffe de plus en plus.<\/p>\n<p>&nbsp; &nbsp; &nbsp; Suite aux deux saisons impact\u00e9es par la pand\u00e9mie, nous \u00e9tions inquiets pour la saison <strong>2021-2022<\/strong> mais le club a retrouv\u00e9 la hausse de ses effectifs avec 10% de licenci\u00e9s suppl\u00e9mentaires et le chiffre final de 123. La saison sportive s&rsquo;est termin\u00e9e avec de nombreux podiums:&nbsp; &nbsp; 1er et 3\u00e8me \u00e0 la Coupe de France Sud pour respectivement Noa PILIA et Antoine OUTTERICK, 2\u00e8me Dan en Karat\u00e9 Contact pour Charl\u00e8ne GOY et 5\u00e8me Dan en Karat\u00e9 Traditionnel pour Henri LAMARCA, confirmant ainsi les comp\u00e9tences et la qualit\u00e9 d&rsquo;enseignement des professeurs intervenant dans les diff\u00e9rents cours.<\/p>\n<p><strong>2022-2023<\/strong> s&rsquo;est enrichi de deux nouveaux cours, le Qi Gong avec Julien WANG CHANG et le Sabre avec Mirco PAPAIT, intervenant d\u00e9j\u00e0 en Tai Chi. 6 licenci\u00e9s pr\u00e9parent leur 2\u00e8me Dan et deux autres leur 1er. Le nombre d&rsquo;adh\u00e9sions a encore augment\u00e9 et on compte \u00e0 ce jour 144 licenci\u00e9s. En d\u00e9cembre Jean Luc BEZARD a obtenu le 2\u00e8me Dan et Fabrice FRANCIA le 5\u00e8me, r\u00e9compensant assiduit\u00e9, travail et s\u00e9rieux dans leur pr\u00e9paration et leur passage .<\/p>\n<p><strong>&nbsp;Saison 2023-2024 <\/strong>150 adh\u00e9rents ont r\u00e9pondu pr\u00e9sents en 2023\/2024 . Le plus jeune ayant 4 ans et le moins jeune passant all\u00e8grement ses 80 printemps. Nous touchons 25 communes environnantes et plus du tiers des adh\u00e9rents sont de Cellieu. Le body karat\u00e9 concentre plus de la moiti\u00e9 des effectifs sous la houlette de Laurie SOUBEYRAND, tout r\u00e9cemment nomm\u00e9e responsable de la ligue AURA, reconnaissant ainsi ses comp\u00e9tences et son dynamisme.&nbsp;<\/p>\n<p>Sur le plan sportif nos comp\u00e9titeurs ont fait briller les couleurs de CELLIEU au niveau national :&nbsp;<\/p>\n<p>Charl\u00e8ne GOY a remport\u00e9 la Coupe de France Sud et le championnat de France de Karat\u00e9 contact<\/p>\n<p>Damien GENEVOIS la m\u00e9daille d&rsquo;argent et Fabrice BERGER celle de bronze.&nbsp;<br \/>\nEn Karat\u00e9 combat, Noa PILIA et Antoine OUTTERICK ont rapport\u00e9 la m\u00e9daille de bronze \u00e0 la coupe de France Sud tandis que Nathalie BRET en championnat de Ligue rapporte l&rsquo;argent dans la cat\u00e9gorie v\u00e9t\u00e9rans.&nbsp;<\/p>\n<p>Les 39\u00e8mes et 40\u00e8mes ceintures noires du club sont obtenues par Joseph LACORTE et Matisse ROBIN tandis que Philippe DI RIENZO a r\u00e9ussi en D\u00e9cembre le 2\u00e8me Dan.<\/p>\n<p><strong>Saison 2024-2025 :<\/strong><\/p>\n<p>Effectif stable : 145 adh\u00e9rents,&nbsp; de 4 \u00e0 80 ans venant de Cellieu et proches communes mais aussi de la Vall\u00e9e du Giers et de la r\u00e9gion St\u00e9phanoise attir\u00e9s par l&rsquo;esprit du club accueillant, et toujours pr\u00eat \u00e0 obtenir le meilleur de chacun mais aussi par la qualit\u00e9 de ses enseignants et b\u00e9n\u00e9voles qui confirment les brillants r\u00e9sultats sportifs dans toutes les disciplines : karat\u00e9, karat\u00e9 contact, et body karat\u00e9.&nbsp;<\/p>\n<p>Avalanches de m\u00e9dailles donc pour nos athl\u00e8tes quelles que soit la comp\u00e9tition.&nbsp; A croire certains y ont pris go\u00fbt et en font la collection?&nbsp;<\/p>\n<ul style=\"list-style-type: disc\">\n<li>coupe de la Loire : argent pour Gabriel BERDARNIDI&nbsp;<\/li>\n<li>championnat de la Loire : or (en v\u00e9t\u00e9ran) et bronze (s\u00e9nior) pour Nathalie BRET puis l&rsquo;argent en championnat r\u00e9gional (en v\u00e9t\u00e9ran)<\/li>\n<li>coupe de France Sud en karat\u00e9 contact :&nbsp;&nbsp;\n<ul>\n<li style=\"list-style-type: none\">\n<ul>\n<li style=\"list-style-type: none\">\n<ul style=\"list-style-type: disc\">\n<li>bronze pour Fabrice Berger&nbsp;<\/li>\n<li>argent pour Candy Thelisson<\/li>\n<li>or pour Charl\u00e8ne Goy<\/li>\n<\/ul>\n<\/li>\n<\/ul>\n<\/li>\n<\/ul>\n<\/li>\n<li>championnat de France en karat\u00e9 contact:\n<ul>\n<li style=\"list-style-type: none\">\n<ul>\n<li style=\"list-style-type: none\">\n<ul style=\"list-style-type: disc\">\n<li>bronze pour Antoine DAMIZET et Fabrice BERGER<\/li>\n<li>or pour Antoine OUTTERYCK<\/li>\n<\/ul>\n<\/li>\n<\/ul>\n<\/li>\n<\/ul>\n<\/li>\n<li>Open international de Paris en karat\u00e9 contact : bronze pour Charl\u00e8ne GOY<\/li>\n<li>Comp\u00e9tition r\u00e9gionale de Body karat\u00e9 :\n<ul>\n<li style=\"list-style-type: none\">\n<ul style=\"list-style-type: disc\">\n<li>deux en or en open et en honneur pour Charl\u00e8ne GOY&nbsp;<\/li>\n<li>or pour manu COUPAT<\/li>\n<li>&nbsp;argent Sophie CHEVRIER&nbsp;<\/li>\n<li>bronze pour Maeline LAURENT<\/li>\n<li>et deux en bronze par \u00e9quipes : avec Charl\u00e8ne, Sophie et Manue ET Maeline, Ang\u00e9lique AUCLAIR et Annaelle LAURENT&nbsp;<\/li>\n<\/ul>\n<\/li>\n<\/ul>\n<\/li>\n<\/ul>\n","protected":false},"excerpt":{"rendered":"<p>En 1980, une section karat\u00e9 est cr\u00e9\u00e9e au sein de la MPT de Cellieu \u00e0 l&rsquo;initiative de Henri LAMARCA et d&rsquo;un jeune professeur plein de talent Manuel RODRIGUEZ Le cours hebdomadaire regroupant les enfants, les ados et les adultes est dispens\u00e9 dans l&rsquo;ancienne classe de l&rsquo;\u00e9cole communale. De 1983 \u00e0 1986, Julien GAZELLE, Pierre CORDOVA [&hellip;]<\/p>\n","protected":false},"author":2,"featured_media":0,"parent":224,"menu_order":0,"comment_status":"closed","ping_status":"closed","template":"","meta":{"ngg_post_thumbnail":0,"jetpack_post_was_ever_published":false,"footnotes":""},"class_list":["post-228","page","type-page","status-publish","hentry"],"jetpack_sharing_enabled":true,"jetpack_shortlink":"https:\/\/wp.me\/P51Dek-3G","_links":{"self":[{"href":"https:\/\/cellieu.fr\/press3\/skcc\/wp-json\/wp\/v2\/pages\/228","targetHints":{"allow":["GET"]}}],"collection":[{"href":"https:\/\/cellieu.fr\/press3\/skcc\/wp-json\/wp\/v2\/pages"}],"about":[{"href":"https:\/\/cellieu.fr\/press3\/skcc\/wp-json\/wp\/v2\/types\/page"}],"author":[{"embeddable":true,"href":"https:\/\/cellieu.fr\/press3\/skcc\/wp-json\/wp\/v2\/users\/2"}],"replies":[{"embeddable":true,"href":"https:\/\/cellieu.fr\/press3\/skcc\/wp-json\/wp\/v2\/comments?post=228"}],"version-history":[{"count":27,"href":"https:\/\/cellieu.fr\/press3\/skcc\/wp-json\/wp\/v2\/pages\/228\/revisions"}],"predecessor-version":[{"id":2999,"href":"https:\/\/cellieu.fr\/press3\/skcc\/wp-json\/wp\/v2\/pages\/228\/revisions\/2999"}],"up":[{"embeddable":true,"href":"https:\/\/cellieu.fr\/press3\/skcc\/wp-json\/wp\/v2\/pages\/224"}],"wp:attachment":[{"href":"https:\/\/cellieu.fr\/press3\/skcc\/wp-json\/wp\/v2\/media?parent=228"}],"curies":[{"name":"wp","href":"https:\/\/api.w.org\/{rel}","templated":true}]}}