{"id":234,"date":"2014-07-24T10:27:56","date_gmt":"2014-07-24T09:27:56","guid":{"rendered":"http:\/\/cellieu.fr\/press3\/skcc\/?page_id=234"},"modified":"2022-12-27T11:32:01","modified_gmt":"2022-12-27T10:32:01","slug":"competitions","status":"publish","type":"page","link":"https:\/\/cellieu.fr\/press3\/skcc\/resultats\/competitions\/","title":{"rendered":"COMPETITIONS ET STAGES"},"content":{"rendered":"<p style=\"text-align: center\"><a href=\"http:\/\/cellieu.fr\/press3\/skcc\/resultats\/competitions\/saison-2016-2015\/\">Saison 2016 &#8211; 2017<\/a><\/p>\n<p style=\"text-align: center\"><a href=\"http:\/\/cellieu.fr\/press3\/skcc\/resultats\/competitions\/saison-2015-2016\/\">Saison 2015 &#8211; 2016<\/a><\/p>\n<p style=\"text-align: center\"><a href=\"http:\/\/cellieu.fr\/press3\/skcc\/resultats\/competitions\/saison-2014-2015\/\">Saison 2014 &#8211; 2015<\/a><\/p>\n<p style=\"text-align: center\"><a href=\"http:\/\/cellieu.fr\/press3\/skcc\/resultats\/competitions\/saison-2013-2014\/\">Saison 2013 &#8211; 2014<\/a><\/p>\n<table style=\"vertical-align: middle\" border=\"0\" width=\"80%\" align=\"center\">\n<tbody>\n<tr>\n<td style=\"vertical-align: middle\">Nom<\/td>\n<td style=\"vertical-align: middle\">Classement<\/td>\n<td style=\"vertical-align: middle\">Comp\u00e9tition<\/td>\n<td style=\"vertical-align: middle\">Cat\u00e9gorie<\/td>\n<\/tr>\n<tr>\n<td style=\"vertical-align: middle\" colspan=\"4\" align=\"center\">&nbsp;<\/td>\n<\/tr>\n<tr>\n<td style=\"vertical-align: middle\" colspan=\"4\" align=\"center\">\n<h1 style=\"text-align: center\"><b>&nbsp;Saison 2012-2013<br \/>\n<\/b><\/h1>\n<\/td>\n<\/tr>\n<tr>\n<td style=\"vertical-align: middle\">Johanny Victoria<\/td>\n<td style=\"vertical-align: middle\">1\u00e8re<\/td>\n<td style=\"vertical-align: middle\">Inter-Regions Kumit\u00e9<\/td>\n<td style=\"vertical-align: middle\">Minime -55kg<\/td>\n<\/tr>\n<tr>\n<td style=\"vertical-align: middle\">Pordone Nicola<\/td>\n<td style=\"vertical-align: middle\">1er<\/td>\n<td style=\"vertical-align: middle\">Championnat de la Loire Kumite<\/td>\n<td style=\"vertical-align: middle\">Cadet -52Kg<\/td>\n<\/tr>\n<tr>\n<td style=\"vertical-align: middle\" colspan=\"4\" align=\"center\">\n<h1 style=\"text-align: center\"><b>&nbsp;Saison 2011-2012<br \/>\n<\/b><\/h1>\n<\/td>\n<\/tr>\n<tr>\n<td style=\"vertical-align: middle\">Soubeyrand Bastien<\/td>\n<td style=\"vertical-align: middle\">3\u00e8me<\/td>\n<td style=\"vertical-align: middle\">Championnat de la Loire Kumite<\/td>\n<td style=\"vertical-align: middle\">Cadet -52Kg<\/td>\n<\/tr>\n<tr>\n<td style=\"vertical-align: middle\">Adam Benguezzou<\/td>\n<td style=\"vertical-align: middle\">2\u00e8me<\/td>\n<td style=\"vertical-align: middle\">Championnat de la Ligue Kumite<\/td>\n<td style=\"vertical-align: middle\">Benjamin -30Kg<\/td>\n<\/tr>\n<tr>\n<td style=\"vertical-align: middle\">Adam Benguezzou<\/td>\n<td style=\"vertical-align: middle\">2\u00e8me<\/td>\n<td style=\"vertical-align: middle\">Championnat de la Loire Kumite<\/td>\n<td style=\"vertical-align: middle\">Benjamin -30Kg<\/td>\n<\/tr>\n<tr>\n<td style=\"vertical-align: middle\">Victoria Johanny<\/td>\n<td style=\"vertical-align: middle\">2\u00e8me<\/td>\n<td style=\"vertical-align: middle\">Championnat de la Loire Kata<\/td>\n<td style=\"vertical-align: middle\">Minime<\/td>\n<\/tr>\n<tr>\n<td style=\"vertical-align: middle\">Victoria Johanny<\/td>\n<td style=\"vertical-align: middle\">1ere<\/td>\n<td style=\"vertical-align: middle\">Championnat de la Loire Kumite<\/td>\n<td style=\"vertical-align: middle\">Minime -66kg<\/td>\n<\/tr>\n<tr>\n<td style=\"vertical-align: middle\">Pordone Nicola<\/td>\n<td style=\"vertical-align: middle\">3\u00e8me<\/td>\n<td style=\"vertical-align: middle\">Coupe de la Loire Kata<\/td>\n<td style=\"vertical-align: middle\">Cadet<\/td>\n<\/tr>\n<tr>\n<td style=\"vertical-align: middle\">Hugo Robin<\/td>\n<td style=\"vertical-align: middle\">3\u00e8me<\/td>\n<td style=\"vertical-align: middle\">Championnat de la Loire Kumite<\/td>\n<td style=\"vertical-align: middle\">Benjamin -35Kg<\/td>\n<\/tr>\n<tr>\n<td style=\"vertical-align: middle\" colspan=\"4\" align=\"center\">\n<h1 style=\"text-align: center\"><b>&nbsp;Saison 2010-2011<br \/>\n<\/b><\/h1>\n<\/td>\n<\/tr>\n<tr>\n<td style=\"vertical-align: middle\">Soubeyrand Bastien<\/td>\n<td style=\"vertical-align: middle\">2\u00e8me<\/td>\n<td style=\"vertical-align: middle\">Championnat de la Ligue Kumite<\/td>\n<td style=\"vertical-align: middle\">Minime<\/td>\n<\/tr>\n<tr>\n<td style=\"vertical-align: middle\">Soubeyrand Bastien<\/td>\n<td style=\"vertical-align: middle\">3\u00e8me<\/td>\n<td style=\"vertical-align: middle\">Championnat de la Loire Kata<\/td>\n<td style=\"vertical-align: middle\">Minime -40Kg<\/td>\n<\/tr>\n<tr>\n<td style=\"vertical-align: middle\">Adam Benguezzou<\/td>\n<td style=\"vertical-align: middle\">3\u00e8me<\/td>\n<td style=\"vertical-align: middle\">Championnat de la France Kumite<\/td>\n<td style=\"vertical-align: middle\">Pupille -25kg<\/td>\n<\/tr>\n<tr>\n<td style=\"vertical-align: middle\">Adam Benguezzou<\/td>\n<td style=\"vertical-align: middle\">3\u00e8me<\/td>\n<td style=\"vertical-align: middle\">Championnat de la Ligue Kumite<\/td>\n<td style=\"vertical-align: middle\">Pupille -25kg<\/td>\n<\/tr>\n<tr>\n<td style=\"vertical-align: middle\">Adam Benguezzou<\/td>\n<td style=\"vertical-align: middle\">2\u00e8me<\/td>\n<td style=\"vertical-align: middle\">Championnat de la Loire Kumite<\/td>\n<td style=\"vertical-align: middle\">Pupille -25kg<\/td>\n<\/tr>\n<tr>\n<td style=\"vertical-align: middle\">Pordone Nicola<\/td>\n<td style=\"vertical-align: middle\">3\u00e8me<\/td>\n<td style=\"vertical-align: middle\">Championnat de la Loire Kata<\/td>\n<td style=\"vertical-align: middle\">Minime<\/td>\n<\/tr>\n<tr>\n<td style=\"vertical-align: middle\">Pordone Nicola<\/td>\n<td style=\"vertical-align: middle\">2\u00e8me<\/td>\n<td style=\"vertical-align: middle\">Championnat de la Loire Kumite<\/td>\n<td style=\"vertical-align: middle\">Minime -45kg<\/td>\n<\/tr>\n<tr>\n<td style=\"vertical-align: middle\">Pordone Nicola<\/td>\n<td style=\"vertical-align: middle\">1er<\/td>\n<td style=\"vertical-align: middle\">Coupe de la Loire Kata<\/td>\n<td style=\"vertical-align: middle\">Minime<\/td>\n<\/tr>\n<tr>\n<td style=\"vertical-align: middle\" colspan=\"4\" align=\"center\">\n<h1 style=\"text-align: center\"><b>&nbsp;Saison 2009-2010<br \/>\n<\/b><\/h1>\n<\/td>\n<\/tr>\n<tr>\n<td style=\"vertical-align: middle\">Soubeyrand Bastien<\/td>\n<td style=\"vertical-align: middle\">1er<\/td>\n<td style=\"vertical-align: middle\">Championnat de la Ligue Kumite<\/td>\n<td style=\"vertical-align: middle\">Benjamin -35Kg<\/td>\n<\/tr>\n<tr>\n<td style=\"vertical-align: middle\">Soubeyrand Bastien<\/td>\n<td style=\"vertical-align: middle\">3\u00e8me<\/td>\n<td style=\"vertical-align: middle\">Championnat de la Loire Kata<\/td>\n<td style=\"vertical-align: middle\">Benjamin<\/td>\n<\/tr>\n<tr>\n<td style=\"vertical-align: middle\">Soubeyrand Bastien<\/td>\n<td style=\"vertical-align: middle\">1ere<\/td>\n<td style=\"vertical-align: middle\">Championnat de la Loire Kumite<\/td>\n<td style=\"vertical-align: middle\">Benjamin -35Kg<\/td>\n<\/tr>\n<tr>\n<td style=\"vertical-align: middle\">Adam Benguezzou<\/td>\n<td style=\"vertical-align: middle\">2\u00e8me<\/td>\n<td style=\"vertical-align: middle\">Championnat de la Loire Kumite<\/td>\n<td style=\"vertical-align: middle\">Pupille -25kg<\/td>\n<\/tr>\n<tr>\n<td style=\"vertical-align: middle\">Pordone Nicola<\/td>\n<td style=\"vertical-align: middle\">2\u00e8me<\/td>\n<td style=\"vertical-align: middle\">Championnat de la Ligue Kumite<\/td>\n<td style=\"vertical-align: middle\">Benjamin -35kg<\/td>\n<\/tr>\n<tr>\n<td style=\"vertical-align: middle\">Pordone Nicola<\/td>\n<td style=\"vertical-align: middle\">3\u00e8me<\/td>\n<td style=\"vertical-align: middle\">Championnat de la Loire Kata<\/td>\n<td style=\"vertical-align: middle\">Minime<\/td>\n<\/tr>\n<tr>\n<td style=\"vertical-align: middle\">Pordone Nicola<\/td>\n<td style=\"vertical-align: middle\">2\u00e8me<\/td>\n<td style=\"vertical-align: middle\">Championnat de la Loire Kumite<\/td>\n<td style=\"vertical-align: middle\">Benjamin -35kg<\/td>\n<\/tr>\n<tr>\n<td style=\"vertical-align: middle\" colspan=\"4\" align=\"center\">\n<h1 style=\"text-align: center\"><b>&nbsp;Saison 2008-2009<br \/>\n<\/b><\/h1>\n<\/td>\n<\/tr>\n<tr>\n<td style=\"vertical-align: middle\">Pordone Nicola<\/td>\n<td style=\"vertical-align: middle\">3\u00e8me<\/td>\n<td style=\"vertical-align: middle\">Championnat de la Ligue Kumite<\/td>\n<td style=\"vertical-align: middle\">Benjamin -30kg<\/td>\n<\/tr>\n<tr>\n<td style=\"vertical-align: middle\">Pordone Nicola<\/td>\n<td style=\"vertical-align: middle\">2\u00e8me<\/td>\n<td style=\"vertical-align: middle\">Championnat de la Loire Kumite<\/td>\n<td style=\"vertical-align: middle\">Benjamin -30kg<\/td>\n<\/tr>\n<\/tbody>\n<\/table>\n","protected":false},"excerpt":{"rendered":"<p>Saison 2016 &#8211; 2017 Saison 2015 &#8211; 2016 Saison 2014 &#8211; 2015 Saison 2013 &#8211; 2014 Nom Classement Comp\u00e9tition Cat\u00e9gorie &nbsp; &nbsp;Saison 2012-2013 Johanny Victoria 1\u00e8re Inter-Regions Kumit\u00e9 Minime -55kg Pordone Nicola 1er Championnat de la Loire Kumite Cadet -52Kg &nbsp;Saison 2011-2012 Soubeyrand Bastien 3\u00e8me Championnat de la Loire Kumite Cadet -52Kg Adam Benguezzou 2\u00e8me [&hellip;]<\/p>\n","protected":false},"author":2,"featured_media":0,"parent":232,"menu_order":0,"comment_status":"closed","ping_status":"closed","template":"","meta":{"ngg_post_thumbnail":0,"jetpack_post_was_ever_published":false,"footnotes":""},"class_list":["post-234","page","type-page","status-publish","hentry"],"jetpack_sharing_enabled":true,"jetpack_shortlink":"https:\/\/wp.me\/P51Dek-3M","_links":{"self":[{"href":"https:\/\/cellieu.fr\/press3\/skcc\/wp-json\/wp\/v2\/pages\/234","targetHints":{"allow":["GET"]}}],"collection":[{"href":"https:\/\/cellieu.fr\/press3\/skcc\/wp-json\/wp\/v2\/pages"}],"about":[{"href":"https:\/\/cellieu.fr\/press3\/skcc\/wp-json\/wp\/v2\/types\/page"}],"author":[{"embeddable":true,"href":"https:\/\/cellieu.fr\/press3\/skcc\/wp-json\/wp\/v2\/users\/2"}],"replies":[{"embeddable":true,"href":"https:\/\/cellieu.fr\/press3\/skcc\/wp-json\/wp\/v2\/comments?post=234"}],"version-history":[{"count":13,"href":"https:\/\/cellieu.fr\/press3\/skcc\/wp-json\/wp\/v2\/pages\/234\/revisions"}],"predecessor-version":[{"id":1723,"href":"https:\/\/cellieu.fr\/press3\/skcc\/wp-json\/wp\/v2\/pages\/234\/revisions\/1723"}],"up":[{"embeddable":true,"href":"https:\/\/cellieu.fr\/press3\/skcc\/wp-json\/wp\/v2\/pages\/232"}],"wp:attachment":[{"href":"https:\/\/cellieu.fr\/press3\/skcc\/wp-json\/wp\/v2\/media?parent=234"}],"curies":[{"name":"wp","href":"https:\/\/api.w.org\/{rel}","templated":true}]}}