{"id":2349,"date":"2025-03-06T11:39:27","date_gmt":"2025-03-06T10:39:27","guid":{"rendered":"https:\/\/cellieu.fr\/press3\/skcc\/?page_id=2349"},"modified":"2025-03-06T14:39:21","modified_gmt":"2025-03-06T13:39:21","slug":"martine","status":"publish","type":"page","link":"https:\/\/cellieu.fr\/press3\/skcc\/resultats\/ceintures-noires\/martine\/","title":{"rendered":"Martine Soubeyrand"},"content":{"rendered":"<h1 style=\"text-align: center\">D\u00e9bute le karat\u00e9 en 1996 a Cellieu,<\/h1>\n<h1 style=\"text-align: center\">1er dan en 2005,<\/h1>\n<h1 style=\"text-align: center\">2eme dan en 2008,<\/h1>\n<h1 style=\"text-align: center\">3\u00e8me dan en 2012,<\/h1>\n<h1 style=\"text-align: center\">4\u00e8me dan en 2016<\/h1>\n<p><img decoding=\"async\" class=\"aligncenter\" src=\"https:\/\/cellieu.fr\/press3\/skcc\/wp-content\/uploads\/sites\/3\/2014\/07\/martine-150x150.jpg\" alt=\"martine\" \/><\/p>\n","protected":false},"excerpt":{"rendered":"<p>D\u00e9bute le karat\u00e9 en 1996 a Cellieu, 1er dan en 2005, 2eme dan en 2008, 3\u00e8me dan en 2012, 4\u00e8me dan en 2016<\/p>\n","protected":false},"author":30,"featured_media":695,"parent":236,"menu_order":0,"comment_status":"closed","ping_status":"closed","template":"","meta":{"ngg_post_thumbnail":0,"jetpack_post_was_ever_published":false,"footnotes":""},"class_list":["post-2349","page","type-page","status-publish","has-post-thumbnail","hentry"],"jetpack_sharing_enabled":true,"jetpack_shortlink":"https:\/\/wp.me\/P51Dek-BT","_links":{"self":[{"href":"https:\/\/cellieu.fr\/press3\/skcc\/wp-json\/wp\/v2\/pages\/2349","targetHints":{"allow":["GET"]}}],"collection":[{"href":"https:\/\/cellieu.fr\/press3\/skcc\/wp-json\/wp\/v2\/pages"}],"about":[{"href":"https:\/\/cellieu.fr\/press3\/skcc\/wp-json\/wp\/v2\/types\/page"}],"author":[{"embeddable":true,"href":"https:\/\/cellieu.fr\/press3\/skcc\/wp-json\/wp\/v2\/users\/30"}],"replies":[{"embeddable":true,"href":"https:\/\/cellieu.fr\/press3\/skcc\/wp-json\/wp\/v2\/comments?post=2349"}],"version-history":[{"count":10,"href":"https:\/\/cellieu.fr\/press3\/skcc\/wp-json\/wp\/v2\/pages\/2349\/revisions"}],"predecessor-version":[{"id":2413,"href":"https:\/\/cellieu.fr\/press3\/skcc\/wp-json\/wp\/v2\/pages\/2349\/revisions\/2413"}],"up":[{"embeddable":true,"href":"https:\/\/cellieu.fr\/press3\/skcc\/wp-json\/wp\/v2\/pages\/236"}],"wp:featuredmedia":[{"embeddable":true,"href":"https:\/\/cellieu.fr\/press3\/skcc\/wp-json\/wp\/v2\/media\/695"}],"wp:attachment":[{"href":"https:\/\/cellieu.fr\/press3\/skcc\/wp-json\/wp\/v2\/media?parent=2349"}],"curies":[{"name":"wp","href":"https:\/\/api.w.org\/{rel}","templated":true}]}}