{"id":2380,"date":"2025-03-06T14:51:18","date_gmt":"2025-03-06T13:51:18","guid":{"rendered":"https:\/\/cellieu.fr\/press3\/skcc\/?page_id=2380"},"modified":"2025-03-06T17:08:50","modified_gmt":"2025-03-06T16:08:50","slug":"francia-fabrice","status":"publish","type":"page","link":"https:\/\/cellieu.fr\/press3\/skcc\/resultats\/ceintures-noires\/francia-fabrice\/","title":{"rendered":"FRANCIA Fabrice"},"content":{"rendered":"<h1 style=\"text-align: center\">D\u00e9but du Karat\u00e9 en 1985 \u00e0 Cellieu<\/h1>\n<h1 style=\"text-align: center\">1er Dan en 2007,<\/h1>\n<h1 style=\"text-align: center\">2\u00e8me Dan en 2011,<\/h1>\n<h1 style=\"text-align: center\">3\u00e8me dan en 2014,<\/h1>\n<h1 style=\"text-align: center\">4\u00e8me Dan en 2017<\/h1>\n<h1 style=\"text-align: center\">5\u00e8me Dan en 2022<\/h1>\n<p><img loading=\"lazy\" decoding=\"async\" class=\"aligncenter wp-image-24 size-medium\" src=\"https:\/\/cellieu.fr\/press3\/skcc\/wp-content\/uploads\/sites\/3\/2014\/07\/personne_Francia_F-300x199.jpg\" alt=\"\" width=\"300\" height=\"199\" srcset=\"https:\/\/cellieu.fr\/press3\/skcc\/wp-content\/uploads\/sites\/3\/2014\/07\/personne_Francia_F-300x199.jpg 300w, https:\/\/cellieu.fr\/press3\/skcc\/wp-content\/uploads\/sites\/3\/2014\/07\/personne_Francia_F.jpg 640w\" sizes=\"auto, (max-width: 300px) 100vw, 300px\" \/><\/p>\n<p>&nbsp;<\/p>\n","protected":false},"excerpt":{"rendered":"<p>D\u00e9but du Karat\u00e9 en 1985 \u00e0 Cellieu 1er Dan en 2007, 2\u00e8me Dan en 2011, 3\u00e8me dan en 2014, 4\u00e8me Dan en 2017 5\u00e8me Dan en 2022 &nbsp;<\/p>\n","protected":false},"author":30,"featured_media":24,"parent":236,"menu_order":0,"comment_status":"closed","ping_status":"closed","template":"","meta":{"ngg_post_thumbnail":0,"jetpack_post_was_ever_published":false,"footnotes":""},"class_list":["post-2380","page","type-page","status-publish","has-post-thumbnail","hentry"],"jetpack_sharing_enabled":true,"jetpack_shortlink":"https:\/\/wp.me\/P51Dek-Co","_links":{"self":[{"href":"https:\/\/cellieu.fr\/press3\/skcc\/wp-json\/wp\/v2\/pages\/2380","targetHints":{"allow":["GET"]}}],"collection":[{"href":"https:\/\/cellieu.fr\/press3\/skcc\/wp-json\/wp\/v2\/pages"}],"about":[{"href":"https:\/\/cellieu.fr\/press3\/skcc\/wp-json\/wp\/v2\/types\/page"}],"author":[{"embeddable":true,"href":"https:\/\/cellieu.fr\/press3\/skcc\/wp-json\/wp\/v2\/users\/30"}],"replies":[{"embeddable":true,"href":"https:\/\/cellieu.fr\/press3\/skcc\/wp-json\/wp\/v2\/comments?post=2380"}],"version-history":[{"count":2,"href":"https:\/\/cellieu.fr\/press3\/skcc\/wp-json\/wp\/v2\/pages\/2380\/revisions"}],"predecessor-version":[{"id":2383,"href":"https:\/\/cellieu.fr\/press3\/skcc\/wp-json\/wp\/v2\/pages\/2380\/revisions\/2383"}],"up":[{"embeddable":true,"href":"https:\/\/cellieu.fr\/press3\/skcc\/wp-json\/wp\/v2\/pages\/236"}],"wp:featuredmedia":[{"embeddable":true,"href":"https:\/\/cellieu.fr\/press3\/skcc\/wp-json\/wp\/v2\/media\/24"}],"wp:attachment":[{"href":"https:\/\/cellieu.fr\/press3\/skcc\/wp-json\/wp\/v2\/media?parent=2380"}],"curies":[{"name":"wp","href":"https:\/\/api.w.org\/{rel}","templated":true}]}}