{"id":2384,"date":"2025-03-06T15:03:23","date_gmt":"2025-03-06T14:03:23","guid":{"rendered":"https:\/\/cellieu.fr\/press3\/skcc\/?page_id=2384"},"modified":"2025-03-06T17:09:33","modified_gmt":"2025-03-06T16:09:33","slug":"soubeyrand-morgane","status":"publish","type":"page","link":"https:\/\/cellieu.fr\/press3\/skcc\/resultats\/ceintures-noires\/soubeyrand-morgane\/","title":{"rendered":"SOUBEYRAND Morgane"},"content":{"rendered":"<h1 style=\"text-align: center\">1er Dan en 2009,<\/h1>\n<h1 style=\"text-align: center\">2<sup>\u00e8me<\/sup> Dan en 2013,<br \/>\nJuge d\u00e9partemental depuis 2010,<br \/>\nArbitre de Ligue depuis 2013<\/h1>\n<h1 style=\"text-align: center\">Arbitre Inter R\u00e9gion depuis 2014<\/h1>\n<h1 style=\"text-align: center\">Arbitre National B depuis 2015<\/h1>\n<p style=\"text-align: center\"><img loading=\"lazy\" decoding=\"async\" class=\"alignnone size-medium wp-image-23\" src=\"https:\/\/cellieu.fr\/press3\/skcc\/wp-content\/uploads\/sites\/3\/2014\/07\/personne_Soubeyrand_Mo-300x199.jpg\" alt=\"\" width=\"300\" height=\"199\" srcset=\"https:\/\/cellieu.fr\/press3\/skcc\/wp-content\/uploads\/sites\/3\/2014\/07\/personne_Soubeyrand_Mo-300x199.jpg 300w, https:\/\/cellieu.fr\/press3\/skcc\/wp-content\/uploads\/sites\/3\/2014\/07\/personne_Soubeyrand_Mo.jpg 640w\" sizes=\"auto, (max-width: 300px) 100vw, 300px\" \/><\/p>\n","protected":false},"excerpt":{"rendered":"<p>1er Dan en 2009, 2\u00e8me Dan en 2013, Juge d\u00e9partemental depuis 2010, Arbitre de Ligue depuis 2013 Arbitre Inter R\u00e9gion depuis 2014 Arbitre National B depuis 2015<\/p>\n","protected":false},"author":30,"featured_media":23,"parent":236,"menu_order":0,"comment_status":"closed","ping_status":"closed","template":"","meta":{"ngg_post_thumbnail":0,"jetpack_post_was_ever_published":false,"footnotes":""},"class_list":["post-2384","page","type-page","status-publish","has-post-thumbnail","hentry"],"jetpack_sharing_enabled":true,"jetpack_shortlink":"https:\/\/wp.me\/P51Dek-Cs","_links":{"self":[{"href":"https:\/\/cellieu.fr\/press3\/skcc\/wp-json\/wp\/v2\/pages\/2384","targetHints":{"allow":["GET"]}}],"collection":[{"href":"https:\/\/cellieu.fr\/press3\/skcc\/wp-json\/wp\/v2\/pages"}],"about":[{"href":"https:\/\/cellieu.fr\/press3\/skcc\/wp-json\/wp\/v2\/types\/page"}],"author":[{"embeddable":true,"href":"https:\/\/cellieu.fr\/press3\/skcc\/wp-json\/wp\/v2\/users\/30"}],"replies":[{"embeddable":true,"href":"https:\/\/cellieu.fr\/press3\/skcc\/wp-json\/wp\/v2\/comments?post=2384"}],"version-history":[{"count":2,"href":"https:\/\/cellieu.fr\/press3\/skcc\/wp-json\/wp\/v2\/pages\/2384\/revisions"}],"predecessor-version":[{"id":2387,"href":"https:\/\/cellieu.fr\/press3\/skcc\/wp-json\/wp\/v2\/pages\/2384\/revisions\/2387"}],"up":[{"embeddable":true,"href":"https:\/\/cellieu.fr\/press3\/skcc\/wp-json\/wp\/v2\/pages\/236"}],"wp:featuredmedia":[{"embeddable":true,"href":"https:\/\/cellieu.fr\/press3\/skcc\/wp-json\/wp\/v2\/media\/23"}],"wp:attachment":[{"href":"https:\/\/cellieu.fr\/press3\/skcc\/wp-json\/wp\/v2\/media?parent=2384"}],"curies":[{"name":"wp","href":"https:\/\/api.w.org\/{rel}","templated":true}]}}