{"id":2395,"date":"2025-03-06T15:29:41","date_gmt":"2025-03-06T14:29:41","guid":{"rendered":"https:\/\/cellieu.fr\/press3\/skcc\/?page_id=2395"},"modified":"2025-03-06T15:35:54","modified_gmt":"2025-03-06T14:35:54","slug":"soubeyrand-bastien","status":"publish","type":"page","link":"https:\/\/cellieu.fr\/press3\/skcc\/resultats\/ceintures-noires\/soubeyrand-bastien\/","title":{"rendered":"SOUBEYRAND Bastien"},"content":{"rendered":"<h1 style=\"text-align: center\" align=\"center\">D\u00e9but du karat\u00e9 en 2003<\/h1>\n<h1 style=\"text-align: center\" align=\"center\">1<sup>er<\/sup> Dan en 2013<\/h1>\n<h1 style=\"text-align: center\" align=\"center\">2<sup>\u00e8me<\/sup> Dan en 2016 Juge et arbitre d\u00e9partemental depuis 2015 DAF en 2019<\/h1>\n<p><img loading=\"lazy\" decoding=\"async\" class=\"alignnone size-full wp-image-697 aligncenter\" src=\"https:\/\/cellieu.fr\/press3\/skcc\/wp-content\/uploads\/sites\/3\/2014\/07\/bastien.jpg\" alt=\"\" width=\"139\" height=\"180\" srcset=\"https:\/\/cellieu.fr\/press3\/skcc\/wp-content\/uploads\/sites\/3\/2014\/07\/bastien.jpg 139w, https:\/\/cellieu.fr\/press3\/skcc\/wp-content\/uploads\/sites\/3\/2014\/07\/bastien-1x1.jpg 1w\" sizes=\"auto, (max-width: 139px) 100vw, 139px\" \/><\/p>\n","protected":false},"excerpt":{"rendered":"<p>D\u00e9but du karat\u00e9 en 2003 1er Dan en 2013 2\u00e8me Dan en 2016 Juge et arbitre d\u00e9partemental depuis 2015 DAF en 2019<\/p>\n","protected":false},"author":30,"featured_media":697,"parent":236,"menu_order":0,"comment_status":"closed","ping_status":"closed","template":"","meta":{"ngg_post_thumbnail":0,"jetpack_post_was_ever_published":false,"footnotes":""},"class_list":["post-2395","page","type-page","status-publish","has-post-thumbnail","hentry"],"jetpack_sharing_enabled":true,"jetpack_shortlink":"https:\/\/wp.me\/P51Dek-CD","_links":{"self":[{"href":"https:\/\/cellieu.fr\/press3\/skcc\/wp-json\/wp\/v2\/pages\/2395","targetHints":{"allow":["GET"]}}],"collection":[{"href":"https:\/\/cellieu.fr\/press3\/skcc\/wp-json\/wp\/v2\/pages"}],"about":[{"href":"https:\/\/cellieu.fr\/press3\/skcc\/wp-json\/wp\/v2\/types\/page"}],"author":[{"embeddable":true,"href":"https:\/\/cellieu.fr\/press3\/skcc\/wp-json\/wp\/v2\/users\/30"}],"replies":[{"embeddable":true,"href":"https:\/\/cellieu.fr\/press3\/skcc\/wp-json\/wp\/v2\/comments?post=2395"}],"version-history":[{"count":1,"href":"https:\/\/cellieu.fr\/press3\/skcc\/wp-json\/wp\/v2\/pages\/2395\/revisions"}],"predecessor-version":[{"id":2396,"href":"https:\/\/cellieu.fr\/press3\/skcc\/wp-json\/wp\/v2\/pages\/2395\/revisions\/2396"}],"up":[{"embeddable":true,"href":"https:\/\/cellieu.fr\/press3\/skcc\/wp-json\/wp\/v2\/pages\/236"}],"wp:featuredmedia":[{"embeddable":true,"href":"https:\/\/cellieu.fr\/press3\/skcc\/wp-json\/wp\/v2\/media\/697"}],"wp:attachment":[{"href":"https:\/\/cellieu.fr\/press3\/skcc\/wp-json\/wp\/v2\/media?parent=2395"}],"curies":[{"name":"wp","href":"https:\/\/api.w.org\/{rel}","templated":true}]}}