{"id":3051,"date":"2026-02-11T20:39:38","date_gmt":"2026-02-11T19:39:38","guid":{"rendered":"https:\/\/cellieu.fr\/press3\/skcc\/?page_id=3051"},"modified":"2026-02-11T21:02:54","modified_gmt":"2026-02-11T20:02:54","slug":"saison-2025-2026","status":"publish","type":"page","link":"https:\/\/cellieu.fr\/press3\/skcc\/saison-2025-2026\/","title":{"rendered":"saison 2025-2026"},"content":{"rendered":"<div>\n<p><strong>Le club est fier d&rsquo;avoir emmener 4 comp\u00e9titeurs au Grau du roi&nbsp; pour la coupe de France Sud et vous livre les r\u00e9sultats:&nbsp;<\/strong><\/p>\n<p style=\"text-align: center\">Finale victorieuse d&rsquo;Antoine&nbsp; qui ram\u00e8ne la coupe de France sud \u00e0 Cellieu : <strong>bravo Champion !<\/strong><\/p>\n<p><img loading=\"lazy\" decoding=\"async\" class=\"alignnone wp-image-3014 size-full\" src=\"https:\/\/cellieu.fr\/press3\/skcc\/wp-content\/uploads\/sites\/3\/2026\/02\/IMG-20260118-WA0001.jpg\" alt=\"\" width=\"1600\" height=\"1204\" srcset=\"https:\/\/cellieu.fr\/press3\/skcc\/wp-content\/uploads\/sites\/3\/2026\/02\/IMG-20260118-WA0001.jpg 1600w, https:\/\/cellieu.fr\/press3\/skcc\/wp-content\/uploads\/sites\/3\/2026\/02\/IMG-20260118-WA0001-300x226.jpg 300w, https:\/\/cellieu.fr\/press3\/skcc\/wp-content\/uploads\/sites\/3\/2026\/02\/IMG-20260118-WA0001-1024x771.jpg 1024w, https:\/\/cellieu.fr\/press3\/skcc\/wp-content\/uploads\/sites\/3\/2026\/02\/IMG-20260118-WA0001-768x578.jpg 768w, https:\/\/cellieu.fr\/press3\/skcc\/wp-content\/uploads\/sites\/3\/2026\/02\/IMG-20260118-WA0001-1536x1156.jpg 1536w, https:\/\/cellieu.fr\/press3\/skcc\/wp-content\/uploads\/sites\/3\/2026\/02\/IMG-20260118-WA0001-1x1.jpg 1w\" sizes=\"auto, (max-width: 1600px) 100vw, 1600px\" \/><\/p>\n<p>Nicolas a fait 4 combats tr\u00e8s intenses, il en gagne 3 et perd contre le vainqueur de l&rsquo;\u00e9preuve, il finit troisi\u00e8me m\u00e9daill\u00e9 de bronze.&nbsp;<\/p>\n<p><img loading=\"lazy\" decoding=\"async\" class=\"alignnone wp-image-3012 size-full\" src=\"https:\/\/cellieu.fr\/press3\/skcc\/wp-content\/uploads\/sites\/3\/2026\/02\/IMG-20260117-WA0011.jpg\" alt=\"\" width=\"1600\" height=\"1200\" srcset=\"https:\/\/cellieu.fr\/press3\/skcc\/wp-content\/uploads\/sites\/3\/2026\/02\/IMG-20260117-WA0011.jpg 1600w, https:\/\/cellieu.fr\/press3\/skcc\/wp-content\/uploads\/sites\/3\/2026\/02\/IMG-20260117-WA0011-300x225.jpg 300w, https:\/\/cellieu.fr\/press3\/skcc\/wp-content\/uploads\/sites\/3\/2026\/02\/IMG-20260117-WA0011-1024x768.jpg 1024w, https:\/\/cellieu.fr\/press3\/skcc\/wp-content\/uploads\/sites\/3\/2026\/02\/IMG-20260117-WA0011-768x576.jpg 768w, https:\/\/cellieu.fr\/press3\/skcc\/wp-content\/uploads\/sites\/3\/2026\/02\/IMG-20260117-WA0011-1536x1152.jpg 1536w, https:\/\/cellieu.fr\/press3\/skcc\/wp-content\/uploads\/sites\/3\/2026\/02\/IMG-20260117-WA0011-1x1.jpg 1w\" sizes=\"auto, (max-width: 1600px) 100vw, 1600px\" \/><\/p>\n<p>Nathalie termine troisi\u00e8me apr\u00e8s avoir perdu contre la championne.<\/p>\n<p>Enfin Jean-Michel rate son premier combat sans d\u00e9m\u00e9riter mais ne sera pas rep\u00eacher.&nbsp;<\/p>\n<p>Les comp\u00e9titeurs sont f\u00e9licit\u00e9s par leur coach.&nbsp;<\/p>\n<p><img loading=\"lazy\" decoding=\"async\" class=\"alignnone wp-image-3013 size-full\" src=\"https:\/\/cellieu.fr\/press3\/skcc\/wp-content\/uploads\/sites\/3\/2026\/02\/IMG-20260117-WA0010.jpg\" alt=\"\" width=\"1600\" height=\"1200\" srcset=\"https:\/\/cellieu.fr\/press3\/skcc\/wp-content\/uploads\/sites\/3\/2026\/02\/IMG-20260117-WA0010.jpg 1600w, https:\/\/cellieu.fr\/press3\/skcc\/wp-content\/uploads\/sites\/3\/2026\/02\/IMG-20260117-WA0010-300x225.jpg 300w, https:\/\/cellieu.fr\/press3\/skcc\/wp-content\/uploads\/sites\/3\/2026\/02\/IMG-20260117-WA0010-1024x768.jpg 1024w, https:\/\/cellieu.fr\/press3\/skcc\/wp-content\/uploads\/sites\/3\/2026\/02\/IMG-20260117-WA0010-768x576.jpg 768w, https:\/\/cellieu.fr\/press3\/skcc\/wp-content\/uploads\/sites\/3\/2026\/02\/IMG-20260117-WA0010-1536x1152.jpg 1536w, https:\/\/cellieu.fr\/press3\/skcc\/wp-content\/uploads\/sites\/3\/2026\/02\/IMG-20260117-WA0010-1x1.jpg 1w\" sizes=\"auto, (max-width: 1600px) 100vw, 1600px\" \/><\/p>\n<\/div>\n<div><strong>Le 18 Janvier 2026 a eu lieu la Coupe de la Loire Kumit\u00e9 \u00e0 Andr\u00e9zieux-Bouth\u00e9on.<\/strong><\/div>\n<div>\n<div>Pour une premi\u00e8re participation \u00e0 la Coupe de la Loire Kumit\u00e9, Ana\u00efs Thimonier termine \u00e0 une tr\u00e8s belle 2\u1d49 place dans la cat\u00e9gorie benjamine \u201340 kg, et Jasmine Joly d\u00e9croche la 3\u1d49 place en benjamine \u201345 kg.<\/div>\n<div>Bravo \u00e0 elles pour ces r\u00e9sultats, nous sommes tr\u00e8s fiers du travail accompli.<\/div>\n<\/div>\n<h1><img loading=\"lazy\" decoding=\"async\" class=\"aligncenter wp-image-3004 size-full\" src=\"https:\/\/cellieu.fr\/press3\/skcc\/wp-content\/uploads\/sites\/3\/2026\/02\/jasmine-jolly-et-thimonier.jpg\" alt=\"\" width=\"1536\" height=\"2048\" srcset=\"https:\/\/cellieu.fr\/press3\/skcc\/wp-content\/uploads\/sites\/3\/2026\/02\/jasmine-jolly-et-thimonier.jpg 1536w, https:\/\/cellieu.fr\/press3\/skcc\/wp-content\/uploads\/sites\/3\/2026\/02\/jasmine-jolly-et-thimonier-225x300.jpg 225w, https:\/\/cellieu.fr\/press3\/skcc\/wp-content\/uploads\/sites\/3\/2026\/02\/jasmine-jolly-et-thimonier-768x1024.jpg 768w, https:\/\/cellieu.fr\/press3\/skcc\/wp-content\/uploads\/sites\/3\/2026\/02\/jasmine-jolly-et-thimonier-1152x1536.jpg 1152w, https:\/\/cellieu.fr\/press3\/skcc\/wp-content\/uploads\/sites\/3\/2026\/02\/jasmine-jolly-et-thimonier-1x1.jpg 1w\" sizes=\"auto, (max-width: 1536px) 100vw, 1536px\" \/><\/h1>\n<p>&nbsp;<\/p>\n","protected":false},"excerpt":{"rendered":"<p>Le club est fier d&rsquo;avoir emmener 4 comp\u00e9titeurs au Grau du roi&nbsp; pour la coupe de France Sud et vous livre les r\u00e9sultats:&nbsp; Finale victorieuse d&rsquo;Antoine&nbsp; qui ram\u00e8ne la coupe de France sud \u00e0 Cellieu : bravo Champion ! Nicolas a fait 4 combats tr\u00e8s intenses, il en gagne 3 et perd contre le vainqueur [&hellip;]<\/p>\n","protected":false},"author":30,"featured_media":0,"parent":0,"menu_order":0,"comment_status":"closed","ping_status":"closed","template":"","meta":{"ngg_post_thumbnail":0,"jetpack_post_was_ever_published":false,"footnotes":""},"class_list":["post-3051","page","type-page","status-publish","hentry"],"jetpack_sharing_enabled":true,"jetpack_shortlink":"https:\/\/wp.me\/P51Dek-Nd","_links":{"self":[{"href":"https:\/\/cellieu.fr\/press3\/skcc\/wp-json\/wp\/v2\/pages\/3051","targetHints":{"allow":["GET"]}}],"collection":[{"href":"https:\/\/cellieu.fr\/press3\/skcc\/wp-json\/wp\/v2\/pages"}],"about":[{"href":"https:\/\/cellieu.fr\/press3\/skcc\/wp-json\/wp\/v2\/types\/page"}],"author":[{"embeddable":true,"href":"https:\/\/cellieu.fr\/press3\/skcc\/wp-json\/wp\/v2\/users\/30"}],"replies":[{"embeddable":true,"href":"https:\/\/cellieu.fr\/press3\/skcc\/wp-json\/wp\/v2\/comments?post=3051"}],"version-history":[{"count":6,"href":"https:\/\/cellieu.fr\/press3\/skcc\/wp-json\/wp\/v2\/pages\/3051\/revisions"}],"predecessor-version":[{"id":3058,"href":"https:\/\/cellieu.fr\/press3\/skcc\/wp-json\/wp\/v2\/pages\/3051\/revisions\/3058"}],"wp:attachment":[{"href":"https:\/\/cellieu.fr\/press3\/skcc\/wp-json\/wp\/v2\/media?parent=3051"}],"curies":[{"name":"wp","href":"https:\/\/api.w.org\/{rel}","templated":true}]}}